{"id":6822,"date":"2025-11-24T14:35:16","date_gmt":"2025-11-24T14:35:16","guid":{"rendered":"https:\/\/perleibeauty.com\/?post_type=product&#038;p=6822"},"modified":"2026-04-15T13:38:55","modified_gmt":"2026-04-15T13:38:55","slug":"charlotte-tilburys-beauty-treasure-chest-of-love-advent-calendar","status":"publish","type":"product","link":"https:\/\/perleibeauty.com\/sq\/produkt\/charlotte-tilburys-beauty-treasure-chest-of-love-advent-calendar\/","title":{"rendered":"CHARLOTTE TILBURY&#8217;S BEAUTY TREASURE CHEST OF LOVE ADVENT CALENDAR"},"content":{"rendered":"<h3><strong>CHARLOTTE TILBURY&#8217;S BEAUTY TREASURE CHEST OF LOVE ADVENT CALENDAR<\/strong><\/h3>\n<p>Ne t\u00eb gjith\u00eb e dim\u00eb q\u00eb e r\u00ebnd\u00ebsishme \u00ebsht\u00eb ajo q\u00eb ndodhet brenda, ndaj le t\u00eb kalojm\u00eb direkt n\u00eb thelb: ky kalendar me 12 dyer \u00ebsht\u00eb i mbushur me produkte t\u00eb mark\u00ebs, si n\u00eb madh\u00ebsi t\u00eb plot\u00eb ashtu edhe n\u00eb versione mini-size, nga kujdesi i famsh\u00ebm p\u00ebr l\u00ebkur\u00ebn (Charlotte\u2019s Magic Cream nuk ka nevoj\u00eb p\u00ebr prezantim) te t\u00eb preferuarat e rrjeteve sociale si Airbrush Flawless Setting Spray dhe highlighter-i i njom\u00eb Beauty Light Wand.<\/p>\n<p>N\u00ebse nuk mund t\u00eb prisni p\u00ebr zbulimin e madh, gjeni m\u00eb posht\u00eb list\u00ebn e plot\u00eb t\u00eb produkteve:<br \/>\n<strong>Kalendar i Adventit Charlotte Tilbury 2024:\u00a0 \u00a0 \u00a0 \u00a0 \u00a0 \u00a0 \u00a0 \u00a0 \u00a0 \u00a0 \u00a0 \u00a0 \u00a0 \u00a0 \u00a0 \u00a0 \u00a0 \u00a0 \u00a0 \u00a0 \u00a0 \u00a0 \u00a0 \u00a0 \u00a0 \u00a0 \u00a0 \u00a0 \u00a0 \u00a0 \u00a0 \u00a0 \u00a0 \u00a0 \u00a0 \u00a0 \u00a0 \u00a0 \u00a0 \u00a0 \u00a0 \u00a0 \u00a0 \u00a0 \u00a0 \u00a0 \u00a0 \u00a0 \u00a0 \u00a0 \u00a0 \u00a0 \u00a0 \u00a0 \u00a0 \u00a0 \u00a0 \u00a0 \u00a0 \u00a0 \u00a0 \u00a0 \u00a0 \u00a0 \u00a0 \u00a0 \u00a0 \u00a0 \u00a0 \u00a0 \u00a0 \u00a0 \u00a0 \u00a0 \u00a0 \u00a0<\/strong>P\u00ebrmbajtja e plot\u00eb<\/p>\n<p>\u2022 Beauty Light Wand n\u00eb Pinkgasm (madh\u00ebsi e plot\u00eb)<br \/>\n\u2022 Charlotte\u2019s Magic Lip Oil Crystal Elixir (madh\u00ebsi e plot\u00eb)<br \/>\n\u2022 Airbrush Flawless Setting Spray (mini-size)<br \/>\n\u2022 Pillow Talk Push Up Lashes! Mascara n\u00eb Super Black (mini-size)<br \/>\n\u2022 Pillow Talk Eyeliner (mini-size)<br \/>\n\u2022 Lip Cheat lip liner n\u00eb Pillow Talk (mini-size)<br \/>\n\u2022 Matte Revolution n\u00eb Pillow Talk (mini-size)<br \/>\n\u2022 Charlotte\u2019s Hollywood Beauty Icon Lipstick (mini-size)<br \/>\n\u2022 Revolution n\u00eb Hollywood Vixen (mini-size)<br \/>\n\u2022 Hyaluronic Happikiss n\u00eb Pillow Talk (madh\u00ebsi e plot\u00eb)<br \/>\n\u2022 Glow Toner (mini-size)<br \/>\n\u2022 Charlotte\u2019s Magic Serum Crystal Elixir (mini-size)<br \/>\n\u2022 Charlotte\u2019s Magic Cream (mini-size)<\/p>\n<p>&nbsp;<\/p>\n<p>Dhe n\u00ebse, pas gjith\u00eb k\u00ebtij variacioni, ende keni v\u00ebshtir\u00ebsi t\u00eb p\u00ebrcaktoni cili kalendar i adventit \u00ebsht\u00eb m\u00eb i miri p\u00ebr shijet tuaja personale t\u00eb bukuris\u00eb, ne i kemi testuar t\u00eb gjith\u00eb p\u00ebr t\u2019ju sjell\u00eb kalendar\u00ebt m\u00eb t\u00eb mir\u00eb t\u00eb bukuris\u00eb \u2014 duke par\u00eb pas \u00e7do dere p\u00ebr t\u2019ju ndihmuar t\u00eb zgjidhni.<\/p>","protected":false},"excerpt":{"rendered":"<h3><strong>CHARLOTTE TILBURY&#8217;S BEAUTY TREASURE CHEST OF LOVE ADVENT CALENDAR<\/strong><\/h3>\n<p>Ne t\u00eb gjith\u00eb e dim\u00eb q\u00eb e r\u00ebnd\u00ebsishme \u00ebsht\u00eb ajo q\u00eb ndodhet brenda, ndaj le t\u00eb kalojm\u00eb direkt n\u00eb thelb: ky kalendar me 12 dyer \u00ebsht\u00eb i mbushur me produkte t\u00eb mark\u00ebs, si n\u00eb madh\u00ebsi t\u00eb plot\u00eb ashtu edhe n\u00eb versione mini-size, nga kujdesi i famsh\u00ebm p\u00ebr l\u00ebkur\u00ebn (Charlotte\u2019s Magic Cream nuk ka nevoj\u00eb p\u00ebr prezantim) te t\u00eb preferuarat e rrjeteve sociale si Airbrush Flawless Setting Spray dhe highlighter-i i njom\u00eb Beauty Light Wand.<\/p>","protected":false},"featured_media":6832,"comment_status":"open","ping_status":"closed","template":"","meta":[],"product_brand":[106],"product_cat":[103,132,96],"product_tag":[],"class_list":{"0":"post-6822","1":"product","2":"type-product","3":"status-publish","4":"has-post-thumbnail","6":"product_brand-charlotte-tilbury","7":"product_cat-best-seller","8":"product_cat-gift-ideas","9":"product_cat-makeup","12":"outofstock","13":"sale","14":"shipping-taxable","15":"purchasable","16":"product-type-simple"},"_links":{"self":[{"href":"https:\/\/perleibeauty.com\/sq\/wp-json\/wp\/v2\/product\/6822","targetHints":{"allow":["GET"]}}],"collection":[{"href":"https:\/\/perleibeauty.com\/sq\/wp-json\/wp\/v2\/product"}],"about":[{"href":"https:\/\/perleibeauty.com\/sq\/wp-json\/wp\/v2\/types\/product"}],"replies":[{"embeddable":true,"href":"https:\/\/perleibeauty.com\/sq\/wp-json\/wp\/v2\/comments?post=6822"}],"version-history":[{"count":1,"href":"https:\/\/perleibeauty.com\/sq\/wp-json\/wp\/v2\/product\/6822\/revisions"}],"predecessor-version":[{"id":10522,"href":"https:\/\/perleibeauty.com\/sq\/wp-json\/wp\/v2\/product\/6822\/revisions\/10522"}],"wp:featuredmedia":[{"embeddable":true,"href":"https:\/\/perleibeauty.com\/sq\/wp-json\/wp\/v2\/media\/6832"}],"wp:attachment":[{"href":"https:\/\/perleibeauty.com\/sq\/wp-json\/wp\/v2\/media?parent=6822"}],"wp:term":[{"taxonomy":"product_brand","embeddable":true,"href":"https:\/\/perleibeauty.com\/sq\/wp-json\/wp\/v2\/product_brand?post=6822"},{"taxonomy":"product_cat","embeddable":true,"href":"https:\/\/perleibeauty.com\/sq\/wp-json\/wp\/v2\/product_cat?post=6822"},{"taxonomy":"product_tag","embeddable":true,"href":"https:\/\/perleibeauty.com\/sq\/wp-json\/wp\/v2\/product_tag?post=6822"}],"curies":[{"name":"wp","href":"https:\/\/api.w.org\/{rel}","templated":true}]}}