{"id":6819,"date":"2025-11-24T13:47:54","date_gmt":"2025-11-24T13:47:54","guid":{"rendered":"https:\/\/perleibeauty.com\/?post_type=product&#038;p=6819"},"modified":"2026-04-15T13:38:55","modified_gmt":"2026-04-15T13:38:55","slug":"ysl-make-me-blush-24h-buildable-blurring-powder-blush","status":"publish","type":"product","link":"https:\/\/perleibeauty.com\/sq\/produkt\/ysl-make-me-blush-24h-buildable-blurring-powder-blush\/","title":{"rendered":"YSL MAKE ME BLUSH 24H BUILDABLE BLURRING POWDER BLUSH"},"content":{"rendered":"<h3 style=\"text-align: left;\">YVES SAINT LAURENT YSL<\/h3>\n<p><strong>MAKE ME BLUSH 24H BUILDABLE BLURRING POWDER BLUSH<\/strong><\/p>\n<p>Nj\u00eb blush i vog\u00ebl n\u00eb nj\u00eb kuti t\u00eb vog\u00ebl. Nj\u00eb blush me q\u00ebndrueshm\u00ebri t\u00eb gjat\u00eb, me tekstur\u00eb t\u00eb but\u00eb si kadife, q\u00eb ofron ngjyr\u00eb t\u00eb shtueshme n\u00eb p\u00ebrfundim sateni t\u00eb m\u00ebndafsht\u00eb dhe mat t\u00eb but\u00eb.<\/p>\n<p><strong>\u00c7far\u00eb b\u00ebn?<\/strong><br \/>\nKy blush ikonik, ka nj\u00eb formul\u00eb t\u00eb leht\u00eb q\u00eb p\u00ebrhapet but\u00ebsisht n\u00eb faqe dhe zgjat deri n\u00eb 24 or\u00eb pa e thar\u00eb l\u00ebkur\u00ebn. K\u00ebto blush-e couture t\u00eb koleksionueshme ofrojn\u00eb nj\u00eb shk\u00eblqim t\u00eb leht\u00eb dhe t\u00eb shp\u00ebrndar\u00eb, ose mund t\u00eb shtohen p\u00ebr nj\u00eb pamje m\u00eb t\u00eb zbukuruar.<br \/>\n\u2022 P\u00ebr nj\u00eb pamje t\u00eb skuqur natyrale: Duke p\u00ebrdorur nj\u00eb fur\u00e7\u00eb blush-i, aplikoni nj\u00eb shtres\u00eb t\u00eb leht\u00eb p\u00ebrgjat\u00eb pjes\u00ebs s\u00eb sip\u00ebrme t\u00eb moll\u00ebzave, duke e t\u00ebrhequr drejt tempujve. P\u00ebrziejeni p\u00ebr nj\u00eb ngjyr\u00eb t\u00eb but\u00eb; shtoni m\u00eb shum\u00eb p\u00ebr glam total.<br \/>\n\u2022 P\u00ebr efekt t\u00eb puthur nga dielli: Me fur\u00e7\u00eb blush-i, aplikoni produktin n\u00eb form\u00eb \u201cW\u201d nga nj\u00eb faqe, mbi hund\u00eb, deri te faqja tjet\u00ebr.<br \/>\n\u2022 K\u00ebshill\u00eb profesionale: Nj\u00eb sasi e vog\u00ebl mjafton. Sigurohuni t\u00eb tundni fur\u00e7\u00ebn n\u00eb an\u00eb t\u00eb kutis\u00eb para aplikimit n\u00eb l\u00ebkur\u00eb.<\/p>\n<p><strong>P\u00ebrb\u00ebr\u00ebsit:<\/strong><br \/>\nTALC \u2022 CI 77891 \/ TITANIUM DIOXIDE \u2022 CI 77491 \/ IRON OXIDES \u2022 ZEA MAYS STARCH \/ CORN STARCH \u2022 ZINC STEARATE \u2022 CAPRYLIC\/CAPRIC TRIGLYCERIDE \u2022 DIMETHICONE\/VINYL DIMETHICONE CROSSPOLYMER \u2022 DIMETHICONE \u2022 CI 77007 \/ ULTRAMARINES \u2022 SILICA \u2022 CI 77492 \/ IRON OXIDES \u2022 TRIETHOXYCAPRYLYLSILANE \u2022 MICA \u2022 ALUMINUM HYDROXIDE \u2022 CAPRYLYL GLYCOL \u2022 CI 15850 \/ RED 7 \u2022 SQUALANE \u2022 ETHYLHEXYLGLYCERIN \u2022 CI 77499 \/ IRON OXIDES \u2022 KAOLIN \u2022 POTASSIUM SORBATE \u2022 SILICA [NANO] \/ SILICA \u2022 ALARIA ESCULENTA EXTRACT \u2022 ROSA CANINA FRUIT EXTRACT \u2022 TOCOPHEROL.<\/p>\n","protected":false},"excerpt":{"rendered":"<blockquote>\n<h3>YVES SAINT LAURENT YSL<\/h3>\n<\/blockquote>\n<p><strong>MAKE ME BLUSH 24H BUILDABLE BLURRING POWDER BLUSH<\/strong><\/p>\n<p>Nj\u00eb blush i vog\u00ebl n\u00eb nj\u00eb kuti t\u00eb vog\u00ebl. Nj\u00eb blush me q\u00ebndrueshm\u00ebri t\u00eb gjat\u00eb, me tekstur\u00eb t\u00eb but\u00eb si kadife, q\u00eb ofron ngjyr\u00eb t\u00eb shtueshme n\u00eb p\u00ebrfundim sateni t\u00eb m\u00ebndafsht\u00eb dhe mat t\u00eb but\u00eb.<\/p>\n<p>NUANCA: 03<\/p>","protected":false},"featured_media":6853,"comment_status":"open","ping_status":"closed","template":"","meta":[],"product_brand":[123],"product_cat":[103,145,171,96,179,166],"product_tag":[],"class_list":{"0":"post-6819","1":"product","2":"type-product","3":"status-publish","4":"has-post-thumbnail","6":"product_brand-ysl","7":"product_cat-best-seller","8":"product_cat-blush","9":"product_cat-featured","10":"product_cat-makeup","11":"product_cat-new-colletion","12":"product_cat-sale","15":"instock","16":"shipping-taxable","17":"purchasable","18":"product-type-variable"},"_links":{"self":[{"href":"https:\/\/perleibeauty.com\/sq\/wp-json\/wp\/v2\/product\/6819","targetHints":{"allow":["GET"]}}],"collection":[{"href":"https:\/\/perleibeauty.com\/sq\/wp-json\/wp\/v2\/product"}],"about":[{"href":"https:\/\/perleibeauty.com\/sq\/wp-json\/wp\/v2\/types\/product"}],"replies":[{"embeddable":true,"href":"https:\/\/perleibeauty.com\/sq\/wp-json\/wp\/v2\/comments?post=6819"}],"version-history":[{"count":1,"href":"https:\/\/perleibeauty.com\/sq\/wp-json\/wp\/v2\/product\/6819\/revisions"}],"predecessor-version":[{"id":9822,"href":"https:\/\/perleibeauty.com\/sq\/wp-json\/wp\/v2\/product\/6819\/revisions\/9822"}],"wp:featuredmedia":[{"embeddable":true,"href":"https:\/\/perleibeauty.com\/sq\/wp-json\/wp\/v2\/media\/6853"}],"wp:attachment":[{"href":"https:\/\/perleibeauty.com\/sq\/wp-json\/wp\/v2\/media?parent=6819"}],"wp:term":[{"taxonomy":"product_brand","embeddable":true,"href":"https:\/\/perleibeauty.com\/sq\/wp-json\/wp\/v2\/product_brand?post=6819"},{"taxonomy":"product_cat","embeddable":true,"href":"https:\/\/perleibeauty.com\/sq\/wp-json\/wp\/v2\/product_cat?post=6819"},{"taxonomy":"product_tag","embeddable":true,"href":"https:\/\/perleibeauty.com\/sq\/wp-json\/wp\/v2\/product_tag?post=6819"}],"curies":[{"name":"wp","href":"https:\/\/api.w.org\/{rel}","templated":true}]}}