{"id":6811,"date":"2025-11-24T13:34:31","date_gmt":"2025-11-24T13:34:31","guid":{"rendered":"https:\/\/perleibeauty.com\/?post_type=product&#038;p=6811"},"modified":"2026-04-15T13:38:55","modified_gmt":"2026-04-15T13:38:55","slug":"pillow-talk-dreamy-eye-duo-pillow-talk","status":"publish","type":"product","link":"https:\/\/perleibeauty.com\/sq\/produkt\/pillow-talk-dreamy-eye-duo-pillow-talk\/","title":{"rendered":"PILLOW TALK DREAMY EYE DUO \u2013 PILLOW TALK"},"content":{"rendered":"<h3><strong>PILLOW TALK DREAMY EYE DUO \u2013 PILLOW TALK<\/strong><br \/>\n<em><strong>EDICION I LIMITUAR\/ LIMITED EDITION!<\/strong><\/em><\/h3>\n<p>Zbuloni sekretin e syve t\u00eb bukur dhe t\u00eb definuar, dhe t\u00eb qerpik\u00ebve t\u00eb \u00ebndrrave tuaja me k\u00ebt\u00eb duo t\u00eb ri p\u00ebr makeup t\u00eb syve.<\/p>\n<p><strong>Ky set p\u00ebrfshin:<\/strong><br \/>\nPillow Talk Eyeliner n\u00eb madh\u00ebsi- standarde<br \/>\nPillow Talk Push Up Lashes mascara n\u00eb madh\u00ebsi -travel size.<\/p>\n<p><strong>Ky kit p\u00ebrfshin:<\/strong><br \/>\n1. Pillow Talk Eyeliner (1.2 g \u2013 madh\u00ebsi standarde):<br \/>\n\u2022 Laps i bukur berry-brown nga bota magjike e Pillow Talk, me tekstur\u00ebn e \u00ebnd\u00ebrruar kremoze, q\u00eb b\u00ebn q\u00eb \u00e7do ngjyr\u00eb sysh t\u00eb shk\u00eblqej\u00eb dhe t\u00eb dalloj\u00eb.<\/p>\n<p>2. Pillow Talk Push Up Lashes mascara n\u00eb madh\u00ebsi &#8211; travel size (4 ml) n\u00eb Super Black:<br \/>\nP\u00ebr gjat\u00ebsi t\u00eb menj\u00ebhershme, volum t\u00eb leht\u00eb, elasticitet dhe me volum 24-or\u00ebsh p\u00ebr qerpik\u00ebt e \u00ebndrrave tuaja!<br \/>\n\u00cbsht\u00eb n\u00eb nuanc\u00eb origjinale, Super Black, i err\u00ebt dhe dramatik, p\u00ebr nj\u00eb pamje t\u00eb thell\u00eb dhe t\u00eb fuqishme t\u00eb syve.<\/p>\n<p>&nbsp;<\/p>\n<p><strong>\u00c7far\u00eb p\u00ebrmban dhe pse \u00ebsht\u00eb i ve\u00e7ant\u00eb:<\/strong><br \/>\n\u2022 E leht\u00eb p\u00ebr t\u2019u zgjedhur, p\u00ebrdorur dhe dhuruar \u2013Dreamy Eye Duo- p\u00ebr sy q\u00eb duket \u00ebnd\u00ebrrimtar\u00eb!<br \/>\n\u2022 Pillow Talk Eyeliner: laps i bukur, i q\u00ebndruesh\u00ebm dhe i blenduesh\u00ebm n\u00eb nj\u00eb nuanc\u00eb smokey berry-brown.<br \/>\n\u2022 Pillow Talk Push Up Lashes!: Me efektin Push Up Lash-Lifting Polymer \u2013 nj\u00eb film natyral elastik, q\u00eb i dhuron\u00eb qerpik\u00ebve volum.<br \/>\n\u2022 Fur\u00e7a INNOVATIVE me precizion mikro-pro: me teknologjin\u00eb LOAD, COMB + LIFT, ngre dhe lyen \u00e7do qerpik, madje edhe m\u00eb t\u00eb vegj\u00eblit, duke ofruar nj\u00eb efekt t\u00eb plot\u00eb dhe t\u00eb ve\u00e7ant\u00eb.<\/p>\n<p>&nbsp;<\/p>\n<p><strong>P\u00ebrb\u00ebr\u00ebs kryesor\u00eb \u2013 Pillow Talk Push Up Lashes!:<\/strong><\/p>\n<p>Aqua\/Water\/Eau, Cera Microcristallina, Copernicia Cerifera (Carnauba) Wax, Glyceryl Stearate, Acrylates Copolymer, Stearic Acid, Hydrogenated Vegetable Oil, Palmitic Acid, Butylene Glycol, Ricinus Communis (Castor) Seed Oil, Stearyl Stearate, Aminomethyl Propanol, Caprylyl Glycol, Phenoxyethanol, Galactoarabinan, Sodium Dehydroacetate, Tocopheryl Acetate, Laurdimonium Hydroxypropyl Hydrolyzed Keratin, Kaloin, Laureth-21, BHT, [+\/- Iron Oxides (CI 77499), Ultramarines (CI 77007)].<\/p>\n<p><strong>P\u00ebrb\u00ebr\u00ebs kryesor\u00eb \u2013 Pillow Talk Eyeliner:<\/strong><\/p>\n<p>Hydrogenated Polyisobutene, Isododecane, Synthetic Wax, Mica, Polymethylsilsesquioxane, Polybutene, Silica, Hydrogenated Polydicyclopentadiene, Oryza Sativa (Rice) Bran Wax, Hydrogenated Castor Oil, Synthetic Beeswax, Ethylene\/Propylene Copolymer, Maltodextrin, Pearl Powder, Pentaerythrityl Tetra-Di-T-Butyl Hydroxyhydrocinnamate, [+\/- Titanium Dioxide (CI 77891), Iron Oxides (CI 77491, CI 77492, CI 77499), Carmine (CI 75470)].<\/p>\n<p>&nbsp;<\/p>\n<p><strong>Si t\u00eb p\u00ebrdoret Pillow Talk Eyeliner:<\/strong><br \/>\n1. Filloni nga zona e brendsh\u00ebme e qepall\u00ebs s\u00eb sip\u00ebrme dhe vizatoni nj\u00eb vij\u00eb sa m\u00eb af\u00ebr linj\u00ebs s\u00eb qerpik\u00ebve.<br \/>\n2. Vizatoni nj\u00eb vij\u00eb t\u00eb holl\u00eb drejt jasht\u00eb deri n\u00eb dy t\u00eb tretat e qepall\u00ebs, pastaj zgjatni dhe ngritni vij\u00ebn lart dhe jasht\u00eb p\u00ebr nj\u00eb efekt magjik Pillow Talk!<\/p>\n<p>&nbsp;<\/p>\n<p><strong>Si t\u00eb p\u00ebrdoret Pillow Talk Push Up Lashes! Mascara:<\/strong><\/p>\n<p>Metoda LOAD, COMB + LIFT:<br \/>\n1. Mbani fur\u00e7\u00ebn horizontalisht dhe p\u00ebrdorni an\u00ebn e shesht\u00eb p\u00ebr t\u00eb shtyr\u00eb dhe veshur qerpik\u00ebt.<br \/>\n2. Rrotulloni fur\u00e7\u00ebn dhe p\u00ebrdorni an\u00ebn me fije p\u00ebr t\u00eb krehur \u00e7do qerpik nga rr\u00ebnja deri te maja.<br \/>\n3. L\u00ebvizni fije-fije nga baza deri n\u00eb maj\u00eb p\u00ebr t\u00eb ndar\u00eb, ngritur dhe p\u00ebrcaktuar qerpik\u00ebt.<br \/>\n4. P\u00ebrdorni fur\u00e7\u00ebn vertikalisht p\u00ebr t\u00eb lyer me precizion qerpik\u00ebt n\u00eb k\u00ebndet e brendshme dhe t\u00eb jashtme.<\/p>\n<p>\ud83d\udca1<strong> K\u00ebshill\u00eb Tilbury:<\/strong><br \/>\nP\u00ebrdorni majen e fur\u00e7\u00ebs p\u00ebr t\u00eb lyer qerpik\u00ebt me m\u00eb shum\u00eb precizion dhe p\u00ebr t\u2019i ndar\u00eb dhe definuar edhe m\u00eb mir\u00eb.<\/p>\n","protected":false},"excerpt":{"rendered":"<h3><strong>PILLOW TALK DREAMY EYE DUO \u2013 PILLOW TALK<\/strong><br \/>\n<em><strong>EDICION I LIMITUAR\/ LIMITED EDITION!<\/strong><\/em><\/h3>\n<p>Zbuloni sekretin e syve t\u00eb bukur dhe t\u00eb definuar, dhe t\u00eb qerpik\u00ebve t\u00eb \u00ebndrrave tuaja me k\u00ebt\u00eb duo t\u00eb ri p\u00ebr makeup t\u00eb syve.<\/p>\n<p><strong>Ky set p\u00ebrfshin:<\/strong><br \/>\nPillow Talk Eyeliner n\u00eb madh\u00ebsi- standarde<br \/>\nPillow Talk Push Up Lashes mascara n\u00eb madh\u00ebsi -travel size.<\/p>","protected":false},"featured_media":6816,"comment_status":"open","ping_status":"closed","template":"","meta":[],"product_brand":[106],"product_cat":[103,96,144,166],"product_tag":[],"class_list":{"0":"post-6811","1":"product","2":"type-product","3":"status-publish","4":"has-post-thumbnail","6":"product_brand-charlotte-tilbury","7":"product_cat-best-seller","8":"product_cat-makeup","9":"product_cat-mascara","10":"product_cat-sale","13":"instock","14":"sale","15":"shipping-taxable","16":"purchasable","17":"product-type-simple"},"_links":{"self":[{"href":"https:\/\/perleibeauty.com\/sq\/wp-json\/wp\/v2\/product\/6811","targetHints":{"allow":["GET"]}}],"collection":[{"href":"https:\/\/perleibeauty.com\/sq\/wp-json\/wp\/v2\/product"}],"about":[{"href":"https:\/\/perleibeauty.com\/sq\/wp-json\/wp\/v2\/types\/product"}],"replies":[{"embeddable":true,"href":"https:\/\/perleibeauty.com\/sq\/wp-json\/wp\/v2\/comments?post=6811"}],"version-history":[{"count":1,"href":"https:\/\/perleibeauty.com\/sq\/wp-json\/wp\/v2\/product\/6811\/revisions"}],"predecessor-version":[{"id":10070,"href":"https:\/\/perleibeauty.com\/sq\/wp-json\/wp\/v2\/product\/6811\/revisions\/10070"}],"wp:featuredmedia":[{"embeddable":true,"href":"https:\/\/perleibeauty.com\/sq\/wp-json\/wp\/v2\/media\/6816"}],"wp:attachment":[{"href":"https:\/\/perleibeauty.com\/sq\/wp-json\/wp\/v2\/media?parent=6811"}],"wp:term":[{"taxonomy":"product_brand","embeddable":true,"href":"https:\/\/perleibeauty.com\/sq\/wp-json\/wp\/v2\/product_brand?post=6811"},{"taxonomy":"product_cat","embeddable":true,"href":"https:\/\/perleibeauty.com\/sq\/wp-json\/wp\/v2\/product_cat?post=6811"},{"taxonomy":"product_tag","embeddable":true,"href":"https:\/\/perleibeauty.com\/sq\/wp-json\/wp\/v2\/product_tag?post=6811"}],"curies":[{"name":"wp","href":"https:\/\/api.w.org\/{rel}","templated":true}]}}