{"id":6798,"date":"2025-11-24T13:04:26","date_gmt":"2025-11-24T13:04:26","guid":{"rendered":"https:\/\/perleibeauty.com\/?post_type=product&#038;p=6798"},"modified":"2026-04-15T13:38:55","modified_gmt":"2026-04-15T13:38:55","slug":"lisa-eldringe-kitten-lashe-mascara","status":"publish","type":"product","link":"https:\/\/perleibeauty.com\/sq\/produkt\/lisa-eldringe-kitten-lashe-mascara\/","title":{"rendered":"LISA ELDRINGE KITTEN LASHE MASCARA"},"content":{"rendered":"<h3><strong>Lisa Eldridge <\/strong><\/h3>\n<h3><strong>KITTEN LASHE MASCRA<\/strong><br \/>\nLifting, defining mascara for fluffy, fanned out lashes.<\/h3>\n<p>Maskar\u00eb lifting dhe definimi p\u00ebr qerpik\u00eb me pamje t\u00eb but\u00eb e t\u00eb hapur.<\/p>\n<p>Kitten Lash Mascara ka nj\u00eb formul\u00eb jasht\u00ebzakonisht t\u00eb leht\u00eb, q\u00eb jep qerpik\u00eb t\u00eb but\u00eb, elastik\u00eb dhe me ndjesi pa pesh\u00eb. Ajo mb\u00ebshtjell dhe zgjat \u00e7do qerpik me but\u00ebsi, duke t\u00eb lejuar t\u00eb nd\u00ebrtosh pamjen t\u00ebnde nga qerpik\u00eb bukur t\u00eb definuar deri te nj\u00eb efekt natyralisht i plot\u00eb dhe me volum \u2013 n\u00eb var\u00ebsi t\u00eb rezultatit q\u00eb d\u00ebshiron.<\/p>\n<p><strong>E krijuar me tre dyra natyrale t\u00eb buta:<\/strong><br \/>\n\u2022 Dyra e pem\u00ebs organike t\u00eb ullirit \u2013 ushqen dhe ndihmon n\u00eb promovimin e rritjes s\u00eb sh\u00ebndetshme t\u00eb qerpik\u00ebve<br \/>\n\u2022 Dyra Carnauba \u2013 mban harkimin e qerpik\u00ebve p\u00ebr nj\u00eb form\u00eb t\u00eb ngritur q\u00eb zgjat<br \/>\n\u2022 Jojoba \u2013 zbut dhe ushqen qerpik\u00ebt<\/p>\n<p>&nbsp;<\/p>\n<p><strong>P\u00ebrb\u00ebrja e plot\u00eb:<\/strong><br \/>\nAQUA (UJ\u00cb), SYNTHETIC BEESWAX (DYR\u00cb SINTETIKE BLETE), ACRYLATES COPOLYMER, JOJOBA ESTERS, HYDROGENATED OLIVE OIL STEARYL ESTERS, COPERNICIA CERIFERA (CARNAUBA) WAX, STEARIC ACID, PROPANEDIOL, PALMITIC ACID, AMINOMETHYL PROPANOL, ACACIA SENEGAL GUM, PHENOXYETHANOL, CAPRYLYL GLYCOL, HYDROXYETHYLCELLULOSE, POTASSIUM SORBATE, SODIUM DEHYDROACETATE, DISODIUM PHOSPHATE, POLYSORBATE 60, TOCOPHEROL, SODIUM PHOSPHATE, IRON OXIDES (CI 77499).<\/p>","protected":false},"excerpt":{"rendered":"<h3><strong>Lisa Eldridge <\/strong><\/h3>\n<h3><strong>KITTEN LASHE MASCRA<\/strong><br \/>\nLifting, defining mascara for fluffy, fanned out lashes.<\/h3>\n<p>Maskar\u00eb lifting dhe definimi p\u00ebr qerpik\u00eb me pamje t\u00eb but\u00eb e t\u00eb hapur.<\/p>","protected":false},"featured_media":6804,"comment_status":"open","ping_status":"closed","template":"","meta":[],"product_brand":[159],"product_cat":[96,144],"product_tag":[],"class_list":{"0":"post-6798","1":"product","2":"type-product","3":"status-publish","4":"has-post-thumbnail","6":"product_brand-lisa-eldridge","7":"product_cat-makeup","8":"product_cat-mascara","11":"instock","12":"sale","13":"shipping-taxable","14":"purchasable","15":"product-type-simple"},"_links":{"self":[{"href":"https:\/\/perleibeauty.com\/sq\/wp-json\/wp\/v2\/product\/6798","targetHints":{"allow":["GET"]}}],"collection":[{"href":"https:\/\/perleibeauty.com\/sq\/wp-json\/wp\/v2\/product"}],"about":[{"href":"https:\/\/perleibeauty.com\/sq\/wp-json\/wp\/v2\/types\/product"}],"replies":[{"embeddable":true,"href":"https:\/\/perleibeauty.com\/sq\/wp-json\/wp\/v2\/comments?post=6798"}],"version-history":[{"count":1,"href":"https:\/\/perleibeauty.com\/sq\/wp-json\/wp\/v2\/product\/6798\/revisions"}],"predecessor-version":[{"id":9904,"href":"https:\/\/perleibeauty.com\/sq\/wp-json\/wp\/v2\/product\/6798\/revisions\/9904"}],"wp:featuredmedia":[{"embeddable":true,"href":"https:\/\/perleibeauty.com\/sq\/wp-json\/wp\/v2\/media\/6804"}],"wp:attachment":[{"href":"https:\/\/perleibeauty.com\/sq\/wp-json\/wp\/v2\/media?parent=6798"}],"wp:term":[{"taxonomy":"product_brand","embeddable":true,"href":"https:\/\/perleibeauty.com\/sq\/wp-json\/wp\/v2\/product_brand?post=6798"},{"taxonomy":"product_cat","embeddable":true,"href":"https:\/\/perleibeauty.com\/sq\/wp-json\/wp\/v2\/product_cat?post=6798"},{"taxonomy":"product_tag","embeddable":true,"href":"https:\/\/perleibeauty.com\/sq\/wp-json\/wp\/v2\/product_tag?post=6798"}],"curies":[{"name":"wp","href":"https:\/\/api.w.org\/{rel}","templated":true}]}}