{"id":6787,"date":"2025-11-24T12:33:46","date_gmt":"2025-11-24T12:33:46","guid":{"rendered":"https:\/\/perleibeauty.com\/?post_type=product&#038;p=6787"},"modified":"2026-04-15T13:38:55","modified_gmt":"2026-04-15T13:38:55","slug":"lancome-cils-booster-xl-enhancing-lash-mascara-primer-priming-conditioning","status":"publish","type":"product","link":"https:\/\/perleibeauty.com\/sq\/produkt\/lancome-cils-booster-xl-enhancing-lash-mascara-primer-priming-conditioning\/","title":{"rendered":"LANCOME CILS BOOSTER XL ENHANCING LASH &#038; MASCARA PRIMER Priming &#038; Conditioning"},"content":{"rendered":"<h3><strong>Lancome<\/strong><br \/>\n<strong>CILS BOOSTER XL ENHANCING LASH &amp; MASCARA PRIMER<\/strong><br \/>\n<strong>Priming &amp; Conditioning<\/strong><\/h3>\n<p><em><strong>Fitues i \u00e7mimit Allure Best of Beauty 2021<\/strong><\/em><\/p>\n<p>Merrni qerpik\u00eb t\u00eb but\u00eb, voluminoz\u00eb dhe t\u00eb forcuar me nj\u00eb shtres\u00eb t\u00eb k\u00ebsaj maskar\u00eb primer t\u00eb bardh\u00eb inovative. Duke rr\u00ebshqitur n\u00eb m\u00ebnyr\u00eb t\u00eb but\u00eb dhe t\u00eb barabart\u00eb, \u00e7do shtres\u00eb krijon nj\u00eb sip\u00ebrfaqe uniforme p\u00ebr t\u00eb maksimizuar rezultatin e maskar\u00ebs tuaj t\u00eb preferuar. Me nj\u00eb formul\u00eb kondicionuese p\u00ebr performanc\u00eb t\u00eb dukshme, kjo maskar\u00eb primer \u00ebsht\u00eb e pasuruar me mikro-fibra, Vitamin\u00eb B5 dhe Vitamin\u00eb E, duke b\u00ebr\u00eb q\u00eb qerpik\u00ebt t\u00eb duken m\u00eb t\u00eb gjat\u00eb dhe m\u00eb t\u00eb plot\u00eb. Formula revitalizuese e qerpik\u00ebve dhe primer-it p\u00ebr maskar\u00eb ndihmon n\u00eb p\u00ebrmir\u00ebsimin e rezultateve t\u00eb qerpik\u00ebve, trash\u00ebsis\u00eb me kalimin e koh\u00ebs.<\/p>\n<p>E bardh\u00eb n\u00eb ngjyr\u00eb, Cils Booster XL l\u00eb qerpik\u00ebt t\u00eb ndihen luksoz dhe t\u00eb but\u00eb, duke lejuar q\u00eb pigmenti i maskar\u00ebs tuaj t\u00eb preferuar t\u00eb dal\u00eb n\u00eb pah, duke krijuar k\u00ebshtu nj\u00eb pamje t\u00eb thell\u00eb dhe t\u00eb pasur sikur me qerpik\u00eb false.<\/p>\n<p>&nbsp;<\/p>\n<p><strong>\u00c7far\u00eb Duhet t\u00eb Dini M\u00eb Tep\u00ebr?<\/strong><\/p>\n<p>Cils Booster XL e \u00e7on maskar\u00ebn tuaj nj\u00eb hap m\u00eb tej. Kjo formul\u00eb kremoze dhe kondicionuese shum\u00ebfunksionale jo vet\u00ebm q\u00eb zgjat dhe trash qerpik\u00ebt, por mund t\u00eb p\u00ebrdoret edhe nat\u00ebn si nj\u00eb \u201cmask\u00eb p\u00ebr qerpik\u00ebt.\u201d Thjesht aplikoni mbi qerpik\u00ebt e past\u00ebr p\u00ebr t\u2019i ushqyer dhe rigjall\u00ebruar para gjumit.<\/p>\n<p><strong>P\u00ebrfitimet<\/strong><\/p>\n<p>Rezultatet e K\u00ebrkimeve:<br \/>\nN\u00eb nj\u00eb test me konsumator\u00eb n\u00eb nj\u00eb panel prej 103 grave q\u00eb p\u00ebrdor\u00ebn Cils Booster me maskar\u00ebn e tyre t\u00eb p\u00ebrditshme:<br \/>\n\u2022 93% vun\u00eb re gjat\u00ebsi m\u00eb t\u00eb madhe<br \/>\n\u2022 92% vun\u00eb re volum m\u00eb t\u00eb madh<br \/>\n\u2022 85% vun\u00eb re krrulim m\u00eb t\u00eb theksuar<\/p>\n<p><strong>P\u00ebrfitimet:<\/strong><br \/>\n\u2022 Funksionon si primer p\u00ebr maskar\u00eb duke mbuluar qerpik\u00ebt e past\u00ebr n\u00eb m\u00ebnyr\u00eb t\u00eb barabart\u00eb, duke siguruar nj\u00eb baz\u00eb ideale p\u00ebr aplikim t\u00eb maskar\u00ebs pa ngjeshje, dhe maksimizon volum.<br \/>\n\u2022 Sh\u00ebrben gjithashtu si maske p\u00ebr qerpik\u00ebt p\u00ebr t\u2019i ushqyer dhe kondicionuar.<\/p>\n<p>&nbsp;<\/p>\n<p><strong>Si t\u00eb Aplikohet?<\/strong><\/p>\n<p>Si primer p\u00ebr maskar\u00eb (shtres\u00eb baz\u00eb):<br \/>\n\u2022 Aplikoni nga rr\u00ebnj\u00ebt deri n\u00eb maj\u00eb t\u00eb qerpik\u00ebve, por mos prisni q\u00eb Cils Booster XL t\u00eb thahet p\u00ebrpara se t\u00eb aplikoni maskar\u00ebn.<br \/>\n\u2022 Mbulo qerpik\u00ebt me maskar\u00ebn p\u00ebr pamjen e d\u00ebshiruar, ose derisa maskara e bardh\u00eb t\u00eb mos duket m\u00eb.<br \/>\n\u2022 P\u00ebr ngjyr\u00eb, intensitet dhe pamje sikur me qerpik\u00eb false, aplikoni dy shtresa primer mbi qerpik\u00ebt e sip\u00ebrm dhe t\u00eb posht\u00ebm para maskar\u00ebs.<\/p>\n<p><strong>Si serum kondicionues nat\u00ebn p\u00ebr qerpik\u00ebt:<\/strong><br \/>\n\u2022 Pas pastrimit t\u00eb fytyr\u00ebs dhe p\u00ebrfundimit t\u00eb rutin\u00ebs tuaj t\u00eb zakonshme t\u00eb bukuris\u00eb p\u00ebr nat\u00ebn, aplikoni Cils Booster XL mbi qerpik\u00ebt e zbraz\u00ebt.<br \/>\n\u2022 L\u00ebreni t\u00eb thahet plot\u00ebsisht para gjumit.<\/p>\n<p><strong>Ruajtja:<\/strong><br \/>\nRuani primer-in Cils Booster XL n\u00eb nj\u00eb vend t\u00eb fresk\u00ebt dhe t\u00eb that\u00eb.<\/p>\n<p>&nbsp;<\/p>\n<p><strong>P\u00ebrb\u00ebr\u00ebsit:<\/strong><\/p>\n<p>AQUA \/ WATER \/ EAU, ORYZA SATIVA CERA \/ RICE BRAN WAX, COPERNICIA CERIFERA CERA \/ CARNAUBA WAX \/ CIRE DE CARNAUBA, CERA ALBA \/ BEESWAX \/ CIRE DABEILLE, STEARIC ACID, CANDELILLA CERA \/ CANDELILLA WAX \/ CIRE DE CANDELILLA, TRIETHANOLAMINE, PALMITIC ACID, ACACIA SENEGAL \/ ACACIA SENEGAL GUM, PANTHENOL, PEG\/PPG-17\/18 DIMETHICONE, SODIUM POLYMETHACRYLATE, MYRISTIC ACID, RAYON, HYDROXYETHYLCELLULOSE, POLYCAPROLACTONE, POLYQUATERNIUM-10, TOCOPHERYL ACETATE, METHYLPARABEN, PROPYLPARABEN<\/p>","protected":false},"excerpt":{"rendered":"<h3><strong>Lancome<\/strong><br \/>\n<strong>CILS BOOSTER XL ENHANCING LASH &amp; MASCARA PRIMER<\/strong><br \/>\n<strong>Priming &amp; Conditioning<\/strong><\/h3>\n<p><em><strong>Fitues i \u00e7mimit Allure Best of Beauty 2021<\/strong><\/em><\/p>\n<p><strong>Merrni qerpik\u00eb t\u00eb but\u00eb, voluminoz\u00eb dhe t\u00eb forcuar me nj\u00eb shtres\u00eb t\u00eb k\u00ebsaj maskar\u00eb primer t\u00eb bardh\u00eb inovative.<\/strong><\/p>","protected":false},"featured_media":6796,"comment_status":"open","ping_status":"closed","template":"","meta":[],"product_brand":[116],"product_cat":[96,144],"product_tag":[],"class_list":{"0":"post-6787","1":"product","2":"type-product","3":"status-publish","4":"has-post-thumbnail","6":"product_brand-lancome","7":"product_cat-makeup","8":"product_cat-mascara","11":"instock","12":"sale","13":"shipping-taxable","14":"purchasable","15":"product-type-simple"},"_links":{"self":[{"href":"https:\/\/perleibeauty.com\/sq\/wp-json\/wp\/v2\/product\/6787","targetHints":{"allow":["GET"]}}],"collection":[{"href":"https:\/\/perleibeauty.com\/sq\/wp-json\/wp\/v2\/product"}],"about":[{"href":"https:\/\/perleibeauty.com\/sq\/wp-json\/wp\/v2\/types\/product"}],"replies":[{"embeddable":true,"href":"https:\/\/perleibeauty.com\/sq\/wp-json\/wp\/v2\/comments?post=6787"}],"version-history":[{"count":1,"href":"https:\/\/perleibeauty.com\/sq\/wp-json\/wp\/v2\/product\/6787\/revisions"}],"predecessor-version":[{"id":10095,"href":"https:\/\/perleibeauty.com\/sq\/wp-json\/wp\/v2\/product\/6787\/revisions\/10095"}],"wp:featuredmedia":[{"embeddable":true,"href":"https:\/\/perleibeauty.com\/sq\/wp-json\/wp\/v2\/media\/6796"}],"wp:attachment":[{"href":"https:\/\/perleibeauty.com\/sq\/wp-json\/wp\/v2\/media?parent=6787"}],"wp:term":[{"taxonomy":"product_brand","embeddable":true,"href":"https:\/\/perleibeauty.com\/sq\/wp-json\/wp\/v2\/product_brand?post=6787"},{"taxonomy":"product_cat","embeddable":true,"href":"https:\/\/perleibeauty.com\/sq\/wp-json\/wp\/v2\/product_cat?post=6787"},{"taxonomy":"product_tag","embeddable":true,"href":"https:\/\/perleibeauty.com\/sq\/wp-json\/wp\/v2\/product_tag?post=6787"}],"curies":[{"name":"wp","href":"https:\/\/api.w.org\/{rel}","templated":true}]}}