{"id":6767,"date":"2025-11-24T11:46:49","date_gmt":"2025-11-24T11:46:49","guid":{"rendered":"https:\/\/perleibeauty.com\/?post_type=product&#038;p=6767"},"modified":"2026-04-15T13:38:56","modified_gmt":"2026-04-15T13:38:56","slug":"benefit-theyre-real-beyond-mascara","status":"publish","type":"product","link":"https:\/\/perleibeauty.com\/sq\/produkt\/benefit-theyre-real-beyond-mascara\/","title":{"rendered":"BENEFIT THEY&#8217;RE REAL! BEYOND MASCARA MINI SIZE"},"content":{"rendered":"<h3><strong>Benefit <\/strong><br \/>\n<strong>They&#8217;re Real! <\/strong><strong>Beyond Mascara<\/strong><\/h3>\n<p><strong>MINI SIZE\u00a0<\/strong><br \/>\n<strong>4 g Net wt. 0.14 oz.<\/strong><\/p>\n<p>Nj\u00eb RIMEL kaq magjik sa duket sikur qerpik\u00ebt tuaj jan\u00eb false.<br \/>\nK\u00ebto m\u00eb par\u00eb i konsideronim legjenda\u2014deri tani (sa i p\u00ebrket maskar\u00ebs). N\u00ebse doni t\u00eb shkaktoni kureshtje vet\u00eb, aplikoni maskar\u00ebn They\u2019re Real! zgjatuese p\u00ebr qerpik\u00eb q\u00eb njer\u00ebzit do t\u2019i duhet t\u2019i shohin p\u00ebr t\u2019i besuar. Mir\u00eb q\u00eb kan\u00eb 36 or\u00eb* p\u00ebr t\u00eb v\u00ebn\u00eb re k\u00ebt\u00eb formul\u00eb q\u00eb ndan, kthen dhe jep volum qerpik\u00ebve.<\/p>\n<p>Best Seller!!Shitjet Globale t\u00eb Brendshme Benefit, Janar-Dhjetor 2022!!<\/p>\n<p>&nbsp;<\/p>\n<p><strong>P\u00ebrb\u00ebr\u00ebsit:<\/strong><\/p>\n<p>AQUA (UJI), CERA ALBA (MJEK\u00cbSIA E BLET\u00cbS), PARAFFIN, STYRENE\/ACRYLATES\/AMMONIUM METHACRYLATE COPOLYMER, PROPANEDIOL, GLYCERYL STEARATE, POLYBUTENE, VP\/EICOSENE COPOLYMER, STEARETH-21, COPERNICIA CERIFERA (CARNAUBA) WAX, PALMITIC ACID, STEARIC ACID, PHENOXYETHANOL, STEARETH-2, SILICA, AMINOMETHYL PROPANEDIOL, BUTYLENE GLYCOL, CAPRYLYL GLYCOL, SODIUM LAURETH-12 SULFATE, HYDROXYETHYLCELLULOSE, KAOLIN, ALUMINUM HYDROXIDE, TOCOPHERYL ACETATE, AMMONIUM HYDROXIDE, SERICIN, DISODIUM PHOSPHATE, SODIUM PHOSPHATE, POLYSORBATE 60, SODIUM HYALURONATE, CITRIC ACID, POTASSIUM SORBATE. [+\/- CI 77499 (IRON OXIDES), CI 77007 (ULTRAMARINES)]<br \/>\nN\u00b0 16510<\/p>\n<p>SH\u00cbNIM: Listat e p\u00ebrb\u00ebr\u00ebsve t\u00eb produktit p\u00ebrdit\u00ebsohen periodikisht. Para se t\u00eb p\u00ebrdorni nj\u00eb produkt Benefit, lexoni list\u00ebn e p\u00ebrb\u00ebr\u00ebsve n\u00eb paketim p\u00ebr t\u2019u siguruar q\u00eb jan\u00eb t\u00eb p\u00ebrshtatsh\u00ebm p\u00ebr p\u00ebrdorimin tuaj personal.<\/p>\n<p>&nbsp;<\/p>\n<p><strong>E Provuar dhe Testuar<\/strong><br \/>\n\u2022 Q\u00ebndron deri n\u00eb 36 or\u00eb<br \/>\n\u2022 Rezistente ndaj ujit &amp; djers\u00ebs<br \/>\n\u2022 93% vun\u00eb re gjat\u00ebsi dramatike<br \/>\n\u2022 95% vun\u00eb re ngritje t\u00eb dukshme<\/p>\n","protected":false},"excerpt":{"rendered":"<h3><strong>Benefit <\/strong><br \/>\n<strong>They&#8217;re Real! <\/strong><strong>Beyond Mascara<\/strong><\/h3>\n<p><strong>Full Size\u00a0 <\/strong><br \/>\n<strong>8.5 g Net wt. 0.3 oz.<\/strong><\/p>\n<p>Nj\u00eb RIMEL kaq magjik sa duket sikur qerpik\u00ebt tuaj jan\u00eb false. K\u00ebto m\u00eb par\u00eb i konsideronim legjenda\u2014deri tani (sa i p\u00ebrket maskar\u00ebs).<\/p>","protected":false},"featured_media":10357,"comment_status":"open","ping_status":"closed","template":"","meta":[],"product_brand":[109],"product_cat":[103,96,144,166],"product_tag":[],"class_list":{"0":"post-6767","1":"product","2":"type-product","3":"status-publish","4":"has-post-thumbnail","6":"product_brand-benefit","7":"product_cat-best-seller","8":"product_cat-makeup","9":"product_cat-mascara","10":"product_cat-sale","13":"instock","14":"sale","15":"shipping-taxable","16":"purchasable","17":"product-type-simple"},"_links":{"self":[{"href":"https:\/\/perleibeauty.com\/sq\/wp-json\/wp\/v2\/product\/6767","targetHints":{"allow":["GET"]}}],"collection":[{"href":"https:\/\/perleibeauty.com\/sq\/wp-json\/wp\/v2\/product"}],"about":[{"href":"https:\/\/perleibeauty.com\/sq\/wp-json\/wp\/v2\/types\/product"}],"replies":[{"embeddable":true,"href":"https:\/\/perleibeauty.com\/sq\/wp-json\/wp\/v2\/comments?post=6767"}],"version-history":[{"count":2,"href":"https:\/\/perleibeauty.com\/sq\/wp-json\/wp\/v2\/product\/6767\/revisions"}],"predecessor-version":[{"id":10358,"href":"https:\/\/perleibeauty.com\/sq\/wp-json\/wp\/v2\/product\/6767\/revisions\/10358"}],"wp:featuredmedia":[{"embeddable":true,"href":"https:\/\/perleibeauty.com\/sq\/wp-json\/wp\/v2\/media\/10357"}],"wp:attachment":[{"href":"https:\/\/perleibeauty.com\/sq\/wp-json\/wp\/v2\/media?parent=6767"}],"wp:term":[{"taxonomy":"product_brand","embeddable":true,"href":"https:\/\/perleibeauty.com\/sq\/wp-json\/wp\/v2\/product_brand?post=6767"},{"taxonomy":"product_cat","embeddable":true,"href":"https:\/\/perleibeauty.com\/sq\/wp-json\/wp\/v2\/product_cat?post=6767"},{"taxonomy":"product_tag","embeddable":true,"href":"https:\/\/perleibeauty.com\/sq\/wp-json\/wp\/v2\/product_tag?post=6767"}],"curies":[{"name":"wp","href":"https:\/\/api.w.org\/{rel}","templated":true}]}}