{"id":6756,"date":"2025-11-24T11:41:40","date_gmt":"2025-11-24T11:41:40","guid":{"rendered":"https:\/\/perleibeauty.com\/?post_type=product&#038;p=6756"},"modified":"2026-04-15T13:38:56","modified_gmt":"2026-04-15T13:38:56","slug":"benefit-cosmetics-mini-theyre-real-lengthening-mascara","status":"publish","type":"product","link":"https:\/\/perleibeauty.com\/sq\/produkt\/benefit-cosmetics-mini-theyre-real-lengthening-mascara\/","title":{"rendered":"BENEFIT COSMETICS MINI THEY&#8217;RE REAL! LENGTHENING MASCARA"},"content":{"rendered":"<h3><strong>Benefit Cosmetics\u00a0\u2028Mini They&#8217;re Real! Lengthening Mascara<\/strong><\/h3>\n<h3><strong>Size: 0.14 oz\/ 4.0 g<\/strong><br \/>\n<strong>Mini Size<\/strong><\/h3>\n<p>Nj\u00eb maskar\u00eb zgjatuese, jep volum, ngre dhe ndan qerpik\u00ebt p\u00ebr nj\u00eb pamje \u201cout-of-here\u201d \u2013 tani n\u00eb tre nuanca t\u00eb gjalla.<\/p>\n<p>Ky bestseller revolucionar zbulon qerpik\u00ebt q\u00eb nuk e keni ditur se i keni! Fur\u00e7a e dizajnuar posa\u00e7\u00ebrisht ka fij\u00eb t\u00eb shtresuara q\u00eb kapin af\u00ebr rr\u00ebnj\u00ebs, duke rritur gjat\u00ebsin\u00eb dhe volumin n\u00eb m\u00ebnyr\u00eb t\u00eb pabesueshme. Maj\u00eb e formuar me kupol\u00eb p\u00ebrdor fij\u00eb precize p\u00ebr t\u00eb ngritur, definuar dhe kthyer edhe qerpik\u00ebt m\u00eb t\u00eb vegj\u00ebl. Me nj\u00eb formul\u00eb t\u00eb zez\u00eb shk\u00eblqyese dhe q\u00eb zgjat gjat\u00eb, do t\u00eb keni qerpik\u00eb luksoz\u00eb, t\u00eb m\u00ebndafsht\u00eb q\u00eb nuk b\u00ebjn\u00eb njolla, nuk ngjiten dhe nuk thahet.<\/p>\n<p><strong>Gjithashtu Duhet t\u00eb Dini:<\/strong><br \/>\n\u2022 Shkoni horizontalisht: fij\u00ebt\u00a0 kapin af\u00ebr rr\u00ebnj\u00ebs, duke rritur gjat\u00ebsin\u00eb dhe volumin.<br \/>\n\u2022 Pastaj shkoni vertikalisht: maja e formuar me kupol\u00eb dhe fij\u00eb precize ngre, definon dhe kthen edhe qerpik\u00ebt m\u00eb t\u00eb vegj\u00ebl.<\/p>\n<p>Ky produkt ka fituar \u00e7mimin Allure Reader\u2019s Choice.<\/p>\n<p><strong>Rezultatet e K\u00ebrkimeve:<\/strong><br \/>\nN\u00eb nj\u00eb anket\u00eb paneli konsumator\u00ebsh, u raportua:<br \/>\n\u2022 94% vun\u00eb re gjat\u00ebsi dhe volum dramatik<br \/>\n\u2022 90% vun\u00eb re kthimin nga baza n\u00eb maj\u00eb<br \/>\n\u2022 94% vun\u00eb re ngritje t\u00eb dukshme<br \/>\n\u2022 100% vun\u00eb re rezultate q\u00eb zgjasin gjat\u00eb<\/p>\n<p><strong>K\u00ebshill\u00eb Bukurie:<\/strong><br \/>\nP\u00ebr kthimin dhe gjat\u00ebsi maksimale, aplikoni m\u00eb par\u00eb Roller Lash p\u00ebr t\u00eb kthen dhe ngritur qerpik\u00ebt. Pastaj vendosni maskar\u00ebn They\u2019re Real! zgjatuese sip\u00ebr.<\/p>\n<p>&nbsp;<\/p>\n<p><strong>P\u00ebrb\u00ebr\u00ebsit:<\/strong><\/p>\n<p>Water (Aqua), Paraffin, Polybutene, Styrene\/Acrylates\/Ammonium Methacrylate Copolymer, Beeswax (Cera Alba), Bis-Diglyceryl Polyacyladipate-2, C18-36 Acid Triglyceride, Palmitic Acid, Stearic Acid, Triethanolamine, VP\/Eicosene Copolymer, Acacia Senegal Gum, Hydroxyethylcellulose, Phenoxyethanol, Tetrasodium EDTA, Butylene Glycol, Caprylyl Glycol, Tocopheryl Acetate, Sodium Laureth-12 Sulfate, Glycerin, Potassium Sorbate, Sericin, Calcium Chloride, Sodium Hyaluronate, Tilia Tomentosa Bud Extract, Citric Acid, BHT, Sorbic Acid. [+\/-: Iron Oxides (CI 77491, CI 77492, CI 77499), Ultramarines (CI 77007), Chromium Oxide Greens (CI 77288), Chromium Hydroxide Green (CI 77289), Titanium Dioxide (CI 77891)]. N\u00b0 05827\/N.<\/p>\n<p>SH\u00cbNIM: Listat e p\u00ebrb\u00ebr\u00ebsve p\u00ebr produktet Benefit azhurohen periodikisht. Para se ta p\u00ebrdorni produktin, lexoni list\u00ebn e p\u00ebrb\u00ebr\u00ebsve n\u00eb paketim p\u00ebr t\u00eb siguruar q\u00eb \u00ebsht\u00eb e p\u00ebrshtatshme p\u00ebr p\u00ebrdorim personal.<\/p>\n<p>&nbsp;<\/p>\n<p><strong>Si t\u00eb P\u00ebrdoret:<\/strong><\/p>\n<p><strong>P\u00ebrdorimi i Sugjeruar:<\/strong><br \/>\n\u2022 Vendosni fur\u00e7\u00ebn horizontalisht dhe tundeni nga nj\u00ebra an\u00eb n\u00eb tjetr\u00ebn dhe nga baza n\u00eb maj\u00eb p\u00ebr t\u00eb arritur volum, gjat\u00ebsi dhe ngritje maksimale.<br \/>\n\u2022 Mbajeni fur\u00e7\u00ebn vertikalisht dhe rr\u00ebshqitni lart p\u00ebr t\u00eb kthyer dhe ndar\u00eb qerpik\u00ebt.<br \/>\n\u2022 Aplikoni shtresa t\u00eb shumta sipas d\u00ebshir\u00ebs.<\/p>\n<p><strong>Kujdes:<\/strong><br \/>\n\u2022 Lexoni list\u00ebn e p\u00ebrb\u00ebr\u00ebsve n\u00eb paketim p\u00ebr t\u00eb siguruar q\u00eb produkti \u00ebsht\u00eb i p\u00ebrshtatsh\u00ebm p\u00ebr p\u00ebrdorim personal.<\/p>\n","protected":false},"excerpt":{"rendered":"<h3><strong>Benefit Cosmetics\u00a0\u2028Mini They&#8217;re Real! Lengthening Mascara<\/strong><\/h3>\n<h3><strong>Size: 0.14 oz\/ 4.0 g<\/strong><br \/>\n<strong>Mini Size<\/strong><\/h3>\n<p>Nj\u00eb maskar\u00eb zgjatuese, jep volum, ngre dhe ndan qerpik\u00ebt p\u00ebr nj\u00eb pamje \u201cout-of-here\u201d \u2013 tani n\u00eb tre nuanca t\u00eb gjalla.<\/p>\n<p>Ky bestseller revolucionar zbulon qerpik\u00ebt q\u00eb nuk e keni ditur se i keni!<\/p>","protected":false},"featured_media":6762,"comment_status":"open","ping_status":"closed","template":"","meta":[],"product_brand":[109],"product_cat":[96,144],"product_tag":[],"class_list":{"0":"post-6756","1":"product","2":"type-product","3":"status-publish","4":"has-post-thumbnail","6":"product_brand-benefit","7":"product_cat-makeup","8":"product_cat-mascara","11":"instock","12":"sale","13":"shipping-taxable","14":"purchasable","15":"product-type-simple"},"_links":{"self":[{"href":"https:\/\/perleibeauty.com\/sq\/wp-json\/wp\/v2\/product\/6756","targetHints":{"allow":["GET"]}}],"collection":[{"href":"https:\/\/perleibeauty.com\/sq\/wp-json\/wp\/v2\/product"}],"about":[{"href":"https:\/\/perleibeauty.com\/sq\/wp-json\/wp\/v2\/types\/product"}],"replies":[{"embeddable":true,"href":"https:\/\/perleibeauty.com\/sq\/wp-json\/wp\/v2\/comments?post=6756"}],"version-history":[{"count":1,"href":"https:\/\/perleibeauty.com\/sq\/wp-json\/wp\/v2\/product\/6756\/revisions"}],"predecessor-version":[{"id":10056,"href":"https:\/\/perleibeauty.com\/sq\/wp-json\/wp\/v2\/product\/6756\/revisions\/10056"}],"wp:featuredmedia":[{"embeddable":true,"href":"https:\/\/perleibeauty.com\/sq\/wp-json\/wp\/v2\/media\/6762"}],"wp:attachment":[{"href":"https:\/\/perleibeauty.com\/sq\/wp-json\/wp\/v2\/media?parent=6756"}],"wp:term":[{"taxonomy":"product_brand","embeddable":true,"href":"https:\/\/perleibeauty.com\/sq\/wp-json\/wp\/v2\/product_brand?post=6756"},{"taxonomy":"product_cat","embeddable":true,"href":"https:\/\/perleibeauty.com\/sq\/wp-json\/wp\/v2\/product_cat?post=6756"},{"taxonomy":"product_tag","embeddable":true,"href":"https:\/\/perleibeauty.com\/sq\/wp-json\/wp\/v2\/product_tag?post=6756"}],"curies":[{"name":"wp","href":"https:\/\/api.w.org\/{rel}","templated":true}]}}