{"id":6744,"date":"2025-11-24T11:28:05","date_gmt":"2025-11-24T11:28:05","guid":{"rendered":"https:\/\/perleibeauty.com\/?post_type=product&#038;p=6744"},"modified":"2026-04-15T13:38:56","modified_gmt":"2026-04-15T13:38:56","slug":"too-faced-better-than-sex-foreplay-waterproof-mascara-primer","status":"publish","type":"product","link":"https:\/\/perleibeauty.com\/sq\/produkt\/too-faced-better-than-sex-foreplay-waterproof-mascara-primer\/","title":{"rendered":"TOO FACED BETTER THAN SEX FOREPLAY WATERPROOF MASCARA PRIMER"},"content":{"rendered":"<h3><strong>TOO FACED <\/strong><\/h3>\n<h3><strong>Better Than Sex Foreplay Waterproof Mascara Primer<\/strong><br \/>\n<strong>NGJYRA: Deep Black &#8211; pitch black<\/strong><br \/>\n<strong>Size 0.13 oz \/ 3.8 mL<\/strong><\/h3>\n<p>Nj\u00eb primer p\u00ebr qerpik\u00eb me ngjyr\u00eb t\u00eb zez\u00eb t\u00eb thell\u00eb, i pap\u00ebrshkuesh\u00ebm nga uji, ushqyes, q\u00eb zgjat, ngre dhe trash qerpik\u00ebt, duke p\u00ebrmir\u00ebsuar q\u00ebndrueshm\u00ebrin\u00eb e maskar\u00ebs deri n\u00eb 24 or\u00eb.<\/p>\n<p>Lloji i Formulimit: Volumizues, P\u00ebr Curl, Zgjat\u00ebs<\/p>\n<p>P\u00ebrfitimet: Q\u00ebndron gjat\u00eb, Pap\u00ebrshkuesh\u00ebm nga uji<\/p>\n<p>Theksimet e P\u00ebrb\u00ebr\u00ebsve: Pa parabene dhe pa vaj mineral. Gjithashtu nuk \u00ebsht\u00eb testuar n\u00eb kafsh\u00eb (cruelty-free).<\/p>\n<p>Gjithashtu Duhet t\u00eb Dini: Formula ushqyese mb\u00ebshtjell qerpik\u00ebt me nj\u00eb p\u00ebrzierje vajrash argani dhe fara rrushi p\u00ebr t\u00eb p\u00ebrmir\u00ebsuar q\u00ebndrueshm\u00ebrin\u00eb e maskar\u00ebs deri n\u00eb 24 or\u00eb. Fur\u00e7a me form\u00eb dyfishe harkore ndan dhe mbulon \u00e7do qerpik nga rr\u00ebnja n\u00eb maj\u00eb me pigmente t\u00eb thella t\u00eb zeza. Foreplay lash primer ndihmon q\u00eb qerpik\u00ebt tuaj t\u00eb q\u00ebndrojn\u00eb gjat\u00eb gjith\u00eb dit\u00ebs dhe nat\u00ebs kur p\u00ebrdoret me maskar\u00ebn tuaj t\u00eb preferuar, ose mund ta p\u00ebrdorni vet\u00ebm p\u00ebr nj\u00eb pamje m\u00eb t\u00eb thjesht\u00eb. \u00cbsht\u00eb gjithashtu testuar nga oftalmolog\u00ebt, i sigurt p\u00ebr p\u00ebrdorues t\u00eb lenteve kontakti dhe p\u00ebr sy t\u00eb ndjesh\u00ebm.<\/p>\n<p>Rezultatet Klinike: Testimi klinik tek 24 gra, duke krahasuar maskar\u00ebn plus primer me maskar\u00ebn vet\u00ebm pas 25 or\u00ebsh:<br \/>\n\u2022 Rrit curl-in e qerpik\u00ebve me 132%<br \/>\n\u2022 Shton volum qerpik\u00ebve me 109%<br \/>\n\u2022 Rrit plot\u00ebsin\u00eb e qerpik\u00ebve me 100%<\/p>\n<p>&nbsp;<\/p>\n<p><strong>P\u00ebrb\u00ebr\u00ebsit Kryesor\u00eb<\/strong><br \/>\n\u2022 Vaj Argan dhe Vaj Fara Rrushi: I pasur me acid\u00eb yndyror\u00eb omega 3 dhe 9 p\u00ebr t\u00eb ushqyer qerpik\u00ebt.<\/p>\n<p>P\u00ebrb\u00ebr\u00ebs t\u00eb tjer\u00eb: Isododecane, Trimethylsiloxysilicate, Beeswax\/Cera Alba\/Cire D\u2019abeille, Paraffin, Microcrystalline Wax\/Cera Microcristallina\/Cire Microcristalline, Dimethicone, Disteardimonium Hectorite, Dextrin Palmitate\/Ethylhexanoate, Tocopherol, Vitis Vinifera (Grape) Seed Oil, Argania Spinosa Kernel Oil, Propylene Carbonate, Silica, Nylon-6, Iron Oxides (Ci 77499).<\/p>\n<p>Ju lutemi vini re q\u00eb listat e p\u00ebrb\u00ebr\u00ebsve mund t\u00eb ndryshojn\u00eb nga koha n\u00eb koh\u00eb. Ju lutemi referohuni list\u00ebs s\u00eb p\u00ebrb\u00ebr\u00ebsve n\u00eb paketimin e produktit q\u00eb merrni p\u00ebr list\u00ebn m\u00eb t\u00eb p\u00ebrdit\u00ebsuar t\u00eb p\u00ebrb\u00ebr\u00ebsve.<\/p>\n<p><strong>Si t\u00eb P\u00ebrdoret:<\/strong><\/p>\n<p>P\u00ebrdorimi i Sugjeruar:<br \/>\n\u2022 Aplikoni mbi qerpik\u00ebt e pastruar dhe t\u00eb that\u00eb. Vendosni fur\u00e7\u00ebn n\u00eb baz\u00ebn e qerpik\u00ebve dhe l\u00ebvizni me l\u00ebvizje dridh\u00ebse nga rr\u00ebnja n\u00eb maj\u00eb, duke i krehur lart. P\u00ebrs\u00ebriteni me 10 deri n\u00eb 15 l\u00ebvizje p\u00ebr secil\u00ebn sy.<br \/>\n\u2022 Prisni deri n\u00eb 10 sekonda q\u00eb primer-i t\u00eb thahet.<br \/>\n\u2022 Ndiqni me maskar\u00ebn tuaj t\u00eb preferuar p\u00ebr ngritje, gjat\u00ebsi dhe volum maksimal.<br \/>\n\u2022 P\u00ebr heqje: P\u00ebrdorni nj\u00eb pambuk me heq\u00ebs makeup-i t\u00eb but\u00eb baz\u00eb vaji dhe fshijeni nga lart-posht\u00eb.<\/p>","protected":false},"excerpt":{"rendered":"<h3><strong>TOO FACED <\/strong><\/h3>\n<h3><strong>Better Than Sex Foreplay Waterproof Mascara Primer<\/strong><br \/>\n<strong>NGJYRA: Deep Black &#8211; pitch black<\/strong><br \/>\n<strong>Size 0.13 oz \/ 3.8 mL<\/strong><\/h3>\n<p>Nj\u00eb primer p\u00ebr qerpik\u00eb me ngjyr\u00eb t\u00eb zez\u00eb t\u00eb thell\u00eb, i pap\u00ebrshkuesh\u00ebm nga uji, ushqyes, q\u00eb zgjat, ngre dhe trash qerpik\u00ebt, duke p\u00ebrmir\u00ebsuar q\u00ebndrueshm\u00ebrin\u00eb e maskar\u00ebs deri n\u00eb 24 or\u00eb.<\/p>","protected":false},"featured_media":6745,"comment_status":"open","ping_status":"closed","template":"","meta":[],"product_brand":[115],"product_cat":[96,144],"product_tag":[],"class_list":{"0":"post-6744","1":"product","2":"type-product","3":"status-publish","4":"has-post-thumbnail","6":"product_brand-too-faced","7":"product_cat-makeup","8":"product_cat-mascara","11":"instock","12":"sale","13":"shipping-taxable","14":"purchasable","15":"product-type-simple"},"_links":{"self":[{"href":"https:\/\/perleibeauty.com\/sq\/wp-json\/wp\/v2\/product\/6744","targetHints":{"allow":["GET"]}}],"collection":[{"href":"https:\/\/perleibeauty.com\/sq\/wp-json\/wp\/v2\/product"}],"about":[{"href":"https:\/\/perleibeauty.com\/sq\/wp-json\/wp\/v2\/types\/product"}],"replies":[{"embeddable":true,"href":"https:\/\/perleibeauty.com\/sq\/wp-json\/wp\/v2\/comments?post=6744"}],"version-history":[{"count":1,"href":"https:\/\/perleibeauty.com\/sq\/wp-json\/wp\/v2\/product\/6744\/revisions"}],"predecessor-version":[{"id":9879,"href":"https:\/\/perleibeauty.com\/sq\/wp-json\/wp\/v2\/product\/6744\/revisions\/9879"}],"wp:featuredmedia":[{"embeddable":true,"href":"https:\/\/perleibeauty.com\/sq\/wp-json\/wp\/v2\/media\/6745"}],"wp:attachment":[{"href":"https:\/\/perleibeauty.com\/sq\/wp-json\/wp\/v2\/media?parent=6744"}],"wp:term":[{"taxonomy":"product_brand","embeddable":true,"href":"https:\/\/perleibeauty.com\/sq\/wp-json\/wp\/v2\/product_brand?post=6744"},{"taxonomy":"product_cat","embeddable":true,"href":"https:\/\/perleibeauty.com\/sq\/wp-json\/wp\/v2\/product_cat?post=6744"},{"taxonomy":"product_tag","embeddable":true,"href":"https:\/\/perleibeauty.com\/sq\/wp-json\/wp\/v2\/product_tag?post=6744"}],"curies":[{"name":"wp","href":"https:\/\/api.w.org\/{rel}","templated":true}]}}