{"id":6628,"date":"2025-11-23T17:31:48","date_gmt":"2025-11-23T17:31:48","guid":{"rendered":"https:\/\/perleibeauty.com\/?post_type=product&#038;p=6628"},"modified":"2026-04-15T13:38:57","modified_gmt":"2026-04-15T13:38:57","slug":"dior-addoct-lip-tint","status":"publish","type":"product","link":"https:\/\/perleibeauty.com\/sq\/produkt\/dior-addoct-lip-tint\/","title":{"rendered":"DIOR ADDICT LIP TINT"},"content":{"rendered":"<h3 class=\"pdp-details__title js-pdp-details-title\">Dior &#8211; Addict Lip Tint<\/h3>\n<p>Dior Addict Lip Tint \u00ebsht\u00eb ngjyra e par\u00eb p\u00ebr buz\u00eb nga Dior q\u00eb nuk transferohet (transfer-proof), me q\u00ebndrueshm\u00ebri 12 or\u00eb, q\u00eb i jep buz\u00ebve nj\u00eb ngjyr\u00eb t\u00eb fort\u00eb me p\u00ebrfundim semi-mat dhe shkrihet me l\u00ebkur\u00ebn p\u00ebr nj\u00eb ndjesi sikur nuk keni asgj\u00eb n\u00eb buz\u00eb.<\/p>\n<p>I p\u00ebrb\u00ebr\u00eb nga 94% p\u00ebrb\u00ebr\u00ebs me origjin\u00eb natyrale, Dior Addict Lip Tint \u00ebsht\u00eb i pasuruar me vaj qershie, i cili i hidraton buz\u00ebt deri n\u00eb 24 ore, duke ofruar rehati t\u00eb zgjatur.<\/p>\n<p>I disponuesh\u00ebm n\u00eb nj\u00eb gam\u00eb nuancash t\u00eb fresk\u00ebta dhe natyrale si bezh\u00eb, mjed\u00ebr, korale e ndezur apo kumbull e thell\u00eb, ky lip tint i Dior u p\u00ebrshtatet t\u00eb gjitha toneve t\u00eb l\u00ebkur\u00ebs dhe i b\u00ebn buz\u00ebt t\u00eb duken edhe m\u00eb t\u00eb bukura.<\/p>\n<p>Me logon Dior t\u00eb stampuar, tubi i Dior Addict Lip Tint ka nj\u00eb p\u00ebrfundim t\u00eb but\u00eb dhe velvet q\u00eb ndihet i k\u00ebndsh\u00ebm n\u00eb prekje. Aplikatori i tij \u00ebsht\u00eb projektuar p\u00ebr definim t\u00eb sakt\u00eb, nj\u00eb shtres\u00eb t\u00eb nj\u00ebtrajtshme dhe komoditet optimal \u2013 me vet\u00ebm nj\u00eb l\u00ebvizje.<\/p>\n<p>&nbsp;<\/p>\n<p><strong>P\u00ebrb\u00ebr\u00ebsit<\/strong><\/p>\n<p>(Lista e p\u00ebrb\u00ebr\u00ebsve jepet sipas standardeve zyrtare dhe zakonisht nuk p\u00ebrkthehet p\u00ebr t\u00eb ruajtur sakt\u00ebsin\u00eb.)<\/p>\n<p>AQUA (WATER) \u2022 GLYCERIN \u2022 METHYL HYDROGENATED ROSINATE \u2022 BUTYLENE GLYCOL \u2022 POLYGLYCERYL-2 TRIISOSTEARATE \u2022 ALCOHOL \u2022 POLYGLYCERIN-3 \u2022 HYDROXYETHYL ACRYLATE\/SODIUM ACRYLOYLDIMETHYL TAURATE COPOLYMER \u2022 SQUALANE \u2022 POLYURETHANE-35 \u2022 1,2-HEXANEDIOL \u2022 LECITHIN \u2022 MENTHOXYPROPANEDIOL \u2022 PARFUM (FRAGRANCE) \u2022 SODIUM HYALURONATE \u2022 TRIMETHYLOLPROPANE TRIISOSTEARATE \u2022 POLYSORBATE 60 \u2022 HYDROXYACETOPHENONE \u2022 SODIUM BENZOATE \u2022 PRUNUS AVIUM (SWEET CHERRY) SEED OIL \u2022 AMMONIUM GLYCYRRHIZATE \u2022 SORBITAN ISOSTEARATE \u2022 TOCOPHEROL \u2022 METHYLPROPANEDIOL \u2022 ETHYL VANILLIN \u2022 CITRIC ACID \u2022 CAPRYLYL GLYCOL \u2022 CAPSICUM FRUTESCENS FRUIT EXTRACT \u2022 PROPYL GALLATE \u2022 PHENYLPROPANOL \u2022 PENTAERYTHRITYL TETRA-DI-T-BUTYL HYDROXYHYDROCINNAMATE \u2022 [+\/- CI 77891 (TITANIUM DIOXIDE) \u2022 CI 15985 (YELLOW 6) \u2022 CI 17200 (RED 33) \u2022 CI 19140 (YELLOW 5) \u2022 CI 15850 (RED 7) \u2022 CI 77492 (IRON OXIDES) \u2022 CI 42090 (BLUE 1 LAKE)]<\/p>\n","protected":false},"excerpt":{"rendered":"<h3 class=\"pdp-details__title js-pdp-details-title\">Dior &#8211; Addict Lip Tint<\/h3>\n<p>Dior Addict Lip Tint \u00ebsht\u00eb ngjyra e par\u00eb p\u00ebr buz\u00eb nga Dior q\u00eb nuk transferohet (transfer-proof), me q\u00ebndrueshm\u00ebri 12 or\u00eb*, q\u00eb i jep buz\u00ebve nj\u00eb ngjyr\u00eb t\u00eb fort\u00eb me p\u00ebrfundim semi-mat dhe shkrihet me l\u00ebkur\u00ebn p\u00ebr nj\u00eb ndjesi sikur nuk keni asgj\u00eb n\u00eb buz\u00eb.<\/p>","protected":false},"featured_media":6642,"comment_status":"open","ping_status":"closed","template":"","meta":[],"product_brand":[111],"product_cat":[103,157,96,179,166],"product_tag":[],"class_list":{"0":"post-6628","1":"product","2":"type-product","3":"status-publish","4":"has-post-thumbnail","6":"product_brand-dior","7":"product_cat-best-seller","8":"product_cat-lipstick","9":"product_cat-makeup","10":"product_cat-new-colletion","11":"product_cat-sale","14":"instock","15":"sale","16":"shipping-taxable","17":"purchasable","18":"product-type-variable","19":"has-default-attributes"},"_links":{"self":[{"href":"https:\/\/perleibeauty.com\/sq\/wp-json\/wp\/v2\/product\/6628","targetHints":{"allow":["GET"]}}],"collection":[{"href":"https:\/\/perleibeauty.com\/sq\/wp-json\/wp\/v2\/product"}],"about":[{"href":"https:\/\/perleibeauty.com\/sq\/wp-json\/wp\/v2\/types\/product"}],"replies":[{"embeddable":true,"href":"https:\/\/perleibeauty.com\/sq\/wp-json\/wp\/v2\/comments?post=6628"}],"version-history":[{"count":1,"href":"https:\/\/perleibeauty.com\/sq\/wp-json\/wp\/v2\/product\/6628\/revisions"}],"predecessor-version":[{"id":9935,"href":"https:\/\/perleibeauty.com\/sq\/wp-json\/wp\/v2\/product\/6628\/revisions\/9935"}],"wp:featuredmedia":[{"embeddable":true,"href":"https:\/\/perleibeauty.com\/sq\/wp-json\/wp\/v2\/media\/6642"}],"wp:attachment":[{"href":"https:\/\/perleibeauty.com\/sq\/wp-json\/wp\/v2\/media?parent=6628"}],"wp:term":[{"taxonomy":"product_brand","embeddable":true,"href":"https:\/\/perleibeauty.com\/sq\/wp-json\/wp\/v2\/product_brand?post=6628"},{"taxonomy":"product_cat","embeddable":true,"href":"https:\/\/perleibeauty.com\/sq\/wp-json\/wp\/v2\/product_cat?post=6628"},{"taxonomy":"product_tag","embeddable":true,"href":"https:\/\/perleibeauty.com\/sq\/wp-json\/wp\/v2\/product_tag?post=6628"}],"curies":[{"name":"wp","href":"https:\/\/api.w.org\/{rel}","templated":true}]}}