{"id":6595,"date":"2025-11-23T17:07:36","date_gmt":"2025-11-23T17:07:36","guid":{"rendered":"https:\/\/perleibeauty.com\/?post_type=product&#038;p=6595"},"modified":"2026-04-15T13:38:57","modified_gmt":"2026-04-15T13:38:57","slug":"dior-addict-lip-maximizer-plumping-gloss","status":"publish","type":"product","link":"https:\/\/perleibeauty.com\/sq\/produkt\/dior-addict-lip-maximizer-plumping-gloss\/","title":{"rendered":"DIOR ADDICT LIP MAXIMIZER PLUMPING GLOSS"},"content":{"rendered":"<h3 class=\"css-181u9pf e15t7owz0\" data-comp=\"DisplayName BaseComponent \">DIOR<br \/>\n<strong><span class=\"css-wkag1e e15t7owz0\" data-at=\"product_name\" data-comp=\"BaseComponent \">Dior Addict Lip Maximizer Plumping Gloss<\/span><\/strong><\/h3>\n<p>Ikoniku Dior Addict Lip Maximizer, gloss-i plumping p\u00ebr buz\u00eb, vjen i rinovuar me nj\u00eb formul\u00eb t\u00eb re me 90% p\u00ebrb\u00ebr\u00ebs me origjin\u00eb natyrale, nj\u00eb dizajn t\u00eb ri t\u00eb paketimit dhe nuanca t\u00eb p\u00ebrdit\u00ebsuara.<\/p>\n<p>P\u00ebrb\u00ebr\u00ebs q\u00eb duhen theksuar: Pa sulfate SLS dhe SLES, parabene, formaldehid, p\u00ebrb\u00ebr\u00ebs q\u00eb lirojn\u00eb formaldehid, ftalate, vaj mineral, retinyl palmitate, oksibenzon, katran qymyri, hidrokinon, triklosan dhe triklokarban, dhe p\u00ebrmban m\u00eb pak se nj\u00eb p\u00ebr qind arom\u00eb sintetike. Ky produkt \u00ebsht\u00eb gjithashtu vegan, cruelty-free, pa gluten, dhe vjen n\u00eb paketim t\u00eb ricikluesh\u00ebm.<\/p>\n<p>\u2e3b<\/p>\n<p><strong>T\u00eb tjera q\u00eb duhet t\u00eb dini:<\/strong><\/p>\n<p>I p\u00ebrb\u00ebr\u00eb nga 90% p\u00ebrb\u00ebr\u00ebs me origjin\u00eb natyrale dhe i pasuruar me vaj qershie dhe acid hialuronik, ky gloss plumping nga Dior i zbut buz\u00ebt dhe i b\u00ebn t\u00eb duken m\u00eb t\u00eb plota, duke i l\u00ebn\u00eb t\u00eb hidratuara deri n\u00eb 24 or\u00eb. Tani vjen n\u00eb nj\u00eb gam\u00eb t\u00eb re nuancash me p\u00ebrfundime shiny, t\u00eb qarta, intensive, me shk\u00eblqim dhe holografike.<\/p>\n<p>\u2e3b<\/p>\n<p><strong>Rezultate Klinike:<\/strong><\/p>\n<p>N\u00eb nj\u00eb test klinik me 28 persona:<br \/>\n\u2022 36%+ efekt menj\u00ebher\u00eb n\u00eb volum<br \/>\n\u2022 48%+ buz\u00eb m\u00eb t\u00eb l\u00ebmuara<\/p>\n<p>N\u00eb nj\u00eb test instrumental me 30 persona:<br \/>\n\u2022 24 or\u00eb hidratim<\/p>\n<p>90% p\u00ebrb\u00ebr\u00ebs me origjin\u00eb natyrale: Llogaritur bazuar n\u00eb standardet ISO 16128-1 dhe ISO 16128-2. P\u00ebrfshihet edhe p\u00ebrqindja e ujit. P\u00ebrb\u00ebr\u00ebsit e tjer\u00eb ndihmojn\u00eb n\u00eb performanc\u00ebn, ndjesin\u00eb dhe stabilitetin e formul\u00ebs.<\/p>\n<p>\u2e3b<\/p>\n<p><strong>Si t\u00eb p\u00ebrdoret<\/strong><\/p>\n<p>P\u00ebrdorimi i sugjeruar:<br \/>\n\u2022 Aplikoni direkt n\u00eb buz\u00eb si lip gloss p\u00ebr shk\u00eblqim pasqyr\u00eb.<br \/>\n\u2022 P\u00ebrdoreni si baz\u00eb p\u00ebr buz\u00ebkuq duke hequr tepric\u00ebn e produktit p\u00ebrpara aplikimit t\u00eb lipstick-ut, p\u00ebr buz\u00eb t\u00eb l\u00ebmuara dhe t\u00eb hidratuara.<\/p>\n<p>\u2e3b<\/p>\n<p><strong>Kujdes:<\/strong><\/p>\n<p>Vet\u00ebm p\u00ebr p\u00ebrdorim t\u00eb jasht\u00ebm n\u00eb buz\u00eb q\u00eb nuk jan\u00eb t\u00eb irrituara. Shmangni kontaktin me syt\u00eb. N\u00eb rast irritimi tjet\u00ebr p\u00ebrve\u00e7 ndjesis\u00eb s\u00eb pickimit ose nxeht\u00ebsis\u00eb s\u00eb leht\u00eb t\u00eb shkaktuar nga produkti, nd\u00ebrprisni p\u00ebrdorimin.<\/p>","protected":false},"excerpt":{"rendered":"<h3 class=\"css-181u9pf e15t7owz0\" data-comp=\"DisplayName BaseComponent \">DIOR<br \/>\n<strong><span class=\"css-wkag1e e15t7owz0\" data-at=\"product_name\" data-comp=\"BaseComponent \">Dior Addict Lip Maximizer Plumping Gloss<\/span><\/strong><\/h3>\n<p>Ikoniku Dior Addict Lip Maximizer, gloss-i plumping p\u00ebr buz\u00eb, vjen i rinovuar me nj\u00eb formul\u00eb t\u00eb re me 90% p\u00ebrb\u00ebr\u00ebs me origjin\u00eb natyrale, nj\u00eb dizajn t\u00eb ri t\u00eb paketimit dhe nuanca t\u00eb p\u00ebrdit\u00ebsuara.<\/p>","protected":false},"featured_media":6620,"comment_status":"open","ping_status":"closed","template":"","meta":[],"product_brand":[111],"product_cat":[103,157,96,179],"product_tag":[],"class_list":{"0":"post-6595","1":"product","2":"type-product","3":"status-publish","4":"has-post-thumbnail","6":"product_brand-dior","7":"product_cat-best-seller","8":"product_cat-lipstick","9":"product_cat-makeup","10":"product_cat-new-colletion","13":"outofstock","14":"shipping-taxable","15":"product-type-variable"},"_links":{"self":[{"href":"https:\/\/perleibeauty.com\/sq\/wp-json\/wp\/v2\/product\/6595","targetHints":{"allow":["GET"]}}],"collection":[{"href":"https:\/\/perleibeauty.com\/sq\/wp-json\/wp\/v2\/product"}],"about":[{"href":"https:\/\/perleibeauty.com\/sq\/wp-json\/wp\/v2\/types\/product"}],"replies":[{"embeddable":true,"href":"https:\/\/perleibeauty.com\/sq\/wp-json\/wp\/v2\/comments?post=6595"}],"version-history":[{"count":1,"href":"https:\/\/perleibeauty.com\/sq\/wp-json\/wp\/v2\/product\/6595\/revisions"}],"predecessor-version":[{"id":9936,"href":"https:\/\/perleibeauty.com\/sq\/wp-json\/wp\/v2\/product\/6595\/revisions\/9936"}],"wp:featuredmedia":[{"embeddable":true,"href":"https:\/\/perleibeauty.com\/sq\/wp-json\/wp\/v2\/media\/6620"}],"wp:attachment":[{"href":"https:\/\/perleibeauty.com\/sq\/wp-json\/wp\/v2\/media?parent=6595"}],"wp:term":[{"taxonomy":"product_brand","embeddable":true,"href":"https:\/\/perleibeauty.com\/sq\/wp-json\/wp\/v2\/product_brand?post=6595"},{"taxonomy":"product_cat","embeddable":true,"href":"https:\/\/perleibeauty.com\/sq\/wp-json\/wp\/v2\/product_cat?post=6595"},{"taxonomy":"product_tag","embeddable":true,"href":"https:\/\/perleibeauty.com\/sq\/wp-json\/wp\/v2\/product_tag?post=6595"}],"curies":[{"name":"wp","href":"https:\/\/api.w.org\/{rel}","templated":true}]}}