{"id":6571,"date":"2025-11-23T16:35:56","date_gmt":"2025-11-23T16:35:56","guid":{"rendered":"https:\/\/perleibeauty.com\/?post_type=product&#038;p=6571"},"modified":"2026-04-16T11:10:08","modified_gmt":"2026-04-16T11:10:08","slug":"yves-saint-laurent-all-hours-foundation","status":"publish","type":"product","link":"https:\/\/perleibeauty.com\/sq\/produkt\/yves-saint-laurent-all-hours-foundation\/","title":{"rendered":"YSL YVES SAINT LAURENT ALL HOURS FOUNDATION"},"content":{"rendered":"<div class=\"c-product-badge m-inline\" data-component=\"product\/ProductBadge\" data-component-force=\"\" data-component-options=\"{&quot;dataModelId&quot;:&quot;productbadge#categorybadges&quot;,&quot;isClientEnabled&quot;:false,&quot;productID&quot;:&quot;3614273593564&quot;,&quot;linksAnalytics&quot;:{&quot;category&quot;:&quot;product detail page&quot;,&quot;action&quot;:&quot;select&quot;,&quot;extraData&quot;:{&quot;event_name&quot;:&quot;badge_click&quot;}}}\" data-js-product-badge=\"\" data-component-id=\"r_uyrjewjmwq\">\n<h2><strong>Yves Saint Laurent &#8211; <\/strong><strong>ALL HOURS FOUNDATION<\/strong><\/h2>\n<p>All Hours Foundation ka nj\u00eb formul\u00eb t\u00eb leht\u00eb me 77% baz\u00eb kujdesi p\u00ebr l\u00ebkur\u00ebn dhe nivele t\u00eb larta t\u00eb pigmenteve ultra-intensiv\u00eb, duke ofruar nj\u00eb ndjesi pa pesh\u00eb dhe mbulim t\u00eb lart\u00eb q\u00eb zgjat 24 or\u00eb. Ai unifikon ngjyr\u00ebn e l\u00ebkur\u00ebs me nj\u00eb p\u00ebrfundim satin-mat, q\u00eb \u00ebsht\u00eb pothuajse i paduksh\u00ebm n\u00eb l\u00ebkur\u00eb.<\/p>\n<p>I formuluar me polimere t\u00eb q\u00ebndrueshm\u00ebris\u00eb s\u00eb gjat\u00eb, All Hours Foundation zbut pap\u00ebrsosm\u00ebrit\u00eb dhe kontrollon shk\u00eblqimin p\u00ebr 24 or\u00eb, edhe n\u00eb lag\u00ebshti ekstreme. Tekstura e tij plot\u00ebsisht e nd\u00ebrtueshme p\u00ebrzihet leht\u00ebsisht p\u00ebr nj\u00eb mbulim t\u00eb personalizuar.<\/p>\n<p>Ngjyra mbetet e gjall\u00eb nga m\u00ebngjesi deri n\u00eb mbr\u00ebmje, nd\u00ebrsa formula e pasur me Vitamin\u00eb E, ekstrakt Limette dhe petale jasemini e l\u00eb l\u00ebkur\u00ebn t\u00eb but\u00eb, t\u00eb hidratuar dhe t\u00eb mbushur.<\/p>\n<p>L\u00ebkura nuk ndihet kurr\u00eb e that\u00eb apo e r\u00ebnd\u00eb\/cakey.<\/p>\n<p>\u2e3b<\/p>\n<p><strong>SI T\u00cb P\u00cbRDORET<\/strong><br \/>\n\u2022 Aplikoni All Hours Foundation duke e shtrir\u00eb nga qendra e fytyr\u00ebs drejt jasht\u00eb p\u00ebr t\u00eb unifikuar ngjyr\u00ebn.<br \/>\n\u2022 P\u00ebrdorni l\u00ebvizje trokit\u00ebse p\u00ebr t\u00eb rritur mbulimin aty ku nevojitet.<br \/>\n\u2022 P\u00ebr nj\u00eb mbulim natyral mesatar, p\u00ebrdorni majat e gishtave me l\u00ebvizje rr\u00ebshqit\u00ebse dhe trokit\u00ebse.<br \/>\n\u2022 P\u00ebr mbulim mesatar deri n\u00eb t\u00eb lart\u00eb, p\u00ebrdorni nj\u00eb fur\u00e7\u00eb grimi duke e rr\u00ebshqitur mbi l\u00ebkur\u00eb.<br \/>\n\u2022 P\u00ebr nj\u00eb mbulim t\u00eb lart\u00eb dhe t\u00eb p\u00ebrsosur, p\u00ebrdorni SPONGE.<\/p>\n<p>\u2e3b<\/p>\n<p><strong>P\u00cbRB\u00cbR\u00cbSIT<\/strong><\/p>\n<p>(Lista e p\u00ebrb\u00ebr\u00ebsve lihet n\u00eb anglisht p\u00ebr sakt\u00ebsi, si\u00e7 b\u00ebhet zakonisht n\u00eb etiketat kozmetike)<\/p>\n<p>AQUA \/ WATER \/ EAU \u25cf DIMETHICONE \u25cf ISODODECANE \u25cf ALCOHOL DENAT. \u25cf ETHYLHEXYL METHOXYCINNAMATE \u25cf TRIMETHYLSILOXYSILICATE \u25cf BUTYLENE GLYCOL \u25cf TITANIUM DIOXIDE [NANO] \/ TITANIUM DIOXIDE \u25cf PEG-10 DIMETHICONE \u25cf SYNTHETIC FLUORPHLOGOPITE \u25cf PERLITE \u25cf NYLON-12 \u25cf ISOPROPYL LAUROYL SARCOSINATE \u25cf DIISOPROPYL SEBACATE \u25cf DISTEARDIMONIUM HECTORITE \u25cf HDI\/TRIMETHYLOL HEXYLLACTONE CROSSPOLYMER \u25cf BIS-PEG\/PPG-14\/14 DIMETHICONE \u25cf MAGNESIUM SULFATE \u25cf ALUMINUM HYDROXIDE \u25cf PHENOXYETHANOL \u25cf DISODIUM STEAROYL GLUTAMATE \u25cf HYDROGEN DIMETHICONE \u25cf DIPENTAERYTHRITYL TETRAHYDROXYSTEARATE\/TETRAISOSTEARATE \u25cf SILICA SILYLATE \u25cf GLYCERIN \u25cf TOCOPHEROL \u25cf CAPRYLIC\/CAPRIC TRIGLYCERIDE \u25cf SILICA \u25cf BHT \u25cf JASMINUM OFFICINALE FLOWER EXTRACT \/ JASMINE FLOWER EXTRACT \u25cf BENZYL ALCOHOL \u25cf SODIUM HYALURONATE \u25cf PHENETHYL ALCOHOL \u25cf LINALOOL \u25cf SODIUM CARRAGEENAN \u25cf CITRUS LIMON PEEL EXTRACT \/ LEMON PEEL EXTRACT \u25cf JANIA RUBENS EXTRACT \u25cf PARFUM \/ FRAGRANCE<\/p>\n<p>[+\/- MAY CONTAIN \/ PEUT CONTENIR: CI 77891 \/ TITANIUM DIOXIDE \u25cf CI 77491, CI 77492, CI 77499 \/ IRON OXIDES \u25cf]<\/p>\n<\/div>\n","protected":false},"excerpt":{"rendered":"<h2><strong>Yves Saint Laurent &#8211; <\/strong><strong>ALL HOURS FOUNDATION<\/strong><\/h2>\n<p>All Hours Foundation ka nj\u00eb formul\u00eb t\u00eb leht\u00eb me 77% baz\u00eb kujdesi p\u00ebr l\u00ebkur\u00ebn dhe nivele t\u00eb larta t\u00eb pigmenteve ultra-intensiv\u00eb, duke ofruar nj\u00eb ndjesi pa pesh\u00eb dhe mbulim t\u00eb lart\u00eb q\u00eb zgjat 24 or\u00eb. Ai unifikon ngjyr\u00ebn e l\u00ebkur\u00ebs me nj\u00eb p\u00ebrfundim satin-mat, q\u00eb \u00ebsht\u00eb pothuajse i paduksh\u00ebm n\u00eb l\u00ebkur\u00eb.<\/p>","protected":false},"featured_media":6854,"comment_status":"open","ping_status":"closed","template":"","meta":[],"product_brand":[123],"product_cat":[103,97,96,179],"product_tag":[],"class_list":{"0":"post-6571","1":"product","2":"type-product","3":"status-publish","4":"has-post-thumbnail","6":"product_brand-ysl","7":"product_cat-best-seller","8":"product_cat-foundations","9":"product_cat-makeup","10":"product_cat-new-colletion","13":"outofstock","14":"shipping-taxable","15":"purchasable","16":"product-type-variable"},"_links":{"self":[{"href":"https:\/\/perleibeauty.com\/sq\/wp-json\/wp\/v2\/product\/6571","targetHints":{"allow":["GET"]}}],"collection":[{"href":"https:\/\/perleibeauty.com\/sq\/wp-json\/wp\/v2\/product"}],"about":[{"href":"https:\/\/perleibeauty.com\/sq\/wp-json\/wp\/v2\/types\/product"}],"replies":[{"embeddable":true,"href":"https:\/\/perleibeauty.com\/sq\/wp-json\/wp\/v2\/comments?post=6571"}],"version-history":[{"count":1,"href":"https:\/\/perleibeauty.com\/sq\/wp-json\/wp\/v2\/product\/6571\/revisions"}],"predecessor-version":[{"id":10103,"href":"https:\/\/perleibeauty.com\/sq\/wp-json\/wp\/v2\/product\/6571\/revisions\/10103"}],"wp:featuredmedia":[{"embeddable":true,"href":"https:\/\/perleibeauty.com\/sq\/wp-json\/wp\/v2\/media\/6854"}],"wp:attachment":[{"href":"https:\/\/perleibeauty.com\/sq\/wp-json\/wp\/v2\/media?parent=6571"}],"wp:term":[{"taxonomy":"product_brand","embeddable":true,"href":"https:\/\/perleibeauty.com\/sq\/wp-json\/wp\/v2\/product_brand?post=6571"},{"taxonomy":"product_cat","embeddable":true,"href":"https:\/\/perleibeauty.com\/sq\/wp-json\/wp\/v2\/product_cat?post=6571"},{"taxonomy":"product_tag","embeddable":true,"href":"https:\/\/perleibeauty.com\/sq\/wp-json\/wp\/v2\/product_tag?post=6571"}],"curies":[{"name":"wp","href":"https:\/\/api.w.org\/{rel}","templated":true}]}}