{"id":6469,"date":"2025-11-22T20:14:04","date_gmt":"2025-11-22T20:14:04","guid":{"rendered":"https:\/\/perleibeauty.com\/?post_type=product&#038;p=6469"},"modified":"2026-04-15T13:38:57","modified_gmt":"2026-04-15T13:38:57","slug":"rare-beauty-by-selena-gomez-soft-pinch-matte-bouncy-blush","status":"publish","type":"product","link":"https:\/\/perleibeauty.com\/sq\/produkt\/rare-beauty-by-selena-gomez-soft-pinch-matte-bouncy-blush\/","title":{"rendered":"Rare Beauty by Selena Gomez  Soft Pinch Matte Bouncy Blush"},"content":{"rendered":"<blockquote>\n<p class=\"css-181u9pf e15t7owz0\" data-comp=\"DisplayName BaseComponent \"><strong>RARE BEAUTY BY SELENA GOMES\u00a0<\/strong><br \/>\n<strong><span class=\"css-wkag1e e15t7owz0\" data-at=\"product_name\" data-comp=\"BaseComponent \">Soft Pinch Matte Bouncy Blush<\/span><\/strong><\/p>\n<\/blockquote>\n<p>Nj\u00eb blush kremoz dhe i but\u00eb q\u00eb kthehet n\u00eb pud\u00ebr, i cili jep nj\u00eb ngjyr\u00eb perrallore n\u00eb faqe me nj\u00eb p\u00ebrfundim mat dhe me qendrueshmeri te gjat\u00eb.<\/p>\n<p>P\u00ebrb\u00ebr\u00ebs q\u00eb duhen theksuar: Pa parabene, formaldehid, agjent\u00eb q\u00eb lirojn\u00eb formaldehid, ftalate, vaj mineral, retinyl palmitate, oksibenzon, katran qymyri, hidrokinon, sulfate SLS &amp; SLES, triklokarban, triklosan dhe p\u00ebrmban m\u00eb pak se nj\u00eb p\u00ebr qind arom\u00eb sintetike. \u00cbsht\u00eb gjithashtu pa mizori (cruelty-free).<\/p>\n<p>T\u00eb tjera q\u00eb duhen ditur: Kjo formul\u00eb elastike dhe e nd\u00ebrtueshme ka nj\u00eb tekstur\u00eb si \u201cputty\u201d q\u00eb p\u00ebrzihet si krem dhe e zbut pamjen si pud\u00ebr. U jep faqeve nj\u00eb skuqje\u00a0 si re, me nj\u00eb p\u00ebrfundim mat dhe t\u00eb leht\u00eb q\u00eb nuk kthehet n\u00eb vija, nuk thekson struktur\u00ebn e l\u00ebkur\u00ebs dhe nuk e than at\u00eb. \u00cbsht\u00eb rezistent ndaj ujit, djers\u00ebs dhe lag\u00ebshtis\u00eb dhe nuk transferohet apo njolloset.<\/p>\n<p><strong>Rezultatet Klinike:<\/strong> N\u00eb nj\u00eb studim t\u00eb pavarur t\u00eb perceptimit t\u00eb konsumator\u00ebve me 55 persona:<br \/>\n\u2022 100% than\u00eb se p\u00ebrzihet pa mundim dhe nuk t\u00ebrhiqet gjat\u00eb aplikimit<br \/>\n\u2022 100% than\u00eb se menj\u00ebher\u00eb zbut pamjen e l\u00ebkur\u00ebs<br \/>\n\u2022 100% than\u00eb se nuk vendoset n\u00eb rrudha dhe nuk thekson struktur\u00ebn e l\u00ebkur\u00ebs<\/p>\n<p><em><strong>Ky produkt \u00ebsht\u00eb fitues i \u00e7mimit Allure Best of Beauty.<\/strong><\/em><\/p>\n<p>&nbsp;<\/p>\n<p><strong>P\u00ebrb\u00ebr\u00ebsit<\/strong><\/p>\n<p>Synthetic Fluorphlogopite, Hexyl Laurate, Dimethicone\/Vinyl Dimethicone Crosspolymer, Silica, Dimethicone, Polymethylsilsesquioxane, Diisostearyl Malate, Phenyl Trimethicone, Caprylic\/Capric Triglyceride, Dimethicone Crosspolymer, Triethoxycaprylylsilane, Methicone, 1,2-Hexanediol, Caprylyl Glycol, Aluminum Hydroxide, Carica Papaya (Papaja) Seed Oil, Punica Granatum Seed Oil, Rosa Rubiginosa Seed Oil, Water (Aqua\/Eau), Butylene Glycol, Glycerin, Theobroma Cacao (Kakao) Seed Extract, Red 30 Lake (CI 73360), Iron Oxides (CI 77491), Titanium Dioxide (CI 77891), Yellow 5 Lake (CI 19140).<\/p>\n<p>&nbsp;<\/p>\n<p><strong>Si t\u00eb p\u00ebrdoret<\/strong><\/p>\n<p>P\u00ebrdorimi i sugjeruar:<br \/>\n\u2022 P\u00ebrdorni majat e gishtave ose fur\u00e7\u00ebn Blush Brush p\u00ebr ta aplikuar direkt n\u00eb l\u00ebkur\u00eb. Nd\u00ebrtoni intensitetin sipas d\u00ebshir\u00ebs.<br \/>\n\u2022 P\u00ebr rezultate m\u00eb t\u00eb mira, aplikojeni mbi l\u00ebkur\u00eb t\u00eb p\u00ebrgatitur dhe t\u00eb hidratuar me hidratues.<\/p>","protected":false},"excerpt":{"rendered":"<p class=\"css-181u9pf e15t7owz0\" data-comp=\"DisplayName BaseComponent \"><strong>RARE BEAUTY BY SELENA GOMES\u00a0<\/strong><br \/>\n<strong><span class=\"css-wkag1e e15t7owz0\" data-at=\"product_name\" data-comp=\"BaseComponent \">Soft Pinch Matte Bouncy Blush<\/span><\/strong><\/p>\n<p>Nj\u00eb blush kremoz dhe i but\u00eb q\u00eb kthehet n\u00eb pud\u00ebr, i cili jep nj\u00eb ngjyr\u00eb perrallore n\u00eb faqe me nj\u00eb p\u00ebrfundim mat dhe me qendrueshmeri te gjat\u00eb.<\/p>\n<p><em><strong>Ky produkt \u00ebsht\u00eb fitues i \u00e7mimit Allure Best of Beauty.<\/strong><\/em><\/p>","protected":false},"featured_media":6490,"comment_status":"open","ping_status":"closed","template":"","meta":[],"product_brand":[155],"product_cat":[103,145,96,179],"product_tag":[],"class_list":{"0":"post-6469","1":"product","2":"type-product","3":"status-publish","4":"has-post-thumbnail","6":"product_brand-rare-beauty","7":"product_cat-best-seller","8":"product_cat-blush","9":"product_cat-makeup","10":"product_cat-new-colletion","13":"outofstock","14":"shipping-taxable","15":"product-type-variable"},"_links":{"self":[{"href":"https:\/\/perleibeauty.com\/sq\/wp-json\/wp\/v2\/product\/6469","targetHints":{"allow":["GET"]}}],"collection":[{"href":"https:\/\/perleibeauty.com\/sq\/wp-json\/wp\/v2\/product"}],"about":[{"href":"https:\/\/perleibeauty.com\/sq\/wp-json\/wp\/v2\/types\/product"}],"replies":[{"embeddable":true,"href":"https:\/\/perleibeauty.com\/sq\/wp-json\/wp\/v2\/comments?post=6469"}],"version-history":[{"count":2,"href":"https:\/\/perleibeauty.com\/sq\/wp-json\/wp\/v2\/product\/6469\/revisions"}],"predecessor-version":[{"id":9979,"href":"https:\/\/perleibeauty.com\/sq\/wp-json\/wp\/v2\/product\/6469\/revisions\/9979"}],"wp:featuredmedia":[{"embeddable":true,"href":"https:\/\/perleibeauty.com\/sq\/wp-json\/wp\/v2\/media\/6490"}],"wp:attachment":[{"href":"https:\/\/perleibeauty.com\/sq\/wp-json\/wp\/v2\/media?parent=6469"}],"wp:term":[{"taxonomy":"product_brand","embeddable":true,"href":"https:\/\/perleibeauty.com\/sq\/wp-json\/wp\/v2\/product_brand?post=6469"},{"taxonomy":"product_cat","embeddable":true,"href":"https:\/\/perleibeauty.com\/sq\/wp-json\/wp\/v2\/product_cat?post=6469"},{"taxonomy":"product_tag","embeddable":true,"href":"https:\/\/perleibeauty.com\/sq\/wp-json\/wp\/v2\/product_tag?post=6469"}],"curies":[{"name":"wp","href":"https:\/\/api.w.org\/{rel}","templated":true}]}}