{"id":6457,"date":"2025-11-22T18:35:06","date_gmt":"2025-11-22T18:35:06","guid":{"rendered":"https:\/\/perleibeauty.com\/?post_type=product&#038;p=6457"},"modified":"2026-04-15T13:38:57","modified_gmt":"2026-04-15T13:38:57","slug":"rare-beauty-by-selena-gomez-positive-light-liquid-luminizer-highlight","status":"publish","type":"product","link":"https:\/\/perleibeauty.com\/sq\/produkt\/rare-beauty-by-selena-gomez-positive-light-liquid-luminizer-highlight\/","title":{"rendered":"Rare Beauty by Selena Gomez  Positive Light Liquid Luminizer Highlight"},"content":{"rendered":"<p class=\"css-181u9pf e15t7owz0\" data-comp=\"DisplayName BaseComponent \"><strong>RARE BEAUTY<\/strong><br \/>\n<strong><span class=\"css-wkag1e e15t7owz0\" data-at=\"product_name\" data-comp=\"BaseComponent \">Positive Light Liquid Luminizer Highlight<\/span><\/strong><\/p>\n<p>Nj\u00eb highlighter i l\u00ebngsh\u00ebm, i lehte si m\u00ebndafshi, q\u00eb shkrihet me l\u00ebkur\u00ebn dhe krijon nj\u00eb p\u00ebrfundim t\u00eb but\u00eb, t\u00eb ndritsh\u00ebm dhe jet\u00ebgjat\u00eb.<\/p>\n<p><strong>P\u00ebrb\u00ebr\u00ebs q\u00eb duhen theksuar<\/strong>: Pa sulfate SLS dhe SLES, parabene, formaldehid, p\u00ebrb\u00ebr\u00ebs q\u00eb lirojn\u00eb formaldehid, ftalate, vaj mineral, retinyl palmitate, oksibenzon, katran qymyri, hidrokinon, triklosan dhe triklokarban, dhe p\u00ebrmban m\u00eb pak se nj\u00eb p\u00ebr qind arom\u00eb sintetike. Ky produkt \u00ebsht\u00eb gjithashtu vegan dhe cruelty-free.<\/p>\n<p><strong>T\u00eb tjera q\u00eb duhet t\u00eb dini:<\/strong> I pasuruar me grimca perlash q\u00eb reflektojn\u00eb drit\u00ebn dhe nj\u00eb p\u00ebrzierje botanike t\u00eb lotusit, gardhenias dhe zambakut t\u00eb ujit t\u00eb bardh\u00eb, ky formulim shum\u00ebdimensional i jep l\u00ebkur\u00ebs nj\u00eb shk\u00eblqim t\u00eb lag\u00ebsht brenda sekondave. P\u00ebrziejeni k\u00ebt\u00eb ndri\u00e7ues t\u00eb leht\u00eb me fondatin\u00eb ose vendoseni mbi pikat e larta t\u00eb fytyr\u00ebs p\u00ebr nj\u00eb ndri\u00e7im t\u00eb menj\u00ebhersh\u00ebm.<\/p>\n<p><strong>P\u00ebrb\u00ebr\u00ebsit<\/strong><\/p>\n<p>Isododecane, Mica, Hydrogenated Polyisobutene, Hydrogenated Olive Oil Unsaponifiables, Hydrogenated Styrene\/Isoprene Copolymer, Octyldodecanol, Dimethicone, Gardenia Florida Fruit Extract, Nelumbo Nucifera (Lotus i Shenjt\u00eb) Flower Extract, Nymphaea Odorata Root Extract, Polyhydroxystearic Acid, Caprylic\/Capric Triglyceride, Isostearic Acid, Helianthus Annuus (Luledielli) Seed Oil, Tin Oxide, Lecithin, Polyglyceryl-3 Polyricinoleate, Pentaerythrityl Tetra-di-t-butyl Hydroxyhydrocinnamate, [+\/- Mund t\u00eb p\u00ebrmbaj\u00eb: Titanium Dioxide (CI 77891), Iron Oxides (CI 77491, CI 77499)].<\/p>\n<p>\u2e3b<\/p>\n<p><strong>Si t\u00eb p\u00ebrdoret<\/strong><\/p>\n<p>P\u00ebrdorimi i sugjeruar:<br \/>\n\u2022 Duke p\u00ebrdorur aplikatorin me maj\u00eb si t\u00eb lepurit (doe-foot), vendosni nj\u00eb ose dy pika kudo q\u00eb d\u00ebshironi t\u00eb shtoni shk\u00eblqim:\u00a0 \u00a0 \u00a0 \u00a0 \u00a0 \u00a0 \u00a0 \u00a0 \u00a0 \u00a0 \u00a0 \u00a0 \u00a0 \u00a0 \u00a0 \u00a0 \u00a0 \u00a0 \u00a0 \u00a0 \u00a0 \u00a0 \u00a0 \u00a0 \u00a0 \u00a0 \u00a0 \u00a0 \u00a0 \u00a0 \u00a0 \u00a0 \u00a0 \u00a0 \u00a0 n\u00eb pikat e larta t\u00eb faqeve, kock\u00ebn e vetull\u00ebs ose ur\u00ebn e hund\u00ebs.<\/p>\n","protected":false},"excerpt":{"rendered":"<p class=\"css-181u9pf e15t7owz0\" data-comp=\"DisplayName BaseComponent \"><strong>RARE BEAUTY<\/strong><br \/>\n<strong><span class=\"css-wkag1e e15t7owz0\" data-at=\"product_name\" data-comp=\"BaseComponent \">Positive Light Liquid Luminizer Highlight<\/span><\/strong><\/p>\n<p>Nj\u00eb highlighter i l\u00ebngsh\u00ebm, i lehte si m\u00ebndafshi, q\u00eb shkrihet me l\u00ebkur\u00ebn dhe krijon nj\u00eb p\u00ebrfundim t\u00eb but\u00eb, t\u00eb ndritsh\u00ebm dhe jet\u00ebgjat\u00eb.<\/p>","protected":false},"featured_media":6462,"comment_status":"open","ping_status":"closed","template":"","meta":[],"product_brand":[155],"product_cat":[103,150,96],"product_tag":[],"class_list":{"0":"post-6457","1":"product","2":"type-product","3":"status-publish","4":"has-post-thumbnail","6":"product_brand-rare-beauty","7":"product_cat-best-seller","8":"product_cat-highlighter","9":"product_cat-makeup","12":"outofstock","13":"shipping-taxable","14":"product-type-variable"},"_links":{"self":[{"href":"https:\/\/perleibeauty.com\/sq\/wp-json\/wp\/v2\/product\/6457","targetHints":{"allow":["GET"]}}],"collection":[{"href":"https:\/\/perleibeauty.com\/sq\/wp-json\/wp\/v2\/product"}],"about":[{"href":"https:\/\/perleibeauty.com\/sq\/wp-json\/wp\/v2\/types\/product"}],"replies":[{"embeddable":true,"href":"https:\/\/perleibeauty.com\/sq\/wp-json\/wp\/v2\/comments?post=6457"}],"version-history":[{"count":1,"href":"https:\/\/perleibeauty.com\/sq\/wp-json\/wp\/v2\/product\/6457\/revisions"}],"predecessor-version":[{"id":9892,"href":"https:\/\/perleibeauty.com\/sq\/wp-json\/wp\/v2\/product\/6457\/revisions\/9892"}],"wp:featuredmedia":[{"embeddable":true,"href":"https:\/\/perleibeauty.com\/sq\/wp-json\/wp\/v2\/media\/6462"}],"wp:attachment":[{"href":"https:\/\/perleibeauty.com\/sq\/wp-json\/wp\/v2\/media?parent=6457"}],"wp:term":[{"taxonomy":"product_brand","embeddable":true,"href":"https:\/\/perleibeauty.com\/sq\/wp-json\/wp\/v2\/product_brand?post=6457"},{"taxonomy":"product_cat","embeddable":true,"href":"https:\/\/perleibeauty.com\/sq\/wp-json\/wp\/v2\/product_cat?post=6457"},{"taxonomy":"product_tag","embeddable":true,"href":"https:\/\/perleibeauty.com\/sq\/wp-json\/wp\/v2\/product_tag?post=6457"}],"curies":[{"name":"wp","href":"https:\/\/api.w.org\/{rel}","templated":true}]}}