{"id":6453,"date":"2025-11-22T17:55:40","date_gmt":"2025-11-22T17:55:40","guid":{"rendered":"https:\/\/perleibeauty.com\/?post_type=product&#038;p=6453"},"modified":"2026-04-15T13:38:58","modified_gmt":"2026-04-15T13:38:58","slug":"nars-light-reflecting-skin-improving-medium-coverage-foundation-with-cacao-peptides-8","status":"publish","type":"product","link":"https:\/\/perleibeauty.com\/sq\/produkt\/nars-light-reflecting-skin-improving-medium-coverage-foundation-with-cacao-peptides-8\/","title":{"rendered":"NARS  Light Reflecting Skin Improving Medium Coverage Foundation with Cacao Peptides"},"content":{"rendered":"<p><strong>NARS <\/strong><\/p>\n<p><strong>Light Reflecting Skin Improving Medium Coverage Foundation with Cacao Peptides<\/strong><\/p>\n<p>Nj\u00eb fondatin\u00eb e avancuar hibride \u2013 mes makeup-it dhe kujdesit t\u00eb l\u00ebkur\u00ebs \u2013 me p\u00ebrfundim natyral, me efektin si nje filter q\u00eb zbut, dhe p\u00ebrmir\u00ebson duksh\u00ebm qart\u00ebsin\u00eb e l\u00ebkur\u00ebs me kalimin e koh\u00ebs.<\/p>\n<p>Mbulimi: Mesatar<br \/>\nP\u00ebrfundimi: Natyral<br \/>\nFormulimi: L\u00ebngsh\u00ebm<\/p>\n<p><strong>P\u00ebrb\u00ebr\u00ebsit Kryesor\u00eb t\u00eb Theksuar:<\/strong><br \/>\n\u2022 Biomimetic Oat (T\u00ebrsh\u00ebra biomimetike): P\u00ebrmir\u00ebson duksh\u00ebm qart\u00ebsin\u00eb e l\u00ebkur\u00ebs duke reduktuar skuqjen.<br \/>\n\u2022 Japanese Lilyturf (Lilyturf japonez): Forcon barrier\u00ebn e l\u00ebkur\u00ebs duke ndihmuar n\u00eb ruajtjen e lag\u00ebshtis\u00eb.<br \/>\n\u2022 Peptide Kakaoje dhe Gjemba\u00e7 Qum\u00ebshti: Minimizojn\u00eb efektet negative t\u00eb drit\u00ebs blu dhe stresor\u00ebve mjedisor\u00eb.<\/p>\n<p><strong>P\u00ebrb\u00ebr\u00ebs t\u00eb P\u00ebrjashtuar:<\/strong><\/p>\n<p>Pa parabene, formaldehid, komponime \u00e7liruese t\u00eb formaldehidit, ftalate, vaj mineral, retinyl palmitate, oxybenzone, qymyr katran, hidroquinone, sulfate SLS &amp; SLES, triclocarban, triclosan, dhe p\u00ebrmban m\u00eb pak se 1% arom\u00eb sintetike.<br \/>\n\u00cbsht\u00eb gjithashtu vegan dhe vjen n\u00eb paketim t\u00eb ricikluesh\u00ebm.<\/p>\n<p><strong>P\u00ebrb\u00ebr\u00ebsit:<\/strong><\/p>\n<p>T\u00ebrsh\u00ebrat biomimetike, ekstrakt lilyturf japonez, peptide kakaoje, gjemba\u00e7 qum\u00ebshti, uj\u00eb, alkane, butylene glycol, tridecane, glycerin, dyll sintetik, ekstrakte bimore, vitamina E, acide, konservues dhe pigmente minerale (oksidet e hekurit, titanium dioxide, mica).<\/p>\n<p>\u2e3b<\/p>\n<p><strong>\u00c7far\u00eb Duhet t\u00eb Dini:<\/strong><\/p>\n<p>Kjo fondatin\u00eb e ajrosshme, me mbulim mesatar dhe t\u00eb shtresuesh\u00ebm, fsheh shpejt skuqjen, njollat dhe pikat e err\u00ebta, nd\u00ebrsa zbut pamjen e rrudhave, poreve dhe tekstur\u00ebs.<br \/>\nP\u00ebrmban 70% p\u00ebrb\u00ebr\u00ebs p\u00ebr kujdesin e l\u00ebkur\u00ebs p\u00ebr qart\u00ebsi t\u00eb p\u00ebrmir\u00ebsuar dhe Light Reflecting Complex p\u00ebr ndri\u00e7im t\u00eb shtuar.<br \/>\nFormul\u00eb me q\u00ebndrueshm\u00ebri deri n\u00eb gjith\u00eb dit\u00ebn, e p\u00ebrshtatshme p\u00ebr shumic\u00ebn e llojeve t\u00eb l\u00ebkur\u00ebs, p\u00ebrfshir\u00eb at\u00eb t\u00eb ndjeshmen.<\/p>\n<p><em><strong>Ky produkt \u00ebsht\u00eb fitues i \u00e7mimit Allure Best of Beauty.<\/strong><\/em><\/p>\n<p>\u2e3b<\/p>\n<p><strong>Rezultatet Klinike:<\/strong><\/p>\n<p>N\u00eb nj\u00eb studim klinik me 31 gra, menj\u00ebher\u00eb pas aplikimit:<br \/>\n\u2022 Tregoi nj\u00eb ton l\u00ebkure m\u00eb t\u00eb nj\u00ebtrajtsh\u00ebm me +93%.<\/p>\n<p>N\u00eb nj\u00eb studim 6-javor me 31 gra:<br \/>\n\u2022 P\u00ebrmir\u00ebsoi dukshm\u00ebrin\u00eb e qart\u00ebsis\u00eb s\u00eb l\u00ebkur\u00ebs me kalimin e koh\u00ebs, edhe pasi makijazhi hiqej.<\/p>\n<p><strong>(Produkt fitues i \u00e7mimit Allure Best of Beauty.)<\/strong><\/p>\n<p>\u2e3b<\/p>\n<p><strong>Si t\u00eb P\u00ebrdoret:<\/strong><br \/>\n\u2022 P\u00ebrgatitni l\u00ebkur\u00ebn me Radiance Primer.<br \/>\n\u2022 Hiqni kapakun drejt lart (mos e rrotulloni) p\u00ebr t\u00eb zbuluar pomp\u00ebn.<br \/>\n\u2022 Dispenson 1\u20132 pompa t\u00eb Light Reflecting Foundation dhe ngrohni formul\u00ebn me majat e gishtave.<br \/>\n\u2022 Aplikojeni nga qendra e fytyr\u00ebs dhe p\u00ebrhapeni drejt jasht\u00eb. Punoni n\u00eb nj\u00eb zon\u00eb nj\u00ebher\u00ebsh dhe p\u00ebrzieni mir\u00eb.<br \/>\n\u2022 Fiksoni me Light Reflecting Setting Powder p\u00ebr q\u00ebndrueshm\u00ebri 16-or\u00ebshe dhe dimension shtes\u00eb.<\/p>\n<p>\u2e3b<\/p>\n<p>Madh\u00ebsia: 1 oz \/ 30 mL<\/p>","protected":false},"excerpt":{"rendered":"<p><strong>NARS <\/strong><\/p>\n<p><strong>Light Reflecting Skin Improving Medium Coverage Foundation with Cacao Peptides<\/strong><\/p>\n<p>Nj\u00eb fondatin\u00eb e avancuar hibride \u2013 mes makeup-it dhe kujdesit t\u00eb l\u00ebkur\u00ebs \u2013 me p\u00ebrfundim natyral, me efektin si nje filter q\u00eb zbut, dhe p\u00ebrmir\u00ebson duksh\u00ebm qart\u00ebsin\u00eb e l\u00ebkur\u00ebs me kalimin e koh\u00ebs.<\/p>\n<p>Mbulimi: Mesatar<br \/>\nP\u00ebrfundimi: Natyral<br \/>\nFormulimi: L\u00ebngsh\u00ebm<\/p>","protected":false},"featured_media":6434,"comment_status":"open","ping_status":"closed","template":"","meta":[],"product_brand":[114],"product_cat":[103,171,97,96,166],"product_tag":[],"class_list":{"0":"post-6453","1":"product","2":"type-product","3":"status-publish","4":"has-post-thumbnail","6":"product_brand-nars","7":"product_cat-best-seller","8":"product_cat-featured","9":"product_cat-foundations","10":"product_cat-makeup","11":"product_cat-sale","14":"outofstock","15":"shipping-taxable","16":"product-type-variable"},"_links":{"self":[{"href":"https:\/\/perleibeauty.com\/sq\/wp-json\/wp\/v2\/product\/6453","targetHints":{"allow":["GET"]}}],"collection":[{"href":"https:\/\/perleibeauty.com\/sq\/wp-json\/wp\/v2\/product"}],"about":[{"href":"https:\/\/perleibeauty.com\/sq\/wp-json\/wp\/v2\/types\/product"}],"replies":[{"embeddable":true,"href":"https:\/\/perleibeauty.com\/sq\/wp-json\/wp\/v2\/comments?post=6453"}],"version-history":[{"count":1,"href":"https:\/\/perleibeauty.com\/sq\/wp-json\/wp\/v2\/product\/6453\/revisions"}],"predecessor-version":[{"id":9903,"href":"https:\/\/perleibeauty.com\/sq\/wp-json\/wp\/v2\/product\/6453\/revisions\/9903"}],"wp:featuredmedia":[{"embeddable":true,"href":"https:\/\/perleibeauty.com\/sq\/wp-json\/wp\/v2\/media\/6434"}],"wp:attachment":[{"href":"https:\/\/perleibeauty.com\/sq\/wp-json\/wp\/v2\/media?parent=6453"}],"wp:term":[{"taxonomy":"product_brand","embeddable":true,"href":"https:\/\/perleibeauty.com\/sq\/wp-json\/wp\/v2\/product_brand?post=6453"},{"taxonomy":"product_cat","embeddable":true,"href":"https:\/\/perleibeauty.com\/sq\/wp-json\/wp\/v2\/product_cat?post=6453"},{"taxonomy":"product_tag","embeddable":true,"href":"https:\/\/perleibeauty.com\/sq\/wp-json\/wp\/v2\/product_tag?post=6453"}],"curies":[{"name":"wp","href":"https:\/\/api.w.org\/{rel}","templated":true}]}}