{"id":6392,"date":"2025-11-22T16:46:02","date_gmt":"2025-11-22T16:46:02","guid":{"rendered":"https:\/\/perleibeauty.com\/?post_type=product&#038;p=6392"},"modified":"2026-04-15T13:38:58","modified_gmt":"2026-04-15T13:38:58","slug":"huda-beauty-icy-nude-eyeshadow-palette","status":"publish","type":"product","link":"https:\/\/perleibeauty.com\/sq\/produkt\/huda-beauty-icy-nude-eyeshadow-palette\/","title":{"rendered":"HUDA BEAUTY &#8211; ICY NUDE EYESHADOW PALETTE"},"content":{"rendered":"<p><strong>HUDA BEAUTY <\/strong><br \/>\n<strong>Icy Nude Eyeshadow Palette<\/strong><\/p>\n<p><em>LIMITED EDITION<\/em><\/p>\n<p>Nj\u00eb palet\u00eb p\u00ebr sy me 18 nuanca t\u00eb hijesh ultra-pigmentuar dhe tekstura inovative p\u00ebr pamje t\u00eb guximshme dhe plot vet\u00ebbesim.<\/p>\n<p>P\u00ebrb\u00ebr\u00ebs q\u00eb duhen theksuar: Produktet jan\u00eb cruelty-free.<\/p>\n<p>T\u00eb tjera q\u00eb duhet t\u00eb dini: B\u00ebhuni nj\u00eb \u201cicy baddie\u201d dhe ndiqni trendin e syve me efekt t\u00eb akullt me palet\u00ebn HUDA BEAUTY Icy Nude Eyeshadow Palette. Koleksioni Icy Nude \u00ebsht\u00eb nj\u00eb energji e ftoht\u00eb dhe pa kompromis q\u00eb fsheh vet\u00ebbesim t\u00eb zjarrt\u00eb brenda. Paleta p\u00ebrfshin:<br \/>\n\u2022 1 Duochrome Metallic \u2013 formul\u00eb e shk\u00eblqyeshme p\u00ebr nj\u00eb efekt multi-kromatik super t\u00eb ndritsh\u00ebm<br \/>\n\u2022 1 Biodegradable Glitter \u2013 glitter me baz\u00eb bimore p\u00ebr shk\u00eblqim t\u00eb menj\u00ebhersh\u00ebm<br \/>\n\u2022 2 Trio Chrome \u2013 me grimca t\u00eb grimcuara luksoze p\u00ebr nj\u00eb shk\u00eblqim intensiv<br \/>\n\u2022 3 Foil Shimmers \u2013 t\u00eb p\u00ebrziera but\u00eb me perla t\u00eb im\u00ebta p\u00ebr efekt metalik \u201cfoil\u201d<br \/>\n\u2022 11 Velvety Mattes \u2013 shum\u00eb pigmentuar dhe jasht\u00ebzakonisht t\u00eb buta p\u00ebr nj\u00eb p\u00ebrfundim t\u00eb kadift\u00eb dhe t\u00eb nj\u00ebtrajtsh\u00ebm<\/p>\n<p>\u2e3b<\/p>\n<p>Kjo Palet\u00eb P\u00ebrmban (18 x 0.56 oz \/ 16.1 g):<\/p>\n<p>Iced Out (metalik duo chrome i bardh\u00eb),<br \/>\nHigh Life (mat vjollc\u00eb e but\u00eb),<br \/>\nFaux Fur (kafe \u00e7okollat\u00eb mat),<br \/>\nPoised (roz\u00eb-gri mat),<br \/>\nCold Plunge (nude neutral mat),<br \/>\nOneself (gri e hapur mat),<br \/>\nFirst Class (pjeshk\u00eb mat),<br \/>\nPlatinum (metalik argjendi),<br \/>\nUnapologetic (burgundy mat),<br \/>\nIDGAF (roz\u00eb mat),<br \/>\nGold Standards (metalik bronzi),<br \/>\nAvalanche (e bardh\u00eb mat),<br \/>\nAurora (metalik roz\u00eb e thell\u00eb),<br \/>\nVVS (trio chrome roz\u00eb me shk\u00eblqim),<br \/>\nShe Riiich (kafe e err\u00ebt mat),<br \/>\nBling (bio glitter argjendi),<br \/>\nDiamond Dew (trio chrome argjendi me shk\u00eblqim),<br \/>\nLavish (roz\u00eb pluhurosur mat).<\/p>\n<p>\u2e3b<\/p>\n<p><strong>P\u00ebrb\u00ebr\u00ebsit<\/strong><\/p>\n<p>(I p\u00ebrkthej vet\u00ebm titujt e seksioneve, pasi listat kimike mbeten t\u00eb nj\u00ebjta n\u00eb anglisht p\u00ebr sakt\u00ebsi)<\/p>\n<p>Iced Out:<br \/>\n(Formula e dh\u00ebn\u00eb \u2013 mbetet e pandryshuar)<\/p>\n<p>High Life, Faux Fur, Poised, Cold Plunge, Oneself, First Class:<br \/>\n(Formula e dh\u00ebn\u00eb \u2013 mbetet e pandryshuar)<\/p>\n<p>Platinum:<br \/>\n(Formula e dh\u00ebn\u00eb \u2013 mbetet e pandryshuar)<\/p>\n<p>Unapologetic dhe IDGAF:<br \/>\n(Formula e dh\u00ebn\u00eb \u2013 mbetet e pandryshuar)<\/p>\n<p>Gold Standards:<br \/>\n(Formula e dh\u00ebn\u00eb \u2013 mbetet e pandryshuar)<\/p>\n<p>Avalanche:<br \/>\n(Formula e dh\u00ebn\u00eb \u2013 mbetet e pandryshuar)<\/p>\n<p>Aurora:<br \/>\n(Formula e dh\u00ebn\u00eb \u2013 mbetet e pandryshuar)<\/p>\n<p>VVS:<br \/>\n(Formula e dh\u00ebn\u00eb \u2013 mbetet e pandryshuar)<\/p>\n<p>She Riiich:<br \/>\n(Formula e dh\u00ebn\u00eb \u2013 mbetet e pandryshuar)<\/p>\n<p>Bling:<br \/>\n(Formula e dh\u00ebn\u00eb \u2013 mbetet e pandryshuar)<\/p>\n<p>Diamond Dew:<br \/>\n(Formula e dh\u00ebn\u00eb \u2013 mbetet e pandryshuar)<\/p>\n<p>Lavish:<br \/>\n(Formula e dh\u00ebn\u00eb \u2013 mbetet e pandryshuar)<\/p>\n<p>\u2e3b<\/p>\n<p><strong>Si t\u00eb P\u00ebrdoret<\/strong><\/p>\n<p>P\u00ebrdorimi i sugjeruar:<br \/>\n\u2022 Merrni nuancat metalike me nj\u00eb fur\u00e7\u00eb t\u00eb shesht\u00eb dhe t\u00eb dendur p\u00ebr nj\u00eb p\u00ebrfundim m\u00eb t\u00eb but\u00eb.<br \/>\n\u2022 P\u00ebr mbulim m\u00eb t\u00eb plot\u00eb dhe efekt metalik \u201cfoil\u201d, p\u00ebrdorni gishtat ose nj\u00eb aplikator sfungjeri.<br \/>\n\u2022 Mos hezitoni t\u00eb kombinoni argjendin e ftoht\u00eb me ngjyrat burgundy t\u00eb ftohta.<br \/>\n\u2022 P\u00ebr nj\u00eb pamje t\u00eb leht\u00eb dhe me shk\u00eblqim \u201cicy\u201d, aplikoni nuanc\u00ebn Iced Out (Duochrome) direkt mbi qepall\u00eb duke p\u00ebrdorur gishtin ose nj\u00eb fur\u00e7\u00eb t\u00eb shesht\u00eb.<br \/>\n\u2022 Shtoni pak glitter bio duke p\u00ebrdorur nuanc\u00ebn Bling.<br \/>\n\u2022 Zbuloni dy Icy Nude Blush Filters t\u00eb HUDA BEAUTY n\u00eb nuanca kremi n\u00eb stil \u201cbronzer\u201d p\u00ebr t\u00eb form\u00ebsuar dhe theksuar pamjen tuaj icy (shiten ve\u00e7mas).<br \/>\n\u2022 Gloss-et Icy Nude Faux Filler Lip Glosses nga HUDA BEAUTY japin buz\u00eb super t\u00eb shk\u00eblqyeshme dhe me shimmer<\/p>","protected":false},"excerpt":{"rendered":"<p><strong>HUDA BEAUTY <\/strong><br \/>\n<strong>Icy Nude Eyeshadow Palette<\/strong><\/p>\n<p><em>LIMITED EDITION<\/em><\/p>\n<p>Nj\u00eb palet\u00eb p\u00ebr sy me 18 nuanca t\u00eb hijesh ultra-pigmentuar dhe tekstura inovative p\u00ebr pamje t\u00eb guximshme dhe plot vet\u00ebbesim.<\/p>\n<p>P\u00ebrb\u00ebr\u00ebs q\u00eb duhen theksuar: Produktet jan\u00eb cruelty-free.<\/p>","protected":false},"featured_media":6416,"comment_status":"open","ping_status":"closed","template":"","meta":[],"product_brand":[107],"product_cat":[103,149,96],"product_tag":[],"class_list":{"0":"post-6392","1":"product","2":"type-product","3":"status-publish","4":"has-post-thumbnail","6":"product_brand-huda-beauty","7":"product_cat-best-seller","8":"product_cat-eyeshadow-p","9":"product_cat-makeup","12":"outofstock","13":"sale","14":"shipping-taxable","15":"purchasable","16":"product-type-simple"},"_links":{"self":[{"href":"https:\/\/perleibeauty.com\/sq\/wp-json\/wp\/v2\/product\/6392","targetHints":{"allow":["GET"]}}],"collection":[{"href":"https:\/\/perleibeauty.com\/sq\/wp-json\/wp\/v2\/product"}],"about":[{"href":"https:\/\/perleibeauty.com\/sq\/wp-json\/wp\/v2\/types\/product"}],"replies":[{"embeddable":true,"href":"https:\/\/perleibeauty.com\/sq\/wp-json\/wp\/v2\/comments?post=6392"}],"version-history":[{"count":1,"href":"https:\/\/perleibeauty.com\/sq\/wp-json\/wp\/v2\/product\/6392\/revisions"}],"predecessor-version":[{"id":10149,"href":"https:\/\/perleibeauty.com\/sq\/wp-json\/wp\/v2\/product\/6392\/revisions\/10149"}],"wp:featuredmedia":[{"embeddable":true,"href":"https:\/\/perleibeauty.com\/sq\/wp-json\/wp\/v2\/media\/6416"}],"wp:attachment":[{"href":"https:\/\/perleibeauty.com\/sq\/wp-json\/wp\/v2\/media?parent=6392"}],"wp:term":[{"taxonomy":"product_brand","embeddable":true,"href":"https:\/\/perleibeauty.com\/sq\/wp-json\/wp\/v2\/product_brand?post=6392"},{"taxonomy":"product_cat","embeddable":true,"href":"https:\/\/perleibeauty.com\/sq\/wp-json\/wp\/v2\/product_cat?post=6392"},{"taxonomy":"product_tag","embeddable":true,"href":"https:\/\/perleibeauty.com\/sq\/wp-json\/wp\/v2\/product_tag?post=6392"}],"curies":[{"name":"wp","href":"https:\/\/api.w.org\/{rel}","templated":true}]}}