{"id":6373,"date":"2025-11-22T16:37:11","date_gmt":"2025-11-22T16:37:11","guid":{"rendered":"https:\/\/perleibeauty.com\/?post_type=product&#038;p=6373"},"modified":"2026-04-15T13:38:58","modified_gmt":"2026-04-15T13:38:58","slug":"huda-beauty-easy-bake-blurring-loose-baking-setting-powder","status":"publish","type":"product","link":"https:\/\/perleibeauty.com\/sq\/produkt\/huda-beauty-easy-bake-blurring-loose-baking-setting-powder\/","title":{"rendered":"HUDA BEAUTY EASY BAKE BLURRING LOOSE BAKING &#038; SETTING POWDER"},"content":{"rendered":"<p><strong>HUDA BEAUTY<\/strong><br \/>\n<strong>Easy Bake Blurring Loose Baking &amp; Setting Powder<\/strong><\/p>\n<p>Madh\u00ebsia: 0.71 oz \/ 20 g<\/p>\n<p>Nj\u00eb pud\u00ebr fiksuese e leht\u00eb me pigment t\u00eb but\u00eb, ultra-ndri\u00e7uese, q\u00eb sh\u00ebrben p\u00ebr \u201cbaking\u201d dhe fiksim, zbut vijat e holla dhe poret, dhe mban makijazhin t\u00eb fiksuar p\u00ebr 18 or\u00eb pa krijuar ate\u00a0 efektin &#8220;cakey&#8221;.<\/p>\n<p>P\u00ebrb\u00ebr\u00ebsit Kryesor\u00eb:<br \/>\n\u2022 Vitamina E: Hidraton dhe forcon barrier\u00ebn e l\u00ebkur\u00ebs p\u00ebr nj\u00eb aplikim t\u00eb but\u00eb.<br \/>\n\u2022 Niseshte orizi: Thith yndyr\u00ebn e tep\u00ebrt.<br \/>\n\u2022 Pluhur i mikronizuar: Lejon aplikimin ne disa shtresa pa krijuar efektin e \u201ccakey\u201d.<\/p>\n<p><strong>P\u00ebrjashtime n\u00eb formul\u00eb:<\/strong><\/p>\n<p>Ky produkt \u00ebsht\u00eb formuluar pa parabene dhe \u00ebsht\u00eb cruelty-free (nuk testohet te kafsh\u00ebt).<\/p>\n<p><strong>\u00c7far\u00eb Duhet t\u00eb Dini?<\/strong><\/p>\n<p>Formula me q\u00ebndrueshm\u00ebri t\u00eb gjat\u00eb, jo-komedogjene dhe pa \u201cflashback\u201d p\u00ebrzihet n\u00eb m\u00ebnyr\u00eb perfekte me l\u00ebkur\u00ebn, me nj\u00eb p\u00ebrfundim mat q\u00eb kontrollon shk\u00eblqimin dhe mban make-up-in n\u00eb vend gjat\u00eb gjith\u00eb dit\u00ebs. Pudra e pasuruar me vitamin\u00eb E ndihmon n\u00eb korrigjimin e leht\u00eb t\u00eb ngjyr\u00ebs, ndri\u00e7on dhe thekson konturet e fytyr\u00ebs, duke l\u00ebn\u00eb nj\u00eb shtres\u00eb t\u00eb tejdukshme ngjyre n\u00eb l\u00ebkur\u00eb.<\/p>\n<p><strong>Rezultatet Klinike:<\/strong><\/p>\n<p>Bazuar n\u00eb nj\u00eb studim t\u00eb pavarur me 20 persona t\u00eb llojeve dhe toneve t\u00eb ndryshme t\u00eb l\u00ebkur\u00ebs:<br \/>\n\u2022 100% ran\u00eb dakord se produkti zbut vijat e holla dhe poret.<\/p>\n<p>Bazuar n\u00eb nj\u00eb studim t\u00eb pavarur me 60 persona t\u00eb llojeve dhe toneve t\u00eb ndryshme t\u00eb l\u00ebkur\u00ebs:<br \/>\n\u2022 96% ran\u00eb dakord se l\u00ebkura dukej si nje filter.<\/p>\n<p><strong>P\u00ebrb\u00ebr\u00ebsit:<\/strong><\/p>\n<p>Vitamina E, niseshte orizi, pluhur mikronizuar, Talc, Synthetic Fluorphlogopite, Silica, Dimethicone, Nylon-12, Caprylyl Glycol, Pentylene Glycol, Oryza Sativa Starch, Phenyl Trimethicone, Sodium Dehydroacetate, Octyldodecyl Stearoyl Stearate, Diisostearyl Malate, Fragrance, Tocopheryl Acetate, Benzyl Salicylate, Sorbitan Sesquioleate, Hexyl Cinnamal, Linalool, Coumarin, Hydroxycitronellal, Benzyl Benzoate, Pigmente t\u00eb oksideve t\u00eb hekurit dhe ultramarines.<\/p>\n<p>\u2e3b<\/p>\n<p><strong>Si t\u00eb P\u00ebrdoret?<\/strong><\/p>\n<p>BAKE:<br \/>\nPas aplikimit t\u00eb #FauxFilter Concealer, vendosni nj\u00eb shtres\u00eb t\u00eb bollshme pudre n\u00ebn sy, n\u00eb zon\u00ebn T, tek vijat e t\u00eb qeshur\u00ebs, k\u00ebndet e jashtme t\u00eb goj\u00ebs dhe n\u00eb mjek\u00ebr. L\u00ebreni pudr\u00ebn t\u00eb q\u00ebndroj\u00eb 3\u20135 minuta p\u00ebrpara se t\u00eb hiqni tepric\u00ebn.<\/p>\n<p>SET (fiksim):<br \/>\nPas aplikimit t\u00eb #FauxFilter Concealer, pudr\u00ebn shp\u00ebrndajeni leht\u00eb n\u00eb t\u00eb gjith\u00eb fytyr\u00ebn, duke u fokusuar m\u00eb shum\u00eb n\u00ebn sy dhe n\u00eb zonat e yndyrshme si zona T.<\/p>\n<p>RIFRESKO:<br \/>\nP\u00ebrdoreni gjat\u00eb dit\u00ebs p\u00ebr t\u00eb kontrolluar shk\u00eblqimin pa krijuar efekt t\u00eb r\u00ebnduar. Provoni edhe \u201cBaby Bakes\u201d p\u00ebr rregullime n\u00eb l\u00ebvizje!<\/p>\n<p>Huda\u2019s Hack:<br \/>\nP\u00ebrdorni nj\u00eb nuanc\u00eb m\u00eb t\u00eb \u00e7el\u00ebt t\u00eb Easy Bake p\u00ebr t\u00eb ndri\u00e7uar zon\u00ebn posht\u00eb syve dhe pikat e larta t\u00eb fytyr\u00ebs. Nuanca \u2018Sugar Cookie\u2019 \u00ebsht\u00eb pudra jon\u00eb transparente p\u00ebr ata q\u00eb k\u00ebrkojn\u00eb nj\u00eb ngjyr\u00eb universale.<\/p>\n<p>Ngjyra: Pound Cake \u2013 p\u00ebr toni l\u00ebkure t\u00eb hapur, t\u00eb mes\u00ebm dhe t\u00eb nxir\u00eb. Tonet e arta ndri\u00e7ojn\u00eb dhe fshehin err\u00ebsir\u00ebn n\u00ebn sy.<\/p>\n<p>Madh\u00ebsia: 0.71 oz \/ 20 g<\/p>","protected":false},"excerpt":{"rendered":"<p><strong>HUDA BEAUTY<\/strong><br \/>\n<strong>Easy Bake Blurring Loose Baking &amp; Setting Powder<\/strong><\/p>\n<p>Madh\u00ebsia: 0.71 oz \/ 20 g<\/p>\n<p>Nj\u00eb pud\u00ebr fiksuese e leht\u00eb me pigment t\u00eb but\u00eb, ultra-ndri\u00e7uese, q\u00eb sh\u00ebrben p\u00ebr \u201cbaking\u201d dhe fiksim, zbut vijat e holla dhe poret, dhe mban makijazhin t\u00eb fiksuar p\u00ebr 18 or\u00eb pa krijuar ate\u00a0 efektin &#8220;cakey&#8221;.<\/p>","protected":false},"featured_media":6374,"comment_status":"open","ping_status":"closed","template":"","meta":[],"product_brand":[107],"product_cat":[103,96,147],"product_tag":[],"class_list":{"0":"post-6373","1":"product","2":"type-product","3":"status-publish","4":"has-post-thumbnail","6":"product_brand-huda-beauty","7":"product_cat-best-seller","8":"product_cat-makeup","9":"product_cat-setting-spray","12":"outofstock","13":"shipping-taxable","14":"product-type-variable"},"_links":{"self":[{"href":"https:\/\/perleibeauty.com\/sq\/wp-json\/wp\/v2\/product\/6373","targetHints":{"allow":["GET"]}}],"collection":[{"href":"https:\/\/perleibeauty.com\/sq\/wp-json\/wp\/v2\/product"}],"about":[{"href":"https:\/\/perleibeauty.com\/sq\/wp-json\/wp\/v2\/types\/product"}],"replies":[{"embeddable":true,"href":"https:\/\/perleibeauty.com\/sq\/wp-json\/wp\/v2\/comments?post=6373"}],"version-history":[{"count":1,"href":"https:\/\/perleibeauty.com\/sq\/wp-json\/wp\/v2\/product\/6373\/revisions"}],"predecessor-version":[{"id":10526,"href":"https:\/\/perleibeauty.com\/sq\/wp-json\/wp\/v2\/product\/6373\/revisions\/10526"}],"wp:featuredmedia":[{"embeddable":true,"href":"https:\/\/perleibeauty.com\/sq\/wp-json\/wp\/v2\/media\/6374"}],"wp:attachment":[{"href":"https:\/\/perleibeauty.com\/sq\/wp-json\/wp\/v2\/media?parent=6373"}],"wp:term":[{"taxonomy":"product_brand","embeddable":true,"href":"https:\/\/perleibeauty.com\/sq\/wp-json\/wp\/v2\/product_brand?post=6373"},{"taxonomy":"product_cat","embeddable":true,"href":"https:\/\/perleibeauty.com\/sq\/wp-json\/wp\/v2\/product_cat?post=6373"},{"taxonomy":"product_tag","embeddable":true,"href":"https:\/\/perleibeauty.com\/sq\/wp-json\/wp\/v2\/product_tag?post=6373"}],"curies":[{"name":"wp","href":"https:\/\/api.w.org\/{rel}","templated":true}]}}