{"id":6356,"date":"2025-11-21T14:49:47","date_gmt":"2025-11-21T14:49:47","guid":{"rendered":"https:\/\/perleibeauty.com\/?post_type=product&#038;p=6356"},"modified":"2026-04-15T13:38:58","modified_gmt":"2026-04-15T13:38:58","slug":"too-faced-better-than-sex-volumizing-lengthening-mascara","status":"publish","type":"product","link":"https:\/\/perleibeauty.com\/sq\/produkt\/too-faced-better-than-sex-volumizing-lengthening-mascara\/","title":{"rendered":"TOO FACED BETTER THAN SEX VOLUMIZING &#038; LENGTHENING MASCARA"},"content":{"rendered":"<p>T<strong>OO FACED<\/strong><\/p>\n<p><em><strong>Better Than Sex Volumizing &amp; Lengthening Mascara<\/strong><\/em><\/p>\n<p>Color: Black<br \/>\nSize Mini Size Black &#8211; 0.17 oz<br \/>\nMini size\/ travel size<\/p>\n<p>Nj\u00eb rimel kondicionuese me formul\u00eb q\u00eb trash, zgjat dhe mban curl-in e qerpik\u00ebve p\u00ebr nj\u00eb pamje dramatike me volum ekstrem.<\/p>\n<p>Lloji i Formulimit: Volumizues, Zgjat\u00ebs<\/p>\n<p><strong>P\u00ebrb\u00ebr\u00ebsit Kryesor\u00eb:<\/strong><br \/>\n\u2022 Polimere q\u00eb Formojn\u00eb Filmin: Mbajn\u00eb curl-in n\u00eb vend.<br \/>\n\u2022 Peptide: Kondicionojn\u00eb qerpik\u00ebt.<\/p>\n<p><strong>Theksimet e P\u00ebrb\u00ebr\u00ebsve: <\/strong>Pa parabene. Gjithashtu nuk testuar n\u00eb kafsh\u00eb (cruelty-free).<\/p>\n<p>Gjithashtu Duhet t\u00eb Dini: Kjo maskar\u00eb ka nj\u00eb fur\u00e7\u00eb q\u00eb ndan, mbulon dhe mban curl-in p\u00ebr p\u00ebrsosm\u00ebri voluminoze.\u00a0 \u00a0 \u00a0 \u00a0 \u00a0 \u00a0 \u00a0 \u00a0 \u00a0 \u00a0 \u00a0 \u00a0 \u00a0 \u00a0 \u00a0 \u00a0 Formula e jasht\u00ebzakonshme krijon qerpik\u00eb t\u00eb plot\u00eb, t\u00eb definuar dhe t\u00eb shtrir\u00eb n\u00eb gjat\u00ebsin\u00eb e pabesueshme p\u00ebr nj\u00eb pamje t\u00eb madhe dhe multidimensionale. \u00cbsht\u00eb testuar nga oftalmolog\u00ebt dhe e p\u00ebrshtatshme p\u00ebr ata q\u00eb p\u00ebrdorin lente kontakti.<\/p>\n<p>\u2e3b<\/p>\n<p><strong>P\u00ebrb\u00ebr\u00ebsit<\/strong><\/p>\n<p>Water\\Aqua\\Eau, Synthetic Beeswax, Paraffin, Glyceryl Stearate, Acacia Senegal Gum, Butylene Glycol, Oryza Sativa (Rice) Bran Wax, Stearic Acid, Palmitic Acid, Polybutene, VP\/Eicosene Copolymer, Copernicia Cerifera (Carnauba) Wax\\ Copernicia Cerifera Cera \\Cire De Carnauba, Aminomethyl Propanol, Glycerin, PVP, Ethylhexylglycerin, Hydroxyethylcellulose, Disodium EDTA, Polyester-11, Cellulose, Trimethylpentanediol\/Adipic Acid\/Glycerin Crosspolymer, Propylene Glycol, Disodium Phosphate, Polysorbate 60, Acacia Seyal Gum Extract, Sodium Phosphate, Acetyl Hexapeptide-1, Dextran, Phenoxyethanol, Potassium Sorbate, Iron Oxides (CI 77499), Ultramarines (CI 77007), Black 2 (CI 77266)<\/p>\n<p>Ju lutemi vini re q\u00eb listat e p\u00ebrb\u00ebr\u00ebsve mund t\u00eb ndryshojn\u00eb nga koha n\u00eb koh\u00eb. Ju lutemi referohuni list\u00ebs s\u00eb p\u00ebrb\u00ebr\u00ebsve n\u00eb paketimin e produktit q\u00eb merrni p\u00ebr list\u00ebn m\u00eb t\u00eb p\u00ebrdit\u00ebsuar t\u00eb p\u00ebrb\u00ebr\u00ebsve.<\/p>\n<p>\u2e3b<\/p>\n<p><strong>Si t\u00eb P\u00ebrdoret<\/strong><\/p>\n<p>P\u00ebrdorimi i Sugjeruar:<br \/>\n\u2022 Mbani fur\u00e7\u00ebn horizontalisht dhe rr\u00ebshqitni lart nga baza n\u00eb maj\u00eb p\u00ebr volum t\u00eb bollsh\u00ebm dhe dram\u00eb maksimale.<br \/>\n\u2022 Nj\u00eb shtres\u00eb jep gjith\u00eb gjat\u00ebsin\u00eb dhe volum q\u00eb ju nevojitet, por formula mund t\u00eb aplikohet n\u00eb shtresa t\u00eb tjera p\u00ebr intensitet shtes\u00eb.<\/p>","protected":false},"excerpt":{"rendered":"<p>T<strong>OO FACED<\/strong><\/p>\n<p><em><strong>Better Than Sex Volumizing &amp; Lengthening Mascara<\/strong><\/em><\/p>\n<p>Color: Black<br \/>\nSize Mini Size Black &#8211; 0.17 oz<br \/>\nMini size\/ travel size<\/p>\n<p>Nj\u00eb rimel kondicionuese me formul\u00eb q\u00eb trash, zgjat dhe mban curl-in e qerpik\u00ebve p\u00ebr nj\u00eb pamje dramatike me volum ekstrem.<\/p>\n<p>Lloji i Formulimit: Volumizues, Zgjat\u00ebs<\/p>","protected":false},"featured_media":6357,"comment_status":"open","ping_status":"closed","template":"","meta":[],"product_brand":[115],"product_cat":[96,144],"product_tag":[],"class_list":{"0":"post-6356","1":"product","2":"type-product","3":"status-publish","4":"has-post-thumbnail","6":"product_brand-too-faced","7":"product_cat-makeup","8":"product_cat-mascara","11":"instock","12":"sale","13":"shipping-taxable","14":"purchasable","15":"product-type-simple"},"_links":{"self":[{"href":"https:\/\/perleibeauty.com\/sq\/wp-json\/wp\/v2\/product\/6356","targetHints":{"allow":["GET"]}}],"collection":[{"href":"https:\/\/perleibeauty.com\/sq\/wp-json\/wp\/v2\/product"}],"about":[{"href":"https:\/\/perleibeauty.com\/sq\/wp-json\/wp\/v2\/types\/product"}],"replies":[{"embeddable":true,"href":"https:\/\/perleibeauty.com\/sq\/wp-json\/wp\/v2\/comments?post=6356"}],"version-history":[{"count":1,"href":"https:\/\/perleibeauty.com\/sq\/wp-json\/wp\/v2\/product\/6356\/revisions"}],"predecessor-version":[{"id":9882,"href":"https:\/\/perleibeauty.com\/sq\/wp-json\/wp\/v2\/product\/6356\/revisions\/9882"}],"wp:featuredmedia":[{"embeddable":true,"href":"https:\/\/perleibeauty.com\/sq\/wp-json\/wp\/v2\/media\/6357"}],"wp:attachment":[{"href":"https:\/\/perleibeauty.com\/sq\/wp-json\/wp\/v2\/media?parent=6356"}],"wp:term":[{"taxonomy":"product_brand","embeddable":true,"href":"https:\/\/perleibeauty.com\/sq\/wp-json\/wp\/v2\/product_brand?post=6356"},{"taxonomy":"product_cat","embeddable":true,"href":"https:\/\/perleibeauty.com\/sq\/wp-json\/wp\/v2\/product_cat?post=6356"},{"taxonomy":"product_tag","embeddable":true,"href":"https:\/\/perleibeauty.com\/sq\/wp-json\/wp\/v2\/product_tag?post=6356"}],"curies":[{"name":"wp","href":"https:\/\/api.w.org\/{rel}","templated":true}]}}