{"id":6333,"date":"2025-11-21T14:30:05","date_gmt":"2025-11-21T14:30:05","guid":{"rendered":"https:\/\/perleibeauty.com\/?post_type=product&#038;p=6333"},"modified":"2026-04-15T13:38:58","modified_gmt":"2026-04-15T13:38:58","slug":"6333","status":"publish","type":"product","link":"https:\/\/perleibeauty.com\/sq\/produkt\/6333\/","title":{"rendered":"HUDA BEAUTY EASY BAKE AND SNATCH PRESSED TALC-FREE BRIGHTENING AND SETTING POWDER"},"content":{"rendered":"<p><strong>HUDA BEAUTY\u00a0<\/strong><\/p>\n<p><em><strong>Easy Bake and Snatch Pressed Talc-Free Brightening and Setting Powder<\/strong><\/em><\/p>\n<p>P\u00ebr tonet e l\u00ebkur\u00ebs: t\u00eb lehta deri n\u00eb t\u00eb mesme me n\u00ebn-tone t\u00eb art\u00eb<\/p>\n<p>Pluhur i shtypur me finish ndri\u00e7ues-mat, i dizajnuar p\u00ebr t\u00eb ndri\u00e7uar n\u00eb m\u00ebnyr\u00eb t\u00eb fokusuar dhe p\u00ebr t\u00eb dh\u00ebn\u00eb nj\u00eb pamje t\u00eb ngritur dhe t\u00eb p\u00ebrkryer t\u00eb fytyr\u00ebs.<\/p>\n<p>\u00c7el\u00ebsi p\u00ebr nj\u00eb pamje t\u00eb ngritur menj\u00ebher\u00eb, Easy Bake and Snatch vjen me nj\u00eb sfungjer preciz q\u00eb ndri\u00e7on dhe zbut l\u00ebkur\u00ebn menj\u00ebher\u00eb, duke krijuar nj\u00eb finish t\u00eb filtruar n\u00eb sekonda.<\/p>\n<p>Pse na p\u00eblqen kaq shum\u00eb:<br \/>\n\u2022 Pa talc dhe pa arom\u00eb<br \/>\n\u2022 Speed baking p\u00ebr rezultat t\u00eb shpejt\u00eb<br \/>\n\u2022 Mbules\u00eb nga mesatare deri e plot\u00eb<br \/>\n\u2022 Q\u00ebndron deri n\u00eb 8-9 or\u00eb<br \/>\n\u2022 Rezistent ndaj djers\u00ebs dhe lag\u00ebshtis\u00eb<\/p>\n<p><strong>\u00c7far\u00eb tjet\u00ebr duhet t\u00eb dini:<\/strong><\/p>\n<p>Pluhuri \u00ebsht\u00eb i pasuruar me acid hialuronik dhe derivat avokadoje p\u00ebr nj\u00eb tekstur\u00eb kremoze, jo e that\u00eb, shum\u00eb e but\u00eb dhe m\u00ebndafshi, q\u00eb krijon nj\u00eb finish t\u00eb ndritsh\u00ebm, t\u00eb ngritur dhe t\u00eb filtruar.<br \/>\nPaketa kompakte ka nj\u00eb sfungjer t\u00eb dizajnuar me precizion p\u00ebr fikse t\u00eb synuara dhe touch-up gjat\u00eb dit\u00ebs, sidomos n\u00eb zonat m\u00eb t\u00eb yndyrshme si zona T.<\/p>\n<p>\u26a0\ufe0f Gjat\u00eb periudh\u00ebs Cyber Craze, mund t\u00eb shtoni vet\u00ebm nj\u00eb nj\u00ebsi t\u00eb nj\u00eb hije Easy Bake n\u00eb shport\u00eb.<\/p>\n<p>\u2e3b<\/p>\n<p><strong>Si t\u00eb p\u00ebrdoret &amp; truket e Huda-s:<\/strong><br \/>\n1. P\u00ebrdor l\u00ebvizje tap-tap p\u00ebr t\u00eb marr\u00eb nj\u00eb sasi t\u00eb vog\u00ebl produkti dhe nd\u00ebrto gradualisht deri n\u00eb mbules\u00ebn e d\u00ebshiruar.<br \/>\n2. Shtyp leht\u00eb pluhurin mbi zon\u00ebn posht\u00eb syve dhe zonat q\u00eb d\u00ebshironi t\u00eb ndri\u00e7oni.<br \/>\n3. P\u00ebrziej menj\u00ebher\u00eb p\u00ebr nj\u00eb finish t\u00eb qet\u00eb dhe shp\u00ebrndaj n\u00eb fytyr\u00eb p\u00ebr t\u00eb fikse make-up-in.<\/p>\n<p><strong>Truku i Huda-s:<\/strong><br \/>\n\u2022 Apliko mbi linjat e buz\u00ebqeshjes me nj\u00eb fur\u00e7\u00eb t\u00eb vog\u00ebl, s\u00eb bashku me \u00e7do hije tjet\u00ebr, p\u00ebr t\u00eb ndri\u00e7uar dhe ngritur pamjen.<br \/>\n\u2022 B\u00ebj touch-up n\u00eb zonat e yndyrshme t\u00eb T-s\u00eb gjat\u00eb dit\u00ebs p\u00ebr nj\u00eb pamje plot\u00ebsisht t\u00eb filtruar.<br \/>\n\u2022 P\u00ebr nj\u00eb efekt m\u00eb t\u00eb p\u00ebrkryer, b\u00ebj baking me Easy Bake Loose Powder dhe b\u00ebj touch-up me Easy Bake and Snatch p\u00ebr nj\u00eb finish glam t\u00eb plot\u00eb.<\/p>\n<p>\u2e3b<\/p>\n<p><strong>P\u00ebrb\u00ebr\u00ebsit:<\/strong><\/p>\n<p>Mica, Boron Nitride, Nylon-12, Magnesium Myristate, Caprylic\/Capric Triglyceride, Butyl Avocadate, Olea Europaea (Olive) Fruit Oil, Hyaluronic Acid, Tocopherol, Ricinus Communis (Castor) Seed Oil, Phenoxyethanol, Dimer Dilinoleyl Dimer Dilinoleate, Octyldodecyl Stearoyl Stearate, Sodium Dehydroacetate.<br \/>\nMund t\u00eb p\u00ebrmbaj\u00eb (+\/-): Yellow 5 Lake (CI 19140), Iron Oxides (CI 77491, CI 77492, CI 77499).<\/p>\n<p>\u26a0\ufe0f Ju lutemi vini re q\u00eb lista e p\u00ebrb\u00ebr\u00ebsve mund t\u00eb ndryshoj\u00eb nga hera n\u00eb her\u00eb. P\u00ebr informacionin m\u00eb t\u00eb sakt\u00eb, shikoni list\u00ebn e p\u00ebrb\u00ebr\u00ebsve n\u00eb paketimin e produktit q\u00eb merrni.<\/p>\n<p>\u2e3b<\/p>\n<p>Nuanca:<\/p>\n<p>Banana Bread \u2013 e leht\u00eb deri n\u00eb mesatare me n\u00ebn-ton t\u00eb art\u00eb.<\/p>\n<p>Size .29 oz<\/p>","protected":false},"excerpt":{"rendered":"<p><strong>HUDA BEAUTY\u00a0<\/strong><\/p>\n<p><em><strong>Easy Bake and Snatch Pressed Talc-Free Brightening and Setting Powder<\/strong><\/em><\/p>\n<p>P\u00ebr tonet e l\u00ebkur\u00ebs: t\u00eb lehta deri n\u00eb t\u00eb mesme me n\u00ebn-tone t\u00eb art\u00eb<\/p>\n<p>Pluhur i shtypur me finish ndri\u00e7ues-mat, i dizajnuar p\u00ebr t\u00eb ndri\u00e7uar n\u00eb m\u00ebnyr\u00eb t\u00eb fokusuar dhe p\u00ebr t\u00eb dh\u00ebn\u00eb nj\u00eb pamje t\u00eb ngritur dhe t\u00eb p\u00ebrkryer t\u00eb fytyr\u00ebs.<\/p>","protected":false},"featured_media":6339,"comment_status":"open","ping_status":"closed","template":"","meta":[],"product_brand":[107],"product_cat":[96,147],"product_tag":[],"class_list":{"0":"post-6333","1":"product","2":"type-product","3":"status-publish","4":"has-post-thumbnail","6":"product_brand-huda-beauty","7":"product_cat-makeup","8":"product_cat-setting-spray","11":"instock","12":"sale","13":"shipping-taxable","14":"purchasable","15":"product-type-variable"},"_links":{"self":[{"href":"https:\/\/perleibeauty.com\/sq\/wp-json\/wp\/v2\/product\/6333","targetHints":{"allow":["GET"]}}],"collection":[{"href":"https:\/\/perleibeauty.com\/sq\/wp-json\/wp\/v2\/product"}],"about":[{"href":"https:\/\/perleibeauty.com\/sq\/wp-json\/wp\/v2\/types\/product"}],"replies":[{"embeddable":true,"href":"https:\/\/perleibeauty.com\/sq\/wp-json\/wp\/v2\/comments?post=6333"}],"version-history":[{"count":1,"href":"https:\/\/perleibeauty.com\/sq\/wp-json\/wp\/v2\/product\/6333\/revisions"}],"predecessor-version":[{"id":10527,"href":"https:\/\/perleibeauty.com\/sq\/wp-json\/wp\/v2\/product\/6333\/revisions\/10527"}],"wp:featuredmedia":[{"embeddable":true,"href":"https:\/\/perleibeauty.com\/sq\/wp-json\/wp\/v2\/media\/6339"}],"wp:attachment":[{"href":"https:\/\/perleibeauty.com\/sq\/wp-json\/wp\/v2\/media?parent=6333"}],"wp:term":[{"taxonomy":"product_brand","embeddable":true,"href":"https:\/\/perleibeauty.com\/sq\/wp-json\/wp\/v2\/product_brand?post=6333"},{"taxonomy":"product_cat","embeddable":true,"href":"https:\/\/perleibeauty.com\/sq\/wp-json\/wp\/v2\/product_cat?post=6333"},{"taxonomy":"product_tag","embeddable":true,"href":"https:\/\/perleibeauty.com\/sq\/wp-json\/wp\/v2\/product_tag?post=6333"}],"curies":[{"name":"wp","href":"https:\/\/api.w.org\/{rel}","templated":true}]}}