{"id":6331,"date":"2025-11-21T14:16:12","date_gmt":"2025-11-21T14:16:12","guid":{"rendered":"https:\/\/perleibeauty.com\/?post_type=product&#038;p=6331"},"modified":"2026-04-15T13:38:58","modified_gmt":"2026-04-15T13:38:58","slug":"givenchy-prisme-libre-4-color-loose-powder","status":"publish","type":"product","link":"https:\/\/perleibeauty.com\/sq\/produkt\/givenchy-prisme-libre-4-color-loose-powder\/","title":{"rendered":"GIVENCHY PRISME LIBRE 4-COLOR LOOSE POWDER"},"content":{"rendered":"<p><strong>GIVENCHY<\/strong><br \/>\n<strong>PRISME LIBRE 4-COLOR LOOSE POWDER<\/strong><br \/>\n<em>The Iconic Loose Powder with 4-Color Correction<\/em><br \/>\nN\u00b001 &#8211; MOUSSELINE PASTEL<\/p>\n<p>Harmonia jon\u00eb ikonike p\u00ebr tonet e l\u00ebkur\u00ebs t\u00eb \u00e7elura deri n\u00eb t\u00eb lehta.<br \/>\n\u2022 Pluhur i lir\u00eb matifikues, korrigjues dhe ndri\u00e7ues.<br \/>\n\u2022 Pesh\u00eb 12g<br \/>\n\u2022 Finish natyral dhe i ndritsh\u00ebm 24H &amp; q\u00ebndrim deri n\u00eb 12H<br \/>\n\u2022 Ndri\u00e7on, korrigjon, fikson dhe zbut pap\u00ebrsosm\u00ebrit\u00eb<br \/>\n\u2022 Formula e pap\u00ebrshkueshme nga uji dhe pa ndjenj\u00eb peshe<br \/>\n\u2022 E leht\u00eb p\u00ebr l\u00ebkur\u00ebn, jo-komedogjene dhe testuar dermatologjikisht<br \/>\n\u2022 7 nuanca t\u00eb dizajnuara p\u00ebr \u00e7do ton l\u00ebkure<br \/>\n\u2022 Kat\u00ebr hije t\u00eb balancuara me mjesht\u00ebri \u2014 dy p\u00ebr korrigjim dhe dy p\u00ebr unifikim \u2014 punojn\u00eb s\u00eb bashku p\u00ebr t\u00eb p\u00ebrmir\u00ebsuar dhe barazuar tonin e l\u00ebkur\u00ebs.<\/p>\n<p>\u2e3b<\/p>\n<p><strong>Perfeksioni i q\u00ebndruesh\u00ebm:<\/strong><br \/>\n\u2022 24 or\u00eb finish i ndritsh\u00ebm-mat<br \/>\n\u2022 12 or\u00eb q\u00ebndrueshm\u00ebri<\/p>\n<p><strong>Ndjesia e leht\u00eb:<\/strong><br \/>\n\u2022 46% m\u00eb i holl\u00eb krahasuar me formul\u00ebn e m\u00ebparshme<\/p>\n<p><strong>Provuar klinikisht:<\/strong><br \/>\n\u2022 44% pap\u00ebrsosm\u00ebrit\u00eb e ngjyr\u00ebs zhduken menj\u00ebher\u00eb<br \/>\n\u2022 +39% ndri\u00e7im n\u00eb complexion<\/p>\n<p>\u2e3b<\/p>\n<p><strong>P\u00ebrdorimi &amp; K\u00ebshilla:<\/strong><\/p>\n<p>Rrotullo, Shkund, Shtr\u00ebngo, P\u00ebrzie<br \/>\n\u2022 Prisme Libre 4-Color Loose Powder mund t\u00eb p\u00ebrdoret vet\u00ebm ose mbi fondatin\u00eb.<\/p>\n<p>Pluhur i shum\u00ebfisht\u00eb p\u00ebr pamje t\u00eb personalizueshme:<br \/>\n\u2022 P\u00ebr nj\u00eb setim t\u00eb plot\u00eb dhe complexion t\u00eb ndritsh\u00ebm: Apliko n\u00eb t\u00eb gjith\u00eb fytyr\u00ebn duke p\u00ebrdorur nj\u00eb fur\u00e7\u00eb pluhuri ose sfungjer.<br \/>\n\u2022 P\u00ebr nj\u00eb prekje t\u00eb sakt\u00eb ndri\u00e7uese: P\u00ebrdor sfungjerin e integruar p\u00ebr t\u00eb aplikuar n\u00eb zonat e ve\u00e7anta dhe p\u00ebr t\u00eb ndri\u00e7uar konturet e fytyr\u00ebs.<br \/>\n\u2022 P\u00ebr nj\u00eb pamje m\u00eb mat: Apliko pluhurin me fur\u00e7\u00eb pasi produktet e m\u00ebparshme t\u00eb jen\u00eb plot\u00ebsisht t\u00eb fikura dhe t\u00eb thata.<\/p>\n<p>&nbsp;<\/p>","protected":false},"excerpt":{"rendered":"<p><strong>GIVENCHY<\/strong><br \/>\n<strong>PRISME LIBRE 4-COLOR LOOSE POWDER<\/strong><br \/>\n<em>The Iconic Loose Powder with 4-Color Correction<\/em><br \/>\nN\u00b001 &#8211; MOUSSELINE PASTEL<\/p>\n<p>Harmonia jon\u00eb ikonike p\u00ebr tonet e l\u00ebkur\u00ebs t\u00eb \u00e7elura deri n\u00eb t\u00eb lehta.<\/p>","protected":false},"featured_media":6312,"comment_status":"open","ping_status":"closed","template":"","meta":[],"product_brand":[143],"product_cat":[96,166,147],"product_tag":[],"class_list":{"0":"post-6331","1":"product","2":"type-product","3":"status-publish","4":"has-post-thumbnail","6":"product_brand-givenchy","7":"product_cat-makeup","8":"product_cat-sale","9":"product_cat-setting-spray","12":"instock","13":"sale","14":"shipping-taxable","15":"purchasable","16":"product-type-simple"},"_links":{"self":[{"href":"https:\/\/perleibeauty.com\/sq\/wp-json\/wp\/v2\/product\/6331","targetHints":{"allow":["GET"]}}],"collection":[{"href":"https:\/\/perleibeauty.com\/sq\/wp-json\/wp\/v2\/product"}],"about":[{"href":"https:\/\/perleibeauty.com\/sq\/wp-json\/wp\/v2\/types\/product"}],"replies":[{"embeddable":true,"href":"https:\/\/perleibeauty.com\/sq\/wp-json\/wp\/v2\/comments?post=6331"}],"version-history":[{"count":1,"href":"https:\/\/perleibeauty.com\/sq\/wp-json\/wp\/v2\/product\/6331\/revisions"}],"predecessor-version":[{"id":10528,"href":"https:\/\/perleibeauty.com\/sq\/wp-json\/wp\/v2\/product\/6331\/revisions\/10528"}],"wp:featuredmedia":[{"embeddable":true,"href":"https:\/\/perleibeauty.com\/sq\/wp-json\/wp\/v2\/media\/6312"}],"wp:attachment":[{"href":"https:\/\/perleibeauty.com\/sq\/wp-json\/wp\/v2\/media?parent=6331"}],"wp:term":[{"taxonomy":"product_brand","embeddable":true,"href":"https:\/\/perleibeauty.com\/sq\/wp-json\/wp\/v2\/product_brand?post=6331"},{"taxonomy":"product_cat","embeddable":true,"href":"https:\/\/perleibeauty.com\/sq\/wp-json\/wp\/v2\/product_cat?post=6331"},{"taxonomy":"product_tag","embeddable":true,"href":"https:\/\/perleibeauty.com\/sq\/wp-json\/wp\/v2\/product_tag?post=6331"}],"curies":[{"name":"wp","href":"https:\/\/api.w.org\/{rel}","templated":true}]}}