{"id":6301,"date":"2025-11-21T13:40:26","date_gmt":"2025-11-21T13:40:26","guid":{"rendered":"https:\/\/perleibeauty.com\/?post_type=product&#038;p=6301"},"modified":"2026-04-15T13:38:58","modified_gmt":"2026-04-15T13:38:58","slug":"too-faced-hangover-replenishing-face-primer","status":"publish","type":"product","link":"https:\/\/perleibeauty.com\/sq\/produkt\/too-faced-hangover-replenishing-face-primer\/","title":{"rendered":"TOO FACED HANGOVER REPLENISHING FACE PRIMER"},"content":{"rendered":"<p><strong>TOO FACED<\/strong><\/p>\n<p><em><strong>Hangover Replenishing Face Primer<\/strong><\/em><br \/>\nSasia 40ml<\/p>\n<p>&nbsp;<\/p>\n<p>Nj\u00eb primer fytyre rip\u00ebrt\u00ebrit\u00ebs q\u00eb hidraton, l\u00ebmon pamjen e l\u00ebkur\u00ebs dhe ndri\u00e7on p\u00ebr nj\u00eb ten t\u00eb shndritsh\u00ebm dhe t\u00eb sh\u00ebndetsh\u00ebm.<\/p>\n<p>Tipi i l\u00ebkur\u00ebs: Normal, i that\u00eb, kombinim<\/p>\n<p>Problemet kryesore: That\u00ebsi<\/p>\n<p><strong>P\u00ebrb\u00ebr\u00ebs t\u00eb ve\u00e7ant\u00eb:<\/strong><br \/>\n\u2022 Uj\u00eb kokosi: Hidraton l\u00ebkur\u00ebn.<br \/>\n\u2022 Probiotik\u00eb: Rrisin ndri\u00e7imin e duksh\u00ebm dhe elasticitetin e l\u00ebkur\u00ebs.<\/p>\n<p><strong>Pa p\u00ebrb\u00ebr\u00ebs t\u00eb d\u00ebmsh\u00ebm:<\/strong> Pa parabene. Gjithashtu \u00ebsht\u00eb vegan, pa gluten dhe pa testuar mbi kafsh\u00eb.<\/p>\n<p><strong>\u00c7far\u00eb duhet t\u00eb dini m\u00eb shum\u00eb:<\/strong><br \/>\nHangover Replenishing Face Primer \u00ebsht\u00eb nj\u00eb primer revolucionar make-up-i, i p\u00ebrb\u00ebr\u00eb me uj\u00eb kokosi, p\u00ebrb\u00ebr\u00ebs probiotik\u00eb dhe rikthyes t\u00eb l\u00ebkur\u00ebs q\u00eb punojn\u00eb s\u00eb bashku p\u00ebr t\u00eb rritur ndri\u00e7imin, promovuar elasticitetin e duksh\u00ebm dhe p\u00ebr t\u00eb hidratuar l\u00ebkur\u00ebn, duke mbajtur make-up-in m\u00eb t\u00eb fresk\u00ebt, m\u00eb t\u00eb gjat\u00eb dhe m\u00eb flawless.<\/p>\n<p><strong>Rezultatet klinike:<\/strong> N\u00eb nj\u00eb studim konsumatore:<br \/>\n\u2022 100% than\u00eb q\u00eb make-up-i aplikohet m\u00eb l\u00ebmuar<br \/>\n\u2022 100% than\u00eb q\u00eb make-up-i duket m\u00eb i ndritsh\u00ebm<br \/>\n\u2022 100% than\u00eb q\u00eb l\u00ebkura duket m\u00eb e hidratuar<\/p>\n<p>\u2e3b<\/p>\n<p><strong>P\u00ebrb\u00ebr\u00ebsit:<\/strong><\/p>\n<p>Uj\u00eb kokosi (Coconut Water) \u2013 hidraton l\u00ebkur\u00ebn.<\/p>\n<p><strong>P\u00ebrb\u00ebr\u00ebs t\u00eb tjer\u00eb:<\/strong><br \/>\nWater, Lactobacillus\/Salix Alba Bark Ferment Filtrate, Propanediol Dicaprylate, Propanediol, Ceteareth-6 Olivate, Olive Glycerides, Lactobacillus Ferment, Aluminum Starch Octenylsuccinate, Microcrystalline Cellulose, Hydrogenated Olive Oil, Polyacrylate Crosspolymer-6, Cellulose Gum, Olea Europaea (Olive) Fruit Oil, Pectin, Trisodium Ethylenediamine Disuccinate, Xanthan Gum, Olea Europaea (Olive) Oil Unsaponifiables, Cocos Nucifera (Coconut) Fruit Juice, Lauryl Alcohol Diphosphonic Acid, Pentylene Glycol, Glycerin, Lecithin, Magnesium Aluminum Silicate, Fragrance, Lauric Acid, Tocopherol, Ascorbyl Palmitate, Citric Acid.<\/p>\n<p>Vini re: Lista e p\u00ebrb\u00ebr\u00ebsve mund t\u00eb ndryshoj\u00eb nga hera n\u00eb her\u00eb. P\u00ebr informacionin m\u00eb t\u00eb sakt\u00eb, ju lutemi referojuni list\u00ebs s\u00eb p\u00ebrb\u00ebr\u00ebsve mbi paketimin e produktit q\u00eb merrni.<\/p>\n<p>\u2e3b<\/p>\n<p><strong>Si t\u00eb p\u00ebrdoret:<\/strong><\/p>\n<p>P\u00ebrdorimi i sugjeruar:<br \/>\n\u2022 Pas kremit hidratues, apliko si hap t\u00eb par\u00eb n\u00eb rutin\u00ebn e make-up-it p\u00ebr nj\u00eb aplikim t\u00eb l\u00ebmuar t\u00eb fondatin\u00ebs dhe nj\u00eb ten t\u00eb hidratuar.<br \/>\n\u2022 K\u00ebshill\u00eb profesionale: N\u00ebse l\u00ebkura duket e zbeht\u00eb ose e pluhurshme, ngroh dy pompa midis p\u00ebll\u00ebmb\u00ebve dhe shtyp mbi l\u00ebkur\u00eb p\u00ebr hidratim shtes\u00eb pa shqet\u00ebsuar make-up-in.<\/p>","protected":false},"excerpt":{"rendered":"<p><strong>TOO FACED<\/strong><\/p>\n<p><em><strong>Hangover Replenishing Face Primer<\/strong><\/em><br \/>\nSasia 40ml<\/p>\n<p>&nbsp;<\/p>\n<p>Nj\u00eb primer fytyre rip\u00ebrt\u00ebrit\u00ebs q\u00eb hidraton, l\u00ebmon pamjen e l\u00ebkur\u00ebs dhe ndri\u00e7on p\u00ebr nj\u00eb ten t\u00eb shndritsh\u00ebm dhe t\u00eb sh\u00ebndetsh\u00ebm.<\/p>\n<p>Tipi i l\u00ebkur\u00ebs: Normal, i that\u00eb, kombinim<\/p>\n<p>Problemet kryesore: That\u00ebsi<\/p>","protected":false},"featured_media":6302,"comment_status":"open","ping_status":"closed","template":"","meta":[],"product_brand":[115],"product_cat":[96,148],"product_tag":[],"class_list":{"0":"post-6301","1":"product","2":"type-product","3":"status-publish","4":"has-post-thumbnail","6":"product_brand-too-faced","7":"product_cat-makeup","8":"product_cat-primer","11":"outofstock","12":"sale","13":"shipping-taxable","14":"purchasable","15":"product-type-simple"},"_links":{"self":[{"href":"https:\/\/perleibeauty.com\/sq\/wp-json\/wp\/v2\/product\/6301","targetHints":{"allow":["GET"]}}],"collection":[{"href":"https:\/\/perleibeauty.com\/sq\/wp-json\/wp\/v2\/product"}],"about":[{"href":"https:\/\/perleibeauty.com\/sq\/wp-json\/wp\/v2\/types\/product"}],"replies":[{"embeddable":true,"href":"https:\/\/perleibeauty.com\/sq\/wp-json\/wp\/v2\/comments?post=6301"}],"version-history":[{"count":1,"href":"https:\/\/perleibeauty.com\/sq\/wp-json\/wp\/v2\/product\/6301\/revisions"}],"predecessor-version":[{"id":9883,"href":"https:\/\/perleibeauty.com\/sq\/wp-json\/wp\/v2\/product\/6301\/revisions\/9883"}],"wp:featuredmedia":[{"embeddable":true,"href":"https:\/\/perleibeauty.com\/sq\/wp-json\/wp\/v2\/media\/6302"}],"wp:attachment":[{"href":"https:\/\/perleibeauty.com\/sq\/wp-json\/wp\/v2\/media?parent=6301"}],"wp:term":[{"taxonomy":"product_brand","embeddable":true,"href":"https:\/\/perleibeauty.com\/sq\/wp-json\/wp\/v2\/product_brand?post=6301"},{"taxonomy":"product_cat","embeddable":true,"href":"https:\/\/perleibeauty.com\/sq\/wp-json\/wp\/v2\/product_cat?post=6301"},{"taxonomy":"product_tag","embeddable":true,"href":"https:\/\/perleibeauty.com\/sq\/wp-json\/wp\/v2\/product_tag?post=6301"}],"curies":[{"name":"wp","href":"https:\/\/api.w.org\/{rel}","templated":true}]}}