{"id":6294,"date":"2025-11-21T13:25:40","date_gmt":"2025-11-21T13:25:40","guid":{"rendered":"https:\/\/perleibeauty.com\/?post_type=product&#038;p=6294"},"modified":"2026-04-15T13:38:58","modified_gmt":"2026-04-15T13:38:58","slug":"yves-saint-laurent-touche-eclat-blur-face-primer","status":"publish","type":"product","link":"https:\/\/perleibeauty.com\/sq\/produkt\/yves-saint-laurent-touche-eclat-blur-face-primer\/","title":{"rendered":"YSL Yves Saint Laurent\u00a0\u2028Touche Eclat Blur Face Primer"},"content":{"rendered":"<p><strong>Yves Saint Laurent \u2028<\/strong><\/p>\n<p><strong>Touche Eclat Blur Face Primer<\/strong><\/p>\n<p>Masa: 1 oz \/ 30 mL<br \/>\nFinish natyral \u2013 Madh\u00ebsi standarde\u00a0 \u00a0 \u00a0 \u00a0 \u00a0 \u00a0 \u00a0 \u00a0 \u00a0 \u00a0 \u00a0 \u00a0 \u00a0 \u00a0 \u00a0 \u00a0 \u00a0 \u00a0 \u00a0 \u00a0 \u00a0 \u00a0 \u00a0 \u00a0 \u00a0 \u00a0 \u00a0 \u00a0 \u00a0 \u00a0 \u00a0 \u00a0 \u00a0 \u00a0 \u00a0 \u00a0 \u00a0 \u00a0 \u00a0 \u00a0 \u00a0 \u00a0 \u00a0 \u00a0 \u00a0 \u00a0 \u00a0 \u00a0 \u00a0 \u00a0 \u00a0 \u00a0 \u00a0 \u00a0 \u00a0 \u00a0 \u00a0 \u00a0 \u00a0 \u00a0 \u00a0 \u00a0 \u00a0 \u00a0 \u00a0 \u00a0 \u00a0 \u00a0 \u00a0 \u00a0 \u00a0 \u00a0 \u00a0 \u00a0 \u00a0 \u00a0 \u00a0 \u00a0 \u00a0 \u00a0 \u00a0 \u00a0 \u00a0 \u00a0 \u00a0 \u00a0 \u00a0 \u00a0 \u00a0 \u00a0 Nuanca: Blur Primer Gold<\/p>\n<p>Nj\u00eb primer make-up i leht\u00eb, jo yndyror, me pigment\u00eb q\u00eb reflektojn\u00eb drit\u00ebn dhe me kat\u00ebr vajra ushqyes q\u00eb fshehin pap\u00ebrsosm\u00ebrit\u00eb dhe l\u00ebmojn\u00eb pamjen e l\u00ebkur\u00ebs. Rikthen shk\u00eblqimin dhe barazon tonin e l\u00ebkur\u00ebs.<\/p>\n<p>Tipi i l\u00ebkur\u00ebs: Normal, i that\u00eb, kombinim dhe i yndyrsh\u00ebm.<\/p>\n<p><strong>\u00c7far\u00eb duhet t\u00eb dini m\u00eb shum\u00eb?<\/strong><\/p>\n<p>Ky primer blurring p\u00ebrgatit l\u00ebkur\u00ebn p\u00ebr nj\u00eb aplikim flawless t\u00eb make-up-it, duke kombinuar kat\u00ebr vajra qet\u00ebsues q\u00eb ushqejn\u00eb l\u00ebkur\u00ebn dhe mbulojn\u00eb pap\u00ebrsosm\u00ebrit\u00eb, linjat e holla dhe rrudhat. Formulimi me shk\u00eblqim t\u00eb art\u00eb ose argjendi q\u00eb ndri\u00e7on, i jep l\u00ebkur\u00ebs nj\u00eb pamje t\u00eb shndritshme dhe i p\u00ebrshtatet t\u00eb gjitha toneve t\u00eb l\u00ebkur\u00ebs.<\/p>\n<p>\u2e3b<\/p>\n<p><strong>P\u00ebrb\u00ebr\u00ebsit<\/strong><\/p>\n<p>Cyclopentasiloxane, Dimethicone Crosspolymer, Fragrance, Zea Mays Oil\/Corn Oil, Prunus Armeniaca Kernel Oil\/Apricot Kernel Oil, Passiflora Edulis Oil\/Passiflora Edulis Seed Oil, Oryza Sativa Bran Oil\/Rice Bran Oil, Calcium Sodium Borosilicate, Silica, Tin Oxide, [+\/- Mund t\u00eb p\u00ebrmbaj\u00eb: Ci 77891\/Titanium Dioxide, Ci 77491\/Iron Oxides].<\/p>\n<p><strong>P\u00ebrb\u00ebr\u00ebs t\u00eb ve\u00e7ant\u00eb:<\/strong><\/p>\n<p>\u2022 Vaji i misrit (Corn Oil), vaj b\u00ebrthame kajsie (Apricot Kernel Oil), vaj Passiflora (Passiflora Oil) dhe vaj nga fara e orizit (Rice Bran Oil): Ushqejn\u00eb dhe b\u00ebjn\u00eb l\u00ebkur\u00ebn t\u00eb ndihet e but\u00eb dhe e l\u00ebmuar.<\/p>\n<p>Pa p\u00ebrb\u00ebr\u00ebs t\u00eb d\u00ebmsh\u00ebm: Pa sulfat\u00eb SLS &amp; SLES, pa parabene, pa formaldehide dhe pa ftalate.<\/p>\n<p>\u2e3b<\/p>\n<p><strong>Si t\u00eb p\u00ebrdoret?<\/strong><\/p>\n<p>P\u00ebrdorimi i sugjeruar:<br \/>\n1. Apliko Touche Eclat Blur Primer mbi l\u00ebkur\u00ebn e past\u00ebr si primer p\u00ebr fytyr\u00eb n\u00ebn fondatin\u00eb, ose p\u00ebrdore vet\u00ebm p\u00ebr nj\u00eb efekt \u201cglass skin\u201d t\u00eb l\u00ebmuar.<br \/>\n2. apliko nje sasi te vogel ne\u00a0 pjes\u00ebn e pasme t\u00eb dor\u00ebs.<br \/>\n3. P\u00ebrdor fur\u00e7\u00eb p\u00ebr fondatin\u00eb ose gishta p\u00ebr ta shp\u00ebrndar\u00eb but\u00ebsisht mbi fytyr\u00eb, duke filluar nga qendra dhe duke shkuar jasht\u00eb.<br \/>\n4. Prit 10 sekonda para se t\u00eb aplikosh fondatin\u00eb, p\u00ebr t\u00eb lejuar primer-in t\u00eb vendoset.<\/p>\n","protected":false},"excerpt":{"rendered":"<p>Yves Saint Laurent \u2028Touche Eclat Blur Face Primer<br \/>\nNuanca: Blur Primer Gold<\/p>\n<p>Masa: 1 oz \/ 30 mL<br \/>\nFinish natyral \u2013 Madh\u00ebsi standarde<\/p>\n<p>Nj\u00eb primer make-up i leht\u00eb, jo yndyror, me pigment\u00eb q\u00eb reflektojn\u00eb drit\u00ebn dhe me kat\u00ebr vajra ushqyes q\u00eb fshehin pap\u00ebrsosm\u00ebrit\u00eb dhe l\u00ebmojn\u00eb pamjen e l\u00ebkur\u00ebs. Rikthen shk\u00eblqimin dhe barazon tonin e l\u00ebkur\u00ebs<\/p>","protected":false},"featured_media":6297,"comment_status":"open","ping_status":"closed","template":"","meta":[],"product_brand":[123],"product_cat":[96,179,148,166],"product_tag":[],"class_list":{"0":"post-6294","1":"product","2":"type-product","3":"status-publish","4":"has-post-thumbnail","6":"product_brand-ysl","7":"product_cat-makeup","8":"product_cat-new-colletion","9":"product_cat-primer","10":"product_cat-sale","13":"outofstock","14":"sale","15":"shipping-taxable","16":"purchasable","17":"product-type-simple"},"_links":{"self":[{"href":"https:\/\/perleibeauty.com\/sq\/wp-json\/wp\/v2\/product\/6294","targetHints":{"allow":["GET"]}}],"collection":[{"href":"https:\/\/perleibeauty.com\/sq\/wp-json\/wp\/v2\/product"}],"about":[{"href":"https:\/\/perleibeauty.com\/sq\/wp-json\/wp\/v2\/types\/product"}],"replies":[{"embeddable":true,"href":"https:\/\/perleibeauty.com\/sq\/wp-json\/wp\/v2\/comments?post=6294"}],"version-history":[{"count":1,"href":"https:\/\/perleibeauty.com\/sq\/wp-json\/wp\/v2\/product\/6294\/revisions"}],"predecessor-version":[{"id":9937,"href":"https:\/\/perleibeauty.com\/sq\/wp-json\/wp\/v2\/product\/6294\/revisions\/9937"}],"wp:featuredmedia":[{"embeddable":true,"href":"https:\/\/perleibeauty.com\/sq\/wp-json\/wp\/v2\/media\/6297"}],"wp:attachment":[{"href":"https:\/\/perleibeauty.com\/sq\/wp-json\/wp\/v2\/media?parent=6294"}],"wp:term":[{"taxonomy":"product_brand","embeddable":true,"href":"https:\/\/perleibeauty.com\/sq\/wp-json\/wp\/v2\/product_brand?post=6294"},{"taxonomy":"product_cat","embeddable":true,"href":"https:\/\/perleibeauty.com\/sq\/wp-json\/wp\/v2\/product_cat?post=6294"},{"taxonomy":"product_tag","embeddable":true,"href":"https:\/\/perleibeauty.com\/sq\/wp-json\/wp\/v2\/product_tag?post=6294"}],"curies":[{"name":"wp","href":"https:\/\/api.w.org\/{rel}","templated":true}]}}