{"id":6280,"date":"2025-11-21T11:29:47","date_gmt":"2025-11-21T11:29:47","guid":{"rendered":"https:\/\/perleibeauty.com\/?post_type=product&#038;p=6280"},"modified":"2026-04-15T13:38:58","modified_gmt":"2026-04-15T13:38:58","slug":"charlotte-tilbury-airbrush-flawless-setting-spray","status":"publish","type":"product","link":"https:\/\/perleibeauty.com\/sq\/produkt\/charlotte-tilbury-airbrush-flawless-setting-spray\/","title":{"rendered":"CHARLOTTE TILBURY AIRBRUSH FLAWLESS SETTING SPRAY"},"content":{"rendered":"<p><strong>CHARLOTTE TILBURY<\/strong><br \/>\n<em><strong>AIRBRUSH FLAWLESS SETTING SPRAY<\/strong><\/em><br \/>\n<em>ORIGINAL<\/em><\/p>\n<p>100 ML<\/p>\n<p>&nbsp;<\/p>\n<p>Spray fiksues i make-up-it #1 n\u00eb tregun prestigjioz t\u00eb makeup-it n\u00eb Mbret\u00ebrin\u00eb e Bashkuar<\/p>\n<p>Airbrush Flawless Setting Spray \u00ebsht\u00eb nj\u00eb spray hidratues dhe i pap\u00ebrshkuesh\u00ebm nga uji, i cili perdoret si primer\u00a0 dhe si fiksues make-up-in pa ndjesi peshe, duke garantuar nj\u00eb q\u00ebndrueshm\u00ebri deri n\u00eb 16 OR\u00cb!<\/p>\n<p>Ky \u00ebsht\u00eb sekreti p\u00ebr nj\u00eb make-up t\u00eb p\u00ebrsosur \u00e7do dit\u00eb! P\u00ebrdoreni p\u00ebr t\u00eb bllokuar menj\u00ebher\u00eb pamjen tuaj dhe p\u00ebr t\u00eb ruajtur nj\u00eb efekt \u201csapo aplikuar\u201d! Ky spray ka q\u00ebndrueshm\u00ebri te gjate dhe ka arom\u00eb t\u00eb leht\u00eb. Esht\u00eb frym\u00ebzuar nga efektet e famshme t\u00eb make-up-it Airbrush: l\u00ebkur\u00eb e l\u00ebmuar, pore t\u00eb fshehura dhe pamje e shndritshme si pas nj\u00eb airbrush-i profesional.<\/p>\n<p>Formula high-performance punon n\u00eb harmoni me fondatin\u00ebn, korektorin, bronzer-in dhe pluhurin tuaj p\u00ebr t\u00eb krijuar nj\u00eb vello pa pesh\u00eb hidratimi dhe nj\u00eb finish t\u00eb p\u00ebrsosur! Nuk shkrihet, nuk zbehet dhe nuk grumbullohet n\u00eb linjat e fytyr\u00ebs!<\/p>\n<p>Un\u00eb kam krijuar Airbrush Flawless Setting Spray me nj\u00eb matric\u00eb magjike p\u00ebr p\u00ebrmir\u00ebsimin e l\u00ebkur\u00ebs, duke kombinuar p\u00ebrb\u00ebr\u00ebs q\u00eb l\u00ebmojn\u00eb dhe hidratojn\u00eb: Aloe Vera p\u00ebr l\u00ebkur\u00eb t\u00eb l\u00ebmuar, \u00c7aj i Gjelb\u00ebr Japonez p\u00ebr hidratim, dhe Resin aromatik p\u00ebr pastrimin e poreve.<\/p>\n<p>Me nj\u00eb arom\u00eb t\u00eb leht\u00eb, freskuese dhe florale, ky spray ofron nj\u00eb p\u00ebrvoj\u00eb si n\u00eb spa, duke mbajtur make-up-in tuaj t\u00eb fresk\u00ebt nga red carpet-i te runway dhe jeta e p\u00ebrditshme!<\/p>\n<p>Ky produkt \u00ebsht\u00eb hidratues dhe fiksues \u2013 nj\u00eb mburoj\u00eb e padukshme p\u00ebr t\u00eb ruajtur magjin\u00eb e make-up-it tuaj \u00e7do dit\u00eb\u2026 fiksimi perfekt i make-up-it Airbrush!<\/p>\n<p>&nbsp;<\/p>\n<p><strong>P\u00ebrb\u00ebr\u00ebsit dhe p\u00ebrfitimet kryesore:<\/strong><br \/>\n\u2022 FLAWLESS FILM FORMERS \u2013 veprojn\u00eb si nj\u00eb mburoj\u00eb e padukshme q\u00eb fiksion make-up-in gjat\u00eb gjith\u00eb dit\u00ebs pa shkrirje, zbehje ose grumbullim n\u00eb linja.<br \/>\n\u2022 ALOE VERA \u2013 p\u00ebrmban vitamina dhe minerale, l\u00ebkura ndihet e l\u00ebmuar dhe e but\u00eb.<br \/>\n\u2022 \u00c7AJ I GJELB\u00cbR JAPONEZ \u2013 ndihmon n\u00eb krijimin e nj\u00eb ndjesie l\u00ebkure m\u00eb t\u00eb but\u00eb dhe t\u00eb hidratuar.<br \/>\n\u2022 RESIN\u00cb AROMATIKE \u2013 nxirret nga trungu i nj\u00eb peme nga Ishulli Grek i Chios-it dhe ndihmon p\u00ebr t\u00eb mbajtur poret e pastra.<\/p>\n<p><strong>P\u00ebrb\u00ebr\u00ebsit:<\/strong><br \/>\nAqua\/Water\/Eau, AMP-Acrylates\/Allyl Methacrylate Copolymer, PVP, Phenoxyethanol, Pentylene Glycol, Propanediol, Polysorbate 20, Citric Acid, Ethylhexylglycerin, Aloe Barbadensis (Aloe Vera) Leaf Juice Powder, Parfum (Fragrance), Potassium Sorbate, Glycerin, Caprylic\/Capric Triglyceride, Camellia Oleifera Leaf Extract, Pistacia Lentiscus Gum, Hydrogenated Lecithin, Leuconostoc\/Radish Root Ferment Filtrate, Phenethyl Alcohol.<\/p>\n<p>&nbsp;<\/p>\n<p><strong>Rezultate t\u00eb provuara klinikisht:<\/strong><br \/>\n\u2022 Formula e pap\u00ebrshkueshme nga uji primon dhe fiksion make-up-in deri n\u00eb 16 or\u00eb.<br \/>\n\u2022 99% e p\u00ebrdoruesve bien dakord q\u00eb produkti \u00ebsht\u00eb i leht\u00eb.<br \/>\n\u2022 99% e p\u00ebrdoruesve bien dakord q\u00eb krijon nj\u00eb vello pa pesh\u00eb mbi l\u00ebkur\u00eb.<br \/>\n\u2022 96% e p\u00ebrdoruesve bien dakord q\u00eb fiksion make-up-in pa ndjesi peshe.<br \/>\n\u2022 94% e p\u00ebrdoruesve bien dakord q\u00eb p\u00ebrmir\u00ebson q\u00ebndrueshm\u00ebrin\u00eb e make-up-it.<\/p>\n<p>&nbsp;<\/p>\n<p><strong>Si t\u00eb p\u00ebrdoret:<\/strong><br \/>\n1. Shkundni mir\u00eb para p\u00ebrdorimit.<br \/>\n2. PRIMONI: Para se t\u00eb aplikoni make-up-in, mbani spray-in 6-8 in\u00e7 larg fytyr\u00ebs dhe sp\u00ebrkatni t\u00eb gjith\u00eb fytyr\u00ebn p\u00ebr t\u00eb hidratuar, primuar dhe l\u00ebmuar pamjen e l\u00ebkur\u00ebs.<br \/>\n3. INTENSIFIKONI: P\u00ebrdoreni p\u00ebr t\u00eb theksuar ngjyr\u00ebn e syzeve! Sp\u00ebrkatni fur\u00e7\u00ebn e syzeve ose eyeliner-it me spray para aplikimit p\u00ebr t\u00eb aplikuar syzet ose liner-in n\u00eb m\u00ebnyr\u00eb uniforme.<br \/>\n4. FIX + REFRESH: Pas aplikimit t\u00eb make-up-it, sp\u00ebrkatni p\u00ebrs\u00ebri mbi t\u00eb gjith\u00eb fytyr\u00ebn nga 6-8 in\u00e7 larg p\u00ebr t\u00eb bllokuar pamjen pa shkrirje, pa zbehje dhe pa grumbullim gjat\u00eb gjith\u00eb dit\u00ebs.<\/p>\n<p><strong>\u26a0\ufe0f Kujdes: Shmangni kontaktin me syt\u00eb<\/strong><\/p>","protected":false},"excerpt":{"rendered":"<p><strong>CHARLOTTE TILBURY<\/strong><br \/>\n<em><strong>AIRBRUSH FLAWLESS SETTING SPRAY<\/strong><\/em><br \/>\n<em>ORIGINAL<\/em><\/p>\n<p>100 ML<\/p>\n<p>Spray fiksues i make-up-it #1 n\u00eb tregun prestigjioz t\u00eb makeup-it n\u00eb Mbret\u00ebrin\u00eb e Bashkuar<\/p>\n<p>Airbrush Flawless Setting Spray \u00ebsht\u00eb nj\u00eb spray hidratues dhe i pap\u00ebrshkuesh\u00ebm nga uji, i cili perdoret si primer\u00a0 dhe si fiksues make-up-in pa ndjesi peshe, duke garantuar nj\u00eb q\u00ebndrueshm\u00ebri deri n\u00eb 16 OR\u00cb!<\/p>","protected":false},"featured_media":6291,"comment_status":"open","ping_status":"closed","template":"","meta":[],"product_brand":[106],"product_cat":[103,147],"product_tag":[],"class_list":{"0":"post-6280","1":"product","2":"type-product","3":"status-publish","4":"has-post-thumbnail","6":"product_brand-charlotte-tilbury","7":"product_cat-best-seller","8":"product_cat-setting-spray","11":"outofstock","12":"shipping-taxable","13":"product-type-variable"},"_links":{"self":[{"href":"https:\/\/perleibeauty.com\/sq\/wp-json\/wp\/v2\/product\/6280","targetHints":{"allow":["GET"]}}],"collection":[{"href":"https:\/\/perleibeauty.com\/sq\/wp-json\/wp\/v2\/product"}],"about":[{"href":"https:\/\/perleibeauty.com\/sq\/wp-json\/wp\/v2\/types\/product"}],"replies":[{"embeddable":true,"href":"https:\/\/perleibeauty.com\/sq\/wp-json\/wp\/v2\/comments?post=6280"}],"version-history":[{"count":1,"href":"https:\/\/perleibeauty.com\/sq\/wp-json\/wp\/v2\/product\/6280\/revisions"}],"predecessor-version":[{"id":10530,"href":"https:\/\/perleibeauty.com\/sq\/wp-json\/wp\/v2\/product\/6280\/revisions\/10530"}],"wp:featuredmedia":[{"embeddable":true,"href":"https:\/\/perleibeauty.com\/sq\/wp-json\/wp\/v2\/media\/6291"}],"wp:attachment":[{"href":"https:\/\/perleibeauty.com\/sq\/wp-json\/wp\/v2\/media?parent=6280"}],"wp:term":[{"taxonomy":"product_brand","embeddable":true,"href":"https:\/\/perleibeauty.com\/sq\/wp-json\/wp\/v2\/product_brand?post=6280"},{"taxonomy":"product_cat","embeddable":true,"href":"https:\/\/perleibeauty.com\/sq\/wp-json\/wp\/v2\/product_cat?post=6280"},{"taxonomy":"product_tag","embeddable":true,"href":"https:\/\/perleibeauty.com\/sq\/wp-json\/wp\/v2\/product_tag?post=6280"}],"curies":[{"name":"wp","href":"https:\/\/api.w.org\/{rel}","templated":true}]}}