{"id":6267,"date":"2025-11-21T10:49:23","date_gmt":"2025-11-21T10:49:23","guid":{"rendered":"https:\/\/perleibeauty.com\/?post_type=product&#038;p=6267"},"modified":"2026-04-15T13:38:58","modified_gmt":"2026-04-15T13:38:58","slug":"nars-powder-blush","status":"publish","type":"product","link":"https:\/\/perleibeauty.com\/sq\/produkt\/nars-powder-blush\/","title":{"rendered":"NARS POWDER BLUSH"},"content":{"rendered":"<p><strong>NARS<\/strong><br \/>\n<strong>POWDER BLUSH<\/strong><br \/>\nBESTSELLER<\/p>\n<p>0.17 oz \/ 4.8 g<\/p>\n<p><strong><em>T\u00cb B\u00cbRI T\u00cb SKUQESH?<\/em><\/strong><\/p>\n<p>NARS \u00ebsht\u00eb autoriteti absolut p\u00ebr t\u00eb t\u00eb b\u00ebr\u00eb t\u00eb skuqesh. Zbulo produktin ikonik, tani n\u00eb nj\u00eb formul\u00eb t\u00eb p\u00ebrmir\u00ebsuar. Me 20 nuanca t\u00eb reja dhe m\u00eb t\u00eb shitura, Blush-i i RI zgjat deri n\u00eb 16 or\u00eb me nj\u00eb ndjesi t\u00eb rehatshme dhe pa pesh\u00eb. Pure Pigment Blend, kombinim inovativ i kat\u00ebr lloje pigmentesh, ofron ngjyr\u00eb t\u00eb fort\u00eb dhe t\u00eb v\u00ebrtet\u00eb. Formula tep\u00ebr e but\u00eb dhe e perditsuar shp\u00ebrndahet leht\u00ebsisht dhe n\u00eb m\u00ebnyr\u00eb t\u00eb nj\u00ebtrajtshme, duke ndihmuar edhe n\u00eb zbutjen e pamjes s\u00eb pap\u00ebrsosm\u00ebris\u00eb. Ka pafund m\u00ebnyra p\u00ebr t\u00eb p\u00ebrdorur blush-in. Cila \u00ebsht\u00eb e jotja?<\/p>\n<p>&nbsp;<\/p>\n<p><em><strong>DETAJET:<\/strong><\/em><br \/>\n\u2022 Zgjat deri n\u00eb 16 or\u00eb<br \/>\n\u2022 Ngjyr\u00eb e past\u00ebr dhe e v\u00ebrtet\u00eb<br \/>\n\u2022 Ndjesi e rehatshme dhe e leht\u00eb<br \/>\n\u2022 Aplikim i but\u00eb dhe i p\u00ebrziersh\u00ebm<br \/>\n\u2022 Zbut pamjen e pap\u00ebrsosm\u00ebris\u00eb<br \/>\n\u2022 Formul\u00eb vegane<br \/>\n\u2022 0.17 oz \/ 4.8 g<br \/>\n\u2022 Blush-i m\u00eb i shitur i NARS, tani i p\u00ebrmir\u00ebsuar n\u00eb 20 nuanca t\u00eb reja dhe ikonike me finish mat, satin\u00eb dhe me shk\u00eblqim.<br \/>\n\u2022 Formula e but\u00eb dhe e p\u00ebrditsuar aplikohet leht\u00ebsisht p\u00ebr t\u00eb dh\u00ebn\u00eb ngjyr\u00eb t\u00eb rehatshme, t\u00eb leht\u00eb dhe q\u00eb zgjat deri n\u00eb 16 or\u00eb, duke ndihmuar n\u00eb zbutjen e pap\u00ebrsosm\u00ebris\u00eb.<\/p>\n<p>&nbsp;<\/p>\n<p><em><strong>TEKNOLOGJIA:<\/strong><\/em><\/p>\n<p>PURE PIGMENT BLEND<br \/>\nP\u00ebrzierje inovative pigmentesh t\u00eb shum\u00ebllojshme t\u00eb bashkuara p\u00ebr rezultate maksimale:<br \/>\n\u2022 Pigmente me origjin\u00eb natyrale ofrojn\u00eb ngjyr\u00eb t\u00eb past\u00ebr dhe reale.<br \/>\n\u2022 Pigmente me baz\u00eb minerale sigurojn\u00eb efekt t\u00eb fort\u00eb.<br \/>\n\u2022 Pigmente p\u00ebrlesente ndihmojn\u00eb n\u00eb zbutjen e pap\u00ebrsosm\u00ebris\u00eb.<br \/>\n\u2022 Pigmente shum\u00eb t\u00eb im\u00ebta dhe t\u00eb micronizuara sigurojn\u00eb aplikim tep\u00ebr t\u00eb but\u00eb dhe t\u00eb p\u00ebrziersh\u00ebm.<\/p>\n<p>&nbsp;<\/p>\n<p><em><strong>K\u00cbSHILLA P\u00cbR APLIKIM:<\/strong><\/em><br \/>\n\u2022 Ngjyra m\u00eb e fort\u00eb shfaqet n\u00eb pik\u00ebn e par\u00eb t\u00eb kontaktit t\u00eb fur\u00e7\u00ebs me l\u00ebkur\u00ebn. Filloni aty ku d\u00ebshironi efektin m\u00eb t\u00eb theksuar.<br \/>\n\u2022 P\u00ebr nj\u00eb skuqje natyrale, f\u00ebrkoni but\u00ebsisht produktin n\u00eb l\u00ebkur\u00eb me l\u00ebvizje rrethore duke p\u00ebrdorur fur\u00e7\u00ebn #16 Blush Brush p\u00ebr ngjyr\u00eb m\u00eb t\u00eb fort\u00eb, ose Yachiyo Brush p\u00ebr nj\u00eb efekt m\u00eb t\u00eb but\u00eb.<br \/>\n\u2022 P\u00ebr nj\u00eb ngjyr\u00eb t\u00eb harmonizuar, kombinoni dy nuanca blush-i. Filloni me nj\u00eb ngjyr\u00eb baz\u00eb q\u00eb jep nj\u00eb nuanc\u00eb t\u00eb leht\u00eb dhe shtoni nj\u00eb ngjyr\u00eb m\u00eb t\u00eb ndezur me ton t\u00eb ngjash\u00ebm n\u00eb moll\u00ebza, pastaj shp\u00ebrndajini p\u00ebr t\u00eb krijuar nj\u00eb kalim t\u00eb but\u00eb.<br \/>\n\u2022 P\u00ebr retushim ose m\u00eb shum\u00eb mbulim, p\u00ebrdorni l\u00ebvizje t\u00eb lehta shtyp\u00ebse p\u00ebr t\u00eb vendosur ngjyr\u00ebn pa prishur baz\u00ebn e aplikuar m\u00eb par\u00eb.<\/p>\n<p>&nbsp;<\/p>\n<p><em><strong>FORMULUAR PA:<\/strong><\/em><\/p>\n<p>P\u00cbRB\u00cbR\u00cbSIT: TALC, SILIKON, ALKOOL, PEG, EDTA, PARABEN, FTALATE, VAJ MINERAL dhe SULFATE.<\/p>\n<p>MICA \u00b7 KAOLIN \u00b7 CAPRYLIC\/CAPRIC TRIGLYCERIDE \u00b7 MAGNESIUM MYRISTATE \u00b7 ZINC STEARATE \u00b7 1,2-HEXANEDIOL \u00b7 CAPRYLYL G<\/p>\n<p>LYCOL \u00b7 SYNTHETIC FLUORPHLOGOPITE \u00b7 OCTYLDODECYL STEAROYL STEARATE \u00b7<\/p>\n<p>[+\/\u2212 (MUND T\u00cb P\u00cbRMBAJ\u00cb): BISMUTH OXYCHLORIDE (CI 77163) \u00b7 IRON OXIDES (CI 77491, CI 77492, CI 77499) \u00b7 RED 28 LAKE (CI 45410) \u00b7 RED 6 (CI 15850) \u00b7 TITANIUM DIOXIDE (CI 77891)]<\/p>\n<p>&nbsp;<\/p>\n<p>777 ORGASM<\/p>\n<p>Roz\u00eb pjeshk\u00eb me shk\u00eblqim t\u00eb art\u00eb<\/p>\n","protected":false},"excerpt":{"rendered":"<p><strong>NARS<\/strong><br \/>\n<strong>POWDER BLUSH<\/strong><\/p>\n<p>0.17 oz \/ 4.8 g<\/p>\n<p>NARS \u00ebsht\u00eb autoriteti absolut p\u00ebr t\u00eb t\u00eb b\u00ebr\u00eb t\u00eb skuqesh. Zbulo produktin ikonik, tani n\u00eb nj\u00eb formul\u00eb t\u00eb p\u00ebrmir\u00ebsuar.Me 20 nuanca t\u00eb reja dhe m\u00eb t\u00eb shitura, Blush-i i RI zgjat deri n\u00eb 16 or\u00eb me nj\u00eb ndjesi t\u00eb rehatshme dhe pa pesh\u00eb.<\/p>","protected":false},"featured_media":6273,"comment_status":"open","ping_status":"closed","template":"","meta":[],"product_brand":[114],"product_cat":[103,145,96],"product_tag":[],"class_list":{"0":"post-6267","1":"product","2":"type-product","3":"status-publish","4":"has-post-thumbnail","6":"product_brand-nars","7":"product_cat-best-seller","8":"product_cat-blush","9":"product_cat-makeup","12":"outofstock","13":"sale","14":"shipping-taxable","15":"purchasable","16":"product-type-simple"},"_links":{"self":[{"href":"https:\/\/perleibeauty.com\/sq\/wp-json\/wp\/v2\/product\/6267","targetHints":{"allow":["GET"]}}],"collection":[{"href":"https:\/\/perleibeauty.com\/sq\/wp-json\/wp\/v2\/product"}],"about":[{"href":"https:\/\/perleibeauty.com\/sq\/wp-json\/wp\/v2\/types\/product"}],"replies":[{"embeddable":true,"href":"https:\/\/perleibeauty.com\/sq\/wp-json\/wp\/v2\/comments?post=6267"}],"version-history":[{"count":2,"href":"https:\/\/perleibeauty.com\/sq\/wp-json\/wp\/v2\/product\/6267\/revisions"}],"predecessor-version":[{"id":10532,"href":"https:\/\/perleibeauty.com\/sq\/wp-json\/wp\/v2\/product\/6267\/revisions\/10532"}],"wp:featuredmedia":[{"embeddable":true,"href":"https:\/\/perleibeauty.com\/sq\/wp-json\/wp\/v2\/media\/6273"}],"wp:attachment":[{"href":"https:\/\/perleibeauty.com\/sq\/wp-json\/wp\/v2\/media?parent=6267"}],"wp:term":[{"taxonomy":"product_brand","embeddable":true,"href":"https:\/\/perleibeauty.com\/sq\/wp-json\/wp\/v2\/product_brand?post=6267"},{"taxonomy":"product_cat","embeddable":true,"href":"https:\/\/perleibeauty.com\/sq\/wp-json\/wp\/v2\/product_cat?post=6267"},{"taxonomy":"product_tag","embeddable":true,"href":"https:\/\/perleibeauty.com\/sq\/wp-json\/wp\/v2\/product_tag?post=6267"}],"curies":[{"name":"wp","href":"https:\/\/api.w.org\/{rel}","templated":true}]}}