{"id":6255,"date":"2025-11-21T10:23:40","date_gmt":"2025-11-21T10:23:40","guid":{"rendered":"https:\/\/perleibeauty.com\/?post_type=product&#038;p=6255"},"modified":"2026-04-15T13:38:58","modified_gmt":"2026-04-15T13:38:58","slug":"benefit-java-blush","status":"publish","type":"product","link":"https:\/\/perleibeauty.com\/sq\/produkt\/benefit-java-blush\/","title":{"rendered":"BENEFIT JAVA BLUSH"},"content":{"rendered":"<p><strong>Benefit<\/strong><br \/>\n<em><strong>Java Blush<\/strong><\/em><br \/>\n6 g \/ Net wt. 0.21 oz<\/p>\n<p>Ky blush n\u00eb ton roz\u00eb-mok\u00eb me finish natyral-mat ngroh dhe thekson menj\u00ebher\u00eb pamjen t\u00ebnde me ngjyr\u00ebn e tij t\u00eb pasur. Me ndjesin\u00eb e tij ultra-t\u00eb but\u00eb, me grimca shum\u00eb t\u00eb im\u00ebta, konsideroje si nj\u00eb shots espresso p\u00ebr moll\u00ebzat e tua. Dhe zgjat m\u00eb shum\u00eb se efekti i kafes\u00eb\u2014mbetet i ndezur edhe gjat\u00eb djersitjes apo prekjes pa dashje.<\/p>\n<p><strong>SI T\u00cb APLIKOHET<\/strong><br \/>\n\u2022 Rrotullo fur\u00e7\u00ebn n\u00eb blush dhe lyeji moll\u00ebzat.<br \/>\n\u2022 P\u00ebrzieje me l\u00ebkur\u00eb t\u00eb past\u00ebr ose mbi fondatin\u00eb.<br \/>\n\u2022 Shto shtresa sipas d\u00ebshir\u00ebs.<\/p>\n<p><strong>\u00c7FAR\u00cb P\u00cbRMBAN<\/strong><\/p>\n<p>P\u00ebrla uji t\u00eb fresk\u00ebt &amp; safir sintetik q\u00eb japin shk\u00eblqim reflektues dhe e b\u00ebjn\u00eb l\u00ebkur\u00ebn t\u00eb duket e l\u00ebmuar &amp; rrezatuese.<\/p>\n<p><strong>P\u00ebrb\u00ebr\u00ebsit:<\/strong><br \/>\nSYNTHETIC FLUORPHLOGOPITE, ZINC STEARATE, LAURYL DIMETHICONE, DIMETHICONE\/VINYL DIMETHICONE CROSSPOLYMER, PENTAERYTHRITYL TETRAISOSTEARATE, ALUMINA, CAPRYLYL GLYCOL, ETHYLHEXYLGLYCERIN, DEHYDROACETIC ACID, TRIETHOXYCAPRYLYLSILANE, PARFUM (AROM\u00cb), LAURETH-4, MICA, PEARL POWDER (PLUHUR PERLE), STEARIC ACID, AQUA (UJ\u00cb), VINYL DIMETHICONE\/METHICONE SILSESQUIOXANE CROSSPOLYMER, TOCOPHEROL.<br \/>\n[+\/- CI 77491, CI 77492, CI 77499 (OKSIDE HEKURI), CI 15850 (RED 7 LAKE), CI 77891 (DIOKSID TITANIUMI)].<br \/>\nN\u00b0 16144<\/p>\n<p>LISTAT E P\u00cbRB\u00cbR\u00cbSVE P\u00cbRDIT\u00cbSOHEN PERIODIKISHT. PARA SE T\u00cb P\u00cbRDORNI NJ\u00cb PRODUKT T\u00cb BENEFIT, LEXONI LIST\u00cbN E P\u00cbRB\u00cbR\u00cbSVE N\u00cb PAKETIM P\u00cbR T\u2019U SIGURUAR Q\u00cb P\u00cbRB\u00cbR\u00cbSIT JAN\u00cb T\u00cb P\u00cbRSHTATSH\u00cbM P\u00cbR P\u00cbRDORIMIN TUAJ PERSONAL.<\/p>\n","protected":false},"excerpt":{"rendered":"<p><strong>Benefit<\/strong><br \/>\n<em><strong>Java Blush<\/strong><\/em><br \/>\n6 g \/ Net wt. 0.21 oz<\/p>\n<p>Ky blush n\u00eb ton roz\u00eb-mok\u00eb me finish natyral-mat ngroh dhe thekson menj\u00ebher\u00eb pamjen t\u00ebnde me ngjyr\u00ebn e tij t\u00eb pasur. Me ndjesin\u00eb e tij ultra-t\u00eb but\u00eb, me grimca shum\u00eb t\u00eb im\u00ebta, konsideroje si nj\u00eb shots espresso p\u00ebr moll\u00ebzat e tua. Dhe zgjat m\u00eb shum\u00eb se efekti i kafes\u00eb\u2014mbetet i ndezur edhe gjat\u00eb djersitjes apo prekjes pa dashje.<\/p>","protected":false},"featured_media":6260,"comment_status":"open","ping_status":"closed","template":"","meta":[],"product_brand":[109],"product_cat":[145,96],"product_tag":[],"class_list":{"0":"post-6255","1":"product","2":"type-product","3":"status-publish","4":"has-post-thumbnail","6":"product_brand-benefit","7":"product_cat-blush","8":"product_cat-makeup","11":"outofstock","12":"sale","13":"shipping-taxable","14":"purchasable","15":"product-type-simple"},"_links":{"self":[{"href":"https:\/\/perleibeauty.com\/sq\/wp-json\/wp\/v2\/product\/6255","targetHints":{"allow":["GET"]}}],"collection":[{"href":"https:\/\/perleibeauty.com\/sq\/wp-json\/wp\/v2\/product"}],"about":[{"href":"https:\/\/perleibeauty.com\/sq\/wp-json\/wp\/v2\/types\/product"}],"replies":[{"embeddable":true,"href":"https:\/\/perleibeauty.com\/sq\/wp-json\/wp\/v2\/comments?post=6255"}],"version-history":[{"count":1,"href":"https:\/\/perleibeauty.com\/sq\/wp-json\/wp\/v2\/product\/6255\/revisions"}],"predecessor-version":[{"id":10533,"href":"https:\/\/perleibeauty.com\/sq\/wp-json\/wp\/v2\/product\/6255\/revisions\/10533"}],"wp:featuredmedia":[{"embeddable":true,"href":"https:\/\/perleibeauty.com\/sq\/wp-json\/wp\/v2\/media\/6260"}],"wp:attachment":[{"href":"https:\/\/perleibeauty.com\/sq\/wp-json\/wp\/v2\/media?parent=6255"}],"wp:term":[{"taxonomy":"product_brand","embeddable":true,"href":"https:\/\/perleibeauty.com\/sq\/wp-json\/wp\/v2\/product_brand?post=6255"},{"taxonomy":"product_cat","embeddable":true,"href":"https:\/\/perleibeauty.com\/sq\/wp-json\/wp\/v2\/product_cat?post=6255"},{"taxonomy":"product_tag","embeddable":true,"href":"https:\/\/perleibeauty.com\/sq\/wp-json\/wp\/v2\/product_tag?post=6255"}],"curies":[{"name":"wp","href":"https:\/\/api.w.org\/{rel}","templated":true}]}}