{"id":6240,"date":"2025-11-20T15:42:37","date_gmt":"2025-11-20T15:42:37","guid":{"rendered":"https:\/\/perleibeauty.com\/?post_type=product&#038;p=6240"},"modified":"2026-04-15T13:38:58","modified_gmt":"2026-04-15T13:38:58","slug":"estee-lauder-pure-color-envy-sculpting-blush","status":"publish","type":"product","link":"https:\/\/perleibeauty.com\/sq\/produkt\/estee-lauder-pure-color-envy-sculpting-blush\/","title":{"rendered":"ESTEE LAUDER PURE COLOR ENVY SCULPTING BLUSH"},"content":{"rendered":"<p><strong>ESTEE LAUDER<\/strong><br \/>\n<em><strong>Pure Color Envy Sculpting Blush<\/strong><\/em><\/p>\n<p>Pud\u00ebr ultra-silky dhe luksoze, q\u00eb ofron definicion t\u00eb theksuar dhe shk\u00eblqim t\u00eb sh\u00ebndetsh\u00ebm ne lekuren tuaj. (P\u00ebrfshin nj\u00eb fur\u00e7\u00eb). Aplikoni k\u00ebt\u00eb pud\u00ebr ne lekure p\u00ebr t\u00eb theksuar konturet dhe p\u00ebr nj\u00eb shk\u00eblqim t\u00eb sh\u00ebndetsh\u00ebm. Gama e nuancave \u00ebsht\u00eb zhvilluar p\u00ebr t\u00eb p\u00ebrshtatur t\u00eb gjitha tonet e l\u00ebkur\u00ebs. Kutia e rip\u00ebrdorshme \u00ebsht\u00eb elegante dhe ndjehet luksoze n\u00eb dor\u00eb. Nga format e saj t\u00eb shndritshme tek cil\u00ebsia e jasht\u00ebzakonshme, kjo \u00ebsht\u00eb glamuri modern, luks q\u00eb zgjat. P\u00ebrfshihet nj\u00eb fur\u00e7\u00eb ekskluzive p\u00ebr aplikim.<\/p>\n<p><strong>\u00c7far\u00eb tjet\u00ebr duhet t\u00eb dini?<\/strong><br \/>\nTestuar nga dermatolog\u00ebt<\/p>\n<p><strong>P\u00ebrb\u00ebr\u00ebsit:<\/strong><br \/>\nK\u00ebrkesa e produktit: Pa alkool<\/p>\n<p>Talc, Isostearyl Palmitate, Phenyl Trimethicone, Silica, Calcium Silicate, Polymethylsilsesquioxane, Vaccinium Macrocarpon (Ekstrakt nga Fryti i Cranberry), Lycium Chinense (Ekstrakt nga Fryti i Wolfberry), Methicone, Methyl Methacrylate Crosspolymer, Caprylyl Glycol, Trimethylsiloxysilicate, Boron Nitride, Polypropylene, Hexylene Glycol, Tin Oxide, Maltodextrin, Phenoxyethanol, [+\/- Mica, Iron Oxides (Ci 77491, Ci 77492, Ci 77499), Titanium Dioxide (Ci 77891), Red 7 Lake (Ci 15850), Red 30 Lake (Ci 73360), Red 30 (Ci 73360), Bismuth Oxychloride (Ci 77163), Carmine (Ci 75470), Yellow 5 Lake (Ci 19140), Blue 1 Lake (Ci 42090), Red 6 (Ci 15850), Red 28 Lake (Ci 45410), Orange 5 Lake (Ci 45370), Yellow 6 Lake (Ci 15985), Ultramarines (Ci 77007)]<\/p>\n<p><strong>Si t\u00eb p\u00ebrdoret?<\/strong><br \/>\nAplikoni n\u00eb faqet e fytyr\u00ebs ose kudo q\u00eb d\u00ebshironi t\u00eb vendosni blush.<\/p>\n<p>Kaloni leht\u00eb p\u00ebr nj\u00eb shk\u00eblqim t\u00eb leht\u00eb. Nd\u00ebrtoni p\u00ebr m\u00eb shum\u00eb intensitet ngjyre.<\/p>\n","protected":false},"excerpt":{"rendered":"<p><strong>ESTEE LAUDER<\/strong><br \/>\n<em><strong>Pure Color Envy Sculpting Blush<\/strong><\/em><\/p>\n<p>Pud\u00ebr ultra-silky dhe luksoze, q\u00eb ofron definicion t\u00eb theksuar dhe shk\u00eblqim t\u00eb sh\u00ebndetsh\u00ebm ne lekuren tuaj. (P\u00ebrfshin nj\u00eb fur\u00e7\u00eb). Aplikoni k\u00ebt\u00eb pud\u00ebr ne lekure p\u00ebr t\u00eb theksuar konturet dhe p\u00ebr nj\u00eb shk\u00eblqim t\u00eb sh\u00ebndetsh\u00ebm. Gama e nuancave \u00ebsht\u00eb zhvilluar p\u00ebr t\u00eb p\u00ebrshtatur t\u00eb gjitha tonet e l\u00ebkur\u00ebs.<\/p>","protected":false},"featured_media":6246,"comment_status":"open","ping_status":"closed","template":"","meta":[],"product_brand":[98],"product_cat":[145,96,166],"product_tag":[],"class_list":{"0":"post-6240","1":"product","2":"type-product","3":"status-publish","4":"has-post-thumbnail","6":"product_brand-estee-lauder","7":"product_cat-blush","8":"product_cat-makeup","9":"product_cat-sale","12":"outofstock","13":"shipping-taxable","14":"product-type-variable"},"_links":{"self":[{"href":"https:\/\/perleibeauty.com\/sq\/wp-json\/wp\/v2\/product\/6240","targetHints":{"allow":["GET"]}}],"collection":[{"href":"https:\/\/perleibeauty.com\/sq\/wp-json\/wp\/v2\/product"}],"about":[{"href":"https:\/\/perleibeauty.com\/sq\/wp-json\/wp\/v2\/types\/product"}],"replies":[{"embeddable":true,"href":"https:\/\/perleibeauty.com\/sq\/wp-json\/wp\/v2\/comments?post=6240"}],"version-history":[{"count":2,"href":"https:\/\/perleibeauty.com\/sq\/wp-json\/wp\/v2\/product\/6240\/revisions"}],"predecessor-version":[{"id":10535,"href":"https:\/\/perleibeauty.com\/sq\/wp-json\/wp\/v2\/product\/6240\/revisions\/10535"}],"wp:featuredmedia":[{"embeddable":true,"href":"https:\/\/perleibeauty.com\/sq\/wp-json\/wp\/v2\/media\/6246"}],"wp:attachment":[{"href":"https:\/\/perleibeauty.com\/sq\/wp-json\/wp\/v2\/media?parent=6240"}],"wp:term":[{"taxonomy":"product_brand","embeddable":true,"href":"https:\/\/perleibeauty.com\/sq\/wp-json\/wp\/v2\/product_brand?post=6240"},{"taxonomy":"product_cat","embeddable":true,"href":"https:\/\/perleibeauty.com\/sq\/wp-json\/wp\/v2\/product_cat?post=6240"},{"taxonomy":"product_tag","embeddable":true,"href":"https:\/\/perleibeauty.com\/sq\/wp-json\/wp\/v2\/product_tag?post=6240"}],"curies":[{"name":"wp","href":"https:\/\/api.w.org\/{rel}","templated":true}]}}