{"id":6219,"date":"2025-11-20T15:11:20","date_gmt":"2025-11-20T15:11:20","guid":{"rendered":"https:\/\/perleibeauty.com\/?post_type=product&#038;p=6219"},"modified":"2026-04-15T13:38:59","modified_gmt":"2026-04-15T13:38:59","slug":"lancome-blush-subtil","status":"publish","type":"product","link":"https:\/\/perleibeauty.com\/sq\/produkt\/lancome-blush-subtil\/","title":{"rendered":"LANCOME BLUSH SUBTIL"},"content":{"rendered":"<p><strong>LANCOME<\/strong><br \/>\n<strong>BLUSH SUBTIL<\/strong><\/p>\n<p>Puder ultra e im\u00ebt, kjo formul\u00eb luksoze dhe shum\u00eb e but\u00eb shkrihet menj\u00ebher\u00eb n\u00eb l\u00ebkur\u00eb p\u00ebr nj\u00eb pamje t\u00eb fresk\u00ebt, natyrale dhe komoditet afatgjat\u00eb.<br \/>\nPigmentet mikronizuar, t\u00eb m\u00ebndafshta dhe ultra t\u00eb im\u00ebta, me finish mat, me shk\u00eblqim ose me vezullim, sigurojn\u00eb aplikim shum\u00eb t\u00eb but\u00eb dhe t\u00eb leht\u00eb p\u00ebr t\u2019u p\u00ebrzier.<br \/>\nNj\u00eb palet\u00eb ngjyrash t\u00eb gjalla q\u00eb i p\u00ebrshtaten tonit t\u00eb l\u00ebkur\u00ebs, e leht\u00eb p\u00ebr t\u2019u aplikuar fal\u00eb fur\u00e7\u00ebs s\u00eb saj.<\/p>\n<p><strong>K\u00ebshilla p\u00ebr aplikim:\u00a0 <\/strong><\/p>\n<p><strong>SI T\u00cb APLIKONI BLUSH SUBTIL?<\/strong><\/p>\n<p>T\u00eb frym\u00ebzuar nga teknikat e disa prej grimier\u00ebve m\u00eb t\u00eb njohur, Lanc\u00f4me ju prezanton tre m\u00ebnyra t\u00eb thjeshta dhe profesionale p\u00ebr t\u00eb ndri\u00e7uar dhe theksuar pamjen e tenit tuaj duke p\u00ebrdorur Blush Subtil:<\/p>\n<p><strong>Si t\u2019i ndri\u00e7oni moll\u00ebzat?<\/strong><br \/>\nAplikoni BLUSH SUBTIL n\u00eb moll\u00ebzat e faqeve, duke e t\u00ebrhequr leht\u00eb drejt tempujve.<br \/>\nTIP: Buz\u00ebqeshni q\u00eb t\u00eb dalloni moll\u00ebzat.<\/p>\n<p><strong>Si t\u2019i theksoni kockat e faqeve?<\/strong><br \/>\nAplikoni BLUSH SUBTIL n\u00eb pjes\u00ebn e sip\u00ebrme t\u00eb moll\u00ebzave dhe rreth k\u00ebndit t\u00eb jasht\u00ebm t\u00eb syrit deri te kockat e vetullave.<br \/>\nTIP: P\u00ebrdorni nj\u00eb nuanc\u00eb m\u00eb t\u00eb \u00e7el\u00ebt p\u00ebr nj\u00eb pamje m\u00eb t\u00eb definuar.<\/p>\n<p><strong>Si t\u2019i skulpturoni kockat e faqeve?<\/strong><br \/>\nVendoseni BLUSH SUBTIL nga k\u00ebndi i sip\u00ebrm i veshit drejt posht\u00eb n\u00ebn moll\u00ebza, paralel me nofull\u00ebn.<br \/>\nTIP: Shtr\u00ebngoni buz\u00ebt p\u00ebr t\u00eb gjetur vij\u00ebn natyrale t\u00eb konturit n\u00ebn moll\u00ebz\u00eb.<\/p>\n<p>P\u00ebr rezultate fantastike mbi ten, kombinoni Blush Subtil me fondatin\u00ebn ton\u00eb m\u00eb t\u00eb shitur Teint Idole Ultra Wear.<\/p>\n<p>&nbsp;<\/p>\n<p><strong>M\u00cb SHUM\u00cb RRETH PRODUKTIT:<\/strong><\/p>\n<p>* Pamje natyrale<br \/>\n* Komoditet afatgjat\u00eb<br \/>\n* I p\u00ebrshtatsh\u00ebm p\u00ebr t\u00eb gjitha tonet e l\u00ebkur\u00ebs<br \/>\n* I leht\u00eb p\u00ebr t\u2019u aplikuar fal\u00eb fur\u00e7\u00ebs s\u00eb tij<\/p>\n<p>&nbsp;<\/p>\n<p><strong>P\u00ebrb\u00ebr\u00ebsit<\/strong><\/p>\n<p>TALC \u2022 HDI\/TRIMETHYLOL HEXYLLACTONE CROSSPOLYMER \u2022 ISONONYL ISONONANOATE \u2022 MAGNESIUM STEARATE \u2022 DIMETHICONE \u2022 LAUROYL LYSINE \u2022 METHICONE \u2022 TIN OXIDE \u2022 CALCIUM ALUMINUM BOROSILICATE \u2022 CALCIUM SODIUM BOROSILICATE \u2022 DIPHENYLSILOXY PHENYL TRIMETHICONE \u2022 SILICA \u2022 ALUMINA \u2022 CAPRYLYL GLYCOL \u2022 SYNTHETIC FLUORPHLOGOPITE \u2022 PARFUM \/ FRAGRANCE \u2022 LINALOOL \u2022 ALPHA-ISOMETHYL IONONE \u2022 HYDROXYCITRONELLAL \u2022 CITRONELLOL \u2022 BUTYLPHENYL METHYLPROPIONAL \u2022 HEXYL CINNAMAL \u2022 BENZYL ALCOHOL \u2022 BENZYL SALICYLATE<\/p>","protected":false},"excerpt":{"rendered":"<p><strong>LANCOME <\/strong><\/p>\n<p><strong>BLUSH SUBTIL<\/strong><\/p>\n<p>Puder ultra e im\u00ebt, kjo formul\u00eb luksoze dhe shum\u00eb e but\u00eb shkrihet menj\u00ebher\u00eb n\u00eb l\u00ebkur\u00eb p\u00ebr nj\u00eb pamje t\u00eb fresk\u00ebt, natyrale dhe komoditet afatgjat\u00eb.<br \/>\nPigmentet mikronizuar, t\u00eb m\u00ebndafshta dhe ultra t\u00eb im\u00ebta, me finish mat, me shk\u00eblqim ose me vezullim, sigurojn\u00eb aplikim shum\u00eb t\u00eb but\u00eb dhe t\u00eb leht\u00eb p\u00ebr t\u2019u p\u00ebrzier.<\/p>","protected":false},"featured_media":6235,"comment_status":"open","ping_status":"closed","template":"","meta":[],"product_brand":[116],"product_cat":[145,96,166],"product_tag":[],"class_list":{"0":"post-6219","1":"product","2":"type-product","3":"status-publish","4":"has-post-thumbnail","6":"product_brand-lancome","7":"product_cat-blush","8":"product_cat-makeup","9":"product_cat-sale","12":"instock","13":"sale","14":"shipping-taxable","15":"purchasable","16":"product-type-variable"},"_links":{"self":[{"href":"https:\/\/perleibeauty.com\/sq\/wp-json\/wp\/v2\/product\/6219","targetHints":{"allow":["GET"]}}],"collection":[{"href":"https:\/\/perleibeauty.com\/sq\/wp-json\/wp\/v2\/product"}],"about":[{"href":"https:\/\/perleibeauty.com\/sq\/wp-json\/wp\/v2\/types\/product"}],"replies":[{"embeddable":true,"href":"https:\/\/perleibeauty.com\/sq\/wp-json\/wp\/v2\/comments?post=6219"}],"version-history":[{"count":1,"href":"https:\/\/perleibeauty.com\/sq\/wp-json\/wp\/v2\/product\/6219\/revisions"}],"predecessor-version":[{"id":9907,"href":"https:\/\/perleibeauty.com\/sq\/wp-json\/wp\/v2\/product\/6219\/revisions\/9907"}],"wp:featuredmedia":[{"embeddable":true,"href":"https:\/\/perleibeauty.com\/sq\/wp-json\/wp\/v2\/media\/6235"}],"wp:attachment":[{"href":"https:\/\/perleibeauty.com\/sq\/wp-json\/wp\/v2\/media?parent=6219"}],"wp:term":[{"taxonomy":"product_brand","embeddable":true,"href":"https:\/\/perleibeauty.com\/sq\/wp-json\/wp\/v2\/product_brand?post=6219"},{"taxonomy":"product_cat","embeddable":true,"href":"https:\/\/perleibeauty.com\/sq\/wp-json\/wp\/v2\/product_cat?post=6219"},{"taxonomy":"product_tag","embeddable":true,"href":"https:\/\/perleibeauty.com\/sq\/wp-json\/wp\/v2\/product_tag?post=6219"}],"curies":[{"name":"wp","href":"https:\/\/api.w.org\/{rel}","templated":true}]}}