{"id":6208,"date":"2025-11-20T14:29:29","date_gmt":"2025-11-20T14:29:29","guid":{"rendered":"https:\/\/perleibeauty.com\/?post_type=product&#038;p=6208"},"modified":"2026-04-15T13:38:59","modified_gmt":"2026-04-15T13:38:59","slug":"hourglass-ambient-lighting-blush-collection","status":"publish","type":"product","link":"https:\/\/perleibeauty.com\/sq\/produkt\/hourglass-ambient-lighting-blush-collection\/","title":{"rendered":"HOURGLASS AMBIENT LIGHTING BLUSH COLLECTION"},"content":{"rendered":"<p><strong>HOURGLASS <\/strong><\/p>\n<p><em><strong>AMBIENT LIGHTING BLUSH COLLECTION<\/strong><\/em><\/p>\n<p>Nj\u00eb formul\u00eb revolucionare hibride q\u00eb kombinon efektet e personalizuara ndri\u00e7uese t\u00eb Ambient Lighting Powder ose Strobe Powder me nj\u00eb gam\u00eb ngjyrash moderne dhe mahnit\u00ebse.<\/p>\n<p>Ndryshe nga blush-i tradicional q\u00eb duket i shesht\u00eb, koleksioni Ambient\u00ae Lighting Blush p\u00ebrdor Teknologjin\u00eb Fotoluminescente p\u00ebr t\u00eb dh\u00ebn\u00eb thell\u00ebsi, dimension dhe p\u00ebrzierje t\u00eb p\u00ebrsosur. Pluhurat e punuar me dor\u00eb krijohen duke p\u00ebrdorur teknik\u00ebn e avancuar miscelare\u2014q\u00eb n\u00eb italisht do t\u00eb thot\u00eb \u201ct\u00eb p\u00ebrziesh\u201d\u2014duke krijuar ekuilibrin ideal mes pigmentit dhe pluhurit. Asnj\u00eb produkt nuk \u00ebsht\u00eb identik me tjetrin.<\/p>\n<p>Koleksioni p\u00ebrmban blush-e t\u00eb ajrosura dhe ultra t\u00eb lehta q\u00eb i p\u00ebrshtaten nj\u00eb game t\u00eb gjer\u00eb ton\u00ebsh t\u00eb l\u00ebkur\u00ebs. Koleksioni origjinal Ambient\u00ae Lighting Blush kombinon pudrat universalisht zbukuruese Ambient Lighting me ngjyra t\u00eb gjalla faqesh p\u00ebr nj\u00eb efekt t\u00eb but\u00eb, multidimensional dhe me shk\u00eblqim natyral. Koleksioni i ri Ambient Strobe Lighting Blush bashkon efektet ndri\u00e7uese t\u00eb Ambient Strobe Powder me ngjyrat moderne p\u00ebr t\u00eb ndri\u00e7uar faqet me shk\u00eblqim t\u00eb brendsh\u00ebm dhe p\u00ebrfundim me shimmer.<\/p>\n<p>&nbsp;<\/p>\n<p><strong>Formula e krijuar PA:<\/strong><br \/>\n\u2022 Parabene<br \/>\n\u2022 Sulfate<br \/>\n\u2022 Ftalate<\/p>\n<p>&nbsp;<\/p>\n<p><strong>\u00c7far\u00eb tjet\u00ebr duhet t\u00eb dini?<\/strong><\/p>\n<p>Grimcat optikisht transparente ndryshojn\u00eb pamjen e l\u00ebkur\u00ebs duke manipuluar dhe p\u00ebrthyer drit\u00ebn n\u00eb m\u00ebnyr\u00eb t\u00eb favorshme. Rezultati \u00ebsht\u00eb l\u00ebkur\u00eb q\u00eb duket e l\u00ebmuar, e nj\u00ebtrajtshme dhe e p\u00ebrmir\u00ebsuar\u2014jo e ngarkuar.<br \/>\nTeknologjia soft-focus ndihmon n\u00eb:<br \/>\n\u2022 zbutjen e rrudhave dhe pap\u00ebrsosm\u00ebrive,<br \/>\n\u2022 neutralizimin e ndryshimeve t\u00eb ngjyr\u00ebs,<br \/>\n\u2022 krijimin e efektit t\u00eb l\u00ebkur\u00ebs s\u00eb re, t\u00eb sh\u00ebndetshme.<\/p>\n<p>Nga themeluesja Carisa Janes:<br \/>\n\u201cBlush-i tradicional shpesh duket i shesht\u00eb, ndaj u frym\u00ebzova t\u00eb krijoj di\u00e7ka shum\u00eb m\u00eb t\u00eb nj\u00ebtrajtshme. Ambient Lighting Blush bashkon dy formula t\u00eb avancuara p\u00ebr t\u00eb krijuar di\u00e7ka krejt\u00ebsisht t\u00eb re. Nuk ka asgj\u00eb t\u00eb ngjashme n\u00eb treg.\u201d<\/p>\n<p>Produktet Hourglass jan\u00eb 100% cruelty-free.<\/p>\n<p>&nbsp;<\/p>\n<p><strong>P\u00ebrb\u00ebr\u00ebsit:<\/strong><\/p>\n<p>Mica, Synthetic Fluorphlogopite, Boron Nitride, HDI\/Trimethylol Hexyllactone Crosspolymer, Polymethyl Methacrylate, Octyldodecanol, Polymethylsilsesquioxane, Dimethicone, Sorbic Acid, Trimethylsiloxysilicate, Sodium Dehydroacetate, Magnesium Aluminum Silicate, Phenoxyethanol, Silica, Polyacrylamide, C13-14 Isoparaffin, Benzoic Acid, Dehydroacetic Acid, Potassium Sorbate, Laureth-7, Ethylhexylglycerin, Diamond Powder, Sorbitan Sesquioleate, Bismuth Oxychloride (CI 77163), Iron Oxides (CI 77491, CI 77492, CI 77499), Titanium Dioxide (CI 77891), Red 7 Lake (CI 15850), Yellow 5 Lake (CI 19140), Ultramarines (CI 77007).<\/p>\n<p>Sh\u00ebnim: Lista e p\u00ebrb\u00ebr\u00ebsve mund t\u00eb ndryshoj\u00eb si pjes\u00eb e angazhimit t\u00eb Hourglass ndaj inovacionit dhe p\u00ebrputhjes globale. Kontrolloni gjithmon\u00eb list\u00ebn n\u00eb paketimin q\u00eb merrni.<\/p>\n<p>&nbsp;<\/p>\n<p><strong>Si t\u00eb P\u00ebrdoret?<\/strong><\/p>\n<p>Udh\u00ebzime t\u00eb rekomanduara:<br \/>\n\u2022 P\u00ebrdorni fur\u00e7\u00ebn Foundation\/Blush Brush dhe levizeni ne t\u00eb gjith\u00eb pllakat\u00ebn e blush-it p\u00ebr t\u00eb marr\u00eb ekuilibrin perfekt mes pigmentit dhe pluhurit.<br \/>\n\u2022 Aplikojeni n\u00eb faqe dhe p\u00ebrhapeni lart.<\/p>\n<p>&nbsp;<\/p>\n<p>Ngjyra: At Night \u2013 e kuqe tull\u00eb e kombinuar me drit\u00eb rrezatuese p\u00ebr nj\u00eb shk\u00eblqim t\u00eb gjall\u00eb, si flak\u00eb zjarri<\/p>","protected":false},"excerpt":{"rendered":"<p><strong>HOURGLASS <\/strong><\/p>\n<p><em><strong>AMBIENT LIGHTING BLUSH COLLECTION<\/strong><\/em><\/p>\n<p>Nj\u00eb formul\u00eb revolucionare hibride q\u00eb kombinon efektet e personalizuara ndri\u00e7uese t\u00eb Ambient Lighting Powder ose Strobe Powder me nj\u00eb gam\u00eb ngjyrash moderne dhe mahnit\u00ebse.<\/p>","protected":false},"featured_media":6211,"comment_status":"open","ping_status":"closed","template":"","meta":[],"product_brand":[108],"product_cat":[145,96],"product_tag":[],"class_list":{"0":"post-6208","1":"product","2":"type-product","3":"status-publish","4":"has-post-thumbnail","6":"product_brand-hourglass","7":"product_cat-blush","8":"product_cat-makeup","11":"outofstock","12":"shipping-taxable","13":"product-type-variable"},"_links":{"self":[{"href":"https:\/\/perleibeauty.com\/sq\/wp-json\/wp\/v2\/product\/6208","targetHints":{"allow":["GET"]}}],"collection":[{"href":"https:\/\/perleibeauty.com\/sq\/wp-json\/wp\/v2\/product"}],"about":[{"href":"https:\/\/perleibeauty.com\/sq\/wp-json\/wp\/v2\/types\/product"}],"replies":[{"embeddable":true,"href":"https:\/\/perleibeauty.com\/sq\/wp-json\/wp\/v2\/comments?post=6208"}],"version-history":[{"count":1,"href":"https:\/\/perleibeauty.com\/sq\/wp-json\/wp\/v2\/product\/6208\/revisions"}],"predecessor-version":[{"id":10110,"href":"https:\/\/perleibeauty.com\/sq\/wp-json\/wp\/v2\/product\/6208\/revisions\/10110"}],"wp:featuredmedia":[{"embeddable":true,"href":"https:\/\/perleibeauty.com\/sq\/wp-json\/wp\/v2\/media\/6211"}],"wp:attachment":[{"href":"https:\/\/perleibeauty.com\/sq\/wp-json\/wp\/v2\/media?parent=6208"}],"wp:term":[{"taxonomy":"product_brand","embeddable":true,"href":"https:\/\/perleibeauty.com\/sq\/wp-json\/wp\/v2\/product_brand?post=6208"},{"taxonomy":"product_cat","embeddable":true,"href":"https:\/\/perleibeauty.com\/sq\/wp-json\/wp\/v2\/product_cat?post=6208"},{"taxonomy":"product_tag","embeddable":true,"href":"https:\/\/perleibeauty.com\/sq\/wp-json\/wp\/v2\/product_tag?post=6208"}],"curies":[{"name":"wp","href":"https:\/\/api.w.org\/{rel}","templated":true}]}}