{"id":6200,"date":"2025-11-20T14:09:16","date_gmt":"2025-11-20T14:09:16","guid":{"rendered":"https:\/\/perleibeauty.com\/?post_type=product&#038;p=6200"},"modified":"2026-04-15T13:38:59","modified_gmt":"2026-04-15T13:38:59","slug":"hourglass-vanish-blush-stick","status":"publish","type":"product","link":"https:\/\/perleibeauty.com\/sq\/produkt\/hourglass-vanish-blush-stick\/","title":{"rendered":"HOURGLASS VANISH BLUSH STICK"},"content":{"rendered":"<p><strong>HOURGLASS<\/strong><br \/>\n<strong>VANISH BLUSH STICK<\/strong><\/p>\n<p>Nj\u00eb blush kremoz n\u00eb form\u00eb stick-u q\u00eb ofron ngjyr\u00eb t\u00eb leht\u00eb dhe pa pesh\u00eb p\u00ebr nj\u00eb p\u00ebrfundim q\u00eb p\u00ebrsosur per pamjen e l\u00ebkur\u00ebs. Formula e tij e but\u00eb \u201ccream-to-powder\u201d nderthuret leht\u00ebsisht me l\u00ebkur\u00ebn p\u00ebr nj\u00eb shk\u00eblqim natyral, nd\u00ebrsa zbeh pamjen e poreve p\u00ebr nj\u00eb finish t\u00eb p\u00ebrsosur. Me maj\u00ebn unike trek\u00ebndore dhe p\u00ebrzierjen e emolient\u00ebve dhe antioksidant\u00ebve, ofron aplikim t\u00eb sakt\u00eb, t\u00eb leht\u00eb dhe t\u00eb rr\u00ebshqitsh\u00ebm.<\/p>\n<p><strong>DISPONUESHME N\u00cb 6 NUANCA:<\/strong><br \/>\n\u2022 Adore \u2013 Manaferr\u00eb e ndezur<br \/>\n\u2022 Devoted \u2013 Roz\u00eb e pluhurosur<br \/>\n\u2022 Loyal \u2013 Drur\u00eb tr\u00ebndafili<br \/>\n\u2022 Revel \u2013 E kuqe e ngroht\u00eb (Warm Scarlet)<br \/>\n\u2022 Sacred \u2013 Koral pjeshke<br \/>\n\u2022 Wonder \u2013 Pjeshk\u00eb e but\u00eb<\/p>\n<p><strong>KARAKTERISTIKA DHE P\u00cbRFITIME:<\/strong><br \/>\n\u2022 Formula e shtueshme p\u00ebrzihet leht\u00ebsisht p\u00ebr nj\u00eb p\u00ebrfundim t\u00eb but\u00eb dhe t\u00eb nj\u00ebtrajtsh\u00ebm<br \/>\n\u2022 Formul\u00eb kremoze q\u00eb kthehet n\u00eb pud\u00ebr, pa pesh\u00eb<br \/>\n\u2022 Zbeh duksh\u00ebm pamjen e poreve<br \/>\n\u2022 Maja trek\u00ebndore p\u00ebrqafohet leht\u00ebsisht me konturet e faqeve p\u00ebr precizion m\u00eb t\u00eb madh<br \/>\n\u2022 100% Vegan dhe e pa testuar tek kafshet (CRUELTY FREE)<\/p>\n<p>&nbsp;<\/p>\n<p><strong>P\u00cbRB\u00cbR\u00cbSIT KY\u00c7:<\/strong><br \/>\n\u2022 Antioksidant\u00eb: Mbajn\u00eb l\u00ebkur\u00ebn t\u00eb ushqyer dhe t\u00eb hidratuar<br \/>\n\u2022 Emolient\u00eb: Sigurojn\u00eb ndjesi komode gjat\u00eb mbajtjes dhe ruajn\u00eb lag\u00ebshtin\u00eb e l\u00ebkur\u00ebs<\/p>\n<p>&nbsp;<\/p>\n<p><strong>SI T\u00cb P\u00cbRDORET?<\/strong><\/p>\n<p>Aplikoni Vanish Blush Stick n\u00eb konturet dhe moll\u00ebzat e faqeve. P\u00ebrhapeni lart me majat e gishtave ose me fur\u00e7\u00eb.<br \/>\n\u2022 P\u00ebr ngjyr\u00eb m\u00eb t\u00eb fort\u00eb, aplikoni me\u00a0 Foundation Brush<br \/>\n\u2022 P\u00ebr ngjyr\u00eb t\u00eb but\u00eb dhe t\u00eb shp\u00ebrndar\u00eb, p\u00ebrdorni fur\u00e7\u00ebn\u00a0 Blush Brush<br \/>\n\u2022 P\u00ebr nj\u00eb nuanc\u00eb t\u00eb leht\u00eb, aplikojeni me gisht dhe shtoni sipas d\u00ebshir\u00ebs<\/p>\n<p><strong>K\u00cbSHILL\u00cb PROFESIONALE:<\/strong><br \/>\nP\u00ebr nj\u00eb shk\u00eblqim t\u00eb ndritsh\u00ebm, shtresoni dhe p\u00ebrzieni Vanish Blush Stick sip\u00ebr Vanish Flash Highlighting Stick.<\/p>\n<p><strong>FORMULUAR PA:<\/strong><br \/>\n\u2022 Gluten<br \/>\n\u2022 Vaj<br \/>\n\u2022 Parabene<br \/>\n\u2022 Ftalate<br \/>\n\u2022 Sulfate<br \/>\n\u2022 Arom\u00eb<br \/>\n\u2022 Talk<br \/>\n\u2022 Nuk testohet te kafsh\u00ebt \u2014 nj\u00eb mark\u00eb krenarisht \u201ccruelty free\u201d<\/p>","protected":false},"excerpt":{"rendered":"<p><strong>HOURGLASS<\/strong><br \/>\n<strong>VANISH BLUSH STICK<\/strong><\/p>\n<p>Nj\u00eb blush kremoz n\u00eb form\u00eb stick-u q\u00eb ofron ngjyr\u00eb t\u00eb leht\u00eb dhe pa pesh\u00eb p\u00ebr nj\u00eb p\u00ebrfundim q\u00eb p\u00ebrsosur per pamjen e l\u00ebkur\u00ebs. Formula e tij e but\u00eb \u201ccream-to-powder\u201d nderthuret leht\u00ebsisht me l\u00ebkur\u00ebn p\u00ebr nj\u00eb shk\u00eblqim natyral, nd\u00ebrsa zbeh pamjen e poreve p\u00ebr nj\u00eb finish t\u00eb p\u00ebrsosur. Me maj\u00ebn unike trek\u00ebndore dhe p\u00ebrzierjen e emolient\u00ebve dhe antioksidant\u00ebve, ofron aplikim t\u00eb sakt\u00eb, t\u00eb leht\u00eb dhe t\u00eb rr\u00ebshqitsh\u00ebm.<\/p>","protected":false},"featured_media":6204,"comment_status":"open","ping_status":"closed","template":"","meta":[],"product_brand":[108],"product_cat":[145,96],"product_tag":[],"class_list":{"0":"post-6200","1":"product","2":"type-product","3":"status-publish","4":"has-post-thumbnail","6":"product_brand-hourglass","7":"product_cat-blush","8":"product_cat-makeup","11":"instock","12":"sale","13":"shipping-taxable","14":"purchasable","15":"product-type-variable"},"_links":{"self":[{"href":"https:\/\/perleibeauty.com\/sq\/wp-json\/wp\/v2\/product\/6200","targetHints":{"allow":["GET"]}}],"collection":[{"href":"https:\/\/perleibeauty.com\/sq\/wp-json\/wp\/v2\/product"}],"about":[{"href":"https:\/\/perleibeauty.com\/sq\/wp-json\/wp\/v2\/types\/product"}],"replies":[{"embeddable":true,"href":"https:\/\/perleibeauty.com\/sq\/wp-json\/wp\/v2\/comments?post=6200"}],"version-history":[{"count":1,"href":"https:\/\/perleibeauty.com\/sq\/wp-json\/wp\/v2\/product\/6200\/revisions"}],"predecessor-version":[{"id":9916,"href":"https:\/\/perleibeauty.com\/sq\/wp-json\/wp\/v2\/product\/6200\/revisions\/9916"}],"wp:featuredmedia":[{"embeddable":true,"href":"https:\/\/perleibeauty.com\/sq\/wp-json\/wp\/v2\/media\/6204"}],"wp:attachment":[{"href":"https:\/\/perleibeauty.com\/sq\/wp-json\/wp\/v2\/media?parent=6200"}],"wp:term":[{"taxonomy":"product_brand","embeddable":true,"href":"https:\/\/perleibeauty.com\/sq\/wp-json\/wp\/v2\/product_brand?post=6200"},{"taxonomy":"product_cat","embeddable":true,"href":"https:\/\/perleibeauty.com\/sq\/wp-json\/wp\/v2\/product_cat?post=6200"},{"taxonomy":"product_tag","embeddable":true,"href":"https:\/\/perleibeauty.com\/sq\/wp-json\/wp\/v2\/product_tag?post=6200"}],"curies":[{"name":"wp","href":"https:\/\/api.w.org\/{rel}","templated":true}]}}