{"id":6182,"date":"2025-11-20T13:52:47","date_gmt":"2025-11-20T13:52:47","guid":{"rendered":"https:\/\/perleibeauty.com\/?post_type=product&#038;p=6182"},"modified":"2026-04-15T13:38:59","modified_gmt":"2026-04-15T13:38:59","slug":"hourglass-unreal-liquid-blush","status":"publish","type":"product","link":"https:\/\/perleibeauty.com\/sq\/produkt\/hourglass-unreal-liquid-blush\/","title":{"rendered":"HOURGLASS UNREAL LIQUID BLUSH"},"content":{"rendered":"<p><strong>Hourglass &#8211; <\/strong><strong>Unreal Liquid Blush<\/strong><\/p>\n<p>Nj\u00eb blush i l\u00ebngsh\u00ebm q\u00eb zbut dhe mbush l\u00ebkur\u00ebn me hidratim, duke dh\u00ebn\u00eb ngjyr\u00eb t\u00eb nd\u00ebrtueshme dhe natyrale q\u00eb q\u00ebndron deri n\u00eb 12 or\u00eb.<\/p>\n<p>Mbulesa: E leht\u00eb<br \/>\nP\u00ebrfundimi: Natyral<br \/>\nFormulimi: I l\u00ebngsh\u00ebm<\/p>\n<p><strong>\u00c7far\u00eb tjet\u00ebr duhet t\u00eb dini?<\/strong><\/p>\n<p>I pasuruar me Unreal Lifting Complex t\u00eb Hourglass, ky formulim si serum hidraton menj\u00ebher\u00eb p\u00ebr t\u00eb forcuar dhe ngritur duksh\u00ebm faqet, duke dh\u00ebn\u00eb ngjyr\u00eb t\u00eb leht\u00eb dhe t\u00eb q\u00ebndrueshme gjat\u00eb gjith\u00eb dit\u00ebs. Paketimi inovativ p\u00ebrfshin nj\u00eb pikatore t\u00eb sakt\u00eb p\u00ebr t\u00eb personalizuar pamjen \u2014 nga nj\u00eb shtres\u00eb delikate ngjyre deri te nj\u00eb nuanc\u00eb m\u00eb e fort\u00eb dhe e ndezur.<\/p>\n<p><strong>P\u00ebrb\u00ebr\u00ebsit Kryesore:<\/strong><br \/>\n\u2022 Acid Hialuronik: Ndihmon n\u00eb t\u00ebrheqjen e ujit p\u00ebr t\u00eb mbushur l\u00ebkur\u00ebn me hidratim.<br \/>\n\u2022 Ekstrakt i ricikluar i far\u00ebs s\u00eb White Lupin: Forcon duksh\u00ebm l\u00ebkur\u00ebn p\u00ebr nj\u00eb pamje t\u00eb l\u00ebmuar.<\/p>\n<p>P\u00ebrb\u00ebr\u00ebsit q\u00eb mungojn\u00eb n\u00eb formul\u00eb: Pa parabene, ftalate, vaj mineral dhe triklosan. Produkt vegan, pa gluten dhe cruelty-free.<\/p>\n<p><strong>Lista e plot\u00eb e p\u00ebrb\u00ebr\u00ebsve:<\/strong><br \/>\nCaprylic\/Capric Triglyceride, Isoamyl Laurate, Hydrogenated Polydecene, Synthetic Fluorphlogopite, Diisostearyl Malate, Isododecane, Octyldodecanol, Trimethylsiloxysilicate, Stearalkonium Hectorite, Propylene Carbonate, Sorbitan Sesquioleate, Vp\/Hexadecene Copolymer, Helianthus Annuus (Sunflower) Seed Oil, Dimethicone, Caprylyl Glycol, Benzotriazolyl Dodecyl P-Cresol, Ethylhexylglycerin, Ricinus Communis (Castor) Seed Oil, 1,2-Hexanediol, Lupinus Albus Seed Extract, Sorbitan Olivate, Tocopherol, Sodium Hyaluronate, Caproic Acid, Red 7 (CI 15850), Yellow 6 Lake (CI 15985), Iron Oxide (CI 77499), Titanium Dioxide (CI 77891).<\/p>\n<p>Sh\u00ebnim: Lista e p\u00ebrb\u00ebr\u00ebsve mund t\u00eb ndryshoj\u00eb me kalimin e koh\u00ebs si pjes\u00eb e inovacionit dhe p\u00ebrputhshm\u00ebris\u00eb globale. P\u00ebr t\u2019u siguruar, kontrolloni gjithmon\u00eb list\u00ebn e p\u00ebrb\u00ebr\u00ebsve n\u00eb paketimin e produktit q\u00eb merrni.<\/p>\n<p>&nbsp;<\/p>\n<p><strong>Si t\u00eb P\u00ebrdoret?<\/strong><\/p>\n<p>Udh\u00ebzime t\u00eb sugjeruara:<br \/>\n\u2022 Tundeni mir\u00eb me kapakun mbyllur para p\u00ebrdorimit.<br \/>\n\u2022 Hiqni kapakun, ktheni shishen me kok\u00eb posht\u00eb dhe shtypni but\u00ebsisht butonin e posht\u00ebm p\u00ebr t\u00eb nxjerr\u00eb nj\u00eb pik\u00eb n\u00eb pjes\u00ebn e pasme t\u00eb dor\u00ebs.<br \/>\n\u2022 M\u00eb pas, p\u00ebrdorni fur\u00e7\u00ebn Blush Brush\u00a0 p\u00ebr t\u00eb marr\u00eb nj\u00eb sasi t\u00eb vog\u00ebl duke p\u00ebrdorur l\u00ebvizje \u201cstippling\u201d.<br \/>\n\u2022 Trokitni leht\u00eb fur\u00e7\u00ebn duke filluar nga moll\u00ebzat, pastaj p\u00ebrhapeni dhe p\u00ebrzieni lart drejt kock\u00ebs s\u00eb faqes.<\/p>\n<p>&nbsp;<\/p>\n<p>Ngjyra: Imagine \u2013 terrakot\u00eb e pasur<\/p>","protected":false},"excerpt":{"rendered":"<p><strong>Hourglass &#8211; <\/strong><strong>Unreal Liquid Blush<\/strong><\/p>\n<p>Nj\u00eb blush i l\u00ebngsh\u00ebm q\u00eb zbut dhe mbush l\u00ebkur\u00ebn me hidratim, duke dh\u00ebn\u00eb ngjyr\u00eb t\u00eb nd\u00ebrtueshme dhe natyrale q\u00eb q\u00ebndron deri n\u00eb 12 or\u00eb.<\/p>\n<p>Mbulesa: E leht\u00eb<br \/>\nP\u00ebrfundimi: Natyral<br \/>\nFormulimi: I l\u00ebngsh\u00ebm<\/p>","protected":false},"featured_media":6198,"comment_status":"open","ping_status":"closed","template":"","meta":[],"product_brand":[108],"product_cat":[145,96],"product_tag":[],"class_list":{"0":"post-6182","1":"product","2":"type-product","3":"status-publish","4":"has-post-thumbnail","6":"product_brand-hourglass","7":"product_cat-blush","8":"product_cat-makeup","11":"instock","12":"sale","13":"shipping-taxable","14":"purchasable","15":"product-type-variable"},"_links":{"self":[{"href":"https:\/\/perleibeauty.com\/sq\/wp-json\/wp\/v2\/product\/6182","targetHints":{"allow":["GET"]}}],"collection":[{"href":"https:\/\/perleibeauty.com\/sq\/wp-json\/wp\/v2\/product"}],"about":[{"href":"https:\/\/perleibeauty.com\/sq\/wp-json\/wp\/v2\/types\/product"}],"replies":[{"embeddable":true,"href":"https:\/\/perleibeauty.com\/sq\/wp-json\/wp\/v2\/comments?post=6182"}],"version-history":[{"count":1,"href":"https:\/\/perleibeauty.com\/sq\/wp-json\/wp\/v2\/product\/6182\/revisions"}],"predecessor-version":[{"id":9915,"href":"https:\/\/perleibeauty.com\/sq\/wp-json\/wp\/v2\/product\/6182\/revisions\/9915"}],"wp:featuredmedia":[{"embeddable":true,"href":"https:\/\/perleibeauty.com\/sq\/wp-json\/wp\/v2\/media\/6198"}],"wp:attachment":[{"href":"https:\/\/perleibeauty.com\/sq\/wp-json\/wp\/v2\/media?parent=6182"}],"wp:term":[{"taxonomy":"product_brand","embeddable":true,"href":"https:\/\/perleibeauty.com\/sq\/wp-json\/wp\/v2\/product_brand?post=6182"},{"taxonomy":"product_cat","embeddable":true,"href":"https:\/\/perleibeauty.com\/sq\/wp-json\/wp\/v2\/product_cat?post=6182"},{"taxonomy":"product_tag","embeddable":true,"href":"https:\/\/perleibeauty.com\/sq\/wp-json\/wp\/v2\/product_tag?post=6182"}],"curies":[{"name":"wp","href":"https:\/\/api.w.org\/{rel}","templated":true}]}}