{"id":6169,"date":"2025-11-20T13:07:02","date_gmt":"2025-11-20T13:07:02","guid":{"rendered":"https:\/\/perleibeauty.com\/?post_type=product&#038;p=6169"},"modified":"2026-04-15T13:38:59","modified_gmt":"2026-04-15T13:38:59","slug":"charlotte-tilbury-cheek-to-chic","status":"publish","type":"product","link":"https:\/\/perleibeauty.com\/sq\/produkt\/charlotte-tilbury-cheek-to-chic\/","title":{"rendered":"CHARLOTTE TILBURY CHEEK TO CHIC"},"content":{"rendered":"<p><strong>CHARLOTTE TILBURY<\/strong><br \/>\n<em><strong>CHEEK TO CHIC<\/strong><\/em><\/p>\n<p>BLUSHI Cheek to Chic n\u00eb nuanc\u00ebn Ecstasy ka nj\u00eb tekstur\u00eb kremoze, plot ngjyr\u00eb, n\u00eb nj\u00eb ton pjeshke\u2013roz\u00eb mahnit\u00ebs q\u00eb i jep jet\u00eb l\u00ebkur\u00ebs s\u00eb zbeht\u00eb.<\/p>\n<p><strong>\u00c7FAR\u00cb E B\u00cbN CHEEK TO CHIC MAGJIK?<\/strong><br \/>\n\u2022 Light Flex Technology kap dhe pasqyron drit\u00ebn p\u00ebr nj\u00eb ten me shk\u00eblqim.<br \/>\n\u2022 Pigmentet e pasura me ngjyr\u00eb jan\u00eb rrotulluar n\u00eb perl\u00ebza t\u00eb imta q\u00eb zbusin dhe l\u00ebmojn\u00eb l\u00ebkur\u00ebn p\u00ebr nj\u00eb p\u00ebrzierje perfekte dhe uniformitet\u00a0 pa t\u00eb met\u00eb t\u00eb ngjyr\u00ebs.<br \/>\n\u2022 Formula \u00ebsht\u00eb e nd\u00ebrtueshme p\u00ebr nj\u00eb shk\u00eblqim t\u00eb sh\u00ebndetsh\u00ebm, t\u00eb p\u00ebrkryer dhe t\u00eb nj\u00ebtrajtsh\u00ebm.<br \/>\n\u2022 Nj\u00eb koleksion prej 6 nuancash \u2018Swish &amp; Pop\u2019 q\u00eb p\u00ebrfaq\u00ebsojn\u00eb 6 ngjyrat e dashuris\u00eb, nga \u2018First Love\u2019 te \u2018Ecstasy\u2019 e deri te \u2018Sex on Fire\u2019.<br \/>\n\u2022 Pa paraben\u00eb<\/p>\n<p><strong>P\u00cbRB\u00cbR\u00cbS MAGJIK\u00cb:<\/strong><br \/>\n\u2022 Pluhur i mikronizuar p\u00ebr nj\u00eb shk\u00eblqim \u00ebndrrash dhe nj\u00eb tekstur\u00eb m\u00eb t\u00eb but\u00eb se m\u00ebndafshi.<br \/>\n\u2022 Ester\u00eb emolient\u00eb p\u00ebr nj\u00eb ndjesi t\u00eb m\u00ebndafsht\u00eb dhe shp\u00ebrndarje t\u00eb nj\u00ebtrajtshme t\u00eb ngjyr\u00ebs.<br \/>\n\u2022 Light Flex Technology krijon efektin e kapjes dhe rirr\u00ebfimit t\u00eb drit\u00ebs me pamje rrezatuese.<br \/>\n\u2022 Pigmentet e pasura me ngjyr\u00eb, t\u00eb punuara n\u00eb perl\u00ebza t\u00eb imta, krijojn\u00eb nj\u00eb pamje m\u00eb t\u00eb l\u00ebmuar t\u00eb l\u00ebkur\u00ebs me p\u00ebrzierje t\u00eb shk\u00eblqyer dhe uniformitet perfekt t\u00eb ngjyr\u00ebs.<\/p>\n<p><strong>LISTA E PLOT\u00cb E P\u00cbRB\u00cbR\u00cbSVE:<\/strong><br \/>\nTalc, Mica, Isononyl Isononanoate, Oryza Sativa (Rice) Starch, Dimethicone, Zea Mays (Corn) Starch, Zinc Stearate, Caprylyl Glycol, Phenoxyethanol, Dimethiconol, Hexylene Glycol, Octyldodecyl Stearoyl Stearate, Polymethylsilsesquioxane, Silica, Trimethylsiloxysilicate, Red 7 Lake (CI 15850), Tin Oxide (CI 77861), [Mund t\u00eb P\u00ebrmbaj\u00eb: Titanium Dioxide (CI 77891), Iron Oxides (CI 77491, CI 77491, CI 77499), Carmine (CI 75470), Manganese Violet (CI 77742), Red 6 (CI 15850), Yellow 5 Lake (19140)]<\/p>\n<p>&nbsp;<\/p>\n<p><strong>SI T\u00cb P\u00cbDORNI:<\/strong><\/p>\n<p>SWISH: Rrotullojeni fur\u00e7\u00ebn rreth nuanc\u00ebs s\u00eb jashtme dhe hiqni tepric\u00ebn. Rr\u00ebshqiteni fur\u00e7\u00ebn shesht\u00eb p\u00ebrgjat\u00eb moll\u00ebz\u00ebs, duke filluar nga \u201cmolla\u201d e faqes drejt lart, p\u00ebr t\u00eb strukturuar fytyr\u00ebn.<\/p>\n<p>POP: Me maj\u00ebn e fur\u00e7\u00ebs, merrni ngjyr\u00ebn n\u00eb qend\u00ebr dhe hiqni tepric\u00ebn. Aplikojeni n\u00eb qend\u00ebr t\u00eb moll\u00ebzave p\u00ebr t\u2019i dh\u00ebn\u00eb shk\u00eblqim dhe gjall\u00ebri, pastaj nd\u00ebrthurni but\u00ebsisht t\u00eb dyja nuancat.<\/p>\n<p>K\u00ebshilla e Tilbury: Aplikoni gjithmon\u00eb BLUSH-IT n\u00eb fund t\u00eb grimimit q\u00eb t\u00eb shihni sakt\u00ebsisht sa ngjyr\u00eb ju nevojitet.<\/p>\n","protected":false},"excerpt":{"rendered":"<p><strong>CHARLOTTE TILBURY<\/strong><br \/>\n<em><strong>CHEEK TO CHIC<\/strong><\/em><\/p>\n<p>BLUSHI Cheek to Chic n\u00eb nuanc\u00ebn Ecstasy ka nj\u00eb tekstur\u00eb kremoze, plot ngjyr\u00eb, n\u00eb nj\u00eb ton pjeshke\u2013roz\u00eb mahnit\u00ebs q\u00eb i jep jet\u00eb l\u00ebkur\u00ebs s\u00eb zbeht\u00eb.<\/p>\n<p>Sasia: 8 g<\/p>","protected":false},"featured_media":6178,"comment_status":"open","ping_status":"closed","template":"","meta":[],"product_brand":[106],"product_cat":[103,145,96,166],"product_tag":[],"class_list":{"0":"post-6169","1":"product","2":"type-product","3":"status-publish","4":"has-post-thumbnail","6":"product_brand-charlotte-tilbury","7":"product_cat-best-seller","8":"product_cat-blush","9":"product_cat-makeup","10":"product_cat-sale","13":"outofstock","14":"shipping-taxable","15":"product-type-variable"},"_links":{"self":[{"href":"https:\/\/perleibeauty.com\/sq\/wp-json\/wp\/v2\/product\/6169","targetHints":{"allow":["GET"]}}],"collection":[{"href":"https:\/\/perleibeauty.com\/sq\/wp-json\/wp\/v2\/product"}],"about":[{"href":"https:\/\/perleibeauty.com\/sq\/wp-json\/wp\/v2\/types\/product"}],"replies":[{"embeddable":true,"href":"https:\/\/perleibeauty.com\/sq\/wp-json\/wp\/v2\/comments?post=6169"}],"version-history":[{"count":2,"href":"https:\/\/perleibeauty.com\/sq\/wp-json\/wp\/v2\/product\/6169\/revisions"}],"predecessor-version":[{"id":10537,"href":"https:\/\/perleibeauty.com\/sq\/wp-json\/wp\/v2\/product\/6169\/revisions\/10537"}],"wp:featuredmedia":[{"embeddable":true,"href":"https:\/\/perleibeauty.com\/sq\/wp-json\/wp\/v2\/media\/6178"}],"wp:attachment":[{"href":"https:\/\/perleibeauty.com\/sq\/wp-json\/wp\/v2\/media?parent=6169"}],"wp:term":[{"taxonomy":"product_brand","embeddable":true,"href":"https:\/\/perleibeauty.com\/sq\/wp-json\/wp\/v2\/product_brand?post=6169"},{"taxonomy":"product_cat","embeddable":true,"href":"https:\/\/perleibeauty.com\/sq\/wp-json\/wp\/v2\/product_cat?post=6169"},{"taxonomy":"product_tag","embeddable":true,"href":"https:\/\/perleibeauty.com\/sq\/wp-json\/wp\/v2\/product_tag?post=6169"}],"curies":[{"name":"wp","href":"https:\/\/api.w.org\/{rel}","templated":true}]}}