{"id":6160,"date":"2025-11-20T12:48:47","date_gmt":"2025-11-20T12:48:47","guid":{"rendered":"https:\/\/perleibeauty.com\/?post_type=product&#038;p=6160"},"modified":"2026-04-15T13:38:59","modified_gmt":"2026-04-15T13:38:59","slug":"charlotte-tilbury-cheek-to-chic-pillow-talk","status":"publish","type":"product","link":"https:\/\/perleibeauty.com\/sq\/produkt\/charlotte-tilbury-cheek-to-chic-pillow-talk\/","title":{"rendered":"CHARLOTTE TILBURY CHEEK TO CHIC PILLOW TALK"},"content":{"rendered":"<p><strong>CHARLOTTE TILBURY <\/strong><\/p>\n<p><em><strong>CHEEK TO CHIC PILLOW TALK ORIGINAL<\/strong><\/em><\/p>\n<p>Rikthimi i blush-it m\u00eb te famshem\u00a0 dhe m\u00eb t\u00eb shitur Pillow Talk n\u00eb nuanc\u00eb roz\u00eb ka shkaktuar &#8220;MANI MAKEUP-I&#8221; n\u00eb mbar\u00eb bot\u00ebn! Me grimca t\u00eb arta vezulluese n\u00eb \u00e7do nuanc\u00eb, ky blush i jep menj\u00ebher\u00eb nj\u00eb shk\u00eblqim t\u00eb sh\u00ebndetsh\u00ebm lekures tuaj p\u00ebr nj\u00eb ndri\u00e7im mahnit\u00ebs!<br \/>\nP\u00ebrfundoni look-un tuaj ikonik t\u00eb historis\u00eb s\u00eb dashuris\u00eb Pillow Talk me k\u00ebt\u00eb blush, i cili kombinohet n\u00eb m\u00ebnyr\u00eb t\u00eb p\u00ebrkryer me Luxury Palette t\u00eb re, Lip Liner-in fitues \u00e7mimesh dhe Matte Lipstick.<\/p>\n<p>4 ikona bukurie Pillow Talk shiten \u00c7DO MINUT\u00cb!<br \/>\nBazuar n\u00eb shifrat globale t\u00eb shitjeve p\u00ebr produktet individuale Pillow Talk nga tetori 2019 \u2013 shtatori 2020.<\/p>\n<p>Cheek to Chic Pillow Talk, Blushi #1 n\u00eb tregun e luksit n\u00eb Mbret\u00ebrin\u00eb e Bashkuar<\/p>\n<p>\u2022 Sasia: 8 g<\/p>\n<p><strong>P\u00cbRB\u00cbR\u00cbSIT MAGJIK\u00cb:<\/strong><br \/>\n\u2022 Pluhur i mikronizuar p\u00ebr nj\u00eb shk\u00eblqim \u00ebndrrash dhe tekstur\u00eb m\u00eb t\u00eb but\u00eb se m\u00ebndafshi<br \/>\n\u2022 Ester\u00eb emolient\u00eb p\u00ebr nj\u00eb ndjesi t\u00eb m\u00ebndafsht\u00eb dhe shp\u00ebrndarje t\u00eb nj\u00ebtrajtshme t\u00eb ngjyr\u00ebs<br \/>\n\u2022 Light Flex Technology krijon efektin e kapjes dhe rirr\u00ebfimit t\u00eb drit\u00ebs me shk\u00eblqim<br \/>\n\u2022 Pigmentet e pasura me ngjyr\u00eb, t\u00eb punuara n\u00eb perl\u00ebza t\u00eb imta, krijojn\u00eb nj\u00eb pamje m\u00eb t\u00eb l\u00ebmuar t\u00eb l\u00ebkur\u00ebs me p\u00ebrzierje t\u00eb shk\u00eblqyer dhe uniformitet perfekt t\u00eb ngjyr\u00ebs<\/p>\n<p>&nbsp;<\/p>\n<p><strong>LISTA E PLOT\u00cb E P\u00cbRB\u00cbR\u00cbSVE:<\/strong><\/p>\n<p>TALC, MICA, ISONONYL ISONONANOATE, ORYZA SATIVA (RICE) STARCH, DIMETHICONE, ZEA MAYS (CORN) STARCH, ZINC STEARATE, CAPRYLYL GLYCOL, PHENOXYETHANOL, DIMETHICONOL, HEXYLENE GLYCOL, POLYMETHYLSILSESQUIOXANE, SILICA, TRIMETHYLSILOXYSILICATE, TIN OXIDE, [+\/- TITANIUM DIOXIDE (CI 77891), IRON OXIDES (CI 77491, CI 77492, CI 77499), RED 7 LAKE (CI 15850), ULTRAMARINES (CI 77007)].<\/p>\n<p>&nbsp;<\/p>\n<p><strong>SI T\u00cb P\u00cbDORNI:<\/strong><\/p>\n<p>SWISH:<br \/>\nRrotullojeni fur\u00e7\u00ebn rreth nuanc\u00ebs s\u00eb jashtme dhe hiqni tepric\u00ebn. Rr\u00ebshqiteni fur\u00e7\u00ebn shesht\u00eb p\u00ebrgjat\u00eb moll\u00ebz\u00ebs, duke filluar nga \u201cmolla\u201d e faqes drejt lart p\u00ebr t\u00eb strukturuar fytyr\u00ebn.<\/p>\n<p>POP:<br \/>\nMe maj\u00ebn e fur\u00e7\u00ebs, merrni ngjyr\u00ebn n\u00eb qend\u00ebr dhe hiqni tepric\u00ebn. Aplikojeni n\u00eb qend\u00ebr t\u00eb moll\u00ebzave p\u00ebr t\u2019i b\u00ebr\u00eb t\u00eb duken m\u00eb t\u00eb gjalla dhe me shk\u00eblqim, pastaj nd\u00ebrthurni but\u00ebsisht t\u00eb dyja nuancat.<\/p>\n<p><strong>K\u00ebshilla e Tilbury:<\/strong><br \/>\nAplikojeni gjithmon\u00eb Blushin n\u00eb fund t\u00eb grimimit q\u00eb t\u00eb shihni sakt\u00ebsisht sa ngjyr\u00eb ju nevojitet.<\/p>\n","protected":false},"excerpt":{"rendered":"<p><strong>CHARLOTTE TILBURY <\/strong><\/p>\n<p><em><strong>CHEEK TO CHIC PILLOW TALK ORIGINAL<\/strong><\/em><\/p>\n<p>Rikthimi i blush-it m\u00eb te famshem\u00a0 dhe m\u00eb t\u00eb shitur Pillow Talk n\u00eb nuanc\u00eb roz\u00eb ka shkaktuar &#8220;MANI MAKEUP-I&#8221; n\u00eb mbar\u00eb bot\u00ebn! Me grimca t\u00eb arta vezulluese n\u00eb \u00e7do nuanc\u00eb, ky blush i jep menj\u00ebher\u00eb nj\u00eb shk\u00eblqim t\u00eb sh\u00ebndetsh\u00ebm lekures tuaj p\u00ebr nj\u00eb ndri\u00e7im mahnit\u00ebs!<\/p>","protected":false},"featured_media":6166,"comment_status":"open","ping_status":"closed","template":"","meta":[],"product_brand":[106],"product_cat":[103,145,96,166],"product_tag":[],"class_list":{"0":"post-6160","1":"product","2":"type-product","3":"status-publish","4":"has-post-thumbnail","6":"product_brand-charlotte-tilbury","7":"product_cat-best-seller","8":"product_cat-blush","9":"product_cat-makeup","10":"product_cat-sale","13":"instock","14":"shipping-taxable","15":"purchasable","16":"product-type-variable"},"_links":{"self":[{"href":"https:\/\/perleibeauty.com\/sq\/wp-json\/wp\/v2\/product\/6160","targetHints":{"allow":["GET"]}}],"collection":[{"href":"https:\/\/perleibeauty.com\/sq\/wp-json\/wp\/v2\/product"}],"about":[{"href":"https:\/\/perleibeauty.com\/sq\/wp-json\/wp\/v2\/types\/product"}],"replies":[{"embeddable":true,"href":"https:\/\/perleibeauty.com\/sq\/wp-json\/wp\/v2\/comments?post=6160"}],"version-history":[{"count":1,"href":"https:\/\/perleibeauty.com\/sq\/wp-json\/wp\/v2\/product\/6160\/revisions"}],"predecessor-version":[{"id":10071,"href":"https:\/\/perleibeauty.com\/sq\/wp-json\/wp\/v2\/product\/6160\/revisions\/10071"}],"wp:featuredmedia":[{"embeddable":true,"href":"https:\/\/perleibeauty.com\/sq\/wp-json\/wp\/v2\/media\/6166"}],"wp:attachment":[{"href":"https:\/\/perleibeauty.com\/sq\/wp-json\/wp\/v2\/media?parent=6160"}],"wp:term":[{"taxonomy":"product_brand","embeddable":true,"href":"https:\/\/perleibeauty.com\/sq\/wp-json\/wp\/v2\/product_brand?post=6160"},{"taxonomy":"product_cat","embeddable":true,"href":"https:\/\/perleibeauty.com\/sq\/wp-json\/wp\/v2\/product_cat?post=6160"},{"taxonomy":"product_tag","embeddable":true,"href":"https:\/\/perleibeauty.com\/sq\/wp-json\/wp\/v2\/product_tag?post=6160"}],"curies":[{"name":"wp","href":"https:\/\/api.w.org\/{rel}","templated":true}]}}