{"id":6151,"date":"2025-11-20T11:41:17","date_gmt":"2025-11-20T11:41:17","guid":{"rendered":"https:\/\/perleibeauty.com\/?post_type=product&#038;p=6151"},"modified":"2026-04-15T13:38:59","modified_gmt":"2026-04-15T13:38:59","slug":"huda-beauty-pretty-grunge-face-gloss","status":"publish","type":"product","link":"https:\/\/perleibeauty.com\/sq\/produkt\/huda-beauty-pretty-grunge-face-gloss\/","title":{"rendered":"HUDA BEAUTY PRETTY GRUNGE FACE GLOSS"},"content":{"rendered":"<p><strong>Huda Beauty <\/strong><br \/>\n<em><strong>Pretty Grunge Face Gloss<\/strong><\/em><br \/>\nSize: 6G<\/p>\n<p>Nj\u00eb gloss ndri\u00e7ues n\u00eb edicion t\u00eb limituar\/ limited edition, me nj\u00eb formul\u00eb t\u00eb tejdukshme shum\u00ebp\u00ebrdorim\u00ebshe q\u00eb i jep nj\u00eb shk\u00eblqim t\u00eb ndritsh\u00ebm buz\u00ebve dhe faqeve.<br \/>\nI formuluar me pH-Bloom, ky gloss ne trajt\u00eb xheli \u00ebsht\u00eb transparent n\u00eb momentin e aplikimit, por p\u00ebrshtatet me pH-n\u00eb e l\u00ebkur\u00ebs duke u shnd\u00ebrruar n\u00eb nj\u00eb nuanc\u00eb t\u00eb leht\u00eb \u201cPunk Pink\u201d \u2013 nj\u00eb roz\u00eb me reflektim t\u00eb but\u00eb dhe ndjesi m\u00ebndafshi.<\/p>\n<p>&nbsp;<\/p>\n<p>Glosi p\u00ebr fytyr\u00ebn, i leht\u00eb, jo ngjit\u00ebs dhe shum\u00eb i thjesht\u00eb p\u00ebr t\u2019u p\u00ebrdorur, shkrihet leht\u00ebsisht n\u00eb l\u00ebkur\u00eb duke krijuar nj\u00eb p\u00ebrfundim natyral, me shk\u00eblqim t\u00eb lag\u00ebsht (dewy).<br \/>\nKy efekt e zbut pamjen \u201cgrunge\u201d (stil i \u00e7rregullt, alternativ) dhe e b\u00ebn m\u00eb t\u00ebrheq\u00ebse e fem\u00ebrore.<br \/>\nKombinimi i stilimit t\u00eb pap\u00ebrpunuar \u201cgrunge\u201d me nj\u00eb glos roz\u00eb e t\u00eb l\u00ebmuar krijon nj\u00eb pamje \u201cglossy grunge\u201d, pra nj\u00eb version m\u00eb i but\u00eb, m\u00eb i rafinuar dhe m\u00eb i p\u00ebrdorsh\u00ebm i stilit klasik grunge.<\/p>\n<p>&nbsp;<\/p>\n<p><strong>CFAR\u00cb E B\u00cbN KAQ T\u00cb VECANT\u00cb?<\/strong><br \/>\n\u2022 Mund t\u00eb p\u00ebrdoret si p\u00ebr buz\u00ebt, ashtu edhe p\u00ebr faqet<br \/>\n\u2022 Teknologjia pH-Bloom jep ngjyr\u00eb t\u00eb personalizuar dhe t\u00eb tejdukshme<br \/>\n\u2022 Aplikim i leht\u00eb, perfekt p\u00ebr ta p\u00ebrdorur n\u00eb l\u00ebvizje<br \/>\n\u2022 Jep efekt me shk\u00eblqim natyral dhe pa ngjitje<\/p>\n<p>&nbsp;<\/p>\n<p><strong>T\u00cb TJERA Q\u00cb DUHET T\u00cb DINI:<\/strong><\/p>\n<p>Ky produkt \u00ebsht\u00eb pjes\u00eb e koleksionit \u201cPretty Grunge\u201d, i cili ka p\u00ebr q\u00ebllim t\u00eb b\u00ebj\u00eb stilin grunge m\u00eb t\u00eb bukur dhe m\u00eb fem\u00ebror \u2013 nj\u00eb pamje menj\u00ebher\u00eb ikone, q\u00eb kombinon t\u00eb eg\u00ebr\u00ebn me t\u00eb but\u00ebn.<\/p>\n<p>&nbsp;<\/p>\n<p><strong>SI T\u00cb P\u00cbRDORET:<\/strong><\/p>\n<p>Aplikoje sip\u00ebr kujdesit t\u00eb l\u00ebkur\u00ebs ose sip\u00ebr grimit p\u00ebr t\u2019i dh\u00ebn\u00eb fytyr\u00ebs shk\u00eblqim dhe ngjyr\u00eb t\u00eb personalizuar me efekt t\u00eb lag\u00ebsht (dewy look).<\/p>\n<p>&nbsp;<\/p>\n<p><strong>SEKRETI I HUD\u00cbS:<\/strong><\/p>\n<p>P\u00ebrdor majat e gishtave p\u00ebr ta ngrohur glosin dhe aktivizuar teknologjin\u00eb pH-Bloom, pastaj aplikoje n\u00eb buz\u00eb dhe faqe p\u00ebr nj\u00eb pamje t\u00eb fresk\u00ebt dhe t\u00eb ndritshme.<\/p>","protected":false},"excerpt":{"rendered":"<p><strong>Huda Beauty <\/strong><br \/>\n<em><strong>Pretty Grunge Face Gloss<\/strong><\/em><br \/>\nSize: 6G<\/p>\n<p>Nj\u00eb gloss ndri\u00e7ues n\u00eb edicion t\u00eb limituar\/ limited edition, me nj\u00eb formul\u00eb t\u00eb tejdukshme shum\u00ebp\u00ebrdorim\u00ebshe q\u00eb i jep nj\u00eb shk\u00eblqim t\u00eb ndritsh\u00ebm buz\u00ebve dhe faqeve.<br \/>\nI formuluar me pH-Bloom, ky gloss ne trajt\u00eb xheli \u00ebsht\u00eb transparent n\u00eb momentin e aplikimit, por p\u00ebrshtatet me pH-n\u00eb e l\u00ebkur\u00ebs duke u shnd\u00ebrruar n\u00eb nj\u00eb nuanc\u00eb t\u00eb leht\u00eb \u201cPunk Pink\u201d \u2013 nj\u00eb roz\u00eb me reflektim t\u00eb but\u00eb dhe ndjesi m\u00ebndafshi.<\/p>\n<p>&nbsp;<\/p>","protected":false},"featured_media":6155,"comment_status":"open","ping_status":"closed","template":"","meta":[],"product_brand":[107],"product_cat":[145,96,166],"product_tag":[],"class_list":{"0":"post-6151","1":"product","2":"type-product","3":"status-publish","4":"has-post-thumbnail","6":"product_brand-huda-beauty","7":"product_cat-blush","8":"product_cat-makeup","9":"product_cat-sale","12":"instock","13":"shipping-taxable","14":"purchasable","15":"product-type-variable"},"_links":{"self":[{"href":"https:\/\/perleibeauty.com\/sq\/wp-json\/wp\/v2\/product\/6151","targetHints":{"allow":["GET"]}}],"collection":[{"href":"https:\/\/perleibeauty.com\/sq\/wp-json\/wp\/v2\/product"}],"about":[{"href":"https:\/\/perleibeauty.com\/sq\/wp-json\/wp\/v2\/types\/product"}],"replies":[{"embeddable":true,"href":"https:\/\/perleibeauty.com\/sq\/wp-json\/wp\/v2\/comments?post=6151"}],"version-history":[{"count":1,"href":"https:\/\/perleibeauty.com\/sq\/wp-json\/wp\/v2\/product\/6151\/revisions"}],"predecessor-version":[{"id":10088,"href":"https:\/\/perleibeauty.com\/sq\/wp-json\/wp\/v2\/product\/6151\/revisions\/10088"}],"wp:featuredmedia":[{"embeddable":true,"href":"https:\/\/perleibeauty.com\/sq\/wp-json\/wp\/v2\/media\/6155"}],"wp:attachment":[{"href":"https:\/\/perleibeauty.com\/sq\/wp-json\/wp\/v2\/media?parent=6151"}],"wp:term":[{"taxonomy":"product_brand","embeddable":true,"href":"https:\/\/perleibeauty.com\/sq\/wp-json\/wp\/v2\/product_brand?post=6151"},{"taxonomy":"product_cat","embeddable":true,"href":"https:\/\/perleibeauty.com\/sq\/wp-json\/wp\/v2\/product_cat?post=6151"},{"taxonomy":"product_tag","embeddable":true,"href":"https:\/\/perleibeauty.com\/sq\/wp-json\/wp\/v2\/product_tag?post=6151"}],"curies":[{"name":"wp","href":"https:\/\/api.w.org\/{rel}","templated":true}]}}