{"id":6145,"date":"2025-11-20T11:23:01","date_gmt":"2025-11-20T11:23:01","guid":{"rendered":"https:\/\/perleibeauty.com\/?post_type=product&#038;p=6145"},"modified":"2026-04-15T13:38:59","modified_gmt":"2026-04-15T13:38:59","slug":"benefit-high-beam-highlighter","status":"publish","type":"product","link":"https:\/\/perleibeauty.com\/sq\/produkt\/benefit-high-beam-highlighter\/","title":{"rendered":"BENEFIT HIGH BEAM HIGHLIGHTER"},"content":{"rendered":"<p><strong>Benefit<\/strong><br \/>\n<em><strong>High Beam <\/strong><\/em><em><strong>Satiny Pink Complexion Highlighter<\/strong><\/em><\/p>\n<p>6.0 mL \/ 0.2 US fl. oz.<\/p>\n<p>\u00c7far\u00eb n\u00ebse mund t\u00eb keni gjith\u00eb hijeshin\u00eb e nj\u00eb balerine\u2026 pa or\u00ebt e gjata t\u00eb st\u00ebrvitjes?<br \/>\nShk\u00eblqimi i but\u00eb dhe i ndritsh\u00ebm i High Beam ju lejon ta b\u00ebni k\u00ebt\u00eb \u00ebnd\u00ebrr realitet. Me nj\u00eb nuanc\u00eb t\u00eb but\u00eb ballet-pink, ky highlighter i l\u00ebngsh\u00ebm\u00a0 \u00a0 \u00a0 \u00a0(i kompletuar me aplikator preciz) aplikohet bukur n\u00ebn ose mbi makeup, p\u00ebr nj\u00eb shk\u00eblqim subtil ose p\u00ebr nj\u00eb shk\u00eblqim qendror q\u00eb t\u00ebrheq v\u00ebmendjen.<\/p>\n<p>Formula e High Beam \u00ebsht\u00eb m\u00ebndafshi dhe e but\u00eb, dhe shk\u00eblqimi i tij do te ndri\u00e7oj mbi fytyr\u00ebn tuaj.<\/p>\n<p><strong>SI TA APLIKONI:<\/strong><br \/>\n\u2022 Vendoseni n\u00eb zonat q\u00eb kapin drit\u00ebn.<br \/>\n\u2022 Pastaj p\u00ebrziejeni leht\u00eb me gishta ose fur\u00e7\u00eb p\u00ebr nj\u00eb efekt natyral dhe t\u00eb l\u00ebmuar.<\/p>\n<p><strong>INGREDIENTET:<\/strong><\/p>\n<p>AQUA (UJ\u00cb), CAPRYLIC\/CAPRIC\/SUCCINIC TRIGLYCERIDE, MICA, PENTYLENE GLYCOL, POLYMETHYL METHACRYLATE, DIMETHICONE, LIMNANTHES ALBA (MEADOWFOAM) SEED OIL, DIMETHICONE PEG-7 PHOSPHATE, TRIMETHYLSILOXYSILICATE, HYDROXYETHYL ACRYLATE\/SODIUM ACRYLOYLDIMETHYL TAURATE COPOLYMER, PHENOXYETHANOL, STEARETH-21, SQUALANE, CAPRYLYL GLYCOL, STEARETH-2, TOCOPHERYL ACETATE, POLYSORBATE 60, SODIUM STEAROYL GLUTAMATE, BUTYLENE GLYCOL, SORBITAN ISOSTEARATE, SODIUM HYDROXIDE.<br \/>\n[+\/\u2013: CI 12085 (RED 36, RED 36 LAKE), CI 15850 (RED 6, RED 7, RED 7 LAKE), CI 15985 (YELLOW 6, YELLOW 6 LAKE), CI 19140 (YELLOW 5, YELLOW 5 LAKE), CI 42090 (BLUE 1 LAKE), CI 45380 (RED 21, RED 21 LAKE, RED 22 LAKE), CI 45410 (RED 27, RED 27 LAKE, RED 28 LAKE), CI 73360 (RED 30, RED 30 LAKE), CI 77891 (TITANIUM DIOXIDE), CI 77163 (BISMUTH OXYCHLORIDE), CI 77491, CI 77492, CI 77499 (IRON OXIDES), CI 77742 (MANGANESE VIOLET)].<\/p>\n","protected":false},"excerpt":{"rendered":"<p><strong>Benefit<\/strong><br \/>\n<em><strong>High Beam <\/strong><\/em><em><strong>Satiny Pink Complexion Highlighter<\/strong><\/em><\/p>\n<p>6.0 mL \/ 0.2 US fl. oz.<\/p>\n<p><em>Formula e High Beam \u00ebsht\u00eb m\u00ebndafshi dhe e but\u00eb, dhe shk\u00eblqimi i tij do te ndri\u00e7oj mbi fytyr\u00ebn tuaj.\u00a0<\/em><\/p>","protected":false},"featured_media":6146,"comment_status":"open","ping_status":"closed","template":"","meta":[],"product_brand":[109],"product_cat":[150,96],"product_tag":[],"class_list":{"0":"post-6145","1":"product","2":"type-product","3":"status-publish","4":"has-post-thumbnail","6":"product_brand-benefit","7":"product_cat-highlighter","8":"product_cat-makeup","11":"outofstock","12":"shipping-taxable","13":"purchasable","14":"product-type-variable"},"_links":{"self":[{"href":"https:\/\/perleibeauty.com\/sq\/wp-json\/wp\/v2\/product\/6145","targetHints":{"allow":["GET"]}}],"collection":[{"href":"https:\/\/perleibeauty.com\/sq\/wp-json\/wp\/v2\/product"}],"about":[{"href":"https:\/\/perleibeauty.com\/sq\/wp-json\/wp\/v2\/types\/product"}],"replies":[{"embeddable":true,"href":"https:\/\/perleibeauty.com\/sq\/wp-json\/wp\/v2\/comments?post=6145"}],"version-history":[{"count":1,"href":"https:\/\/perleibeauty.com\/sq\/wp-json\/wp\/v2\/product\/6145\/revisions"}],"predecessor-version":[{"id":10538,"href":"https:\/\/perleibeauty.com\/sq\/wp-json\/wp\/v2\/product\/6145\/revisions\/10538"}],"wp:featuredmedia":[{"embeddable":true,"href":"https:\/\/perleibeauty.com\/sq\/wp-json\/wp\/v2\/media\/6146"}],"wp:attachment":[{"href":"https:\/\/perleibeauty.com\/sq\/wp-json\/wp\/v2\/media?parent=6145"}],"wp:term":[{"taxonomy":"product_brand","embeddable":true,"href":"https:\/\/perleibeauty.com\/sq\/wp-json\/wp\/v2\/product_brand?post=6145"},{"taxonomy":"product_cat","embeddable":true,"href":"https:\/\/perleibeauty.com\/sq\/wp-json\/wp\/v2\/product_cat?post=6145"},{"taxonomy":"product_tag","embeddable":true,"href":"https:\/\/perleibeauty.com\/sq\/wp-json\/wp\/v2\/product_tag?post=6145"}],"curies":[{"name":"wp","href":"https:\/\/api.w.org\/{rel}","templated":true}]}}