{"id":6130,"date":"2025-11-20T11:06:15","date_gmt":"2025-11-20T11:06:15","guid":{"rendered":"https:\/\/perleibeauty.com\/?post_type=product&#038;p=6130"},"modified":"2026-04-15T13:38:59","modified_gmt":"2026-04-15T13:38:59","slug":"fenty-beauty-by-rihanna-match-stix-shimmer-skinstick","status":"publish","type":"product","link":"https:\/\/perleibeauty.com\/sq\/produkt\/fenty-beauty-by-rihanna-match-stix-shimmer-skinstick\/","title":{"rendered":"FENTY BEAUTY BY RIHANNA \u2013 MATCH STIX SHIMMER SKINSTICK-( PA KUTI)"},"content":{"rendered":"<p><strong>FENTY BEAUTY BY RIHANNA \u2013 <em>MATCH STIX SHIMMER SKINSTICK<\/em><\/strong><\/p>\n<p><em>Q\u00cbNDRUESHMERI E GJATE DHE E LEHT\u00cb SI AJRI!<\/em><\/p>\n<p>Nj\u00eb stick makeup-i me q\u00ebndrueshm\u00ebri t\u00eb gjat\u00eb dhe formul\u00eb t\u00eb leht\u00eb si ajri, p\u00ebr t\u00eb ndri\u00e7uar dhe p\u00ebr t\u00eb\u00a0 theksuar fytyr\u00ebn.<\/p>\n<p>Shimmer Skinsticks ju lejon t\u00eb ndri\u00e7oni\u00a0 dhe t\u00eb theksoni fytyr\u00ebn n\u00eb m\u00ebnyra q\u00eb nuk i kishit imagjinuar. Ky highlighter stick me formul\u00eb krem n\u00eb pluhur \u00ebsht\u00eb i leht\u00eb, i sfumuesh\u00ebm dhe i p\u00ebrshtatsh\u00ebm p\u00ebr ri-aplikim.<\/p>\n<p>P\u00ebrzijeni dhe kombinoni me ngjyrat tuaja t\u00eb preferuara p\u00ebr nj\u00eb shk\u00eblqim glamuroz.<\/p>\n<p><strong>Specifika:<\/strong><br \/>\n\u2022 Fenty Beauty \u00ebsht\u00eb 100% pa testim mbi kafsh\u00eb (cruelty-free).<br \/>\n\u2022 Pesh\u00eb: 0.25 oz \/ 7.10 g<br \/>\n\u2022 Nuanca vegane: Rum, Sinamon, Starstruck, Champagne Heist, Crown\u2019d dhe Truffle Spark.<\/p>\n<p><strong>Si ta aplikoni:<\/strong><br \/>\nP\u00ebr hapin e dyt\u00eb t\u00eb Fenty Face, aplikoni highlighter-in! Match Stix SHIMMER Skinstick kalojeni mbi l\u00ebkur\u00eb dhe p\u00ebrziejeni me gishta ose me\u00a0 Highlighter Brush.<\/p>\n<p>Inspirimi i Rihann\u00ebs:<br \/>\n\u201cM\u00eb p\u00eblqen t\u2019i shoh k\u00ebto Shimmer Skinsticks si\u00e7 shoh rrobat e mia n\u00eb dollap. A jam arg\u00ebtuese? A jam e \u00e7uditshme? A jam sexy? A jam ekstra? A jam \u201cgirl next door\u201d? Ju vendosni. Q\u00ebllimi \u00ebsht\u00eb, ka kaq shum\u00eb dhe jan\u00eb kaq t\u00eb k\u00ebndshme. Mund t\u2019i mblidhni, t\u2019i magnetizoni dhe t\u2019i p\u00ebrdorni sipas humorit tuaj, veshjes, vendit ku shkon dhe rastit.\u201d<\/p>\n<p><strong>Update i paketimit:<\/strong><br \/>\nMagnet\u00ebt shpesh p\u00ebrdorin burime jo t\u00eb rinovueshme, prandaj po i heqim gradualisht nga koleksioni Match Stix p\u00ebr t\u00eb ulur ndikimin mbi mjedisin. Gjith\u00e7ka tjet\u00ebr mbetet e nj\u00ebjt\u00eb n\u00eb formul\u00eb dhe paketim.<\/p>","protected":false},"excerpt":{"rendered":"<p><strong>FENTY BEAUTY BY RIHANNA \u2013 <em>MATCH STIX SHIMMER SKINSTICK<\/em><\/strong><\/p>\n<p><em>Q\u00cbNDRUESHMERI E GJATE DHE E LEHT\u00cb SI AJRI!<\/em><\/p>\n<p>Nj\u00eb stick makeup-i me q\u00ebndrueshm\u00ebri t\u00eb gjat\u00eb dhe formul\u00eb t\u00eb leht\u00eb si ajri, p\u00ebr t\u00eb ndri\u00e7uar dhe p\u00ebr t\u00eb\u00a0 theksuar fytyr\u00ebn.<\/p>\n<p>Shimmer Skinsticks ju lejon t\u00eb ndri\u00e7oni\u00a0 dhe t\u00eb theksoni fytyr\u00ebn n\u00eb m\u00ebnyra q\u00eb nuk i kishit imagjinuar. Ky highlighter stick me formul\u00eb krem n\u00eb pluhur \u00ebsht\u00eb i leht\u00eb, i sfumuesh\u00ebm dhe i p\u00ebrshtatsh\u00ebm p\u00ebr ri-aplikim.<\/p>","protected":false},"featured_media":6141,"comment_status":"open","ping_status":"closed","template":"","meta":[],"product_brand":[137],"product_cat":[150,96],"product_tag":[],"class_list":{"0":"post-6130","1":"product","2":"type-product","3":"status-publish","4":"has-post-thumbnail","6":"product_brand-fenty","7":"product_cat-highlighter","8":"product_cat-makeup","11":"outofstock","12":"shipping-taxable","13":"product-type-variable"},"_links":{"self":[{"href":"https:\/\/perleibeauty.com\/sq\/wp-json\/wp\/v2\/product\/6130","targetHints":{"allow":["GET"]}}],"collection":[{"href":"https:\/\/perleibeauty.com\/sq\/wp-json\/wp\/v2\/product"}],"about":[{"href":"https:\/\/perleibeauty.com\/sq\/wp-json\/wp\/v2\/types\/product"}],"replies":[{"embeddable":true,"href":"https:\/\/perleibeauty.com\/sq\/wp-json\/wp\/v2\/comments?post=6130"}],"version-history":[{"count":1,"href":"https:\/\/perleibeauty.com\/sq\/wp-json\/wp\/v2\/product\/6130\/revisions"}],"predecessor-version":[{"id":9927,"href":"https:\/\/perleibeauty.com\/sq\/wp-json\/wp\/v2\/product\/6130\/revisions\/9927"}],"wp:featuredmedia":[{"embeddable":true,"href":"https:\/\/perleibeauty.com\/sq\/wp-json\/wp\/v2\/media\/6141"}],"wp:attachment":[{"href":"https:\/\/perleibeauty.com\/sq\/wp-json\/wp\/v2\/media?parent=6130"}],"wp:term":[{"taxonomy":"product_brand","embeddable":true,"href":"https:\/\/perleibeauty.com\/sq\/wp-json\/wp\/v2\/product_brand?post=6130"},{"taxonomy":"product_cat","embeddable":true,"href":"https:\/\/perleibeauty.com\/sq\/wp-json\/wp\/v2\/product_cat?post=6130"},{"taxonomy":"product_tag","embeddable":true,"href":"https:\/\/perleibeauty.com\/sq\/wp-json\/wp\/v2\/product_tag?post=6130"}],"curies":[{"name":"wp","href":"https:\/\/api.w.org\/{rel}","templated":true}]}}