{"id":6120,"date":"2025-11-20T10:33:17","date_gmt":"2025-11-20T10:33:17","guid":{"rendered":"https:\/\/perleibeauty.com\/?post_type=product&#038;p=6120"},"modified":"2026-04-15T13:39:00","modified_gmt":"2026-04-15T13:39:00","slug":"fenty-beauty-by-rihanna-match-stix-glow-skinstick","status":"publish","type":"product","link":"https:\/\/perleibeauty.com\/sq\/produkt\/fenty-beauty-by-rihanna-match-stix-glow-skinstick\/","title":{"rendered":"FENTY BEAUTY BY RIHANNA  \u2013 MATCH STIX GLOW SKINSTICK"},"content":{"rendered":"<p><strong>Fenty Beauty by Rihanna \u2013 <\/strong><em><strong>Match Stix Glow Skinstick<\/strong><\/em><\/p>\n<p>Nj\u00eb stick makeup-i ndri\u00e7ues me formul\u00eb t\u00eb rehatshme dhe t\u00eb leht\u00eb, q\u00eb p\u00ebrfundon \u00e7do look me nj\u00eb shk\u00eblqim natyral,\u00a0 p\u00ebr t\u00eb gjith\u00eb llojet e l\u00ebkur\u00ebs.<\/p>\n<p>Ve\u00e7ori: Ky produkt \u00ebsht\u00eb vegan dhe pa testim mbi kafsh\u00eb (cruelty-free).<\/p>\n<p><strong>\u00c7far\u00eb duhet t\u00eb dini gjithashtu:<\/strong><br \/>\nKy stick makeup-i i jep kompleksionit tuaj nj\u00eb ndri\u00e7im t\u00eb menj\u00ebhersh\u00ebm dhe natyral, me nj\u00eb p\u00ebrfundim t\u00eb duksh\u00ebm si xham. Baz\u00eb e tij transparente dhe jo-ngjit\u00ebse rr\u00ebshqet mbi l\u00ebkur\u00eb, duke l\u00ebn\u00eb nj\u00eb shk\u00eblqim perlash dhe iridescent pa glitter. Gjithashtu, \u00ebsht\u00eb magnetik, mund t\u00eb lidhet me Shimmer dhe Matte Skinsticks t\u00eb Fenty Beauty by Rihanna.<\/p>\n<p>&nbsp;<\/p>\n<p><strong>P\u00ebrb\u00ebr\u00ebsit:<\/strong><\/p>\n<p>Ethyl Oleate, Octyldodecanol, Ethyl Stearate, Phenyl Trimethicone, Simmondsia Chinensis (Jojoba) Seed Oil, Dibutyl Lauroyl Glutamide, Butyrospermum Parkii (Shea) Butter Unsaponifiables, Ethyl Linoleate, Dibutyl Ethylhexanoyl Glutamide, Ethyl Palmitate, Aroma\/Flavor, Mica, Silica, Squalene, Medicago Sativa (Alfalfa) Extract, Cocos Nucifera (Coconut) Oil, Citric Acid, Titanium Dioxide (CI 77891).<\/p>\n<p>&nbsp;<\/p>\n<p><strong>Si t\u00eb aplikoni:<\/strong><br \/>\n\u2022 Ngrohni Match Stix Glow Skinstick mbi dor\u00ebn tuaj para aplikimit mbi fytyr\u00ebn e past\u00ebr ose mbi makeup.<br \/>\n\u2022 Aplikoni duke prekur l\u00ebkur\u00ebn me gishta ose me Highlighter Brush.<\/p>\n<p><strong>K\u00ebshill\u00eb Profesionale:<\/strong> N\u00eb fytyr\u00eb t\u00eb past\u00ebr, p\u00ebrdorni gishta p\u00ebr t\u00eb aplikuar Match Stix Glow Skinstick mbi moll\u00ebza, harkun e vetullave, Cupid\u2019s Bow dhe madje mbi qepalla p\u00ebr nj\u00eb shk\u00eblqim t\u00eb sh\u00ebndetsh\u00ebm dhe diskret.<\/p>\n<p>&nbsp;<\/p>\n<p><strong>Specifikat:<\/strong><br \/>\n\u2022 P\u00ebrfundim: Rrezatues (Radiant finish)<br \/>\n\u2022 Madh\u00ebsi standarde: 0.19 oz \/ 5.5 g<br \/>\n\u2022 Nuanca: PURRRL<\/p>\n<p>&nbsp;<\/p>","protected":false},"excerpt":{"rendered":"<p><strong>Fenty Beauty by Rihanna \u2013 <\/strong><em><strong>Match Stix Glow Skinstick<\/strong><\/em><\/p>\n<p>Nj\u00eb stick makeup-i ndri\u00e7ues me formul\u00eb t\u00eb rehatshme dhe t\u00eb leht\u00eb, q\u00eb p\u00ebrfundon \u00e7do look me nj\u00eb shk\u00eblqim natyral,\u00a0 p\u00ebr t\u00eb gjith\u00eb llojet e l\u00ebkur\u00ebs.<\/p>\n<p>Ve\u00e7ori: Ky produkt \u00ebsht\u00eb vegan dhe pa testim mbi kafsh\u00eb (cruelty-free).<\/p>\n<p><strong>Specifikat:<\/strong><br \/>\n\u2022 P\u00ebrfundim: Rrezatues (Radiant finish)<br \/>\n\u2022 Madh\u00ebsi standarde: 0.19 oz \/ 5.5 g<br \/>\n\u2022 Nuanca: PURRRL<\/p>","protected":false},"featured_media":6122,"comment_status":"open","ping_status":"closed","template":"","meta":[],"product_brand":[137],"product_cat":[150,96],"product_tag":[],"class_list":{"0":"post-6120","1":"product","2":"type-product","3":"status-publish","4":"has-post-thumbnail","6":"product_brand-fenty","7":"product_cat-highlighter","8":"product_cat-makeup","11":"outofstock","12":"shipping-taxable","13":"product-type-variable"},"_links":{"self":[{"href":"https:\/\/perleibeauty.com\/sq\/wp-json\/wp\/v2\/product\/6120","targetHints":{"allow":["GET"]}}],"collection":[{"href":"https:\/\/perleibeauty.com\/sq\/wp-json\/wp\/v2\/product"}],"about":[{"href":"https:\/\/perleibeauty.com\/sq\/wp-json\/wp\/v2\/types\/product"}],"replies":[{"embeddable":true,"href":"https:\/\/perleibeauty.com\/sq\/wp-json\/wp\/v2\/comments?post=6120"}],"version-history":[{"count":1,"href":"https:\/\/perleibeauty.com\/sq\/wp-json\/wp\/v2\/product\/6120\/revisions"}],"predecessor-version":[{"id":9855,"href":"https:\/\/perleibeauty.com\/sq\/wp-json\/wp\/v2\/product\/6120\/revisions\/9855"}],"wp:featuredmedia":[{"embeddable":true,"href":"https:\/\/perleibeauty.com\/sq\/wp-json\/wp\/v2\/media\/6122"}],"wp:attachment":[{"href":"https:\/\/perleibeauty.com\/sq\/wp-json\/wp\/v2\/media?parent=6120"}],"wp:term":[{"taxonomy":"product_brand","embeddable":true,"href":"https:\/\/perleibeauty.com\/sq\/wp-json\/wp\/v2\/product_brand?post=6120"},{"taxonomy":"product_cat","embeddable":true,"href":"https:\/\/perleibeauty.com\/sq\/wp-json\/wp\/v2\/product_cat?post=6120"},{"taxonomy":"product_tag","embeddable":true,"href":"https:\/\/perleibeauty.com\/sq\/wp-json\/wp\/v2\/product_tag?post=6120"}],"curies":[{"name":"wp","href":"https:\/\/api.w.org\/{rel}","templated":true}]}}