{"id":6088,"date":"2025-11-20T10:09:33","date_gmt":"2025-11-20T10:09:33","guid":{"rendered":"https:\/\/perleibeauty.com\/?post_type=product&#038;p=6088"},"modified":"2026-04-15T13:39:00","modified_gmt":"2026-04-15T13:39:00","slug":"fenty-beauty-liquid-killawatt-fluid-freestyle-highlighter","status":"publish","type":"product","link":"https:\/\/perleibeauty.com\/sq\/produkt\/fenty-beauty-liquid-killawatt-fluid-freestyle-highlighter\/","title":{"rendered":"FENTY BEAUTY LIQUID KILLAWATT FLUID FREESTYLE HIGHLIGHTER"},"content":{"rendered":"<p><strong>FENTY BEAUTY<\/strong><br \/>\n<em><strong>LIQUID KILLAWATT FLUID FREESTYLE HIGHLIGHTER<\/strong><\/em><\/p>\n<p>\u00c7mimi: 2600 lek\u00eb<\/p>\n<p>\u201cKillawatt ndryshoi loj\u00ebn dhe shpejt u b\u00eb nj\u00eb produkt ikon\u00eb i mark\u00ebs son\u00eb. Tani q\u00eb prezantojm\u00eb formul\u00ebn e re Liquid Killawatt, e di q\u00eb do t\u00eb b\u00ebhet nj\u00eb nga t\u00eb preferuarat p\u00ebr t\u00eb gjith\u00eb adhuruesit e highlighter-eve.\u201d<\/p>\n<p>\u201cKjo \u00ebsht\u00eb p\u00ebr t\u00eb gjith\u00eb ata q\u00eb duan t\u00eb jen\u00eb ekstra, por kurr\u00eb t\u00eb tepruar. Formula Liquid Killawatt \u00ebsht\u00eb e l\u00ebmuar dhe e leht\u00eb p\u00ebr tu shtuar. Ndonj\u00ebher\u00eb thjesht e aplikoj me gishta \u2013 \u00ebsht\u00eb kaq e thjesht\u00eb dhe pa mundim.\u201d<\/p>\n<p>Shk\u00eblqim i l\u00ebngsh\u00ebm. Vendoset bukur. Rr\u00ebmbeu t\u00eb gjith\u00eb v\u00ebmendjen.<\/p>\n<p>Ky highlighter i l\u00ebngsh\u00ebm i ikon\u00ebs Rihanna l\u00eb nj\u00eb shtres\u00eb ultra-moderne me shk\u00eblqim t\u00eb lart\u00eb dhe ndri\u00e7im t\u00eb fresk\u00ebt, i nd\u00ebrtuesh\u00ebm, rezistent ndaj transferimit dhe i pasur me p\u00ebrb\u00ebr\u00ebs t\u00eb mir\u00eb p\u00ebr l\u00ebkur\u00ebn.<\/p>\n<p>&nbsp;<\/p>\n<p>P\u00ebrfitimet kryesore:<br \/>\n\u2022 Formula e l\u00ebngshme, jo e yndyrshme, e leht\u00eb dhe jo ngjit\u00ebse<br \/>\n\u2022 Shk\u00eblqim i lart\u00eb, efekt rrezatues q\u00eb t\u00ebrheq v\u00ebmendjen<br \/>\n\u2022 Mund t\u00eb nd\u00ebrtohet nga ndri\u00e7im i leht\u00eb deri n\u00eb shk\u00eblqim t\u00eb fuqish\u00ebm<br \/>\n\u2022 Rezistent ndaj transferimit dhe thahet shpejt pa shqet\u00ebsuar make-up-in<br \/>\n\u2022 P\u00ebrb\u00ebr\u00ebs t\u00eb pasur me Clary Sage Extract dhe perla inovative p\u00ebr efekt dewy dhe rrezatues<br \/>\n\u2022 Disponohet n\u00eb nj\u00eb gam\u00eb nuancash universale, t\u00eb p\u00ebrshtatshme p\u00ebr \u00e7do l\u00ebkur\u00eb<\/p>\n<p>&nbsp;<\/p>\n<p><strong>Karakteristikat e produktit:<\/strong><br \/>\n\u2022 100% cruelty-free<br \/>\n\u2022 Vegan<br \/>\n\u2022 V\u00ebllimi: 15 mL \/ 0.5 fl oz<\/p>\n<p>&nbsp;<\/p>\n<p><strong>Si ta aplikoni:<\/strong><\/p>\n<p>Aplikoni Liquid Killawatt n\u00eb pikat e larta t\u00eb fytyr\u00ebs \u2013 moll\u00ebzat, ura e hund\u00ebs dhe syt\u00eb!<br \/>\nL\u00ebreni t\u00eb thahet dhe m\u00eb pas nd\u00ebrtoni shk\u00eblqimin deri n\u00eb efektin e d\u00ebshiruar.<\/p>\n<p>&nbsp;<\/p>\n<p><strong>P\u00ebrb\u00ebr\u00ebsit:<\/strong><\/p>\n<p>SIDECHICK: Aqua\/Water\/Eau, Dimethicone, Isododecane, Butylene Glycol, PEG-10 Dimethicone, Mica, Calcium Sodium Borosilicate, Cetyl PEG\/PPG-10\/1 Dimethicone, Synthetic Fluorphlogopite, Disteardimonium Hectorite, 1,2-Hexanediol, Caprylyl Glycol, Propylene Carbonate, Sodium Dehydroacetate, Triethoxycaprylylsilane, Propanediol, Tin Oxide, Phytic Acid, Glycerin, Salvia Sclarea (Clary) Extract, Potassium Sorbate, Sodium Benzoate, Titanium Dioxide (CI 77891).<\/p>\n<p>HONEY HAWTIE: Aqua\/Water\/Eau, Dimethicone, Isododecane, Mica, Butylene Glycol, PEG-10 Dimethicone, Cetyl PEG\/PPG-10\/1 Dimethicone, Calcium Sodium Borosilicate, Disteardimonium Hectorite, 1,2-Hexanediol, Caprylyl Glycol, Propylene Carbonate, Sodium Dehydroacetate, Triethoxycaprylylsilane, Propanediol, Phytic Acid, Tin Oxide, Glycerin, Salvia Sclarea (Clary) Extract, Potassium Sorbate, Sodium Benzoate, Iron Oxides (CI 77491), Titanium Dioxide (CI 77891).<\/p>\n<p>HU$TLA BABY 2.0: Aqua\/Water\/Eau, Dimethicone, Isododecane, Mica, Butylene Glycol, PEG-10 Dimethicone, Cetyl PEG\/PPG-10\/1 Dimethicone, Synthetic Fluorphlogopite, Disteardimonium Hectorite, 1,2-Hexanediol, Caprylyl Glycol, Propylene Carbonate, Sodium Dehydroacetate, Triethoxycaprylylsilane, Propanediol, Tin Oxide, Phytic Acid, Glycerin, Salvia Sclarea (Clary) Extract, Potassium Sorbate, Sodium Benzoate, Iron Oxides (CI 77491), Titanium Dioxide (CI 77891).<\/p>\n<p>BUTTA BROWNIE &amp; VINTAGE VELOUR: Aqua\/Water\/Eau, Dimethicone, Isododecane, Mica, Butylene Glycol, PEG-10 Dimethicone, Cetyl PEG\/PPG-10\/1 Dimethicone, Disteardimonium Hectorite, 1,2-Hexanediol, Caprylyl Glycol, Propylene Carbonate, Sodium Dehydroacetate, Triethoxycaprylylsilane, Propanediol, Phytic Acid, Glycerin, Tin Oxide, Salvia Sclarea (Clary) Extract, Potassium Sorbate, Sodium Benzoate. Mund t\u00eb p\u00ebrmbaj\u00eb (+\/-): Iron Oxides (CI 77491, CI 77499), Titanium Dioxide (CI 77891).<\/p>","protected":false},"excerpt":{"rendered":"<p><strong>FENTY BEAUTY<\/strong><br \/>\n<em><strong>LIQUID KILLAWATT FLUID FREESTYLE HIGHLIGHTER<\/strong><\/em><\/p>\n<p>\u201cKillawatt ndryshoi loj\u00ebn dhe shpejt u b\u00eb nj\u00eb produkt ikon\u00eb i mark\u00ebs son\u00eb. Tani q\u00eb prezantojm\u00eb formul\u00ebn e re Liquid Killawatt, e di q\u00eb do t\u00eb b\u00ebhet nj\u00eb nga t\u00eb preferuarat p\u00ebr t\u00eb gjith\u00eb adhuruesit e highlighter-eve.\u201d<\/p>","protected":false},"featured_media":6097,"comment_status":"open","ping_status":"closed","template":"","meta":[],"product_brand":[137],"product_cat":[150,96],"product_tag":[],"class_list":{"0":"post-6088","1":"product","2":"type-product","3":"status-publish","4":"has-post-thumbnail","6":"product_brand-fenty","7":"product_cat-highlighter","8":"product_cat-makeup","11":"instock","12":"sale","13":"shipping-taxable","14":"purchasable","15":"product-type-variable"},"_links":{"self":[{"href":"https:\/\/perleibeauty.com\/sq\/wp-json\/wp\/v2\/product\/6088","targetHints":{"allow":["GET"]}}],"collection":[{"href":"https:\/\/perleibeauty.com\/sq\/wp-json\/wp\/v2\/product"}],"about":[{"href":"https:\/\/perleibeauty.com\/sq\/wp-json\/wp\/v2\/types\/product"}],"replies":[{"embeddable":true,"href":"https:\/\/perleibeauty.com\/sq\/wp-json\/wp\/v2\/comments?post=6088"}],"version-history":[{"count":1,"href":"https:\/\/perleibeauty.com\/sq\/wp-json\/wp\/v2\/product\/6088\/revisions"}],"predecessor-version":[{"id":9926,"href":"https:\/\/perleibeauty.com\/sq\/wp-json\/wp\/v2\/product\/6088\/revisions\/9926"}],"wp:featuredmedia":[{"embeddable":true,"href":"https:\/\/perleibeauty.com\/sq\/wp-json\/wp\/v2\/media\/6097"}],"wp:attachment":[{"href":"https:\/\/perleibeauty.com\/sq\/wp-json\/wp\/v2\/media?parent=6088"}],"wp:term":[{"taxonomy":"product_brand","embeddable":true,"href":"https:\/\/perleibeauty.com\/sq\/wp-json\/wp\/v2\/product_brand?post=6088"},{"taxonomy":"product_cat","embeddable":true,"href":"https:\/\/perleibeauty.com\/sq\/wp-json\/wp\/v2\/product_cat?post=6088"},{"taxonomy":"product_tag","embeddable":true,"href":"https:\/\/perleibeauty.com\/sq\/wp-json\/wp\/v2\/product_tag?post=6088"}],"curies":[{"name":"wp","href":"https:\/\/api.w.org\/{rel}","templated":true}]}}