{"id":6078,"date":"2025-11-20T09:29:38","date_gmt":"2025-11-20T09:29:38","guid":{"rendered":"https:\/\/perleibeauty.com\/?post_type=product&#038;p=6078"},"modified":"2026-04-15T13:39:00","modified_gmt":"2026-04-15T13:39:00","slug":"charlotte-tilbury-hollywood-glow-glide-face-architect-highlighter-pillow-talk-glow","status":"publish","type":"product","link":"https:\/\/perleibeauty.com\/sq\/produkt\/charlotte-tilbury-hollywood-glow-glide-face-architect-highlighter-pillow-talk-glow\/","title":{"rendered":"CHARLOTTE TILBURY HOLLYWOOD GLOW GLIDE FACE ARCHITECT HIGHLIGHTER PILLOW TALK GLOW"},"content":{"rendered":"<p><strong>CHARLOTTE TILBURY <\/strong><\/p>\n<p><strong>HOLLYWOOD GLOW GLIDE FACE ARCHITECT HIGHLIGHTER <\/strong><strong>PILLOW TALK GLOW<\/strong><\/p>\n<p>&nbsp;<\/p>\n<p><em>Nuanca: Rose Gold Glow<\/em><\/p>\n<p>Marka #1 Prestige Highlighter n\u00eb Mbret\u00ebrin\u00eb e Bashkuar!<\/p>\n<p>Nxisni shk\u00eblqimin HOLLYWOOD-ian me Hollywood Glow Glide Face Architect Highlighter n\u00eb nuanc\u00ebn Rose Gold Glow!<br \/>\nKy highlighter i v\u00ebrtet\u00eb me pluhur n\u00eb ngjyr\u00eb rose gold \u00ebsht\u00eb si SUNRISE e kapur n\u00eb shishe!<\/p>\n<p>Ai kombinon pigmentimin e fuqish\u00ebm t\u00eb nj\u00eb pluhuri t\u00eb kompresuar me tekstur\u00ebn sateni t\u00eb nj\u00eb highlighter-i l\u00ebng, duke NDRI\u00c7UAR, NGIRTUR dhe SKULPTUAR fytyr\u00ebn tuaj pa u grumbulluar, pa krijuar linja t\u00eb imta dhe pa zbehur shk\u00eblqimin \u2013 p\u00ebr nj\u00eb shk\u00eblqim q\u00eb rrit besimin n\u00eb vetvete!<\/p>\n<p>&nbsp;<\/p>\n<p><em>Gjeni nuanc\u00ebn tuaj perfekte!<\/em><\/p>\n<p>Charlotte ka krijuar 7 nuanca t\u00eb shk\u00eblqyera, t\u00eb frym\u00ebzuara nga dritat e bukuris\u00eb, q\u00eb japin nj\u00eb shk\u00eblqim shum\u00eb-dimensional dhe t\u00eb kapsh\u00ebm nga drita.<br \/>\nRose Gold Glow duket perfekt p\u00ebr t\u00eb gjith\u00eb.<\/p>\n<p>Nga tapeti i kuq dhe drita e qirinjve, deri te hijet e nat\u00ebs dhe or\u00ebt e art\u00eb t\u00eb diellit, ekziston nj\u00eb nuanc\u00eb t\u00ebrheq\u00ebse dhe e leht\u00eb p\u00ebr t\u2019u veshur p\u00ebr t\u00eb gjith\u00eb, kudo!<\/p>\n<p>&nbsp;<\/p>\n<p><strong>Teknologjit\u00eb kryesore:<\/strong><br \/>\n\u2022 Light Flex Technology: p\u00ebrzihet dhe p\u00ebrshtatet me l\u00ebkur\u00ebn, shp\u00ebrndan drit\u00ebn dhe krijon nj\u00eb efekt t\u00eb ngritur dhe t\u00eb ndri\u00e7uar me finish t\u00eb but\u00eb.<br \/>\n\u2022 Glow Pearl Filter: perla t\u00eb kompresuara q\u00eb ofrojn\u00eb shk\u00eblqim t\u00eb p\u00ebrsosur \u2013 pa glitter, vet\u00ebm finish t\u00ebrheq\u00ebs!<br \/>\n\u2022 Hybrid Flex Gel Technology: krijon nj\u00eb \u201cvel\u201d t\u00eb leht\u00eb si l\u00ebkura e dyt\u00eb, p\u00ebr nj\u00eb aplikim t\u00eb p\u00ebrsosur dhe q\u00ebndrueshm\u00ebri t\u00eb gjat\u00eb.<br \/>\n\u2022 Smoothing Emollients: zbut dhe hidratojn\u00eb l\u00ebkur\u00ebn p\u00ebr nj\u00eb tekstur\u00eb sateni t\u00eb l\u00ebmuar.<br \/>\n\u2022 Silky Mica &amp; Silky Squalane: p\u00ebr aplikim t\u00eb leht\u00eb dhe shk\u00eblqim uniform; squalane e nxjerr\u00eb nga vaj ulliri siguron nj\u00eb glow t\u00eb nj\u00ebtrajtsh\u00ebm, pa njolla apo that\u00ebsi.<\/p>\n<p>&nbsp;<\/p>\n<p><strong>P\u00ebrb\u00ebr\u00ebsit kryesor\u00eb:<\/strong><\/p>\n<p>Mica, Talc, Squalane, Diisostearyl Malate, Boron Nitride, HDI\/Trimethylol Hexyllactone Crosspolymer, Zea Mays (Corn) Starch, Dimethicone, Caprylyl Glycol, Ethylhexylglycerin, Zinc Stearate, Dimethiconol, Silica, [+\/- Titanium Dioxide (CI 77891), Iron Oxides (CI 77491, CI 77499)]<\/p>\n<p><strong>Rezultatet e provuara:<\/strong><br \/>\n\u2022 100% ndjejn\u00eb nj\u00eb shk\u00eblqim q\u00eb rrit besimin n\u00eb vetvete<br \/>\n\u2022 100% thon\u00eb se l\u00ebkura duket m\u00eb e re<br \/>\n\u2022 97% konfirmojn\u00eb nj\u00eb shk\u00eblqim shum\u00eb-dimensional<br \/>\n\u2022 97% thon\u00eb se formon but\u00ebsisht struktur\u00ebn e fytyr\u00ebs<br \/>\n\u2022 97% vler\u00ebsojn\u00eb se ndri\u00e7on dhe ngrit fytyr\u00ebn<br \/>\n\u2022 98% nuk krijon grumbullim, cop\u00ebza apo linja t\u00eb imta<br \/>\n\u2022 96% thon\u00eb se l\u00ebkura duket me shk\u00eblqim HOLLYWOOD-i<\/p>\n<p>I p\u00ebrshtatsh\u00ebm edhe p\u00ebr zon\u00ebn e syve \u2013 testuar dhe aprovuar nga oftalmolog\u00ebt.<\/p>\n<p>&nbsp;<\/p>\n<p><strong>Udh\u00ebzuesi Charlotte\u2019s Glow Glide \u2013 6 m\u00ebnyra p\u00ebr ta p\u00ebrdorur:<\/strong><\/p>\n<p>1. Cheek Trick \u2013 Moll\u00ebza t\u00eb ngritura:<br \/>\nGlide highlighter-in nga moll\u00ebza deri tek tempujt p\u00ebr efekt t\u00eb menj\u00ebhersh\u00ebm lift-i.<\/p>\n<p>2. Jaw Trick \u2013 No full t\u00eb skulpturuar:<br \/>\nAplikoni p\u00ebrgjat\u00eb nofull\u00ebs me Powder &amp; Sculpt Brush p\u00ebr definicion. Mos prekni mjekr\u00ebn!<\/p>\n<p>3. Eye Trick \u2013 Sy m\u00eb t\u00eb m\u00ebdhenj dhe m\u00eb t\u00eb ndritsh\u00ebm:<br \/>\nAplikoni n\u00eb k\u00ebndin e brendsh\u00ebm t\u00eb syve, qend\u00ebr t\u00eb qepall\u00ebs dhe vij\u00ebn e poshtme t\u00eb qerpik\u00ebve. P\u00ebrdorni nj\u00eb fur\u00e7\u00eb smudger p\u00ebr kontroll.<\/p>\n<p>4. Nose Trick \u2013 Konturim i hund\u00ebs:<br \/>\nFilloni nga ura e hund\u00ebs, aplikoni n\u00eb qend\u00ebr dhe pika n\u00eb maj\u00eb; p\u00ebrzieni me gishta.<\/p>\n<p>5. Brow Trick \u2013 Ngritje vetullash dhe sysh:<br \/>\nNdri\u00e7oni n\u00ebn harkun e vetull\u00ebs dhe mbi qend\u00ebr p\u00ebr nj\u00eb glow maksimale.<\/p>\n<p>6. Lip Trick \u2013 Buz\u00eb m\u00eb t\u00eb plota:<br \/>\nShtrijeni mbi harkun e sip\u00ebrm t\u00eb buz\u00ebs, fokus n\u00eb Cupid\u2019s Bow p\u00ebr volum.<\/p>\n<p><strong>K\u00ebshilla p\u00ebr p\u00ebrdorim:<\/strong><br \/>\n\u2022 Dit\u00ebn: Glide p\u00ebr nj\u00eb shk\u00eblqim t\u00eb but\u00eb, shum\u00eb-dimensional dhe megawatt!<br \/>\n\u2022 Nat\u00ebn: Aplikoni me fur\u00e7\u00eb t\u00eb lagur p\u00ebr t\u00eb intensifikuar Hollywood Glow p\u00ebr mbr\u00ebmje dhe disco!<\/p>\n","protected":false},"excerpt":{"rendered":"<p><strong>CHARLOTTE TILBURY <\/strong><\/p>\n<p><em><strong>HOLLYWOOD GLOW GLIDE FACE ARCHITECT HIGHLIGHTER <\/strong><strong>PILLOW TALK GLOW<\/strong><\/em><\/p>\n<p>Marka #1 Prestige Highlighter n\u00eb Mbret\u00ebrin\u00eb e Bashkuar!<\/p>\n<p>Nxisni shk\u00eblqimin HOLLYWOOD-ian me Hollywood Glow Glide Face Architect Highlighter n\u00eb nuanc\u00ebn Rose Gold Glow!<br \/>\nKy highlighter i v\u00ebrtet\u00eb me pluhur n\u00eb ngjyr\u00eb rose gold \u00ebsht\u00eb si SUNRISE e kapur n\u00eb shishe!<\/p>\n<p>&nbsp;<\/p>\n<p>&nbsp;<\/p>","protected":false},"featured_media":6084,"comment_status":"open","ping_status":"closed","template":"","meta":[],"product_brand":[106],"product_cat":[150,96],"product_tag":[],"class_list":{"0":"post-6078","1":"product","2":"type-product","3":"status-publish","4":"has-post-thumbnail","6":"product_brand-charlotte-tilbury","7":"product_cat-highlighter","8":"product_cat-makeup","11":"instock","12":"sale","13":"shipping-taxable","14":"purchasable","15":"product-type-variable"},"_links":{"self":[{"href":"https:\/\/perleibeauty.com\/sq\/wp-json\/wp\/v2\/product\/6078","targetHints":{"allow":["GET"]}}],"collection":[{"href":"https:\/\/perleibeauty.com\/sq\/wp-json\/wp\/v2\/product"}],"about":[{"href":"https:\/\/perleibeauty.com\/sq\/wp-json\/wp\/v2\/types\/product"}],"replies":[{"embeddable":true,"href":"https:\/\/perleibeauty.com\/sq\/wp-json\/wp\/v2\/comments?post=6078"}],"version-history":[{"count":1,"href":"https:\/\/perleibeauty.com\/sq\/wp-json\/wp\/v2\/product\/6078\/revisions"}],"predecessor-version":[{"id":10072,"href":"https:\/\/perleibeauty.com\/sq\/wp-json\/wp\/v2\/product\/6078\/revisions\/10072"}],"wp:featuredmedia":[{"embeddable":true,"href":"https:\/\/perleibeauty.com\/sq\/wp-json\/wp\/v2\/media\/6084"}],"wp:attachment":[{"href":"https:\/\/perleibeauty.com\/sq\/wp-json\/wp\/v2\/media?parent=6078"}],"wp:term":[{"taxonomy":"product_brand","embeddable":true,"href":"https:\/\/perleibeauty.com\/sq\/wp-json\/wp\/v2\/product_brand?post=6078"},{"taxonomy":"product_cat","embeddable":true,"href":"https:\/\/perleibeauty.com\/sq\/wp-json\/wp\/v2\/product_cat?post=6078"},{"taxonomy":"product_tag","embeddable":true,"href":"https:\/\/perleibeauty.com\/sq\/wp-json\/wp\/v2\/product_tag?post=6078"}],"curies":[{"name":"wp","href":"https:\/\/api.w.org\/{rel}","templated":true}]}}