{"id":6060,"date":"2025-11-19T21:12:42","date_gmt":"2025-11-19T21:12:42","guid":{"rendered":"https:\/\/perleibeauty.com\/?post_type=product&#038;p=6060"},"modified":"2026-04-15T13:39:00","modified_gmt":"2026-04-15T13:39:00","slug":"gucci-glow-highlighter-powder","status":"publish","type":"product","link":"https:\/\/perleibeauty.com\/sq\/produkt\/gucci-glow-highlighter-powder\/","title":{"rendered":"GUCCI GLOW HIGHLIGHTER POWDER"},"content":{"rendered":"<p><strong>Gucci <\/strong><\/p>\n<p><strong>Glow Highlighter powder<\/strong><br \/>\n10g \/ 0.35 OZ<\/p>\n<p>&nbsp;<\/p>\n<p>Nj\u00eb pluhur ndri\u00e7ues m\u00ebndafshi me p\u00ebrdorim t\u00eb shum\u00ebfisht\u00eb, q\u00eb aplikohet leht\u00ebsisht n\u00eb l\u00ebkur\u00eb p\u00ebr nj\u00eb shk\u00eblqim natyral, t\u00eb personalizuar p\u00ebr ju.<br \/>\nGucci Glow Highlighter p\u00ebrshtatet me nuancat dhe llojet e ndryshme t\u00eb l\u00ebkur\u00ebs, duke l\u00ebn\u00eb nj\u00eb ndjesi freskie dhe hidratimi gjat\u00eb p\u00ebrdorimit.<\/p>\n<p>Shtres\u00eb pas shtrese, formula ndryshon nga nj\u00eb shk\u00eblqim i leht\u00eb e delikat, n\u00eb nj\u00eb shk\u00eblqim m\u00eb t\u00eb fort\u00eb e m\u00eb t\u00eb theksuar, dhe mund t\u00eb p\u00ebrdoret n\u00eb fytyr\u00eb, sy, trup dhe buz\u00eb, p\u00ebr rezultate t\u00eb ndryshme t\u00eb grimit.<\/p>\n<p>Pluhuri \u00ebsht\u00eb vendosur n\u00eb nj\u00eb kuti t\u00eb rrumbullak\u00ebt ngjyr\u00eb ari, t\u00eb zbukuruar me motive yjesh dhe vija elegante, me emrin Gucci n\u00eb qend\u00ebr.<br \/>\nNd\u00ebrkoh\u00eb, vet\u00eb highlighter-i \u00ebsht\u00eb i rrethuar nga nj\u00eb korniz\u00eb e brendshme roz\u00eb dhe p\u00ebrfshin pasqyr\u00eb t\u00eb brendshme, ideale p\u00ebr aplikim n\u00eb l\u00ebvizje.<\/p>\n<p>\u2e3b<\/p>\n<p><strong>Pse \u00ebsht\u00eb i ve\u00e7ant\u00eb?<\/strong><\/p>\n<p>Pluhur ndri\u00e7ues m\u00ebndafshi me p\u00ebrdorim t\u00eb shum\u00ebfisht\u00eb Gucci Glow.<\/p>\n<p>Ka nj\u00eb tekstur\u00eb inovative q\u00eb jep nj\u00eb shk\u00eblqim natyral dhe t\u00eb personalizuar.<br \/>\n\u00cbsht\u00eb i leht\u00eb n\u00eb prekje, duke l\u00ebn\u00eb l\u00ebkur\u00ebn me ndjesi hidratimi gjat\u00eb gjith\u00eb dit\u00ebs.<\/p>\n<p>Fal\u00eb teknologjis\u00eb Gucci Light-Capturing, ofron nj\u00eb shk\u00eblqim t\u00eb sh\u00ebndetsh\u00ebm q\u00eb zgjat deri n\u00eb 15 or\u00eb.<br \/>\nI rehatsh\u00ebm dhe i leht\u00eb p\u00ebr t\u2019u aplikuar, mund t\u00eb shtresohet p\u00ebr nj\u00eb shk\u00eblqim t\u00eb leht\u00eb ose t\u00eb fort\u00eb, sipas d\u00ebshir\u00ebs.<\/p>\n<p>P\u00ebrdorim i shum\u00ebfisht\u00eb: mund t\u00eb p\u00ebrdoret n\u00eb fytyr\u00eb, sy, trup dhe buz\u00eb, p\u00ebr rezultate t\u00eb ndryshme grimi.<br \/>\nDermatologjikisht i testuar, i p\u00ebrshtatsh\u00ebm p\u00ebr \u00e7do lloj l\u00ebkure.<\/p>\n<p>\u2022 Afati i p\u00ebrdorimit pas hapjes: 12 muaj<br \/>\n\u2022 Sasia: 10 g \/ 0.35 oz<br \/>\n\u2022 Origjina: Prodhuar n\u00eb Itali<\/p>\n<p>&nbsp;<\/p>","protected":false},"excerpt":{"rendered":"<p><strong>Gucci <\/strong><\/p>\n<p><strong>Glow Highlighter powder<\/strong><br \/>\n10g \/ 0.35 OZ<\/p>\n<p>Nj\u00eb pluhur ndri\u00e7ues m\u00ebndafshi me p\u00ebrdorim t\u00eb shum\u00ebfisht\u00eb, q\u00eb aplikohet leht\u00ebsisht n\u00eb l\u00ebkur\u00eb p\u00ebr nj\u00eb shk\u00eblqim natyral, t\u00eb personalizuar p\u00ebr ju.<br \/>\nGucci Glow Highlighter p\u00ebrshtatet me nuancat dhe llojet e ndryshme t\u00eb l\u00ebkur\u00ebs, duke l\u00ebn\u00eb nj\u00eb ndjesi freskie dhe hidratimi gjat\u00eb p\u00ebrdorimit.<\/p>","protected":false},"featured_media":6072,"comment_status":"open","ping_status":"closed","template":"","meta":[],"product_brand":[119],"product_cat":[150,96],"product_tag":[],"class_list":{"0":"post-6060","1":"product","2":"type-product","3":"status-publish","4":"has-post-thumbnail","6":"product_brand-gucci","7":"product_cat-highlighter","8":"product_cat-makeup","11":"instock","12":"sale","13":"shipping-taxable","14":"purchasable","15":"product-type-variable"},"_links":{"self":[{"href":"https:\/\/perleibeauty.com\/sq\/wp-json\/wp\/v2\/product\/6060","targetHints":{"allow":["GET"]}}],"collection":[{"href":"https:\/\/perleibeauty.com\/sq\/wp-json\/wp\/v2\/product"}],"about":[{"href":"https:\/\/perleibeauty.com\/sq\/wp-json\/wp\/v2\/types\/product"}],"replies":[{"embeddable":true,"href":"https:\/\/perleibeauty.com\/sq\/wp-json\/wp\/v2\/comments?post=6060"}],"version-history":[{"count":2,"href":"https:\/\/perleibeauty.com\/sq\/wp-json\/wp\/v2\/product\/6060\/revisions"}],"predecessor-version":[{"id":10112,"href":"https:\/\/perleibeauty.com\/sq\/wp-json\/wp\/v2\/product\/6060\/revisions\/10112"}],"wp:featuredmedia":[{"embeddable":true,"href":"https:\/\/perleibeauty.com\/sq\/wp-json\/wp\/v2\/media\/6072"}],"wp:attachment":[{"href":"https:\/\/perleibeauty.com\/sq\/wp-json\/wp\/v2\/media?parent=6060"}],"wp:term":[{"taxonomy":"product_brand","embeddable":true,"href":"https:\/\/perleibeauty.com\/sq\/wp-json\/wp\/v2\/product_brand?post=6060"},{"taxonomy":"product_cat","embeddable":true,"href":"https:\/\/perleibeauty.com\/sq\/wp-json\/wp\/v2\/product_cat?post=6060"},{"taxonomy":"product_tag","embeddable":true,"href":"https:\/\/perleibeauty.com\/sq\/wp-json\/wp\/v2\/product_tag?post=6060"}],"curies":[{"name":"wp","href":"https:\/\/api.w.org\/{rel}","templated":true}]}}