{"id":6050,"date":"2025-11-19T20:54:26","date_gmt":"2025-11-19T20:54:26","guid":{"rendered":"https:\/\/perleibeauty.com\/?post_type=product&#038;p=6050"},"modified":"2026-04-15T13:39:00","modified_gmt":"2026-04-15T13:39:00","slug":"dior-forever-couture-luminizer","status":"publish","type":"product","link":"https:\/\/perleibeauty.com\/sq\/produkt\/dior-forever-couture-luminizer\/","title":{"rendered":"DIOR FOREVER COUTURE LUMINIZER"},"content":{"rendered":"<p><strong>DIOR<\/strong><\/p>\n<p><strong> Forever Couture Luminizer Highlighter\u00a0<\/strong><\/p>\n<p>Dior Forever Highlighter vjen n\u00eb nj\u00eb paketim t\u00eb edicionit t\u00eb kufizuar p\u00ebr festat, ku\u00a0 Couture Christian Dior \u00ebsht\u00eb theksuar me nj\u00eb motiv mbret\u00ebror n\u00eb ngjyr\u00eb ari, i ilustruar nga artisti italian Pietro Ruffo.<\/p>\n<p>Zbuloni\u00a0 nuancen e edicionit t\u00eb limituar, t\u00eb krijuar nga Peter Philips, Drejtori Kreativ dhe i Imazhit i Dior Makeup:<br \/>\n\u2022 nj\u00eb nuanc\u00eb koral e ngroht\u00eb, q\u00eb do t\u2019i japin makeup-it tuaj t\u00eb festave nj\u00eb prekje ndri\u00e7uese dhe elegante.<\/p>\n<p>Si t\u00eb p\u00ebrdoret:<br \/>\n1. Me fur\u00e7\u00eb, aplikoni pluhurin ndri\u00e7ues Dior Forever Couture Luminizer n\u00eb pikat e fytyr\u00ebs q\u00eb doni t\u00eb theksoni.<br \/>\n2. P\u00ebrfundoni me nj\u00eb prekje shk\u00eblqimi n\u00eb harkun e buz\u00ebs (Cupid\u2019s bow) p\u00ebr nj\u00eb efekt t\u00eb ndritsh\u00ebm dhe t\u00eb rafinuar.<\/p>","protected":false},"excerpt":{"rendered":"<p><strong>DIOR<\/strong><\/p>\n<p><strong> Forever Couture Luminizer Highlighter\u00a0<\/strong><\/p>\n<p>Dior Forever Highlighter vjen n\u00eb nj\u00eb paketim t\u00eb edicionit t\u00eb kufizuar p\u00ebr festat, ku\u00a0 Couture Christian Dior \u00ebsht\u00eb theksuar me nj\u00eb motiv mbret\u00ebror n\u00eb ngjyr\u00eb ari, i ilustruar nga artisti italian Pietro Ruffo.<\/p>","protected":false},"featured_media":6055,"comment_status":"open","ping_status":"closed","template":"","meta":[],"product_brand":[111],"product_cat":[150,96],"product_tag":[],"class_list":{"0":"post-6050","1":"product","2":"type-product","3":"status-publish","4":"has-post-thumbnail","6":"product_brand-dior","7":"product_cat-highlighter","8":"product_cat-makeup","11":"outofstock","12":"shipping-taxable","13":"purchasable","14":"product-type-variable"},"_links":{"self":[{"href":"https:\/\/perleibeauty.com\/sq\/wp-json\/wp\/v2\/product\/6050","targetHints":{"allow":["GET"]}}],"collection":[{"href":"https:\/\/perleibeauty.com\/sq\/wp-json\/wp\/v2\/product"}],"about":[{"href":"https:\/\/perleibeauty.com\/sq\/wp-json\/wp\/v2\/types\/product"}],"replies":[{"embeddable":true,"href":"https:\/\/perleibeauty.com\/sq\/wp-json\/wp\/v2\/comments?post=6050"}],"version-history":[{"count":2,"href":"https:\/\/perleibeauty.com\/sq\/wp-json\/wp\/v2\/product\/6050\/revisions"}],"predecessor-version":[{"id":10540,"href":"https:\/\/perleibeauty.com\/sq\/wp-json\/wp\/v2\/product\/6050\/revisions\/10540"}],"wp:featuredmedia":[{"embeddable":true,"href":"https:\/\/perleibeauty.com\/sq\/wp-json\/wp\/v2\/media\/6055"}],"wp:attachment":[{"href":"https:\/\/perleibeauty.com\/sq\/wp-json\/wp\/v2\/media?parent=6050"}],"wp:term":[{"taxonomy":"product_brand","embeddable":true,"href":"https:\/\/perleibeauty.com\/sq\/wp-json\/wp\/v2\/product_brand?post=6050"},{"taxonomy":"product_cat","embeddable":true,"href":"https:\/\/perleibeauty.com\/sq\/wp-json\/wp\/v2\/product_cat?post=6050"},{"taxonomy":"product_tag","embeddable":true,"href":"https:\/\/perleibeauty.com\/sq\/wp-json\/wp\/v2\/product_tag?post=6050"}],"curies":[{"name":"wp","href":"https:\/\/api.w.org\/{rel}","templated":true}]}}