{"id":6042,"date":"2025-11-19T20:39:55","date_gmt":"2025-11-19T20:39:55","guid":{"rendered":"https:\/\/perleibeauty.com\/?post_type=product&#038;p=6042"},"modified":"2026-04-15T13:39:00","modified_gmt":"2026-04-15T13:39:00","slug":"dior-forever-couture-luminizer-glowmania-limited-edition","status":"publish","type":"product","link":"https:\/\/perleibeauty.com\/sq\/produkt\/dior-forever-couture-luminizer-glowmania-limited-edition\/","title":{"rendered":"DIOR FOREVER COUTURE LUMINIZER \u2013 GLOWMANIA LIMITED EDITION"},"content":{"rendered":"<p><strong>Dior Forever Couture Luminizer \u2013 Glowmania Limited Edition<\/strong><\/p>\n<p>Pluhur ndri\u00e7ues me q\u00ebndrueshm\u00ebri t\u00eb gjat\u00eb \u2013 95% pigmente me origjin\u00eb natyrale<\/p>\n<p>\u2e3b<\/p>\n<p><strong>P\u00cbRSHKRIM<\/strong><\/p>\n<p>Dior Forever Highlighter Powder vjen n\u00eb nj\u00eb nuanc\u00eb t\u00eb kufizuar p\u00ebr pranver\u00ebn, me pigmente t\u00eb imta perla q\u00eb krijojn\u00eb nj\u00eb shk\u00eblqim t\u00eb ndritsh\u00ebm dhe elegant.<br \/>\n\u201cLilacmania\u201d \u2013 nj\u00eb ngjyr\u00eb midis livandos dhe lejlas\u00eb s\u00eb \u00e7elur \u2013 l\u00eb mbi l\u00ebkur\u00eb nj\u00eb\u00a0 ngjyre t\u00eb leht\u00eb, me q\u00ebndrueshm\u00ebri t\u00eb gjat\u00eb.<\/p>\n<p>Kur hapet kutia, zbulon pluhurin e stampuar me motivin Dior Oblique Logomania, nj\u00eb detaj couture q\u00eb i p\u00ebrgjigjet dizajnit luksoz t\u00eb balsamit t\u00eb buz\u00ebve Dior Addict Lip Glow.<\/p>\n<p>Dior Forever Couture Luminizer ruan hidratimin natyral dhe rehatin\u00eb e l\u00ebkur\u00ebs nga m\u00ebngjesi deri n\u00eb mbr\u00ebmje, duke e b\u00ebr\u00eb at\u00eb t\u00eb duket rrezatuese dhe e fresk\u00ebt gjat\u00eb gjith\u00eb dit\u00ebs.<\/p>\n<p>\u2e3b<\/p>\n<p><strong>INGREDIENTET:<\/strong><\/p>\n<p>MICA \u2022 CETEARYL ETHYLHEXANOATE \u2022 SILICA \u2022 GLYCERIN \u2022 HYDROLYZED RICE PROTEIN \u2022 CAPRYLYL GLYCOL \u2022 PARFUM (Arom\u00eb) \u2022 AQUA (Uj\u00eb) \u2022 SODIUM ISOSTEARATE \u2022 SQUALANE \u2022 POLYSORBATE 20 \u2022 ETHYLHEXYLGLYCERIN \u2022 PRUNUS ARMENIACA (Vaj b\u00ebrthame kajsie) \u2022 GELLAN GUM \u2022 KAOLIN \u2022 CALCIUM CHLORIDE \u2022 PENTAERYTHRITYL TETRA-DI-T-BUTYL HYDROXYHYDROCINNAMATE \u2022 SYNTHETIC FLUORPHLOGOPITE \u2022 SODIUM CITRATE \u2022 XANTHAN GUM \u2022 TOCOPHEROL (Vitamin\u00eb E) \u2022 BUTYLENE GLYCOL \u2022 HYDROLYZED VIOLA TRICOLOR EXTRACT (ekstrakt tr\u00ebndafili livandoje) \u2022 ROSA MULTIFLORA FRUIT EXTRACT (ekstrakt fruti tr\u00ebndafili) \u2022 1,2-HEXANEDIOL<br \/>\n[+\/- mund t\u00eb p\u00ebrmbaj\u00eb: CI 77891 (Titanium Dioxide) \u2022 CI 77742 (Manganese Violet) \u2022 CI 77007 (Ultramarines) \u2022 CI 77491, CI 77492, CI 77499 (Okside hekuri)]<\/p>\n<p>\u2e3b<\/p>\n<p><strong>P\u00cbRFUNDIM<\/strong><\/p>\n<p>\u2728 Nj\u00eb highlighter luksoz, q\u00eb bashkon kujdesin p\u00ebr l\u00ebkur\u00ebn me shk\u00eblqimin couture, p\u00ebr nj\u00eb efekt natyral dhe t\u00eb p\u00ebrkryer.<br \/>\n\ud83c\udf38 Edicion i kufizuar pranveror \u2013 Lilacmania, p\u00ebr ata q\u00eb duan t\u00eb ndri\u00e7ojn\u00eb fytyr\u00ebn me nj\u00eb prekje elegante Dior.<\/p>\n","protected":false},"excerpt":{"rendered":"<p><strong>Dior Forever Couture Luminizer \u2013 Glowmania Limited Edition<\/strong><\/p>\n<p>Pluhur ndri\u00e7ues me q\u00ebndrueshm\u00ebri t\u00eb gjat\u00eb \u2013 95% pigmente me origjin\u00eb natyrale<\/p>\n<p>Dior Forever Highlighter Powder vjen n\u00eb nj\u00eb nuanc\u00eb t\u00eb kufizuar p\u00ebr pranver\u00ebn, me pigmente t\u00eb imta perla q\u00eb krijojn\u00eb nj\u00eb shk\u00eblqim t\u00eb ndritsh\u00ebm dhe elegant.<br \/>\n\u201cLilacmania\u201d \u2013 nj\u00eb ngjyr\u00eb midis livandos dhe lejlas\u00eb s\u00eb \u00e7elur \u2013 l\u00eb mbi l\u00ebkur\u00eb nj\u00eb\u00a0 ngjyre t\u00eb leht\u00eb, me q\u00ebndrueshm\u00ebri t\u00eb gjat\u00eb.<\/p>","protected":false},"featured_media":6046,"comment_status":"open","ping_status":"closed","template":"","meta":[],"product_brand":[111],"product_cat":[150,96],"product_tag":[],"class_list":{"0":"post-6042","1":"product","2":"type-product","3":"status-publish","4":"has-post-thumbnail","6":"product_brand-dior","7":"product_cat-highlighter","8":"product_cat-makeup","11":"instock","12":"shipping-taxable","13":"purchasable","14":"product-type-variable"},"_links":{"self":[{"href":"https:\/\/perleibeauty.com\/sq\/wp-json\/wp\/v2\/product\/6042","targetHints":{"allow":["GET"]}}],"collection":[{"href":"https:\/\/perleibeauty.com\/sq\/wp-json\/wp\/v2\/product"}],"about":[{"href":"https:\/\/perleibeauty.com\/sq\/wp-json\/wp\/v2\/types\/product"}],"replies":[{"embeddable":true,"href":"https:\/\/perleibeauty.com\/sq\/wp-json\/wp\/v2\/comments?post=6042"}],"version-history":[{"count":1,"href":"https:\/\/perleibeauty.com\/sq\/wp-json\/wp\/v2\/product\/6042\/revisions"}],"predecessor-version":[{"id":9851,"href":"https:\/\/perleibeauty.com\/sq\/wp-json\/wp\/v2\/product\/6042\/revisions\/9851"}],"wp:featuredmedia":[{"embeddable":true,"href":"https:\/\/perleibeauty.com\/sq\/wp-json\/wp\/v2\/media\/6046"}],"wp:attachment":[{"href":"https:\/\/perleibeauty.com\/sq\/wp-json\/wp\/v2\/media?parent=6042"}],"wp:term":[{"taxonomy":"product_brand","embeddable":true,"href":"https:\/\/perleibeauty.com\/sq\/wp-json\/wp\/v2\/product_brand?post=6042"},{"taxonomy":"product_cat","embeddable":true,"href":"https:\/\/perleibeauty.com\/sq\/wp-json\/wp\/v2\/product_cat?post=6042"},{"taxonomy":"product_tag","embeddable":true,"href":"https:\/\/perleibeauty.com\/sq\/wp-json\/wp\/v2\/product_tag?post=6042"}],"curies":[{"name":"wp","href":"https:\/\/api.w.org\/{rel}","templated":true}]}}