{"id":6021,"date":"2025-11-19T18:31:25","date_gmt":"2025-11-19T18:31:25","guid":{"rendered":"https:\/\/perleibeauty.com\/?post_type=product&#038;p=6021"},"modified":"2026-04-15T13:39:00","modified_gmt":"2026-04-15T13:39:00","slug":"benefit-glow-la-la-blurring-powder-highlighter-highlighter","status":"publish","type":"product","link":"https:\/\/perleibeauty.com\/sq\/produkt\/benefit-glow-la-la-blurring-powder-highlighter-highlighter\/","title":{"rendered":"BENEFIT GLOW LA-LA BLURRING POWDER HIGHLIGHTER"},"content":{"rendered":"<p><strong>Benefit <\/strong><\/p>\n<p><strong><span class=\"css-wkag1e e15t7owz0\" data-at=\"product_name\" data-comp=\"BaseComponent \">Glow La La Blurring Powder Highlighter<\/span><\/strong><\/p>\n<p>&nbsp;<\/p>\n<p>Highlighter<br \/>\nPesh\u00eb : 3 g \/ 0.1 oz<\/p>\n<p>\u2e3b<\/p>\n<p>Glow-La-La Highlighter nga Benefit Cosmetics ofron nj\u00eb shk\u00eblqim t\u00eb leht\u00eb dhe nj\u00eb p\u00ebrfundim reflektues si xham.<br \/>\nKy pluhur ultra i im\u00ebt p\u00ebrzihet n\u00eb m\u00ebnyr\u00eb t\u00eb p\u00ebrsosur me l\u00ebkur\u00ebn, duke i dh\u00ebn\u00eb nj\u00eb ndri\u00e7im t\u00eb menj\u00ebhersh\u00ebm dhe t\u00eb l\u00ebmuar, q\u00eb t\u00eb b\u00ebn t\u00eb dukesh rrezatuese dhe e p\u00ebrsosur.<\/p>\n<p>\u00cbsht\u00eb rezistent ndaj ujit, nuk zbehet dhe q\u00ebndron ndaj lag\u00ebshtis\u00eb \u2014 deri n\u00eb 12 or\u00eb*, pavar\u00ebsisht se ku t\u00eb \u00e7on dita apo nata!<br \/>\nShijo nj\u00eb shk\u00eblqim afatgjat\u00eb, q\u00eb nuk transferohet dhe nuk rr\u00ebshqet.<\/p>\n<p>Nj\u00eb highlighter pa pesh\u00eb, me efekt t\u00eb gjat\u00eb, n\u00eb form\u00eb pudre t\u00eb pjekur.<\/p>\n<p>Formulimi: Pud\u00ebr<\/p>\n<p>\u2e3b<\/p>\n<p><strong>INGREDIENTET\u00a0<\/strong><\/p>\n<p>MICA, DIMETHICONE, SYNTHETIC FLUORPHLOGOPITE, TRIMETHYLSILOXYSILICATE, ETHYLHEXYL PALMITATE, DIMETHICONE\/VINYL DIMETHICONE CROSSPOLYMER, SILICA, ETHYLHEXYLGLYCERIN, LAUROYL LYSINE, ZINC STEARATE, DEHYDROACETIC ACID, BORON NITRIDE, TIN OXIDE, HYDROGENATED SUNFLOWER SEED OIL, TOCOPHEROL (Vitamin\u00eb E).<br \/>\n[+\/- mund t\u00eb p\u00ebrmbaj\u00eb: CI 77891 (Titanium Dioxide), CI 77491, CI 77492 (Okside Hekuri)].<br \/>\nNr. 21174<\/p>\n<p>\u2e3b<\/p>\n<p><strong>KARAKTERISTIKA T\u00cb PROVURA<\/strong><\/p>\n<p>\u2022 Q\u00ebndrueshm\u00ebri deri n\u00eb 12 or\u00eb*<br \/>\n\u2022 Rezistent ndaj ujit dhe lag\u00ebshtis\u00eb<br \/>\n\u2022 Ngjyra nuk zbehet<br \/>\n\u2022 Nuk p\u00ebrhapet dhe nuk njolloset<br \/>\n\u2022 Jo komedogjen (nuk bllokon poret)<\/p>\n<p>&nbsp;<\/p>\n<p>\u2e3b<\/p>\n<p><strong>UDH\u00cbZIM<\/strong><\/p>\n<p>P\u00ebr ta aplikuar:<br \/>\n\u2022 Vendose n\u00eb pikat e larta t\u00eb fytyr\u00ebs (moll\u00ebza, ur\u00eb hunde, hark i buz\u00ebs) p\u00ebr nj\u00eb shk\u00eblqim natyral dhe elegant.<br \/>\n\u2022 P\u00ebrdor fur\u00e7\u00eb ose gishta p\u00ebr ta shkrir\u00eb but\u00ebsisht me l\u00ebkur\u00ebn.<\/p>\n<p>\u2e3b<\/p>\n<p><strong>KUJDES<\/strong><\/p>\n<p>P\u00ebrb\u00ebrja e produkteve p\u00ebrdit\u00ebsohet rregullisht.<br \/>\nLexoni gjithmon\u00eb list\u00ebn e p\u00ebrb\u00ebr\u00ebsve n\u00eb paketim p\u00ebr t\u2019u siguruar q\u00eb produkti \u00ebsht\u00eb i p\u00ebrshtatsh\u00ebm p\u00ebr p\u00ebrdorimin tuaj personal.<\/p>\n","protected":false},"excerpt":{"rendered":"<p><strong>Benefit <\/strong><\/p>\n<p><strong><span class=\"css-wkag1e e15t7owz0\" data-at=\"product_name\" data-comp=\"BaseComponent \">Glow La La Blurring Powder Highlighter<\/span><\/strong><\/p>\n<p>&nbsp;<\/p>\n<p>Highlighter<br \/>\nPesh\u00eb : 3 g \/ 0.1 oz<\/p>\n<p>\u2e3b<\/p>\n<p>Glow-La-La Highlighter nga Benefit Cosmetics ofron nj\u00eb shk\u00eblqim t\u00eb leht\u00eb dhe nj\u00eb p\u00ebrfundim reflektues si xham.<br \/>\nKy pluhur ultra i im\u00ebt p\u00ebrzihet n\u00eb m\u00ebnyr\u00eb t\u00eb p\u00ebrsosur me l\u00ebkur\u00ebn, duke i dh\u00ebn\u00eb nj\u00eb ndri\u00e7im t\u00eb menj\u00ebhersh\u00ebm dhe t\u00eb l\u00ebmuar, q\u00eb t\u00eb b\u00ebn t\u00eb dukesh rrezatuese dhe e p\u00ebrsosur.<\/p>","protected":false},"featured_media":6023,"comment_status":"open","ping_status":"closed","template":"","meta":[],"product_brand":[109],"product_cat":[150,96],"product_tag":[],"class_list":{"0":"post-6021","1":"product","2":"type-product","3":"status-publish","4":"has-post-thumbnail","6":"product_brand-benefit","7":"product_cat-highlighter","8":"product_cat-makeup","11":"instock","12":"shipping-taxable","13":"purchasable","14":"product-type-variable"},"_links":{"self":[{"href":"https:\/\/perleibeauty.com\/sq\/wp-json\/wp\/v2\/product\/6021","targetHints":{"allow":["GET"]}}],"collection":[{"href":"https:\/\/perleibeauty.com\/sq\/wp-json\/wp\/v2\/product"}],"about":[{"href":"https:\/\/perleibeauty.com\/sq\/wp-json\/wp\/v2\/types\/product"}],"replies":[{"embeddable":true,"href":"https:\/\/perleibeauty.com\/sq\/wp-json\/wp\/v2\/comments?post=6021"}],"version-history":[{"count":1,"href":"https:\/\/perleibeauty.com\/sq\/wp-json\/wp\/v2\/product\/6021\/revisions"}],"predecessor-version":[{"id":10061,"href":"https:\/\/perleibeauty.com\/sq\/wp-json\/wp\/v2\/product\/6021\/revisions\/10061"}],"wp:featuredmedia":[{"embeddable":true,"href":"https:\/\/perleibeauty.com\/sq\/wp-json\/wp\/v2\/media\/6023"}],"wp:attachment":[{"href":"https:\/\/perleibeauty.com\/sq\/wp-json\/wp\/v2\/media?parent=6021"}],"wp:term":[{"taxonomy":"product_brand","embeddable":true,"href":"https:\/\/perleibeauty.com\/sq\/wp-json\/wp\/v2\/product_brand?post=6021"},{"taxonomy":"product_cat","embeddable":true,"href":"https:\/\/perleibeauty.com\/sq\/wp-json\/wp\/v2\/product_cat?post=6021"},{"taxonomy":"product_tag","embeddable":true,"href":"https:\/\/perleibeauty.com\/sq\/wp-json\/wp\/v2\/product_tag?post=6021"}],"curies":[{"name":"wp","href":"https:\/\/api.w.org\/{rel}","templated":true}]}}