{"id":6015,"date":"2025-11-19T17:40:31","date_gmt":"2025-11-19T17:40:31","guid":{"rendered":"https:\/\/perleibeauty.com\/?post_type=product&#038;p=6015"},"modified":"2026-04-15T13:39:01","modified_gmt":"2026-04-15T13:39:01","slug":"chanel-poudre-luminiere","status":"publish","type":"product","link":"https:\/\/perleibeauty.com\/sq\/produkt\/chanel-poudre-luminiere\/","title":{"rendered":"CHANEL POUDRE LUMINI\u00c8RE"},"content":{"rendered":"<p><strong>CHANEL<\/strong><br \/>\n<strong>POUDRE LUMI\u00c8RE<\/strong><\/p>\n<p>Pud\u00ebr Ndri\u00e7uese (Illuminating Powder)<\/p>\n<p>8.5 g<\/p>\n<p>&nbsp;<\/p>\n<p><strong>P\u00cbRSHKRIMI<\/strong><\/p>\n<p>Tekstura e saj ultra e im\u00ebt, me p\u00ebrb\u00ebrje krem-pud\u00ebr, shk\u00eblqen n\u00eb nuanca t\u00eb ndryshme ari.<\/p>\n<p>Si t\u00eb p\u00ebrdoret:<\/p>\n<p>\u2013\u00a0Aplikoje si prekja e fundit n\u00eb zonat kryesore t\u00eb fytyr\u00ebs:<br \/>\n\u2013 Fillo nga moll\u00ebzat dhe shp\u00ebrndaje larte.<br \/>\n\u2013 Pastaj ndri\u00e7o zonen e hund\u00ebs p\u00ebr nj\u00eb efekt elegant dhe rrezatues.<\/p>\n<p>\u2e3b<\/p>\n<p><strong>INGREDIENTET:<\/strong><\/p>\n<p>CETEARYL ETHYLHEXANOATE, C12-20 ACID PEG-8 ESTER, HDI\/TRIMETHYLOL HEXYLLACTONE CROSSPOLYMER, SQUALANE, GLYCERIN, CAPRYLYL GLYCOL, POLYSORBATE 80, ETHYLHEXYLGLYCERIN, 1,2-HEXANEDIOL, TIN OXIDE, CALCIUM CHLORIDE, CHONDRUS CRISPUS EXTRACT, XANTHAN GUM, PENTAERYTHRITYL TETRA-DI-T-BUTYL HYDROXYHYDROCINNAMATE, SILICA, DICALCIUM PHOSPHATE, SYNTHETIC FLUORPHLOGOPITE<br \/>\n[+\/- mund t\u00eb p\u00ebrmbaj\u00eb: CI 75470 (Carmine), CI 77007 (Ultramarines), CI 77491, CI 77492, CI 77499 (Okside Hekuri), CI 77891 (Titanium Dioxide), Mica]<br \/>\nKodi IL15A-I<\/p>\n<p>P\u00ebr arsye higjiene dhe sigurie, produktet kozmetike t\u00eb hapura nuk jan\u00eb t\u00eb rimbursueshme.<\/p>\n","protected":false},"excerpt":{"rendered":"<p><strong>CHANEL<\/strong><br \/>\n<strong>POUDRE LUMI\u00c8RE<\/strong><\/p>\n<p>Pud\u00ebr Ndri\u00e7uese (Illuminating Powder)<\/p>\n<p>8.5 g<\/p>\n<p>Tekstura e saj ultra e im\u00ebt, me p\u00ebrb\u00ebrje krem-pud\u00ebr, shk\u00eblqen n\u00eb nuanca t\u00eb ndryshme ari.<\/p>","protected":false},"featured_media":6018,"comment_status":"open","ping_status":"closed","template":"","meta":[],"product_brand":[112],"product_cat":[150,96],"product_tag":[],"class_list":{"0":"post-6015","1":"product","2":"type-product","3":"status-publish","4":"has-post-thumbnail","6":"product_brand-chanel","7":"product_cat-highlighter","8":"product_cat-makeup","11":"outofstock","12":"shipping-taxable","13":"purchasable","14":"product-type-variable"},"_links":{"self":[{"href":"https:\/\/perleibeauty.com\/sq\/wp-json\/wp\/v2\/product\/6015","targetHints":{"allow":["GET"]}}],"collection":[{"href":"https:\/\/perleibeauty.com\/sq\/wp-json\/wp\/v2\/product"}],"about":[{"href":"https:\/\/perleibeauty.com\/sq\/wp-json\/wp\/v2\/types\/product"}],"replies":[{"embeddable":true,"href":"https:\/\/perleibeauty.com\/sq\/wp-json\/wp\/v2\/comments?post=6015"}],"version-history":[{"count":2,"href":"https:\/\/perleibeauty.com\/sq\/wp-json\/wp\/v2\/product\/6015\/revisions"}],"predecessor-version":[{"id":10542,"href":"https:\/\/perleibeauty.com\/sq\/wp-json\/wp\/v2\/product\/6015\/revisions\/10542"}],"wp:featuredmedia":[{"embeddable":true,"href":"https:\/\/perleibeauty.com\/sq\/wp-json\/wp\/v2\/media\/6018"}],"wp:attachment":[{"href":"https:\/\/perleibeauty.com\/sq\/wp-json\/wp\/v2\/media?parent=6015"}],"wp:term":[{"taxonomy":"product_brand","embeddable":true,"href":"https:\/\/perleibeauty.com\/sq\/wp-json\/wp\/v2\/product_brand?post=6015"},{"taxonomy":"product_cat","embeddable":true,"href":"https:\/\/perleibeauty.com\/sq\/wp-json\/wp\/v2\/product_cat?post=6015"},{"taxonomy":"product_tag","embeddable":true,"href":"https:\/\/perleibeauty.com\/sq\/wp-json\/wp\/v2\/product_tag?post=6015"}],"curies":[{"name":"wp","href":"https:\/\/api.w.org\/{rel}","templated":true}]}}