{"id":6000,"date":"2025-11-19T16:55:13","date_gmt":"2025-11-19T16:55:13","guid":{"rendered":"https:\/\/perleibeauty.com\/?post_type=product&#038;p=6000"},"modified":"2026-04-15T13:39:01","modified_gmt":"2026-04-15T13:39:01","slug":"giorgio-armani-luminous-silk-glow-fusion-powder","status":"publish","type":"product","link":"https:\/\/perleibeauty.com\/sq\/produkt\/giorgio-armani-luminous-silk-glow-fusion-powder\/","title":{"rendered":"GIORGIO ARMANI LUMINOUS SILK GLOW FUSION POWDER"},"content":{"rendered":"<p><strong>GIORGIO ARMANI<\/strong><\/p>\n<p><strong>LUMINOUS SILK GLOW FUSION POWDER<\/strong><\/p>\n<p>3.5G\\ 0.12 OZ<\/p>\n<p><strong>Detajet e produktit<\/strong><\/p>\n<p>Pudra Luminous Silk Fusion nga Giorgio Armani ofron nj\u00eb rezultat t\u00eb fresk\u00ebt dhe rrezatues kur p\u00ebrdoret e vetme, ose nj\u00eb shk\u00eblqim t\u00eb sh\u00ebndetsh\u00ebm dhe jet\u00ebgjat\u00eb kur aplikohet mbi fondatin\u00eb \u2013 p\u00ebr nj\u00eb pamje natyrale n\u00eb vet\u00ebm nj\u00eb hap.<\/p>\n<p>Me aplikim, l\u00ebkura juaj duket e p\u00ebrmir\u00ebsuar, dhe pigmentet e pudr\u00ebs vendosen but\u00ebsisht p\u00ebr t\u2019i dh\u00ebn\u00eb drit\u00eb fytyr\u00ebs. Kjo pud\u00ebr e leht\u00eb unifikon ngjyr\u00ebn e l\u00ebkur\u00ebs pa e r\u00ebnduar at\u00eb. Shk\u00eblqimi zvog\u00eblohet dhe p\u00ebrfundimi duket m\u00eb natyral se kurr\u00eb.<\/p>\n<p>E aplikuar m\u00eb bujarisht n\u00eb faqe dhe moll\u00ebza, kjo pud\u00ebr ndri\u00e7uese i jep fytyr\u00ebs nj\u00eb rritje shk\u00eblqimi. M\u00eb rrezatuese, l\u00ebkura juaj duket e gjall\u00eb dhe me ngjyra t\u00eb fresk\u00ebta. Tekstura ultra-komode e tij te jep ndjesin\u00eb e nj\u00eb ngjyre natyrale t\u00eb l\u00ebkur\u00ebs, t\u00eb theksuar n\u00eb m\u00ebnyr\u00eb t\u00eb leht\u00eb me nj\u00eb shtres\u00eb pothuajse t\u00eb padukshme pudre.<\/p>\n<p>Ky komfort zgjat nga m\u00ebngjesi deri n\u00eb mbr\u00ebmje, pa krijuar efektin e mask\u00ebs n\u00eb l\u00ebkur\u00eb. Kjo pud\u00ebr me p\u00ebrfundim gjysm\u00eb-mat dhe ndri\u00e7ues ju jep ndjesin\u00eb sikur nuk keni makeup fare.<\/p>\n<p>Duke reflektuar stilin e ve\u00e7ant\u00eb t\u00eb linj\u00ebs Luminous Silk, pudra paraqitet n\u00eb nj\u00eb kuti elegante me kapak delikat q\u00eb i p\u00ebrputhet nuanc\u00ebs s\u00eb pudr\u00ebs, t\u00eb zbukuruar me monogramin argjendt\u00eb t\u00eb Giorgio Armani. Ky kompakt i sofistikuar vjen me nj\u00eb fur\u00e7\u00eb aplikimi, dhe madh\u00ebsia e tij praktike lejon ta merrni leht\u00ebsisht me vete.<\/p>\n<p>\u2e3b<\/p>\n<p><strong>Ingredientet\u00a0<\/strong><\/p>\n<p>SYNTHETIC FLUORPHLOGOPITE \u2022 TALC \u2022 LAUROYL LYSINE \u2022 OCTYLDODECANOL \u2022 SORBITAN ISOSTEARATE \u2022 ISOTRIDECYL ISONONANOATE \u2022 DIMETHICONE \u2022 BARIUM SULFATE \u2022 ZEA MAYS STARCH \/ NISHESHTE MISRI \u2022 DIMETHICONE\/VINYL DIMETHICONE CROSSPOLYMER \u2022 CAPRYLYL GLYCOL \u2022 PETROLATUM \u2022 POLYSORBATE 80 \u2022 PHENOXYETHANOL \u2022 AQUA \/ UJ\u00cb \u2022 ARGILLA \/ MAGNESIUM ALUMINUM SILICATE \u2022 ACRYLONITRILE\/METHYL METHACRYLATE\/VINYLIDENE CHLORIDE COPOLYMER \u2022 DISODIUM STEAROYL GLUTAMATE \u2022 XANTHAN GUM \u2022 ISOBUTANE \u2022 ALUMINUM HYDROXIDE \u2022 LAURETH-4<br \/>\n[+\/- MUND T\u00cb P\u00cbRMBAJ\u00cb]<br \/>\nMICA \u2022 CI 77891 \/ TITANIUM DIOXIDE \u2022 CI 77163 \/ BISMUTH OXYCHLORIDE \u2022 CI 77491, CI 77492, CI 77499 \/ OXIDE HEKURI<\/p>\n","protected":false},"excerpt":{"rendered":"<p><strong>GIORGIO ARMANI<\/strong><\/p>\n<p><strong>LUMINOUS SILK GLOW FUSION POWDER<\/strong><\/p>\n<p>3.5G\\ 0.12 OZ<\/p>\n<p>Pudra Luminous Silk Fusion nga Giorgio Armani ofron nj\u00eb rezultat t\u00eb fresk\u00ebt dhe rrezatues kur p\u00ebrdoret e vetme, ose nj\u00eb shk\u00eblqim t\u00eb sh\u00ebndetsh\u00ebm dhe jet\u00ebgjat\u00eb kur aplikohet mbi fondatin\u00eb \u2013 p\u00ebr nj\u00eb pamje natyrale n\u00eb vet\u00ebm nj\u00eb hap.<\/p>","protected":false},"featured_media":6005,"comment_status":"open","ping_status":"closed","template":"","meta":[],"product_brand":[139],"product_cat":[150,96],"product_tag":[],"class_list":{"0":"post-6000","1":"product","2":"type-product","3":"status-publish","4":"has-post-thumbnail","6":"product_brand-giorgo-armani","7":"product_cat-highlighter","8":"product_cat-makeup","11":"instock","12":"sale","13":"shipping-taxable","14":"purchasable","15":"product-type-variable"},"_links":{"self":[{"href":"https:\/\/perleibeauty.com\/sq\/wp-json\/wp\/v2\/product\/6000","targetHints":{"allow":["GET"]}}],"collection":[{"href":"https:\/\/perleibeauty.com\/sq\/wp-json\/wp\/v2\/product"}],"about":[{"href":"https:\/\/perleibeauty.com\/sq\/wp-json\/wp\/v2\/types\/product"}],"replies":[{"embeddable":true,"href":"https:\/\/perleibeauty.com\/sq\/wp-json\/wp\/v2\/comments?post=6000"}],"version-history":[{"count":1,"href":"https:\/\/perleibeauty.com\/sq\/wp-json\/wp\/v2\/product\/6000\/revisions"}],"predecessor-version":[{"id":9918,"href":"https:\/\/perleibeauty.com\/sq\/wp-json\/wp\/v2\/product\/6000\/revisions\/9918"}],"wp:featuredmedia":[{"embeddable":true,"href":"https:\/\/perleibeauty.com\/sq\/wp-json\/wp\/v2\/media\/6005"}],"wp:attachment":[{"href":"https:\/\/perleibeauty.com\/sq\/wp-json\/wp\/v2\/media?parent=6000"}],"wp:term":[{"taxonomy":"product_brand","embeddable":true,"href":"https:\/\/perleibeauty.com\/sq\/wp-json\/wp\/v2\/product_brand?post=6000"},{"taxonomy":"product_cat","embeddable":true,"href":"https:\/\/perleibeauty.com\/sq\/wp-json\/wp\/v2\/product_cat?post=6000"},{"taxonomy":"product_tag","embeddable":true,"href":"https:\/\/perleibeauty.com\/sq\/wp-json\/wp\/v2\/product_tag?post=6000"}],"curies":[{"name":"wp","href":"https:\/\/api.w.org\/{rel}","templated":true}]}}