{"id":5718,"date":"2025-11-14T13:45:42","date_gmt":"2025-11-14T13:45:42","guid":{"rendered":"https:\/\/perleibeauty.com\/?post_type=product&#038;p=5718"},"modified":"2026-04-15T16:05:53","modified_gmt":"2026-04-15T16:05:53","slug":"too-faced-born-this-way-super-coverage-multi-use-conclear","status":"publish","type":"product","link":"https:\/\/perleibeauty.com\/sq\/produkt\/too-faced-born-this-way-super-coverage-multi-use-conclear\/","title":{"rendered":"TOO FACED BORN THIS WAY  SUPER COVERAGE MULTI-USE CONCLEAR"},"content":{"rendered":"<p data-start=\"119\" data-end=\"611\"><span class=\"hover:entity-accent entity-underline inline cursor-pointer align-baseline\"><span class=\"whitespace-normal\">Too Faced<\/span><\/span> Born This Way Super Coverage Multi-Use Sculpting Concealer \u00ebsht\u00eb nj\u00eb concealer profesional me <strong data-start=\"251\" data-end=\"286\">mbulim t\u00eb plot\u00eb (full coverage)<\/strong> q\u00eb ndihmon n\u00eb fshehjen e rrath\u00ebve t\u00eb zinj, njollave dhe pap\u00ebrsosm\u00ebrive, nd\u00ebrsa nj\u00ebkoh\u00ebsisht mund t\u00eb p\u00ebrdoret p\u00ebr <strong data-start=\"400\" data-end=\"434\">contour, highlight dhe retouch<\/strong> t\u00eb fytyr\u00ebs. Formula e tij shum\u00ebfunksionale \u00ebsht\u00eb krijuar p\u00ebr t\u00eb dh\u00ebn\u00eb nj\u00eb rezultat natyral dhe t\u00eb l\u00ebmuar q\u00eb duket si \u201cl\u00ebkur\u00eb e v\u00ebrtet\u00eb\u201d.<\/p>\n<p data-start=\"613\" data-end=\"980\">Ky concealer ka nj\u00eb tekstur\u00eb kremoze dhe t\u00eb leht\u00eb p\u00ebr t\u2019u p\u00ebrzier n\u00eb l\u00ebkur\u00eb, duke ofruar <strong data-start=\"702\" data-end=\"754\">mbulim t\u00eb lart\u00eb dhe q\u00ebndrueshm\u00ebri deri n\u00eb 12 or\u00eb<\/strong> pa krijuar efekt t\u00eb r\u00ebnd\u00eb apo cakey. Formula \u00ebsht\u00eb <strong data-start=\"806\" data-end=\"850\">oil-free, hidratuese dhe non-comedogenic<\/strong>, q\u00eb do t\u00eb thot\u00eb se nuk bllokon poret dhe \u00ebsht\u00eb e p\u00ebrshtatshme p\u00ebr p\u00ebrdorim t\u00eb p\u00ebrditsh\u00ebm.<\/p>\n<p data-start=\"982\" data-end=\"1048\">P\u00ebrb\u00ebrja e tij p\u00ebrmban disa ingrediente q\u00eb kujdesen p\u00ebr l\u00ebkur\u00ebn:<\/p>\n<ul data-start=\"1049\" data-end=\"1327\">\n<li data-section-id=\"69twym\" data-start=\"1049\" data-end=\"1119\">\n<p data-start=\"1051\" data-end=\"1119\"><strong data-start=\"1051\" data-end=\"1068\">Coconut Water<\/strong> q\u00eb ndihmon n\u00eb hidratimin dhe freskimin e l\u00ebkur\u00ebs<\/p>\n<\/li>\n<li data-section-id=\"1ggqhz8\" data-start=\"1120\" data-end=\"1206\">\n<p data-start=\"1122\" data-end=\"1206\"><strong data-start=\"1122\" data-end=\"1141\">Hyaluronic Acid<\/strong> q\u00eb ndihmon n\u00eb mbajtjen e lag\u00ebshtis\u00eb dhe nj\u00eb pamje m\u00eb t\u00eb l\u00ebmuar<\/p>\n<\/li>\n<li data-section-id=\"kplapp\" data-start=\"1207\" data-end=\"1327\">\n<p data-start=\"1209\" data-end=\"1327\"><strong data-start=\"1209\" data-end=\"1232\">Alpine Rose Extract<\/strong> q\u00eb kontribuon n\u00eb elasticitetin dhe sh\u00ebndetin e l\u00ebkur\u00ebs<\/p>\n<\/li>\n<\/ul>\n<p data-start=\"1329\" data-end=\"1680\">Aplikatori i madh <strong data-start=\"1347\" data-end=\"1367\">diamond doe-foot<\/strong> e b\u00ebn aplikimin shum\u00eb t\u00eb leht\u00eb dhe t\u00eb shpejt\u00eb, duke lejuar shp\u00ebrndarjen e sasis\u00eb ideale t\u00eb produktit. Concealer-i mund t\u00eb p\u00ebrdoret p\u00ebr t\u00eb ndri\u00e7uar zon\u00ebn posht\u00eb syve, p\u00ebr t\u00eb korrigjuar pap\u00ebrsosm\u00ebrit\u00eb, p\u00ebr t\u00eb konturuar fytyr\u00ebn ose p\u00ebr t\u00eb krijuar nj\u00eb efekt lifting n\u00eb makeup.<\/p>\n<p data-start=\"1682\" data-end=\"1916\">Formula \u00ebsht\u00eb gjithashtu <strong data-start=\"1707\" data-end=\"1735\">vegan dhe photo-friendly<\/strong>, q\u00eb do t\u00eb thot\u00eb se nuk krijon efekt \u201cflashback\u201d n\u00eb fotografi, duke e b\u00ebr\u00eb perfekt p\u00ebr makeup profesional, evente apo p\u00ebrdorim t\u00eb p\u00ebrditsh\u00ebm.<\/p>\n<p data-start=\"1918\" data-end=\"1949\"><strong data-start=\"1918\" data-end=\"1947\">Karakteristikat kryesore:<\/strong><\/p>\n<ul data-start=\"1950\" data-end=\"2149\">\n<li data-section-id=\"ichtec\" data-start=\"1950\" data-end=\"1988\">\n<p data-start=\"1952\" data-end=\"1988\">Full coverage me p\u00ebrfundim natyral<\/p>\n<\/li>\n<li data-section-id=\"e3ix3q\" data-start=\"1989\" data-end=\"2021\">\n<p data-start=\"1991\" data-end=\"2021\">Q\u00ebndrueshm\u00ebri deri n\u00eb 12 or\u00eb<\/p>\n<\/li>\n<li data-section-id=\"10qjwk3\" data-start=\"2022\" data-end=\"2048\">\n<p data-start=\"2024\" data-end=\"2048\">Hidratues dhe oil-free<\/p>\n<\/li>\n<li data-section-id=\"ldw8uv\" data-start=\"2049\" data-end=\"2094\">\n<p data-start=\"2051\" data-end=\"2094\">Multi-use: conceal, contour dhe highlight<\/p>\n<\/li>\n<li data-section-id=\"16dop11\" data-start=\"2095\" data-end=\"2119\">\n<p data-start=\"2097\" data-end=\"2119\">Pa flashback n\u00eb foto<\/p>\n<\/li>\n<li data-section-id=\"qjm79t\" data-start=\"2120\" data-end=\"2149\">\n<p data-start=\"2122\" data-end=\"2149\">Vegan dhe non-comedogenic<\/p>\n<\/li>\n<\/ul>","protected":false},"excerpt":{"rendered":"<p data-start=\"2204\" data-end=\"2589\">Too Faced Born This Way Super Coverage Multi-Use Sculpting Concealer \u00ebsht\u00eb nj\u00eb concealer me <strong data-start=\"2296\" data-end=\"2338\">mbulim t\u00eb plot\u00eb dhe formul\u00eb hidratuese<\/strong> q\u00eb fsheh rrath\u00ebt e zinj dhe pap\u00ebrsosm\u00ebrit\u00eb, nd\u00ebrsa mund t\u00eb p\u00ebrdoret edhe p\u00ebr <strong data-start=\"2416\" data-end=\"2441\">contour dhe highlight<\/strong>. Tekstura kremoze p\u00ebrzihet leht\u00ebsisht n\u00eb l\u00ebkur\u00eb dhe ofron nj\u00eb rezultat natyral q\u00eb zgjat deri n\u00eb <strong data-start=\"2538\" data-end=\"2548\">12 or\u00eb<\/strong>.<\/p>","protected":false},"featured_media":5719,"comment_status":"open","ping_status":"closed","template":"","meta":[],"product_brand":[115],"product_cat":[129,96,179,166],"product_tag":[],"class_list":{"0":"post-5718","1":"product","2":"type-product","3":"status-publish","4":"has-post-thumbnail","6":"product_brand-too-faced","7":"product_cat-concealer","8":"product_cat-makeup","9":"product_cat-new-colletion","10":"product_cat-sale","13":"instock","14":"sale","15":"shipping-taxable","16":"purchasable","17":"product-type-variable"},"_links":{"self":[{"href":"https:\/\/perleibeauty.com\/sq\/wp-json\/wp\/v2\/product\/5718","targetHints":{"allow":["GET"]}}],"collection":[{"href":"https:\/\/perleibeauty.com\/sq\/wp-json\/wp\/v2\/product"}],"about":[{"href":"https:\/\/perleibeauty.com\/sq\/wp-json\/wp\/v2\/types\/product"}],"replies":[{"embeddable":true,"href":"https:\/\/perleibeauty.com\/sq\/wp-json\/wp\/v2\/comments?post=5718"}],"version-history":[{"count":3,"href":"https:\/\/perleibeauty.com\/sq\/wp-json\/wp\/v2\/product\/5718\/revisions"}],"predecessor-version":[{"id":10179,"href":"https:\/\/perleibeauty.com\/sq\/wp-json\/wp\/v2\/product\/5718\/revisions\/10179"}],"wp:featuredmedia":[{"embeddable":true,"href":"https:\/\/perleibeauty.com\/sq\/wp-json\/wp\/v2\/media\/5719"}],"wp:attachment":[{"href":"https:\/\/perleibeauty.com\/sq\/wp-json\/wp\/v2\/media?parent=5718"}],"wp:term":[{"taxonomy":"product_brand","embeddable":true,"href":"https:\/\/perleibeauty.com\/sq\/wp-json\/wp\/v2\/product_brand?post=5718"},{"taxonomy":"product_cat","embeddable":true,"href":"https:\/\/perleibeauty.com\/sq\/wp-json\/wp\/v2\/product_cat?post=5718"},{"taxonomy":"product_tag","embeddable":true,"href":"https:\/\/perleibeauty.com\/sq\/wp-json\/wp\/v2\/product_tag?post=5718"}],"curies":[{"name":"wp","href":"https:\/\/api.w.org\/{rel}","templated":true}]}}