{"id":5383,"date":"2025-11-13T22:18:28","date_gmt":"2025-11-13T22:18:28","guid":{"rendered":"https:\/\/perleibeauty.com\/?post_type=product&#038;p=5383"},"modified":"2026-04-01T11:48:10","modified_gmt":"2026-04-01T11:48:10","slug":"kylie-jener-creme-lipstick","status":"publish","type":"product","link":"https:\/\/perleibeauty.com\/sq\/produkt\/kylie-jener-creme-lipstick\/","title":{"rendered":"KYLIE JENER  CREME LIPSTICK"},"content":{"rendered":"<p data-start=\"35\" data-end=\"444\"><strong data-start=\"35\" data-end=\"76\"><span class=\"hover:entity-accent entity-underline inline cursor-pointer align-baseline\"><span class=\"whitespace-normal\">Kylie Jenner Cr\u00e8me Lipstick<\/span><\/span><\/strong> \u00ebsht\u00eb nj\u00eb buz\u00ebkuq i but\u00eb dhe <strong data-start=\"106\" data-end=\"147\">kremoze me finish satini t\u00eb ndritsh\u00ebm<\/strong>, q\u00eb siguron <strong data-start=\"160\" data-end=\"207\">ngjyr\u00eb t\u00eb pasur me nj\u00eb t\u00ebrheqje dimensional<\/strong> dhe rehati t\u00eb gjat\u00eb. Formula e tij <strong data-start=\"243\" data-end=\"270\">e leht\u00eb dhe jo-ngjit\u00ebse<\/strong> rr\u00ebshqet pa mundim mbi buz\u00eb, duke dh\u00ebn\u00eb nj\u00eb <strong data-start=\"315\" data-end=\"358\">p\u00ebrfundim intensiv me vet\u00ebm nj\u00eb shtres\u00eb<\/strong> dhe duke u ndjer\u00eb <strong data-start=\"377\" data-end=\"405\">komod gjat\u00eb gjith\u00eb dit\u00ebs<\/strong>.<\/p>\n<p data-start=\"446\" data-end=\"779\">Ky buz\u00ebkuq \u00ebsht\u00eb <strong data-start=\"463\" data-end=\"492\">i pigmentar dhe hidratues<\/strong>, duke ndihmuar q\u00eb buz\u00ebt t\u00eb duken t\u00eb buta dhe t\u00eb l\u00ebmuara, pa u mpiksur n\u00eb vijat e buz\u00ebve apo pa krijuar ndjesi t\u00eb r\u00ebnd\u00eb. P\u00ebrb\u00ebrja e tij <strong data-start=\"628\" data-end=\"661\">mban lag\u00ebshtin\u00eb deri n\u00eb 8 or\u00eb<\/strong>, duke ofruar nj\u00eb <strong data-start=\"679\" data-end=\"714\">ndjesi t\u00eb but\u00eb dhe t\u00eb hidratuar<\/strong> q\u00eb zgjat gjat\u00eb p\u00ebrdorimit.<\/p>\n<p data-start=\"781\" data-end=\"1016\">Me nj\u00eb <strong data-start=\"788\" data-end=\"839\">range nuancash q\u00eb p\u00ebrshtaten me \u00e7do tone l\u00ebkure<\/strong>, ky produkt \u00ebsht\u00eb ideal si p\u00ebr nj\u00eb pamje t\u00eb p\u00ebrditshme natyrale, ashtu edhe p\u00ebr nj\u00eb look m\u00eb t\u00eb guximsh\u00ebm dhe elegant n\u00eb evente t\u00eb ve\u00e7anta.<\/p>","protected":false},"excerpt":{"rendered":"<p><strong data-start=\"1172\" data-end=\"1213\"><span class=\"hover:entity-accent entity-underline inline cursor-pointer align-baseline\"><span class=\"whitespace-normal\">Kylie Jenner Cr\u00e8me Lipstick<\/span><\/span><\/strong> \u00ebsht\u00eb nj\u00eb buz\u00ebkuq me <strong data-start=\"1235\" data-end=\"1282\">finish satini intensiv dhe tekstur\u00eb kremoze<\/strong>, q\u00eb ofron <strong data-start=\"1293\" data-end=\"1366\">ngjyr\u00eb t\u00eb pasur, rehati gjat\u00eb gjith\u00eb dit\u00ebs dhe hidratim deri n\u00eb 8 or\u00eb<\/strong>. Formula e tij e leht\u00eb dhe jo-ngjit\u00ebse e b\u00ebn aplikimin t\u00eb qet\u00eb dhe komod. <strong data-start=\"1441\" data-end=\"1451\">Pesha:<\/strong> ~<strong data-start=\"1453\" data-end=\"1472\">3.5 g \/ 0.12 oz<\/strong>.<\/p>","protected":false},"featured_media":5149,"comment_status":"open","ping_status":"closed","template":"","meta":[],"product_brand":[136],"product_cat":[96],"product_tag":[],"class_list":{"0":"post-5383","1":"product","2":"type-product","3":"status-publish","4":"has-post-thumbnail","6":"product_brand-kylie-jenner","7":"product_cat-makeup","10":"instock","11":"sale","12":"shipping-taxable","13":"purchasable","14":"product-type-variable"},"_links":{"self":[{"href":"https:\/\/perleibeauty.com\/sq\/wp-json\/wp\/v2\/product\/5383","targetHints":{"allow":["GET"]}}],"collection":[{"href":"https:\/\/perleibeauty.com\/sq\/wp-json\/wp\/v2\/product"}],"about":[{"href":"https:\/\/perleibeauty.com\/sq\/wp-json\/wp\/v2\/types\/product"}],"replies":[{"embeddable":true,"href":"https:\/\/perleibeauty.com\/sq\/wp-json\/wp\/v2\/comments?post=5383"}],"version-history":[{"count":1,"href":"https:\/\/perleibeauty.com\/sq\/wp-json\/wp\/v2\/product\/5383\/revisions"}],"predecessor-version":[{"id":9838,"href":"https:\/\/perleibeauty.com\/sq\/wp-json\/wp\/v2\/product\/5383\/revisions\/9838"}],"wp:featuredmedia":[{"embeddable":true,"href":"https:\/\/perleibeauty.com\/sq\/wp-json\/wp\/v2\/media\/5149"}],"wp:attachment":[{"href":"https:\/\/perleibeauty.com\/sq\/wp-json\/wp\/v2\/media?parent=5383"}],"wp:term":[{"taxonomy":"product_brand","embeddable":true,"href":"https:\/\/perleibeauty.com\/sq\/wp-json\/wp\/v2\/product_brand?post=5383"},{"taxonomy":"product_cat","embeddable":true,"href":"https:\/\/perleibeauty.com\/sq\/wp-json\/wp\/v2\/product_cat?post=5383"},{"taxonomy":"product_tag","embeddable":true,"href":"https:\/\/perleibeauty.com\/sq\/wp-json\/wp\/v2\/product_tag?post=5383"}],"curies":[{"name":"wp","href":"https:\/\/api.w.org\/{rel}","templated":true}]}}