{"id":5362,"date":"2025-11-13T17:59:41","date_gmt":"2025-11-13T17:59:41","guid":{"rendered":"https:\/\/perleibeauty.com\/?post_type=product&#038;p=5362"},"modified":"2026-03-22T20:52:27","modified_gmt":"2026-03-22T20:52:27","slug":"chanel-rouge-coco-flash-hydrating-vibrant-shine-lip-colour","status":"publish","type":"product","link":"https:\/\/perleibeauty.com\/sq\/produkt\/chanel-rouge-coco-flash-hydrating-vibrant-shine-lip-colour\/","title":{"rendered":"CHANEL ROUGE COCO FLASH Hydrating Vibrant Shine Lip Colour"},"content":{"rendered":"<p data-start=\"35\" data-end=\"536\"><strong data-start=\"35\" data-end=\"76\"><span class=\"hover:entity-accent entity-underline inline cursor-pointer align-baseline\"><span class=\"whitespace-normal\">CHANEL Rouge Coco Flash Hydrating Vibrant Shine Lip Colour<\/span><\/span><\/strong> \u00ebsht\u00eb nj\u00eb buz\u00ebkuq luksoz dhe <strong data-start=\"106\" data-end=\"140\">hidratues me shk\u00eblqim t\u00eb fort\u00eb<\/strong>, i krijuar p\u00ebr t\u00eb dh\u00ebn\u00eb <strong data-start=\"165\" data-end=\"220\">ngjyr\u00eb intensive dhe ndri\u00e7uese n\u00eb vet\u00ebm nj\u00eb aplikim<\/strong>. Formula e tij unike transformohet n\u00eb kontakt me buz\u00ebt n\u00eb nj\u00eb <strong data-start=\"283\" data-end=\"316\">lloj t\u00eb vajit t\u00eb shk\u00eblqyesh\u00ebm<\/strong>, duke ofruar nj\u00eb ndjesi t\u00eb jasht\u00ebzakonshme rehatie dhe hidratimi deri n\u00eb <strong data-start=\"390\" data-end=\"399\">8 or\u00eb<\/strong>, fal\u00eb kompleksit Hydraboost me tre lloje qelqi natyral\u00eb q\u00eb m\u00ebsojn\u00eb dhe mbajn\u00eb lag\u00ebshtin\u00eb e buz\u00ebve.<\/p>\n<p data-start=\"538\" data-end=\"938\">Ngjyrat e pasura dhe pigmentet e p\u00ebrqendruara sigurojn\u00eb nj\u00eb <strong data-start=\"598\" data-end=\"636\">finish ultra-shk\u00eblqyes dhe vibrant<\/strong>, nd\u00ebrsa p\u00ebrb\u00ebr\u00ebsit ushqyes dhe vajrat reflektues ndihmojn\u00eb n\u00eb <strong data-start=\"699\" data-end=\"753\">krijimin e nj\u00eb pamjeje voluminoze dhe t\u00eb ndritshme<\/strong>. Tekstura e saj e but\u00eb dhe e l\u00ebngshme i jep buz\u00ebve nj\u00eb <strong data-start=\"809\" data-end=\"839\">prekje komode dhe delikate<\/strong>, duke kombinuar kujdesin dhe makijazhin n\u00eb nj\u00eb produkt unik.<\/p>\n<p data-start=\"940\" data-end=\"1205\">Ky buz\u00ebkuq vjen n\u00eb nj\u00eb <strong data-start=\"963\" data-end=\"1003\">shishe elegante me kapak transparent<\/strong> q\u00eb tregon nuanc\u00ebn brenda, duke e b\u00ebr\u00eb t\u00eb leht\u00eb zgjedhjen e ngjyr\u00ebs perfekte p\u00ebr \u00e7do rast \u2013 nga nj\u00eb pamje e fresk\u00ebt ditore deri te nj\u00eb stil m\u00eb i theksuar mbr\u00ebmjesh.<\/p>\n<p data-start=\"1207\" data-end=\"1336\">","protected":false},"excerpt":{"rendered":"<p><strong data-start=\"1381\" data-end=\"1422\"><span class=\"whitespace-normal\">CHANEL Rouge Coco Flash Hydrating Vibrant Shine Lip Colour<\/span><\/strong> \u00ebsht\u00eb nj\u00eb buz\u00ebkuq me <strong data-start=\"1444\" data-end=\"1484\">finish t\u00eb shk\u00eblqyesh\u00ebm dhe hidratues<\/strong>, q\u00eb ofron <strong data-start=\"1495\" data-end=\"1567\">ngjyr\u00eb t\u00eb ndritshme, hidratim deri n\u00eb 8 or\u00eb dhe ndjenj\u00eb t\u00eb rehatshme<\/strong>. Formula e but\u00eb shnd\u00ebrrohet n\u00eb nj\u00eb <strong data-start=\"1603\" data-end=\"1625\">vaj glossy intense<\/strong> n\u00eb \u00e7do aplikim dhe vjen n\u00eb nj\u00eb sasi prej <strong data-start=\"1667\" data-end=\"1684\">~3 g \/ 0.1 oz<\/strong>.<\/p>","protected":false},"featured_media":5366,"comment_status":"open","ping_status":"closed","template":"","meta":[],"product_brand":[],"product_cat":[157,96],"product_tag":[],"class_list":{"0":"post-5362","1":"product","2":"type-product","3":"status-publish","4":"has-post-thumbnail","6":"product_cat-lipstick","7":"product_cat-makeup","10":"outofstock","11":"sale","12":"shipping-taxable","13":"purchasable","14":"product-type-simple"},"_links":{"self":[{"href":"https:\/\/perleibeauty.com\/sq\/wp-json\/wp\/v2\/product\/5362","targetHints":{"allow":["GET"]}}],"collection":[{"href":"https:\/\/perleibeauty.com\/sq\/wp-json\/wp\/v2\/product"}],"about":[{"href":"https:\/\/perleibeauty.com\/sq\/wp-json\/wp\/v2\/types\/product"}],"replies":[{"embeddable":true,"href":"https:\/\/perleibeauty.com\/sq\/wp-json\/wp\/v2\/comments?post=5362"}],"version-history":[{"count":3,"href":"https:\/\/perleibeauty.com\/sq\/wp-json\/wp\/v2\/product\/5362\/revisions"}],"predecessor-version":[{"id":9836,"href":"https:\/\/perleibeauty.com\/sq\/wp-json\/wp\/v2\/product\/5362\/revisions\/9836"}],"wp:featuredmedia":[{"embeddable":true,"href":"https:\/\/perleibeauty.com\/sq\/wp-json\/wp\/v2\/media\/5366"}],"wp:attachment":[{"href":"https:\/\/perleibeauty.com\/sq\/wp-json\/wp\/v2\/media?parent=5362"}],"wp:term":[{"taxonomy":"product_brand","embeddable":true,"href":"https:\/\/perleibeauty.com\/sq\/wp-json\/wp\/v2\/product_brand?post=5362"},{"taxonomy":"product_cat","embeddable":true,"href":"https:\/\/perleibeauty.com\/sq\/wp-json\/wp\/v2\/product_cat?post=5362"},{"taxonomy":"product_tag","embeddable":true,"href":"https:\/\/perleibeauty.com\/sq\/wp-json\/wp\/v2\/product_tag?post=5362"}],"curies":[{"name":"wp","href":"https:\/\/api.w.org\/{rel}","templated":true}]}}