{"id":5343,"date":"2025-11-13T17:22:09","date_gmt":"2025-11-13T17:22:09","guid":{"rendered":"https:\/\/perleibeauty.com\/?post_type=product&#038;p=5343"},"modified":"2026-04-02T10:04:54","modified_gmt":"2026-04-02T10:04:54","slug":"nars-afterglow-sensual-shine-lipstick","status":"publish","type":"product","link":"https:\/\/perleibeauty.com\/sq\/produkt\/nars-afterglow-sensual-shine-lipstick\/","title":{"rendered":"NARS AFTERGLOW SENSUAL SHINE LIPSTICK"},"content":{"rendered":"<p data-start=\"35\" data-end=\"459\"><strong data-start=\"35\" data-end=\"76\"><span class=\"hover:entity-accent entity-underline inline cursor-pointer align-baseline\"><span class=\"whitespace-normal\">NARS Afterglow Sensual Shine Lipstick<\/span><\/span><\/strong> \u00ebsht\u00eb nj\u00eb buz\u00ebkuq inovativ q\u00eb kombinon <strong data-start=\"116\" data-end=\"187\">ngjyr\u00eb t\u00eb ndritshme me nj\u00eb shk\u00eblqim dimensional dhe ndjesi komforti<\/strong> n\u00eb \u00e7do aplikim. Formula e tij <strong data-start=\"218\" data-end=\"242\">e leht\u00eb, jo ngjit\u00ebse<\/strong> ofron nj\u00eb p\u00ebrfundim <strong data-start=\"263\" data-end=\"287\">me shk\u00eblqim t\u00eb lart\u00eb<\/strong> dhe nj\u00eb mbulueshm\u00ebri <strong data-start=\"309\" data-end=\"341\">nga e leht\u00eb deri n\u00eb t\u00eb mesme<\/strong>, q\u00eb mund t\u00eb nd\u00ebrtohet sipas d\u00ebshir\u00ebs p\u00ebr nj\u00eb pamje delikate apo m\u00eb t\u00eb theksuar.<\/p>\n<p data-start=\"461\" data-end=\"932\">Ky buz\u00ebkuq \u00ebsht\u00eb i pasuruar me <strong data-start=\"492\" data-end=\"564\">antioksidant\u00eb dhe p\u00ebrb\u00ebr\u00ebs ushqyes si Shea Butter dhe Mango Seed Oil<\/strong>, t\u00eb cil\u00ebt <strong data-start=\"575\" data-end=\"617\">mbajn\u00eb buz\u00ebt t\u00eb hidratuara dhe t\u00eb buta<\/strong>, ndihmojn\u00eb n\u00eb <strong data-start=\"632\" data-end=\"661\">zbutjen e vijave t\u00eb holla<\/strong> dhe ofrojn\u00eb nj\u00eb <strong data-start=\"678\" data-end=\"715\">ndjesi rehatie gjat\u00eb gjith\u00eb dit\u00ebs<\/strong>. Fal\u00eb p\u00ebrzierjes s\u00eb kujdesit dhe ngjyr\u00ebs, Afterglow Sensual Shine \u00ebsht\u00eb nj\u00eb zgjedhje e shk\u00eblqyer p\u00ebr femrat q\u00eb duan nj\u00eb <strong data-start=\"836\" data-end=\"893\">look natyral me shk\u00eblqim dimensional dhe volum vizual<\/strong>.<\/p>\n<p data-start=\"934\" data-end=\"1204\">Me gam\u00eb t\u00eb gjer\u00eb nuancash t\u00eb krijuara p\u00ebr t\u2019iu p\u00ebrshtatur t\u00eb gjitha tonet e l\u00ebkur\u00ebs, ky buz\u00ebkuq \u00ebsht\u00eb ideal si p\u00ebr p\u00ebrdorim t\u00eb p\u00ebrditsh\u00ebm, ashtu edhe p\u00ebr raste t\u00eb ve\u00e7anta kur d\u00ebshironi t\u00eb jepni nj\u00eb <strong data-start=\"1132\" data-end=\"1165\">prekje glamuroze buz\u00ebve tuaja<\/strong>.<\/p>","protected":false},"excerpt":{"rendered":"<p><strong data-start=\"1249\" data-end=\"1290\"><span class=\"hover:entity-accent entity-underline inline cursor-pointer align-baseline\"><span class=\"whitespace-normal\">NARS Afterglow Sensual Shine Lipstick<\/span><\/span><\/strong> \u00ebsht\u00eb nj\u00eb buz\u00ebkuq me <strong data-start=\"1312\" data-end=\"1346\">finish me shk\u00eblqim dimensional<\/strong>, mbulueshm\u00ebri t\u00eb nd\u00ebrtueshme dhe <strong data-start=\"1380\" data-end=\"1413\">hidratuese gjat\u00eb gjith\u00eb dit\u00ebs<\/strong>. Formula e leht\u00eb dhe jo ngjit\u00ebse jep nj\u00eb pamje t\u00eb ndritshme, voluminoze dhe komode, duke kombinuar <strong data-start=\"1513\" data-end=\"1555\">kujdesin p\u00ebr buz\u00ebt dhe ngjyr\u00ebn e bukur<\/strong> n\u00eb nj\u00eb produkt t\u00eb vet\u00ebm<\/p>","protected":false},"featured_media":5183,"comment_status":"open","ping_status":"closed","template":"","meta":[],"product_brand":[114],"product_cat":[157,96],"product_tag":[],"class_list":{"0":"post-5343","1":"product","2":"type-product","3":"status-publish","4":"has-post-thumbnail","6":"product_brand-nars","7":"product_cat-lipstick","8":"product_cat-makeup","11":"instock","12":"shipping-taxable","13":"purchasable","14":"product-type-simple"},"_links":{"self":[{"href":"https:\/\/perleibeauty.com\/sq\/wp-json\/wp\/v2\/product\/5343","targetHints":{"allow":["GET"]}}],"collection":[{"href":"https:\/\/perleibeauty.com\/sq\/wp-json\/wp\/v2\/product"}],"about":[{"href":"https:\/\/perleibeauty.com\/sq\/wp-json\/wp\/v2\/types\/product"}],"replies":[{"embeddable":true,"href":"https:\/\/perleibeauty.com\/sq\/wp-json\/wp\/v2\/comments?post=5343"}],"version-history":[{"count":2,"href":"https:\/\/perleibeauty.com\/sq\/wp-json\/wp\/v2\/product\/5343\/revisions"}],"predecessor-version":[{"id":9831,"href":"https:\/\/perleibeauty.com\/sq\/wp-json\/wp\/v2\/product\/5343\/revisions\/9831"}],"wp:featuredmedia":[{"embeddable":true,"href":"https:\/\/perleibeauty.com\/sq\/wp-json\/wp\/v2\/media\/5183"}],"wp:attachment":[{"href":"https:\/\/perleibeauty.com\/sq\/wp-json\/wp\/v2\/media?parent=5343"}],"wp:term":[{"taxonomy":"product_brand","embeddable":true,"href":"https:\/\/perleibeauty.com\/sq\/wp-json\/wp\/v2\/product_brand?post=5343"},{"taxonomy":"product_cat","embeddable":true,"href":"https:\/\/perleibeauty.com\/sq\/wp-json\/wp\/v2\/product_cat?post=5343"},{"taxonomy":"product_tag","embeddable":true,"href":"https:\/\/perleibeauty.com\/sq\/wp-json\/wp\/v2\/product_tag?post=5343"}],"curies":[{"name":"wp","href":"https:\/\/api.w.org\/{rel}","templated":true}]}}