{"id":5327,"date":"2025-11-13T16:51:55","date_gmt":"2025-11-13T16:51:55","guid":{"rendered":"https:\/\/perleibeauty.com\/?post_type=product&#038;p=5327"},"modified":"2026-04-02T10:05:49","modified_gmt":"2026-04-02T10:05:49","slug":"nars-explicit-lipstic","status":"publish","type":"product","link":"https:\/\/perleibeauty.com\/sq\/produkt\/nars-explicit-lipstic\/","title":{"rendered":"NARS EXPLICIT LIPSTIC"},"content":{"rendered":"<p data-start=\"35\" data-end=\"663\"><strong data-start=\"35\" data-end=\"76\"><span class=\"hover:entity-accent entity-underline inline cursor-pointer align-baseline\"><span class=\"whitespace-normal\">NARS Explicit Lipstick<\/span><\/span><\/strong> \u00ebsht\u00eb nj\u00eb buz\u00ebkuq luksoz me <strong data-start=\"105\" data-end=\"145\">finish satin t\u00eb thell\u00eb e dimensional<\/strong> q\u00eb kombinon <strong data-start=\"158\" data-end=\"210\">ngjyr\u00eb intensive dhe rehati t\u00eb gjat\u00eb n\u00eb p\u00ebrdorim<\/strong>. Formula e tij \u00ebsht\u00eb e krijuar p\u00ebr t\u00eb dh\u00ebn\u00eb <strong data-start=\"255\" data-end=\"308\">ngjyr\u00eb t\u00eb past\u00ebr, t\u00eb ndritshme dhe t\u00eb q\u00ebndrueshme<\/strong>, pa u zhdukur leht\u00eb apo pa u p\u00ebrhapur, duke ruajtur buz\u00ebt t\u00eb buta dhe t\u00eb hidratuara gjat\u00eb gjith\u00eb dit\u00ebs. Teknologjia e p\u00ebrparuar p\u00ebrmban <strong data-start=\"445\" data-end=\"485\">Rosehip Seed Oil dhe Hyaluronic Acid<\/strong> q\u00eb ndihmojn\u00eb n\u00eb mbajtjen e lag\u00ebshtis\u00eb dhe b\u00ebjn\u00eb q\u00eb buz\u00ebkuqi t\u00eb ndihet <strong data-start=\"556\" data-end=\"591\">i leht\u00eb, i qet\u00eb dhe i rehatsh\u00ebm<\/strong> n\u00eb kontakt me l\u00ebkur\u00ebn e buz\u00ebve.<\/p>\n<p data-start=\"665\" data-end=\"1244\">Forma e tij <strong data-start=\"677\" data-end=\"699\">precise-tip bullet<\/strong> ndihmon p\u00ebr t\u00eb <strong data-start=\"715\" data-end=\"758\">definuar, konturuar dhe sculptur\u00eb buz\u00ebt<\/strong> me sakt\u00ebsi, duke krijuar nj\u00eb pamje t\u00eb sofistikuar dhe t\u00eb plot\u00eb. Produkti ofron <strong data-start=\"838\" data-end=\"883\">mbulueshm\u00ebri nga e mesme deri n\u00eb t\u00eb plot\u00eb<\/strong>, k\u00ebshtu q\u00eb mund t\u00eb p\u00ebrdoret si p\u00ebr nj\u00eb look natyral e delikat, ashtu edhe p\u00ebr nj\u00eb stil m\u00eb intens dhe dramatik. Me nj\u00eb gam\u00eb t\u00eb gjer\u00eb nuancash <strong data-start=\"1025\" data-end=\"1054\">t\u00eb guximshme dhe elegante<\/strong>, ky buz\u00ebkuq \u00ebsht\u00eb nj\u00eb zgjidhje ideale p\u00ebr fashionistet q\u00eb duan <strong data-start=\"1118\" data-end=\"1179\">ngjyr\u00eb t\u00eb pasur, komoditet dhe performanc\u00eb t\u00eb q\u00ebndrueshme<\/strong> n\u00eb nj\u00eb produkt t\u00eb vet\u00ebm.<\/p>","protected":false},"excerpt":{"rendered":"<p><strong data-start=\"1289\" data-end=\"1330\"><span class=\"hover:entity-accent entity-underline inline cursor-pointer align-baseline\"><span class=\"whitespace-normal\">NARS Explicit Lipstick<\/span><\/span><\/strong> \u00ebsht\u00eb nj\u00eb buz\u00ebkuq me <strong data-start=\"1352\" data-end=\"1397\">finish satin elegant dhe ngjyr\u00eb intensive<\/strong>, q\u00eb ofron <strong data-start=\"1408\" data-end=\"1474\">rehati t\u00eb gjat\u00eb, mbulueshm\u00ebri t\u00eb fort\u00eb dhe ngjyr\u00eb t\u00eb ndritshme<\/strong>. Formula e tij ushqyese me Rosehip Seed Oil dhe Hyaluronic Acid mban buz\u00ebt <strong data-start=\"1550\" data-end=\"1579\">t\u00eb hidratuara dhe t\u00eb buta<\/strong>, duke dh\u00ebn\u00eb nj\u00eb pamje <strong data-start=\"1602\" data-end=\"1637\">sofistikuar dhe t\u00eb paharrueshme<\/strong><\/p>","protected":false},"featured_media":5190,"comment_status":"open","ping_status":"closed","template":"","meta":[],"product_brand":[114],"product_cat":[157,96],"product_tag":[],"class_list":{"0":"post-5327","1":"product","2":"type-product","3":"status-publish","4":"has-post-thumbnail","6":"product_brand-nars","7":"product_cat-lipstick","8":"product_cat-makeup","11":"instock","12":"shipping-taxable","13":"purchasable","14":"product-type-variable"},"_links":{"self":[{"href":"https:\/\/perleibeauty.com\/sq\/wp-json\/wp\/v2\/product\/5327","targetHints":{"allow":["GET"]}}],"collection":[{"href":"https:\/\/perleibeauty.com\/sq\/wp-json\/wp\/v2\/product"}],"about":[{"href":"https:\/\/perleibeauty.com\/sq\/wp-json\/wp\/v2\/types\/product"}],"replies":[{"embeddable":true,"href":"https:\/\/perleibeauty.com\/sq\/wp-json\/wp\/v2\/comments?post=5327"}],"version-history":[{"count":2,"href":"https:\/\/perleibeauty.com\/sq\/wp-json\/wp\/v2\/product\/5327\/revisions"}],"predecessor-version":[{"id":9828,"href":"https:\/\/perleibeauty.com\/sq\/wp-json\/wp\/v2\/product\/5327\/revisions\/9828"}],"wp:featuredmedia":[{"embeddable":true,"href":"https:\/\/perleibeauty.com\/sq\/wp-json\/wp\/v2\/media\/5190"}],"wp:attachment":[{"href":"https:\/\/perleibeauty.com\/sq\/wp-json\/wp\/v2\/media?parent=5327"}],"wp:term":[{"taxonomy":"product_brand","embeddable":true,"href":"https:\/\/perleibeauty.com\/sq\/wp-json\/wp\/v2\/product_brand?post=5327"},{"taxonomy":"product_cat","embeddable":true,"href":"https:\/\/perleibeauty.com\/sq\/wp-json\/wp\/v2\/product_cat?post=5327"},{"taxonomy":"product_tag","embeddable":true,"href":"https:\/\/perleibeauty.com\/sq\/wp-json\/wp\/v2\/product_tag?post=5327"}],"curies":[{"name":"wp","href":"https:\/\/api.w.org\/{rel}","templated":true}]}}