{"id":5003,"date":"2025-11-13T13:09:27","date_gmt":"2025-11-13T13:09:27","guid":{"rendered":"https:\/\/perleibeauty.com\/?post_type=product&#038;p=5003"},"modified":"2026-04-02T10:14:32","modified_gmt":"2026-04-02T10:14:32","slug":"valentino-born-in-roma-green-stravaganza","status":"publish","type":"product","link":"https:\/\/perleibeauty.com\/sq\/produkt\/valentino-born-in-roma-green-stravaganza\/","title":{"rendered":"VALENTINO BORN IN ROMA GREEN STRAVAGANZA"},"content":{"rendered":"<p data-start=\"35\" data-end=\"384\"><strong data-start=\"35\" data-end=\"85\">Valentino Donna Born In Roma Green Stravaganza<\/strong> \u00ebsht\u00eb nj\u00eb arom\u00eb e guximshme, moderne dhe plot energji, e frym\u00ebzuar nga kontrastet mes eleganc\u00ebs klasike dhe shpirtit rebel t\u00eb Rom\u00ebs. Ky parfum sjell nj\u00eb interpretim t\u00eb fresk\u00ebt dhe t\u00eb ndritsh\u00ebm t\u00eb koleksionit Born In Roma, duke theksuar individualitetin dhe stilin unik t\u00eb gruas q\u00eb guxon t\u00eb dalloj\u00eb.<\/p>\n<p data-start=\"386\" data-end=\"701\">Aroma hapet me nota t\u00eb fresk\u00ebta dhe t\u00eb ndri\u00e7uara, q\u00eb japin nj\u00eb ndjesi energjie dhe gjall\u00ebrie q\u00eb n\u00eb sp\u00ebrkatjen e par\u00eb. N\u00eb zem\u00ebr, zhvillohet nj\u00eb karakter floral me thell\u00ebsi dhe feminitet, nd\u00ebrsa baza p\u00ebrmbyllet me nota t\u00eb ngrohta dhe sensuale q\u00eb q\u00ebndrojn\u00eb gjat\u00eb n\u00eb l\u00ebkur\u00eb, duke l\u00ebn\u00eb nj\u00eb gjurm\u00eb elegante dhe magnetike.<\/p>\n<p data-start=\"703\" data-end=\"917\">Shishja ikonike me thumba (stud) reflekton ADN-n\u00eb e sht\u00ebpis\u00eb Valentino, duke kombinuar luksin me nj\u00eb prekje rock-chic. Ngjyra e gjelb\u00ebr e thell\u00eb simbolizon freskin\u00eb, guximin dhe energjin\u00eb e nj\u00eb nate verore n\u00eb Rom\u00eb.<\/p>\n<p data-start=\"919\" data-end=\"1045\">E p\u00ebrkryer p\u00ebr pranver\u00eb\u2013ver\u00eb dhe p\u00ebr femrat q\u00eb duan nj\u00eb arom\u00eb t\u00eb fresk\u00ebt, por nj\u00ebkoh\u00ebsisht t\u00eb sofistikuar dhe t\u00eb paharrueshme.<\/p>","protected":false},"excerpt":{"rendered":"<p><strong data-start=\"1090\" data-end=\"1140\">Valentino Donna Born In Roma Green Stravaganza<\/strong> \u00ebsht\u00eb nj\u00eb parfum fem\u00ebror i fresk\u00ebt dhe sensual, me nota t\u00eb ndritshme, zem\u00ebr florale dhe baz\u00eb t\u00eb ngroht\u00eb. Elegant, modern dhe plot energji \u2013 ideal p\u00ebr grat\u00eb q\u00eb duan t\u00eb dallojn\u00eb.<\/p>","protected":false},"featured_media":5004,"comment_status":"open","ping_status":"closed","template":"","meta":[],"product_brand":[133],"product_cat":[104],"product_tag":[],"class_list":{"0":"post-5003","1":"product","2":"type-product","3":"status-publish","4":"has-post-thumbnail","6":"product_brand-valentino","7":"product_cat-perfume","10":"instock","11":"shipping-taxable","12":"purchasable","13":"product-type-simple"},"_links":{"self":[{"href":"https:\/\/perleibeauty.com\/sq\/wp-json\/wp\/v2\/product\/5003","targetHints":{"allow":["GET"]}}],"collection":[{"href":"https:\/\/perleibeauty.com\/sq\/wp-json\/wp\/v2\/product"}],"about":[{"href":"https:\/\/perleibeauty.com\/sq\/wp-json\/wp\/v2\/types\/product"}],"replies":[{"embeddable":true,"href":"https:\/\/perleibeauty.com\/sq\/wp-json\/wp\/v2\/comments?post=5003"}],"version-history":[{"count":2,"href":"https:\/\/perleibeauty.com\/sq\/wp-json\/wp\/v2\/product\/5003\/revisions"}],"predecessor-version":[{"id":9826,"href":"https:\/\/perleibeauty.com\/sq\/wp-json\/wp\/v2\/product\/5003\/revisions\/9826"}],"wp:featuredmedia":[{"embeddable":true,"href":"https:\/\/perleibeauty.com\/sq\/wp-json\/wp\/v2\/media\/5004"}],"wp:attachment":[{"href":"https:\/\/perleibeauty.com\/sq\/wp-json\/wp\/v2\/media?parent=5003"}],"wp:term":[{"taxonomy":"product_brand","embeddable":true,"href":"https:\/\/perleibeauty.com\/sq\/wp-json\/wp\/v2\/product_brand?post=5003"},{"taxonomy":"product_cat","embeddable":true,"href":"https:\/\/perleibeauty.com\/sq\/wp-json\/wp\/v2\/product_cat?post=5003"},{"taxonomy":"product_tag","embeddable":true,"href":"https:\/\/perleibeauty.com\/sq\/wp-json\/wp\/v2\/product_tag?post=5003"}],"curies":[{"name":"wp","href":"https:\/\/api.w.org\/{rel}","templated":true}]}}