{"id":4867,"date":"2025-11-05T11:35:23","date_gmt":"2025-11-05T11:35:23","guid":{"rendered":"https:\/\/perleibeauty.com\/?post_type=product&#038;p=4867"},"modified":"2026-04-01T11:18:14","modified_gmt":"2026-04-01T11:18:14","slug":"estee-lauder-futurist-soft-touch-concealer","status":"publish","type":"product","link":"https:\/\/perleibeauty.com\/sq\/produkt\/estee-lauder-futurist-soft-touch-concealer\/","title":{"rendered":"Korrektor Estee Lauder Futurist Soft Touch"},"content":{"rendered":"<p>Futurist Soft Touch Brightening Skincealer Concealer<br \/>\nMbulo. Ndri\u00e7o. Hidrato. Jep shk\u00eblqim.<br \/>\nDukuni m\u00eb e ndritshme tani. Edhe m\u00eb e ndritshme n\u00eb t\u00eb ardhmen.<\/p>\n<p>Me k\u00ebt\u00eb formul\u00eb inovative Skincealer, l\u00ebkura hidratohet menj\u00ebher\u00eb dhe duket m\u00eb e ndritshme, m\u00eb rrezatuese dhe m\u00eb e p\u00ebrsosur.<br \/>\nNdihmon n\u00eb mbushjen e vijave t\u00eb holla, t\u00eb thata dhe p\u00ebrmir\u00ebson hidratimin e l\u00ebkur\u00ebs me kalimin e koh\u00ebs.<\/p>\n<p>Ofron performanc\u00ebn e nj\u00eb korektori me mbulim mesatar deri n\u00eb t\u00eb plot\u00eb dhe q\u00ebndrueshm\u00ebri t\u00eb gjat\u00eb, s\u00eb bashku me efektin e kujdesit p\u00ebr l\u00ebkur\u00ebn.<br \/>\n\u2022 Pas 1 jave: Hidratimi dhe shk\u00eblqimi rriten duksh\u00ebm.<br \/>\n\u2022 Pas 4 jav\u00ebsh: Vijat e holla dhe rrath\u00ebt e err\u00ebt duken t\u00eb reduktuara. Zona e l\u00ebkur\u00ebs posht\u00eb syve p\u00ebrmir\u00ebsohet.<br \/>\n\u2022 Me p\u00ebrdorim t\u00eb vazhduesh\u00ebm: Zona posht\u00eb syve duket m\u00eb e but\u00eb, m\u00eb e ndritshme dhe m\u00eb e l\u00ebmuar.<\/p>\n<p><em>Formula<\/em><br \/>\nFormula e but\u00eb, me ndjesi m\u00ebndafshi, mbulon dhe ndri\u00e7on rrath\u00ebt e err\u00ebt. Jep nj\u00eb p\u00ebrfundim me shk\u00eblqim t\u00eb leht\u00eb natyral (Soft Radiant).<br \/>\n\u00cbsht\u00eb rezistente ndaj ujit, djers\u00ebs dhe lag\u00ebshtis\u00eb, me ngjyr\u00eb q\u00eb q\u00ebndron e pandryshuar gjat\u00eb gjith\u00eb dit\u00ebs.<br \/>\nNuk krijon rrudha, nuk grumbullohet dhe nuk bllokon poret.<\/p>\n<p>Aplikatori ekskluziv Soft-Touch, i frym\u00ebzuar nga forma e maj\u00ebs s\u00eb gishtit, \u00ebsht\u00eb projektuar p\u00ebr aplikim t\u00eb sakt\u00eb dhe p\u00ebr p\u00ebrhapje t\u00eb leht\u00eb n\u00eb \u00e7do zon\u00eb t\u00eb fytyr\u00ebs.<\/p>\n<p><strong>P\u00cbRB\u00cbR\u00cbS KRYESOR\u00cb<\/strong><br \/>\n\u2022 Kompleksi Ndri\u00e7ues me Vitamin\u00eb C: Ndihmon n\u00eb zbehjen e rrath\u00ebve t\u00eb err\u00ebt dhe i jep zon\u00ebs n\u00ebn sy shk\u00eblqim t\u00eb ri.<br \/>\n\u2022 Tri-Firming Complex: P\u00ebrforcon ndjesin\u00eb e elasticitetit dhe q\u00ebndrueshm\u00ebris\u00eb s\u00eb l\u00ebkur\u00ebs, duke ndihmuar n\u00eb reduktimin e vijave t\u00eb holla.<br \/>\n\u2022 Kompleksi me Acid Hialuronik: Kombinon dy pesha molekulare t\u00eb acidit hialuronik p\u00ebr t\u00eb ruajtur lag\u00ebshtin\u00eb n\u00eb sip\u00ebrfaqen e l\u00ebkur\u00ebs dhe p\u00ebr t\u00eb ofruar hidratim t\u00eb thell\u00eb. Ekstrakti i algave ndihmon n\u00eb mbushjen e l\u00ebkur\u00ebs me hidratim.<\/p>\n<p><em>Si t\u00eb zgjidhni nuanc\u00ebn tuaj:<\/em><br \/>\nZgjidhni nj\u00eb nuanc\u00eb korektori q\u00eb p\u00ebrputhet me tonin e l\u00ebkur\u00ebs dhe fondatin\u00ebn tuaj, ose nj\u00eb nuanc\u00eb m\u00eb t\u00eb \u00e7el\u00ebt p\u00ebr ndri\u00e7im.<\/p>\n<p><em>Gjeni tonin e p\u00ebrshtatsh\u00ebm:<\/em><br \/>\nZgjidhni nivelin e intensitetit t\u00eb l\u00ebkur\u00ebs (nga shum\u00eb e \u00e7el\u00ebt deri n\u00eb shum\u00eb e err\u00ebt) dhe n\u00ebn-tonin tuaj (t\u00eb ftoht\u00eb, neutral ose t\u00eb ngroht\u00eb).<\/p>\n<p>Si t\u00eb p\u00ebrcaktoni n\u00ebn-tonin tuaj:<br \/>\n\u2022 T\u00eb ftoht\u00eb (C): L\u00ebkura ka nuanc\u00eb roz\u00eb dhe digjet leht\u00eb n\u00eb diell.<br \/>\n\u2022 Neutral (N): L\u00ebkura ka ton t\u00eb balancuar, as shum\u00eb roz\u00eb, as shum\u00eb e art\u00eb.<br \/>\n\u2022 T\u00eb ngroht\u00eb (W): L\u00ebkura ka ton t\u00eb art\u00eb ose ulliri dhe nxin leht\u00eb n\u00eb diell.<\/p>\n<p>Si t\u00eb p\u00ebrdoret:<br \/>\nAplikojeni korektorin ndri\u00e7ues aty ku \u00ebsht\u00eb e nevojshme p\u00ebr t\u00eb mbuluar rrath\u00ebt e err\u00ebt, njollat, pap\u00ebrsosm\u00ebrit\u00eb dhe zonat q\u00eb kan\u00eb nevoj\u00eb p\u00ebr ndri\u00e7im.<\/p>\n<p>P\u00cbRFITIMET<br \/>\n\u2022 Mbulon<br \/>\n\u2022 Ndri\u00e7on<br \/>\n\u2022 Hidratohet<br \/>\n\u2022 Jep shk\u00eblqim<\/p>\n<p>P\u00ebrfundimi: Shk\u00eblqim i but\u00eb (Soft Radiant)<br \/>\nAplikatori: Ekskluziv, me prekje t\u00eb but\u00eb, n\u00eb form\u00eb gishti<\/p>\n<p>FAKTET E FORMUL\u00cbS<br \/>\n\u2022 Korektor ndri\u00e7ues<br \/>\n\u2022 Rezistent ndaj ujit<br \/>\n\u2022 Rezistent ndaj djers\u00ebs<br \/>\n\u2022 Rezistent ndaj lag\u00ebshtis\u00eb<br \/>\n\u2022 Q\u00ebndron gjat\u00eb gjith\u00eb dit\u00ebs me ngjyr\u00eb t\u00eb pandryshuar<br \/>\n\u2022 Nuk krijon rrudha<br \/>\n\u2022 Nuk bllokon poret<br \/>\n\u2022 Nuk grumbullohet<br \/>\n\u2022 Nuk b\u00ebhet \u201ccakey\u201d<br \/>\n\u2022 Pa vajra<br \/>\n\u2022 I testuar oftalmologjikisht dhe dermatologjikisht<br \/>\n\u2022 Nuk shkakton pu\u00e7rra, nuk bllokon poret (jo aknegjeni)<br \/>\n\u2022 Pa parabene, ftalate, sulfite, sulfate, parafin\u00eb, petrolatum, alkool thar\u00ebs dhe ngjyra sintetike<\/p>\n<p><em>P\u00ebrb\u00ebr\u00ebs aktiv\u00eb t\u00eb r\u00ebnd\u00ebsish\u00ebm:<\/em><br \/>\n\u2022 Ascorbyl Glucoside: Form\u00eb e q\u00ebndrueshme e vitamin\u00ebs C me veprim antioksidues t\u00eb fuqish\u00ebm q\u00eb ndihmon n\u00eb ndri\u00e7imin dhe unifikimin e tonit t\u00eb l\u00ebkur\u00ebs.<br \/>\n\u2022 Sodium Hyaluronate: I njohur si acid hialuronik \u2013 vepron si magnet i lag\u00ebshtis\u00eb, duke ruajtur hidratimin e l\u00ebkur\u00ebs.<\/p>\n<p><strong>P\u00ebrb\u00ebr\u00ebsit<\/strong> (lista e plot\u00eb):<\/p>\n<p>Dimethicone, Uj\u00eb (Aqua), Methyl Trimethicone, Butylene Glycol, Trimethylsiloxysilicate, Phenyl Trimethicone, Neopentyl Glycol Diheptanoate, Glicerol, Peg-10 Dimethicone, Trametes Versicolor Extract, Peg\/Ppg-18\/18 Dimethicone, Ascorbyl Glucoside, Disteardimonium Hectorite, Dimethicone\/Peg-10\/15 Crosspolymer, Sodium Hyaluronate, Acetyl Hexapeptide-8, Algae Extract, Cholesterol, Helianthus Annuus (ekstrakt farash luledielli), Tocopheryl Acetate, Squalane, Hordeum Vulgare Extract (elbi), Laminaria Digitata Extract, Cucumis Sativus (tranguj), Hydrolyzed Yeast Protein, Hydrolyzed Rice Extract, Narcissus Tazetta Bulb Extract, BHT, Tocopherol, Lecithin, Triethoxycaprylylsilane, Disodium Stearoyl Glutamate, Aluminum Dimyristate, Lauryl Peg-9 Polydimethylsiloxyethyl Dimethicone, Propylene Carbonate, Sodium Chloride, Sodium Hydroxide, Sodium Citrate, Caprylyl Glycol, Potassium Sorbate, Citric Acid, Sodium Benzoate, Disodium EDTA, Dipropylene Glycol, Chlorphenesin, Phenoxyethanol, Laureth-7, [+\/- Titanium Dioxide (CI 77891), Iron Oxides (CI 77491, CI 77492, CI 77499), Mica].<\/p>\n<p><em>Sh\u00ebnim<\/em>: Lista e p\u00ebrb\u00ebr\u00ebsve mund t\u00eb ndryshoj\u00eb her\u00eb pas here. Ju lutemi, kontrolloni paketimin e produktit p\u00ebr list\u00ebn m\u00eb t\u00eb p\u00ebrdit\u00ebsuar t\u00eb p\u00ebrb\u00ebr\u00ebsve.<\/p>\n<p>Colours:<br \/>\n2n Light Medium<br \/>\n2c Light Medium<br \/>\n2w Light Medium<br \/>\n3c Medium<br \/>\n3w Medium<\/p>\n","protected":false},"excerpt":{"rendered":"<p>Futurist Soft Touch Brightening Skincealer Concealer<br \/>\nMbulo. Ndri\u00e7o. Hidrato. Jep shk\u00eblqim.<br \/>\nDukuni m\u00eb e ndritshme tani. Edhe m\u00eb e ndritshme n\u00eb t\u00eb ardhmen.<\/p>\n<p>Me k\u00ebt\u00eb formul\u00eb inovative Skincealer, l\u00ebkura hidratohet menj\u00ebher\u00eb dhe duket m\u00eb e ndritshme, m\u00eb rrezatuese dhe m\u00eb e p\u00ebrsosur.<br \/>\nNdihmon n\u00eb mbushjen e vijave t\u00eb holla, t\u00eb thata dhe p\u00ebrmir\u00ebson hidratimin e l\u00ebkur\u00ebs me kalimin e koh\u00ebs.<\/p>","protected":false},"featured_media":4983,"comment_status":"open","ping_status":"closed","template":"","meta":[],"product_brand":[98],"product_cat":[129,96],"product_tag":[131,130],"class_list":{"0":"post-4867","1":"product","2":"type-product","3":"status-publish","4":"has-post-thumbnail","6":"product_brand-estee-lauder","7":"product_cat-concealer","8":"product_cat-makeup","9":"product_tag-brightening","10":"product_tag-concealer","13":"outofstock","14":"shipping-taxable","15":"product-type-variable"},"_links":{"self":[{"href":"https:\/\/perleibeauty.com\/sq\/wp-json\/wp\/v2\/product\/4867","targetHints":{"allow":["GET"]}}],"collection":[{"href":"https:\/\/perleibeauty.com\/sq\/wp-json\/wp\/v2\/product"}],"about":[{"href":"https:\/\/perleibeauty.com\/sq\/wp-json\/wp\/v2\/types\/product"}],"replies":[{"embeddable":true,"href":"https:\/\/perleibeauty.com\/sq\/wp-json\/wp\/v2\/comments?post=4867"}],"version-history":[{"count":1,"href":"https:\/\/perleibeauty.com\/sq\/wp-json\/wp\/v2\/product\/4867\/revisions"}],"predecessor-version":[{"id":10491,"href":"https:\/\/perleibeauty.com\/sq\/wp-json\/wp\/v2\/product\/4867\/revisions\/10491"}],"wp:featuredmedia":[{"embeddable":true,"href":"https:\/\/perleibeauty.com\/sq\/wp-json\/wp\/v2\/media\/4983"}],"wp:attachment":[{"href":"https:\/\/perleibeauty.com\/sq\/wp-json\/wp\/v2\/media?parent=4867"}],"wp:term":[{"taxonomy":"product_brand","embeddable":true,"href":"https:\/\/perleibeauty.com\/sq\/wp-json\/wp\/v2\/product_brand?post=4867"},{"taxonomy":"product_cat","embeddable":true,"href":"https:\/\/perleibeauty.com\/sq\/wp-json\/wp\/v2\/product_cat?post=4867"},{"taxonomy":"product_tag","embeddable":true,"href":"https:\/\/perleibeauty.com\/sq\/wp-json\/wp\/v2\/product_tag?post=4867"}],"curies":[{"name":"wp","href":"https:\/\/api.w.org\/{rel}","templated":true}]}}